{"id":19306,"date":"2021-10-07T14:35:21","date_gmt":"2021-10-07T11:35:21","guid":{"rendered":"https:\/\/www.icap.bg\/?page_id=19306"},"modified":"2022-02-23T17:36:16","modified_gmt":"2022-02-23T17:36:16","slug":"12th-sp-lingorski","status":"publish","type":"page","link":"https:\/\/www.icapcrif.com\/bg\/en\/12th-sp-lingorski\/","title":{"rendered":"12th-sp-Linkgorski"},"content":{"rendered":"<p>[vc_row css_animation=&#8221;&#8221; row_type=&#8221;row&#8221; use_row_as_full_screen_section=&#8221;no&#8221; type=&#8221;grid&#8221; angled_section=&#8221;no&#8221; text_align=&#8221;left&#8221; background_image_as_pattern=&#8221;without_pattern&#8221; z_index=&#8221;&#8221;][vc_column][vc_column_text]<strong><img loading=\"lazy\" decoding=\"async\" class=\"alignnone size-medium wp-image-19025\" src=\"https:\/\/www.icap.bg\/wp-content\/uploads\/2021\/09\/Ilia-Lingorski-300x218.jpg\" alt=\"\" width=\"300\" height=\"218\" \/><\/strong><\/p>\n<p><strong>Iliya Lingorski<\/strong><br \/>\n<strong>Chief Economist, Bulgarian Development Bank<\/strong><\/p>\n<p>&nbsp;<\/p>\n<p>Iliya Lingorski is the Chief Economist of the Bulgarian Development Bank. Over the last 25 years his career straddled both private and public sectors in investment banking, project finance, tourism, energy, public finance and international financial institutions.<br \/>\nHe has served as Deputy Minister of Finance and Head of the State Treasury, Alternate Governor for Bulgaria of the IMF and Chairman of the Supervisory Board of the Bulgarian Development Bank. He also served as a Trustee (2014-2017) and a Member of the University Council (since 2017) of the American University in Bulgaria.<br \/>\nIliya Lingorski was a co-founder and first president of the Bulgarian Section of the European Ligue for Economic Cooperation (Ligue Europ\u00e9enne de Coop\u00e9ration \u00c9conomique) and in 2018 was elected by the Council held in Sofia as Chairman of the Energy, Infrastructure and PPP Commission of the organization. His post-graduate research at Oxford was in the field of applications of AI to modeling complex and composite structures and his current doctoral research at the VUZF University in Sofia is focused on modeling eurozone macroeconomic and structural convergence[\/vc_column_text][vc_empty_space height=&#8221;1&#8243;][\/vc_column][\/vc_row]<\/p>\n","protected":false},"excerpt":{"rendered":"<p>[vc_row css_animation=&#8221;&#8221; row_type=&#8221;row&#8221; use_row_as_full_screen_section=&#8221;no&#8221; type=&#8221;grid&#8221; angled_section=&#8221;no&#8221; text_align=&#8221;left&#8221; background_image_as_pattern=&#8221;without_pattern&#8221; z_index=&#8221;&#8221;][vc_column][vc_column_text] Iliya Lingorski Chief Economist, Bulgarian Development Bank &nbsp; Iliya Lingorski is the Chief Economist of the Bulgarian Development Bank. Over the last 25 years his career straddled both private and public sectors in investment banking, project&#8230;<\/p>\n","protected":false},"author":2,"featured_media":15479,"parent":0,"menu_order":0,"comment_status":"closed","ping_status":"closed","template":"full_width.php","meta":{"footnotes":""},"class_list":["post-19306","page","type-page","status-publish","has-post-thumbnail","hentry"],"yoast_head":"<!-- This site is optimized with the Yoast SEO plugin v19.3 - https:\/\/yoast.com\/wordpress\/plugins\/seo\/ -->\n<title>12th-sp-Linkgorski - ICAP CRIF BG<\/title>\n<meta name=\"robots\" content=\"index, follow, max-snippet:-1, max-image-preview:large, max-video-preview:-1\" \/>\n<link rel=\"canonical\" href=\"https:\/\/www.icapcrif.com\/bg\/en\/12th-sp-lingorski\/\" \/>\n<meta property=\"og:locale\" content=\"en_US\" \/>\n<meta property=\"og:type\" content=\"article\" \/>\n<meta property=\"og:title\" content=\"12th-sp-Linkgorski - ICAP CRIF BG\" \/>\n<meta property=\"og:description\" content=\"[vc_row css_animation=&#8221;&#8221; row_type=&#8221;row&#8221; use_row_as_full_screen_section=&#8221;no&#8221; type=&#8221;grid&#8221; angled_section=&#8221;no&#8221; text_align=&#8221;left&#8221; background_image_as_pattern=&#8221;without_pattern&#8221; z_index=&#8221;&#8221;][vc_column][vc_column_text] Iliya Lingorski Chief Economist, Bulgarian Development Bank &nbsp; Iliya Lingorski is the Chief Economist of the Bulgarian Development Bank. Over the last 25 years his career straddled both private and public sectors in investment banking, project...\" \/>\n<meta property=\"og:url\" content=\"https:\/\/www.icapcrif.com\/bg\/en\/12th-sp-lingorski\/\" \/>\n<meta property=\"og:site_name\" content=\"ICAP CRIF BG\" \/>\n<meta property=\"article:publisher\" content=\"https:\/\/www.facebook.com\/ICAPCRIF\/\" \/>\n<meta property=\"article:modified_time\" content=\"2022-02-23T17:36:16+00:00\" \/>\n<meta property=\"og:image\" content=\"https:\/\/www.icapcrif.com\/bg\/wp-content\/uploads\/sites\/3\/2019\/04\/icap.jpg\" \/>\n\t<meta property=\"og:image:width\" content=\"1921\" \/>\n\t<meta property=\"og:image:height\" content=\"1081\" \/>\n\t<meta property=\"og:image:type\" content=\"image\/jpeg\" \/>\n<meta name=\"twitter:card\" content=\"summary_large_image\" \/>\n<meta name=\"twitter:label1\" content=\"Est. reading time\" \/>\n\t<meta name=\"twitter:data1\" content=\"2 minutes\" \/>\n<script type=\"application\/ld+json\" class=\"yoast-schema-graph\">{\"@context\":\"https:\/\/schema.org\",\"@graph\":[{\"@type\":\"Organization\",\"@id\":\"https:\/\/www.icapcrif.com\/bg\/?lang=el\/#organization\",\"name\":\"ICAP CRIF EAD\",\"url\":\"https:\/\/www.icapcrif.com\/bg\/?lang=el\/\",\"sameAs\":[\"https:\/\/www.linkedin.com\/company\/icap-crif\/\",\"https:\/\/www.facebook.com\/ICAPCRIF\/\"],\"logo\":{\"@type\":\"ImageObject\",\"inLanguage\":\"en-US\",\"@id\":\"https:\/\/www.icapcrif.com\/bg\/?lang=el\/#\/schema\/logo\/image\/\",\"url\":\"https:\/\/www.icapcrif.com\/bg\/wp-content\/uploads\/sites\/3\/2022\/02\/ICAPCRIF-logo.png\",\"contentUrl\":\"https:\/\/www.icapcrif.com\/bg\/wp-content\/uploads\/sites\/3\/2022\/02\/ICAPCRIF-logo.png\",\"width\":1773,\"height\":781,\"caption\":\"ICAP CRIF EAD\"},\"image\":{\"@id\":\"https:\/\/www.icapcrif.com\/bg\/?lang=el\/#\/schema\/logo\/image\/\"}},{\"@type\":\"WebSite\",\"@id\":\"https:\/\/www.icapcrif.com\/bg\/?lang=el\/#website\",\"url\":\"https:\/\/www.icapcrif.com\/bg\/?lang=el\/\",\"name\":\"ICAP CRIF BG\",\"description\":\"Business Information Services | ICAP CRIF in Bulgaria\",\"publisher\":{\"@id\":\"https:\/\/www.icapcrif.com\/bg\/?lang=el\/#organization\"},\"potentialAction\":[{\"@type\":\"SearchAction\",\"target\":{\"@type\":\"EntryPoint\",\"urlTemplate\":\"https:\/\/www.icapcrif.com\/bg\/?lang=el\/?s={search_term_string}\"},\"query-input\":\"required name=search_term_string\"}],\"inLanguage\":\"en-US\"},{\"@type\":\"ImageObject\",\"inLanguage\":\"en-US\",\"@id\":\"https:\/\/www.icapcrif.com\/bg\/en\/12th-sp-lingorski\/#primaryimage\",\"url\":\"https:\/\/www.icapcrif.com\/bg\/wp-content\/uploads\/sites\/3\/2019\/04\/icap.jpg\",\"contentUrl\":\"https:\/\/www.icapcrif.com\/bg\/wp-content\/uploads\/sites\/3\/2019\/04\/icap.jpg\",\"width\":1921,\"height\":1081},{\"@type\":\"WebPage\",\"@id\":\"https:\/\/www.icapcrif.com\/bg\/en\/12th-sp-lingorski\/\",\"url\":\"https:\/\/www.icapcrif.com\/bg\/en\/12th-sp-lingorski\/\",\"name\":\"12th-sp-Linkgorski - ICAP CRIF BG\",\"isPartOf\":{\"@id\":\"https:\/\/www.icapcrif.com\/bg\/?lang=el\/#website\"},\"primaryImageOfPage\":{\"@id\":\"https:\/\/www.icapcrif.com\/bg\/en\/12th-sp-lingorski\/#primaryimage\"},\"datePublished\":\"2021-10-07T11:35:21+00:00\",\"dateModified\":\"2022-02-23T17:36:16+00:00\",\"breadcrumb\":{\"@id\":\"https:\/\/www.icapcrif.com\/bg\/en\/12th-sp-lingorski\/#breadcrumb\"},\"inLanguage\":\"en-US\",\"potentialAction\":[{\"@type\":\"ReadAction\",\"target\":[\"https:\/\/www.icapcrif.com\/bg\/en\/12th-sp-lingorski\/\"]}]},{\"@type\":\"BreadcrumbList\",\"@id\":\"https:\/\/www.icapcrif.com\/bg\/en\/12th-sp-lingorski\/#breadcrumb\",\"itemListElement\":[{\"@type\":\"ListItem\",\"position\":1,\"name\":\"Home\",\"item\":\"https:\/\/www.icapcrif.com\/bg\/en\/\"},{\"@type\":\"ListItem\",\"position\":2,\"name\":\"12th-sp-Linkgorski\"}]}]}<\/script>\n<!-- \/ Yoast SEO plugin. -->","yoast_head_json":{"title":"12th-sp-Linkgorski - ICAP CRIF BG","robots":{"index":"index","follow":"follow","max-snippet":"max-snippet:-1","max-image-preview":"max-image-preview:large","max-video-preview":"max-video-preview:-1"},"canonical":"https:\/\/www.icapcrif.com\/bg\/en\/12th-sp-lingorski\/","og_locale":"en_US","og_type":"article","og_title":"12th-sp-Linkgorski - ICAP CRIF BG","og_description":"[vc_row css_animation=&#8221;&#8221; row_type=&#8221;row&#8221; use_row_as_full_screen_section=&#8221;no&#8221; type=&#8221;grid&#8221; angled_section=&#8221;no&#8221; text_align=&#8221;left&#8221; background_image_as_pattern=&#8221;without_pattern&#8221; z_index=&#8221;&#8221;][vc_column][vc_column_text] Iliya Lingorski Chief Economist, Bulgarian Development Bank &nbsp; Iliya Lingorski is the Chief Economist of the Bulgarian Development Bank. Over the last 25 years his career straddled both private and public sectors in investment banking, project...","og_url":"https:\/\/www.icapcrif.com\/bg\/en\/12th-sp-lingorski\/","og_site_name":"ICAP CRIF BG","article_publisher":"https:\/\/www.facebook.com\/ICAPCRIF\/","article_modified_time":"2022-02-23T17:36:16+00:00","og_image":[{"width":1921,"height":1081,"url":"https:\/\/www.icapcrif.com\/bg\/wp-content\/uploads\/sites\/3\/2019\/04\/icap.jpg","type":"image\/jpeg"}],"twitter_card":"summary_large_image","twitter_misc":{"Est. reading time":"2 minutes"},"schema":{"@context":"https:\/\/schema.org","@graph":[{"@type":"Organization","@id":"https:\/\/www.icapcrif.com\/bg\/?lang=el\/#organization","name":"ICAP CRIF EAD","url":"https:\/\/www.icapcrif.com\/bg\/?lang=el\/","sameAs":["https:\/\/www.linkedin.com\/company\/icap-crif\/","https:\/\/www.facebook.com\/ICAPCRIF\/"],"logo":{"@type":"ImageObject","inLanguage":"en-US","@id":"https:\/\/www.icapcrif.com\/bg\/?lang=el\/#\/schema\/logo\/image\/","url":"https:\/\/www.icapcrif.com\/bg\/wp-content\/uploads\/sites\/3\/2022\/02\/ICAPCRIF-logo.png","contentUrl":"https:\/\/www.icapcrif.com\/bg\/wp-content\/uploads\/sites\/3\/2022\/02\/ICAPCRIF-logo.png","width":1773,"height":781,"caption":"ICAP CRIF EAD"},"image":{"@id":"https:\/\/www.icapcrif.com\/bg\/?lang=el\/#\/schema\/logo\/image\/"}},{"@type":"WebSite","@id":"https:\/\/www.icapcrif.com\/bg\/?lang=el\/#website","url":"https:\/\/www.icapcrif.com\/bg\/?lang=el\/","name":"ICAP CRIF BG","description":"Business Information Services | ICAP CRIF in Bulgaria","publisher":{"@id":"https:\/\/www.icapcrif.com\/bg\/?lang=el\/#organization"},"potentialAction":[{"@type":"SearchAction","target":{"@type":"EntryPoint","urlTemplate":"https:\/\/www.icapcrif.com\/bg\/?lang=el\/?s={search_term_string}"},"query-input":"required name=search_term_string"}],"inLanguage":"en-US"},{"@type":"ImageObject","inLanguage":"en-US","@id":"https:\/\/www.icapcrif.com\/bg\/en\/12th-sp-lingorski\/#primaryimage","url":"https:\/\/www.icapcrif.com\/bg\/wp-content\/uploads\/sites\/3\/2019\/04\/icap.jpg","contentUrl":"https:\/\/www.icapcrif.com\/bg\/wp-content\/uploads\/sites\/3\/2019\/04\/icap.jpg","width":1921,"height":1081},{"@type":"WebPage","@id":"https:\/\/www.icapcrif.com\/bg\/en\/12th-sp-lingorski\/","url":"https:\/\/www.icapcrif.com\/bg\/en\/12th-sp-lingorski\/","name":"12th-sp-Linkgorski - ICAP CRIF BG","isPartOf":{"@id":"https:\/\/www.icapcrif.com\/bg\/?lang=el\/#website"},"primaryImageOfPage":{"@id":"https:\/\/www.icapcrif.com\/bg\/en\/12th-sp-lingorski\/#primaryimage"},"datePublished":"2021-10-07T11:35:21+00:00","dateModified":"2022-02-23T17:36:16+00:00","breadcrumb":{"@id":"https:\/\/www.icapcrif.com\/bg\/en\/12th-sp-lingorski\/#breadcrumb"},"inLanguage":"en-US","potentialAction":[{"@type":"ReadAction","target":["https:\/\/www.icapcrif.com\/bg\/en\/12th-sp-lingorski\/"]}]},{"@type":"BreadcrumbList","@id":"https:\/\/www.icapcrif.com\/bg\/en\/12th-sp-lingorski\/#breadcrumb","itemListElement":[{"@type":"ListItem","position":1,"name":"Home","item":"https:\/\/www.icapcrif.com\/bg\/en\/"},{"@type":"ListItem","position":2,"name":"12th-sp-Linkgorski"}]}]}},"_links":{"self":[{"href":"https:\/\/www.icapcrif.com\/bg\/en\/wp-json\/wp\/v2\/pages\/19306\/"}],"collection":[{"href":"https:\/\/www.icapcrif.com\/bg\/en\/wp-json\/wp\/v2\/pages\/"}],"about":[{"href":"https:\/\/www.icapcrif.com\/bg\/en\/wp-json\/wp\/v2\/types\/page\/"}],"author":[{"embeddable":true,"href":"https:\/\/www.icapcrif.com\/bg\/en\/wp-json\/wp\/v2\/users\/2\/"}],"replies":[{"embeddable":true,"href":"https:\/\/www.icapcrif.com\/bg\/en\/wp-json\/wp\/v2\/comments\/?post=19306"}],"version-history":[{"count":1,"href":"https:\/\/www.icapcrif.com\/bg\/en\/wp-json\/wp\/v2\/pages\/19306\/revisions\/"}],"predecessor-version":[{"id":21125,"href":"https:\/\/www.icapcrif.com\/bg\/en\/wp-json\/wp\/v2\/pages\/19306\/revisions\/21125\/"}],"wp:featuredmedia":[{"embeddable":true,"href":"https:\/\/www.icapcrif.com\/bg\/en\/wp-json\/wp\/v2\/media\/15479\/"}],"wp:attachment":[{"href":"https:\/\/www.icapcrif.com\/bg\/en\/wp-json\/wp\/v2\/media\/?parent=19306"}],"curies":[{"name":"wp","href":"https:\/\/api.w.org\/{rel}","templated":true}]}}