{"id":20473,"date":"2021-10-18T22:37:38","date_gmt":"2021-10-18T19:37:38","guid":{"rendered":"https:\/\/www.icap.ro\/?page_id=20473"},"modified":"2022-02-22T19:08:56","modified_gmt":"2022-02-22T19:08:56","slug":"12th-sp-llado","status":"publish","type":"page","link":"https:\/\/www.icapcrif.com\/ro\/en\/12th-sp-llado\/","title":{"rendered":"12th-sp-Llad\u00f3"},"content":{"rendered":"<p><strong><img loading=\"lazy\" decoding=\"async\" class=\"alignnone size-medium wp-image-20470\" src=\"https:\/\/www.icap.ro\/wp-content\/uploads\/2021\/10\/Miquel-Llado-212x300.jpg\" alt=\"\" width=\"212\" height=\"300\" srcset=\"https:\/\/www.icapcrif.com\/ro\/wp-content\/uploads\/sites\/2\/2021\/10\/Miquel-Llado-212x300.jpg 212w, https:\/\/www.icapcrif.com\/ro\/wp-content\/uploads\/sites\/2\/2021\/10\/Miquel-Llado.jpg 444w\" sizes=\"(max-width: 212px) 100vw, 212px\" \/><\/strong><\/p>\n<p><strong>Miquel Llad\u00f3<\/strong><br \/>\n<strong>IESE Business School<\/strong><\/p>\n<p>&nbsp;<\/p>\n<p>Miquel Llad\u00f3 holds an Advanced Degree in Economics and Business from the University of<br \/>\nBarcelona. Prof. of Strategic Management &amp; Leadership. He is a Senior Lecturer at IESE Business<br \/>\nSchool since 2009, and a visiting professor at various European business schools. Delivered<br \/>\nStrategy &amp; Leadership sessions to 22,953 executives from 101 nationalities in 25 countries.<br \/>\nSessions delivered in Spain, Slovenia, Brazil, Russia, Croatia, Greece, Romania, Portugal, Armenia,<br \/>\nUkraine, UK, Georgia, Slovakia, China, Germany, Switzerland, Austria, Serbia, Italy, Peru, USA,<br \/>\nLuxembourg and Ireland.<br \/>\nAuthor of the book: Falling in love with the Future (2021) Translated into four languages.<br \/>\nThrough his own firm, Peak Business Advisory, supports companies in their strategic thinking<br \/>\nprocess. Mentor to CEOs. Experience in 20 sectors-industries. He is member of the Advisory<br \/>\nBoard at NetipBox (Digital Signage), Vallformosa (Sparkling Wines), Norma Uniarte (Doors),<br \/>\nAdelsys (Electronic solutions).<br \/>\nHe has an extensive executive experience, highlighting CEO-Group President at Sara Lee Bakery<br \/>\nGroup &#8211; Bimbo (2005-2007: 550MM \u20ac business, 4200 people, 15 factories), CEO at Bimbo Spain<br \/>\n&amp; Portugal (2001-2007), VP of Marketing &amp; Sales at Bimbo Spain &amp; Portugal (1996-2000), VP of<br \/>\nNew Business at PepsiCo\/Frito-Lay Spain (1995-1996), Director of China Distribution Project at<br \/>\nFrito-Lay International (1995), Sales Designate at Frito-Lay USA (1994), as well as other executive<br \/>\npositions.<br \/>\nHe has completed executive education programs at IESE (PADE), ESADE, Kellogg Business School,<br \/>\nand The Wharton School.<br \/>\nHe was elected Spain\u2019s Best Executive in 2000 by the Spain\u2019s Business Association AED.<\/p>\n<p>&nbsp;<\/p>\n<p>&nbsp;<\/p>\n","protected":false},"excerpt":{"rendered":"<p>Miquel Llad\u00f3 IESE Business School &nbsp; Miquel Llad\u00f3 holds an Advanced Degree in Economics and Business from the University of Barcelona. Prof. of Strategic Management &amp; Leadership. He is a Senior Lecturer at IESE Business School since 2009, and a visiting professor at various European&#8230;<\/p>\n","protected":false},"author":1,"featured_media":0,"parent":0,"menu_order":0,"comment_status":"closed","ping_status":"open","template":"","meta":{"footnotes":""},"class_list":["post-20473","page","type-page","status-publish","hentry"],"yoast_head":"<!-- This site is optimized with the Yoast SEO plugin v19.3 - https:\/\/yoast.com\/wordpress\/plugins\/seo\/ -->\n<title>12th-sp-Llad\u00f3 - ICAP CRIF RO<\/title>\n<meta name=\"robots\" content=\"index, follow, max-snippet:-1, max-image-preview:large, max-video-preview:-1\" \/>\n<link rel=\"canonical\" href=\"https:\/\/www.icapcrif.com\/ro\/en\/12th-sp-llado\/\" \/>\n<meta property=\"og:locale\" content=\"en_US\" \/>\n<meta property=\"og:type\" content=\"article\" \/>\n<meta property=\"og:title\" content=\"12th-sp-Llad\u00f3 - ICAP CRIF RO\" \/>\n<meta property=\"og:description\" content=\"Miquel Llad\u00f3 IESE Business School &nbsp; Miquel Llad\u00f3 holds an Advanced Degree in Economics and Business from the University of Barcelona. Prof. of Strategic Management &amp; Leadership. He is a Senior Lecturer at IESE Business School since 2009, and a visiting professor at various European...\" \/>\n<meta property=\"og:url\" content=\"https:\/\/www.icapcrif.com\/ro\/en\/12th-sp-llado\/\" \/>\n<meta property=\"og:site_name\" content=\"ICAP CRIF RO\" \/>\n<meta property=\"article:publisher\" content=\"https:\/\/www.facebook.com\/ICAPCRIF\/\" \/>\n<meta property=\"article:modified_time\" content=\"2022-02-22T19:08:56+00:00\" \/>\n<meta property=\"og:image\" content=\"https:\/\/www.icap.ro\/wp-content\/uploads\/2021\/10\/Miquel-Llado-212x300.jpg\" \/>\n<meta name=\"twitter:card\" content=\"summary_large_image\" \/>\n<meta name=\"twitter:label1\" content=\"Est. reading time\" \/>\n\t<meta name=\"twitter:data1\" content=\"1 minute\" \/>\n<script type=\"application\/ld+json\" class=\"yoast-schema-graph\">{\"@context\":\"https:\/\/schema.org\",\"@graph\":[{\"@type\":\"Organization\",\"@id\":\"https:\/\/www.icapcrif.com\/ro\/?lang=el\/#organization\",\"name\":\"ICAP CRIF S.R.L.\",\"url\":\"https:\/\/www.icapcrif.com\/ro\/?lang=el\/\",\"sameAs\":[\"https:\/\/www.linkedin.com\/company\/icap-crif\/\",\"https:\/\/www.facebook.com\/ICAPCRIF\/\"],\"logo\":{\"@type\":\"ImageObject\",\"inLanguage\":\"en-US\",\"@id\":\"https:\/\/www.icapcrif.com\/ro\/?lang=el\/#\/schema\/logo\/image\/\",\"url\":\"https:\/\/www.icapcrif.com\/ro\/wp-content\/uploads\/sites\/2\/2023\/04\/ICAPCRIF-logo.png\",\"contentUrl\":\"https:\/\/www.icapcrif.com\/ro\/wp-content\/uploads\/sites\/2\/2023\/04\/ICAPCRIF-logo.png\",\"width\":1773,\"height\":781,\"caption\":\"ICAP CRIF S.R.L.\"},\"image\":{\"@id\":\"https:\/\/www.icapcrif.com\/ro\/?lang=el\/#\/schema\/logo\/image\/\"}},{\"@type\":\"WebSite\",\"@id\":\"https:\/\/www.icapcrif.com\/ro\/?lang=el\/#website\",\"url\":\"https:\/\/www.icapcrif.com\/ro\/?lang=el\/\",\"name\":\"ICAP CRIF RO\",\"description\":\"Business Information Services | ICAP CRIF in Romania\",\"publisher\":{\"@id\":\"https:\/\/www.icapcrif.com\/ro\/?lang=el\/#organization\"},\"potentialAction\":[{\"@type\":\"SearchAction\",\"target\":{\"@type\":\"EntryPoint\",\"urlTemplate\":\"https:\/\/www.icapcrif.com\/ro\/?lang=el\/?s={search_term_string}\"},\"query-input\":\"required name=search_term_string\"}],\"inLanguage\":\"en-US\"},{\"@type\":\"ImageObject\",\"inLanguage\":\"en-US\",\"@id\":\"https:\/\/www.icapcrif.com\/ro\/en\/12th-sp-llado\/#primaryimage\",\"url\":\"https:\/\/www.icap.ro\/wp-content\/uploads\/2021\/10\/Miquel-Llado-212x300.jpg\",\"contentUrl\":\"https:\/\/www.icap.ro\/wp-content\/uploads\/2021\/10\/Miquel-Llado-212x300.jpg\"},{\"@type\":\"WebPage\",\"@id\":\"https:\/\/www.icapcrif.com\/ro\/en\/12th-sp-llado\/\",\"url\":\"https:\/\/www.icapcrif.com\/ro\/en\/12th-sp-llado\/\",\"name\":\"12th-sp-Llad\u00f3 - ICAP CRIF RO\",\"isPartOf\":{\"@id\":\"https:\/\/www.icapcrif.com\/ro\/?lang=el\/#website\"},\"primaryImageOfPage\":{\"@id\":\"https:\/\/www.icapcrif.com\/ro\/en\/12th-sp-llado\/#primaryimage\"},\"datePublished\":\"2021-10-18T19:37:38+00:00\",\"dateModified\":\"2022-02-22T19:08:56+00:00\",\"breadcrumb\":{\"@id\":\"https:\/\/www.icapcrif.com\/ro\/en\/12th-sp-llado\/#breadcrumb\"},\"inLanguage\":\"en-US\",\"potentialAction\":[{\"@type\":\"ReadAction\",\"target\":[\"https:\/\/www.icapcrif.com\/ro\/en\/12th-sp-llado\/\"]}]},{\"@type\":\"BreadcrumbList\",\"@id\":\"https:\/\/www.icapcrif.com\/ro\/en\/12th-sp-llado\/#breadcrumb\",\"itemListElement\":[{\"@type\":\"ListItem\",\"position\":1,\"name\":\"Home\",\"item\":\"https:\/\/www.icapcrif.com\/ro\/en\/\"},{\"@type\":\"ListItem\",\"position\":2,\"name\":\"12th-sp-Llad\u00f3\"}]}]}<\/script>\n<!-- \/ Yoast SEO plugin. -->","yoast_head_json":{"title":"12th-sp-Llad\u00f3 - ICAP CRIF RO","robots":{"index":"index","follow":"follow","max-snippet":"max-snippet:-1","max-image-preview":"max-image-preview:large","max-video-preview":"max-video-preview:-1"},"canonical":"https:\/\/www.icapcrif.com\/ro\/en\/12th-sp-llado\/","og_locale":"en_US","og_type":"article","og_title":"12th-sp-Llad\u00f3 - ICAP CRIF RO","og_description":"Miquel Llad\u00f3 IESE Business School &nbsp; Miquel Llad\u00f3 holds an Advanced Degree in Economics and Business from the University of Barcelona. Prof. of Strategic Management &amp; Leadership. He is a Senior Lecturer at IESE Business School since 2009, and a visiting professor at various European...","og_url":"https:\/\/www.icapcrif.com\/ro\/en\/12th-sp-llado\/","og_site_name":"ICAP CRIF RO","article_publisher":"https:\/\/www.facebook.com\/ICAPCRIF\/","article_modified_time":"2022-02-22T19:08:56+00:00","og_image":[{"url":"https:\/\/www.icap.ro\/wp-content\/uploads\/2021\/10\/Miquel-Llado-212x300.jpg"}],"twitter_card":"summary_large_image","twitter_misc":{"Est. reading time":"1 minute"},"schema":{"@context":"https:\/\/schema.org","@graph":[{"@type":"Organization","@id":"https:\/\/www.icapcrif.com\/ro\/?lang=el\/#organization","name":"ICAP CRIF S.R.L.","url":"https:\/\/www.icapcrif.com\/ro\/?lang=el\/","sameAs":["https:\/\/www.linkedin.com\/company\/icap-crif\/","https:\/\/www.facebook.com\/ICAPCRIF\/"],"logo":{"@type":"ImageObject","inLanguage":"en-US","@id":"https:\/\/www.icapcrif.com\/ro\/?lang=el\/#\/schema\/logo\/image\/","url":"https:\/\/www.icapcrif.com\/ro\/wp-content\/uploads\/sites\/2\/2023\/04\/ICAPCRIF-logo.png","contentUrl":"https:\/\/www.icapcrif.com\/ro\/wp-content\/uploads\/sites\/2\/2023\/04\/ICAPCRIF-logo.png","width":1773,"height":781,"caption":"ICAP CRIF S.R.L."},"image":{"@id":"https:\/\/www.icapcrif.com\/ro\/?lang=el\/#\/schema\/logo\/image\/"}},{"@type":"WebSite","@id":"https:\/\/www.icapcrif.com\/ro\/?lang=el\/#website","url":"https:\/\/www.icapcrif.com\/ro\/?lang=el\/","name":"ICAP CRIF RO","description":"Business Information Services | ICAP CRIF in Romania","publisher":{"@id":"https:\/\/www.icapcrif.com\/ro\/?lang=el\/#organization"},"potentialAction":[{"@type":"SearchAction","target":{"@type":"EntryPoint","urlTemplate":"https:\/\/www.icapcrif.com\/ro\/?lang=el\/?s={search_term_string}"},"query-input":"required name=search_term_string"}],"inLanguage":"en-US"},{"@type":"ImageObject","inLanguage":"en-US","@id":"https:\/\/www.icapcrif.com\/ro\/en\/12th-sp-llado\/#primaryimage","url":"https:\/\/www.icap.ro\/wp-content\/uploads\/2021\/10\/Miquel-Llado-212x300.jpg","contentUrl":"https:\/\/www.icap.ro\/wp-content\/uploads\/2021\/10\/Miquel-Llado-212x300.jpg"},{"@type":"WebPage","@id":"https:\/\/www.icapcrif.com\/ro\/en\/12th-sp-llado\/","url":"https:\/\/www.icapcrif.com\/ro\/en\/12th-sp-llado\/","name":"12th-sp-Llad\u00f3 - ICAP CRIF RO","isPartOf":{"@id":"https:\/\/www.icapcrif.com\/ro\/?lang=el\/#website"},"primaryImageOfPage":{"@id":"https:\/\/www.icapcrif.com\/ro\/en\/12th-sp-llado\/#primaryimage"},"datePublished":"2021-10-18T19:37:38+00:00","dateModified":"2022-02-22T19:08:56+00:00","breadcrumb":{"@id":"https:\/\/www.icapcrif.com\/ro\/en\/12th-sp-llado\/#breadcrumb"},"inLanguage":"en-US","potentialAction":[{"@type":"ReadAction","target":["https:\/\/www.icapcrif.com\/ro\/en\/12th-sp-llado\/"]}]},{"@type":"BreadcrumbList","@id":"https:\/\/www.icapcrif.com\/ro\/en\/12th-sp-llado\/#breadcrumb","itemListElement":[{"@type":"ListItem","position":1,"name":"Home","item":"https:\/\/www.icapcrif.com\/ro\/en\/"},{"@type":"ListItem","position":2,"name":"12th-sp-Llad\u00f3"}]}]}},"_links":{"self":[{"href":"https:\/\/www.icapcrif.com\/ro\/en\/wp-json\/wp\/v2\/pages\/20473\/"}],"collection":[{"href":"https:\/\/www.icapcrif.com\/ro\/en\/wp-json\/wp\/v2\/pages\/"}],"about":[{"href":"https:\/\/www.icapcrif.com\/ro\/en\/wp-json\/wp\/v2\/types\/page\/"}],"author":[{"embeddable":true,"href":"https:\/\/www.icapcrif.com\/ro\/en\/wp-json\/wp\/v2\/users\/1\/"}],"replies":[{"embeddable":true,"href":"https:\/\/www.icapcrif.com\/ro\/en\/wp-json\/wp\/v2\/comments\/?post=20473"}],"version-history":[{"count":1,"href":"https:\/\/www.icapcrif.com\/ro\/en\/wp-json\/wp\/v2\/pages\/20473\/revisions\/"}],"predecessor-version":[{"id":22499,"href":"https:\/\/www.icapcrif.com\/ro\/en\/wp-json\/wp\/v2\/pages\/20473\/revisions\/22499\/"}],"wp:attachment":[{"href":"https:\/\/www.icapcrif.com\/ro\/en\/wp-json\/wp\/v2\/media\/?parent=20473"}],"curies":[{"name":"wp","href":"https:\/\/api.w.org\/{rel}","templated":true}]}}