{"id":17057,"date":"2019-12-06T17:15:03","date_gmt":"2019-12-06T14:15:03","guid":{"rendered":"https:\/\/icap.ro\/other-events\/"},"modified":"2026-03-11T14:00:52","modified_gmt":"2026-03-11T14:00:52","slug":"other-events-2","status":"publish","type":"page","link":"https:\/\/www.icapcrif.com\/ro\/other-events-2\/","title":{"rendered":"Conferin\u021bele BUSINESS INFO by ICAP CRIF"},"content":{"rendered":"<p>[vc_row css_animation=&#8221;&#8221; row_type=&#8221;row&#8221; use_row_as_full_screen_section=&#8221;no&#8221; type=&#8221;grid&#8221; angled_section=&#8221;no&#8221; text_align=&#8221;left&#8221; background_image_as_pattern=&#8221;without_pattern&#8221; padding_top=&#8221;25&#8243; background_color=&#8221;#ffffff&#8221; padding_bottom=&#8221;5&#8243; z_index=&#8221;&#8221;][vc_column][vc_column_text css=&#8221;.vc_custom_1659083154911{padding-top: 1px !important;padding-bottom: 10px !important;}&#8221;]Conferin\u021bele BUSINESS INFO by ICAP CRIF[\/vc_column_text][vc_separator type=&#8221;small&#8221; position=&#8221;left&#8221; down=&#8221;22&#8243; up=&#8221;14&#8243; color=&#8221;#e46302&#8243; thickness=&#8221;4&#8243; width=&#8221;48&#8243;][\/vc_column][\/vc_row][vc_row css_animation=&#8221;&#8221; row_type=&#8221;row&#8221; use_row_as_full_screen_section=&#8221;no&#8221; type=&#8221;grid&#8221; angled_section=&#8221;no&#8221; text_align=&#8221;left&#8221; background_image_as_pattern=&#8221;without_pattern&#8221; background_color=&#8221;#ffffff&#8221; padding_bottom=&#8221;30&#8243;][vc_column][vc_tabs style=&#8221;boxed&#8221; el_class=&#8221;disabled-accordion&#8221;][vc_tab title=&#8221;Conferinta BUSINESS INFO by ICAP CRIF, 27 Aprilie, 2026 &#8211; CLUJ&#8221; tab_id=&#8221;1773218922121-3-10&#8243;][vc_single_image image=&#8221;40215&#8243; img_size=&#8221;full&#8221; alignment=&#8221;center&#8221; qode_css_animation=&#8221;&#8221;][vc_empty_space][vc_column_text]<strong>\ud83d\udccc Informa\u021bii generale eveniment<\/strong><\/p>\n<p>&nbsp;<\/p>\n<p><strong>Nume eveniment:<br \/>\n<\/strong>ICAP CRIF Business Info Transilvania<\/p>\n<p>&nbsp;<\/p>\n<p><strong>Dat\u0103:<br \/>\n<\/strong>27 aprilie 2026<\/p>\n<p>&nbsp;<\/p>\n<p><strong>Loca\u021bie:<br \/>\n<\/strong>Hotel Platinia, Cluj\u2011Napoca<\/p>\n<p>&nbsp;<\/p>\n<p><strong>Limba evenimentului:<\/strong><br \/>\nRom\u00e2n\u0103 (majoritatea sesiunilor)<br \/>\nEnglez\u0103 \u2013 speech de deschidere (CEO ICAP CRIF Group)<\/p>\n<p>&nbsp;<\/p>\n<p><strong>Tax\u0103 de participare:<\/strong><br \/>\nParticipare gratuit\u0103 (Free of charge)<\/p>\n<p>&nbsp;<\/p>\n<p><strong>\u00censcriere:<\/strong><br \/>\nPrin formular online <a href=\"https:\/\/docs.google.com\/forms\/d\/e\/1FAIpQLSe9jcnHI7VM-sQhKuy_I1pC8RD2XOMdJ67pYaP-xyho_8x91A\/viewform?usp=header\" target=\"_blank\" rel=\"noopener\">AICI<\/a><br \/>\n<strong>Deadline \u00eenscriere:<\/strong><br \/>\n20 aprilie 2026<\/p>\n<p>&nbsp;<\/p>\n<p>Participarea la conferin\u021b\u0103 este <strong>gratuit\u0103<\/strong>, \u00een limita locurilor disponibile.<\/p>\n<p>&nbsp;<\/p>\n<p><strong>\ud83d\udc65 Public \u021bint\u0103<\/strong><br \/>\n\u2022 Profesioni\u0219ti din middle management financiar<br \/>\n(CFO teams, controlling, credit risk, compliance)<br \/>\n\u2022 Top management IMM uri<br \/>\n\u2022 Manageri responsabili de strategii de sustenabilitate \u0219i ESG<\/p>\n<p>&nbsp;<\/p>\n<p><strong>\ud83c\udfaf<\/strong><strong> Ce vei afla particip\u00e2nd la eveniment:<\/strong><\/p>\n<ul>\n<li>O perspectiv\u0103 actualizat\u0103 asupra <strong>contextului economic \u0219i a dinamicii de business din regiunea Transilvania<\/strong><\/li>\n<li>Principalele <strong>tendin\u021be ESG \u0219i impactul crizei climatice asupra economiei \u0219i modelelor de business<\/strong><\/li>\n<li>Cum se aliniaz\u0103 companiile la <strong>cerin\u021bele europene privind sustenabilitatea, guvernan\u021ba \u0219i raportarea ESG<\/strong><\/li>\n<li>Exemple concrete despre <strong>modul \u00een care practicile de creditare sunt adaptate pentru a sus\u021bine tranzi\u021bia c\u0103tre economia verde<\/strong><\/li>\n<li>Cum pot organiza\u021biile s\u0103 utilizeze <strong>solu\u021bii moderne de analiz\u0103 financiar\u0103, management al riscului \u0219i compliance<\/strong> pentru decizii mai bune<\/li>\n<li>O prezentare a <strong>MY RISK ANALYSIS (MYRA)<\/strong> \u2013 cea mai nou\u0103 platform\u0103 de analiz\u0103 financiar\u0103 din Rom\u00e2nia<\/li>\n<li>Perspective aplicate asupra <strong>automatiz\u0103rii proceselor, reducerii riscurilor \u0219i utiliz\u0103rii datelor \u00een deciziile de business<\/strong><\/li>\n<\/ul>\n<p>&nbsp;<\/p>\n<p><strong>BUSINESS INFO by ICAP CRIF<\/strong> este o serie de conferin\u021be de business \u0219i networking organizate de ICAP CRIF \u00een Rom\u00e2nia, \u00een ora\u0219e cu importan\u021b\u0103 strategic\u0103 pentru economia na\u021bional\u0103.<\/p>\n<p>&nbsp;<\/p>\n<p>Evenimentele BUSINESS INFO by ICAP CRIF creeaz\u0103 cadrul unei <strong>conversa\u021bii relevante \u00eentre manageri \u0219i deciden\u021bi<\/strong> din companii locale, regionale \u0219i na\u021bionale, activi \u00een departamente cheie ale organiza\u021biilor: v\u00e2nz\u0103ri, marketing, financiar, juridic \u0219i resurse umane.<\/p>\n<p>&nbsp;<\/p>\n<p>Obiectivul principal al conferin\u021belor BUSINESS INFO by ICAP CRIF este de a oferi <strong>perspective, solu\u021bii \u0219i instrumente<\/strong> care s\u0103 sprijine companiile \u00een gestionarea eficient\u0103 a nevoii de informa\u021bii comerciale \u0219i financiare, indiferent de dimensiunea sau vechimea acestora pe pia\u021b\u0103.<\/p>\n<p>&nbsp;<\/p>\n<p>\u00cen cadrul conferin\u021belor BUSINESS INFO by ICAP CRIF sunt abordate teme esen\u021biale pentru mediul de afaceri, precum:<\/p>\n<ul>\n<li>sus\u021binerea procesului decizional \u00een cadrul companiei;<\/li>\n<li>administrarea eficient\u0103 a resurselor;<\/li>\n<li>reducerea riscurilor \u00een rela\u021biile comerciale;<\/li>\n<li>evaluarea solvabilit\u0103\u021bii \u0219i a riscului de credit al partenerilor de afaceri;<\/li>\n<li>definirea \u0219i aplicarea unor politici comerciale orientate c\u0103tre clien\u021bi cu un nivel sc\u0103zut de risc.<\/li>\n<\/ul>\n<p>[\/vc_column_text]<div class=\"qode-accordion-holder clearfix qode-toggle qode-initial \">\n\t<h4 class=\"clearfix qode-title-holder\">\n<span class=\"qode-tab-title\">\n\t\t\t<span class=\"qode-tab-title-icon\">\n\t\t\t<i class=\"qode_icon_font_awesome fa fa-book \" ><\/i>\t\t<\/span>\n\t    <span class=\"qode-tab-title-inner\">\n        Agenda    <\/span>\n<\/span>\n<span class=\"qode-accordion-mark\">\n    <span class=\"qode-accordion-mark-icon\">\n        <span class=\"icon_plus\"><\/span>\n        <span class=\"icon_minus-06\"><\/span>\n    <\/span>\n<\/span>\n<\/h4>\n<div  class=\"qode-accordion-content qode-acc-title-with-icon\" >\n    <div class=\"qode-accordion-content-inner\">\n        [vc_column_text]<\/p>\n<h3>ICAP CRIF Business Info Transilvania<\/h3>\n<h3>27 Aprilie 2026 | Hotel Platinia, Cluj\u2011Napoca<\/h3>\n<h3>Agenda<\/h3>\n<p>&nbsp;<\/p>\n<table border=\"0\" cellspacing=\"1\" cellpadding=\"1\">\n<tbody>\n<tr>\n<td valign=\"top\" nowrap=\"nowrap\">15:30 \u2013 16:00<\/td>\n<td><\/td>\n<td>Welcome Coffee &amp; \u00eenregistrare<\/td>\n<\/tr>\n<tr>\n<td><\/td>\n<td><\/td>\n<td><\/td>\n<\/tr>\n<tr>\n<td valign=\"top\" nowrap=\"nowrap\">16:00 \u2013 18:30<\/td>\n<td><\/td>\n<td>Sesiuni oficiale &amp; prezentari<\/td>\n<\/tr>\n<tr>\n<td><\/td>\n<td><\/td>\n<td><\/td>\n<\/tr>\n<tr>\n<td>18:30 &#8211; 10:30<\/td>\n<td><\/td>\n<td>Networking cocktail &amp; cina<\/td>\n<\/tr>\n<\/tbody>\n<\/table>\n<p>[\/vc_column_text]    <\/div>\n<\/div><h4 class=\"clearfix qode-title-holder\">\n<span class=\"qode-tab-title\">\n\t\t\t<span class=\"qode-tab-title-icon\">\n\t\t\t<i class=\"qode_icon_font_awesome fa fa-shield \" ><\/i>\t\t<\/span>\n\t    <span class=\"qode-tab-title-inner\">\n        Parteneri    <\/span>\n<\/span>\n<span class=\"qode-accordion-mark\">\n    <span class=\"qode-accordion-mark-icon\">\n        <span class=\"icon_plus\"><\/span>\n        <span class=\"icon_minus-06\"><\/span>\n    <\/span>\n<\/span>\n<\/h4>\n<div  class=\"qode-accordion-content qode-acc-title-with-icon\" >\n    <div class=\"qode-accordion-content-inner\">\n        [vc_column_text]I am text block. Click edit button to change this text. Lorem ipsum dolor sit amet, consectetur adipiscing elit. Ut elit tellus, luctus nec ullamcorper mattis, pulvinar dapibus leo.[\/vc_column_text]    <\/div>\n<\/div><\/div>[\/vc_tab][vc_tab title=&#8221;Conferin\u021ba BUSINESS INFO by ICAP CRIF, 20 Septembrie, 2022 &#8211; IA\u0218I&#8221; tab_id=&#8221;a88b2cc2-0be5-5&#8243;][vc_text_separator title=&#8221;Conferin\u021ba BUSINESS INFO by ICAP CRIF, 20 Septembrie, 2022 &#8211; IA\u0218I&#8221; border=&#8221;no&#8221;][vc_column_text css=&#8221;.vc_custom_1667908776300{padding-top: 30px !important;padding-bottom: 15px !important;}&#8221;]<\/p>\n<p align=\"justify\">BUSINESS INFO by ICAP CRIF este o serie de conferin\u021be de con\u021binut \u0219i networking de afaceri organizate de ICAP CRIF in Romania \u00een ora\u0219e de importan\u021b\u0103 strategic\u0103 \u00een economia \u021b\u0103rii.<\/p>\n<p>BUSINESS INFO by ICAP CRIF creaz\u0103 posibilitatea unei conversa\u021bii \u00eentre manageri din companii locale, regionale sau na\u021bionale, din diverse departamente cheie ale unei firme: v\u00e2nz\u0103ri, marketing, financiar, juridic, resurse umane.<\/p>\n<p>&nbsp;<\/p>\n<p align=\"justify\">Obiectivul principal al discu\u021biilor din cadrul conferin\u021belor BUSINESS INFO by ICAP CRIF este g\u0103sirea de solu\u021bii pentru administrarea cu succes a nevoii de informa\u021bii comerciale \u0219i financiare pentru o companie, indiferent de dimensiune \u0219i vechime pe pia\u021b\u0103.<\/p>\n<p align=\"justify\">Tematici abordate \u00een conferin\u021bele BUSINESS INFO by ICAP CRIF:<br \/>\n\u2022 Sustinerea procesului decizional \u00een firm\u0103.<br \/>\n\u2022 Administrarea eficient\u0103 a resurselor.<br \/>\n\u2022 Reducerea riscurilor implicate \u00een rela\u021biile de afaceri.<br \/>\n\u2022 Evaluarea solvabilit\u0103\u021bii de credit a partenerilor de afaceri.<br \/>\n\u2022 Politici comerciale \u00een favoarea clien\u021bilor cu grad sc\u0103zut de risc.<\/p>\n<p align=\"justify\">Participarea la conferin\u021b\u0103 este gratuit\u0103, \u00een limita locurilor disponibile.<\/p>\n<p>[\/vc_column_text]<div class=\"qode-accordion-holder clearfix qode-toggle qode-initial \">\n\t<h4 class=\"clearfix qode-title-holder\">\n<span class=\"qode-tab-title\">\n\t\t\t<span class=\"qode-tab-title-icon\">\n\t\t\t<i class=\"qode_icon_font_awesome fa fa-book \" ><\/i>\t\t<\/span>\n\t    <span class=\"qode-tab-title-inner\">\n        Agenda    <\/span>\n<\/span>\n<span class=\"qode-accordion-mark\">\n    <span class=\"qode-accordion-mark-icon\">\n        <span class=\"icon_plus\"><\/span>\n        <span class=\"icon_minus-06\"><\/span>\n    <\/span>\n<\/span>\n<\/h4>\n<div  class=\"qode-accordion-content qode-acc-title-with-icon\" >\n    <div class=\"qode-accordion-content-inner\">\n        [vc_column_text]<\/p>\n<table>\n<tbody>\n<tr>\n<td><strong>09:00\u00a0&#8211; 09:30<\/strong><\/td>\n<td><\/td>\n<td>Inregistrare Invitati<\/td>\n<\/tr>\n<tr>\n<td><strong>09:30\u00a0&#8211; 09:40<\/strong><\/td>\n<td><\/td>\n<td>Discurs introductiv<br \/>\nAdrian Marcu, Sales Manager, ICAP CRIF Romania<\/td>\n<\/tr>\n<tr>\n<td><strong>09:40\u00a0&#8211; 10:00<\/strong><\/td>\n<td><\/td>\n<td>Moldova &#8211; Dinamica mediului de afaceri \u2013 Performante si riscuri<br \/>\nCamelia Stoian, Regional Sales Consultant, ICAP CRIF Romania<\/td>\n<\/tr>\n<tr>\n<td><strong>10:00\u00a0&#8211; 10:30<\/strong><\/td>\n<td><\/td>\n<td>2022: Riscuri si Tendinte<\/td>\n<\/tr>\n<tr>\n<td><strong>10:30\u00a0&#8211; 11:00<\/strong><\/td>\n<td><\/td>\n<td>Decide informat: instrumente inteligente pentru afaceri<br \/>\nCashflow previzibil? \u2013 Da, daca stii comportamentul de plata<br \/>\nAdrian Marcu, Senior Sales Manager, ICAP CRIF Romania<\/td>\n<\/tr>\n<tr>\n<td><strong>11:00<\/strong><\/td>\n<td><\/td>\n<td>Concluzii, Networking, cafea, gust\u0103ri \u0219i schimb de idei<\/td>\n<\/tr>\n<\/tbody>\n<\/table>\n<p>[\/vc_column_text]    <\/div>\n<\/div><h4 class=\"clearfix qode-title-holder\">\n<span class=\"qode-tab-title\">\n\t\t\t<span class=\"qode-tab-title-icon\">\n\t\t\t<i class=\"qode_icon_font_awesome fa fa-shield \" ><\/i>\t\t<\/span>\n\t    <span class=\"qode-tab-title-inner\">\n        Parteneri    <\/span>\n<\/span>\n<span class=\"qode-accordion-mark\">\n    <span class=\"qode-accordion-mark-icon\">\n        <span class=\"icon_plus\"><\/span>\n        <span class=\"icon_minus-06\"><\/span>\n    <\/span>\n<\/span>\n<\/h4>\n<div  class=\"qode-accordion-content qode-acc-title-with-icon\" >\n    <div class=\"qode-accordion-content-inner\">\n        [vc_column_text css=&#8221;.vc_custom_1592907426321{margin-top: 30px !important;}&#8221;]<\/p>\n<h4><strong><u>Parteneri:<\/u><\/strong><\/h4>\n<p>[\/vc_column_text][vc_empty_space height=&#8221;16px&#8221;][vc_gallery type=&#8221;image_grid&#8221; images=&#8221;17449,17451&#8243; img_size=&#8221;medium&#8221; onclick=&#8221;&#8221; css_animation=&#8221;bounceInDown&#8221; column_number=&#8221;5&#8243; grayscale=&#8221;no&#8221; images_space=&#8221;gallery_with_space&#8221;]    <\/div>\n<\/div><\/div>[\/vc_tab][vc_tab title=&#8221;BUSINESS INFO by ICAP CRIF, 18 mai, 2022 &#8211; TIMI\u0218OARA&#8221; tab_id=&#8221;1575642129880-1-8&#8243;][\/vc_tab][vc_tab title=&#8221;BUSINESS INFO by ICAP CRIF, 30 martie, 2022 &#8211; CLUJ&#8221; tab_id=&#8221;1592907299586-2-6&#8243;][\/vc_tab][\/vc_tabs][\/vc_column][\/vc_row][vc_row css_animation=&#8221;&#8221; row_type=&#8221;row&#8221; use_row_as_full_screen_section=&#8221;no&#8221; type=&#8221;full_width&#8221; angled_section=&#8221;no&#8221; text_align=&#8221;left&#8221; background_image_as_pattern=&#8221;without_pattern&#8221;][vc_column][vc_empty_space height=&#8221;200px&#8221;][\/vc_column][\/vc_row]<\/p>\n","protected":false},"excerpt":{"rendered":"<p>[vc_row css_animation=&#8221;&#8221; row_type=&#8221;row&#8221; use_row_as_full_screen_section=&#8221;no&#8221; type=&#8221;grid&#8221; angled_section=&#8221;no&#8221; text_align=&#8221;left&#8221; background_image_as_pattern=&#8221;without_pattern&#8221; padding_top=&#8221;25&#8243; background_color=&#8221;#ffffff&#8221; padding_bottom=&#8221;5&#8243; z_index=&#8221;&#8221;][vc_column][vc_column_text css=&#8221;.vc_custom_1659083154911{padding-top: 1px !important;padding-bottom: 10px !important;}&#8221;]Conferin\u021bele BUSINESS INFO by ICAP CRIF[\/vc_column_text][vc_separator type=&#8221;small&#8221; position=&#8221;left&#8221; down=&#8221;22&#8243; up=&#8221;14&#8243; color=&#8221;#e46302&#8243; thickness=&#8221;4&#8243; width=&#8221;48&#8243;][\/vc_column][\/vc_row][vc_row css_animation=&#8221;&#8221; row_type=&#8221;row&#8221; use_row_as_full_screen_section=&#8221;no&#8221; type=&#8221;grid&#8221; angled_section=&#8221;no&#8221; text_align=&#8221;left&#8221; background_image_as_pattern=&#8221;without_pattern&#8221; background_color=&#8221;#ffffff&#8221; padding_bottom=&#8221;30&#8243;][vc_column][vc_tabs style=&#8221;boxed&#8221; el_class=&#8221;disabled-accordion&#8221;][vc_tab title=&#8221;Conferinta BUSINESS INFO by ICAP&#8230;<\/p>\n","protected":false},"author":1,"featured_media":0,"parent":0,"menu_order":0,"comment_status":"closed","ping_status":"closed","template":"full_width.php","meta":{"footnotes":""},"class_list":["post-17057","page","type-page","status-publish","hentry"],"yoast_head":"<!-- This site is optimized with the Yoast SEO plugin v19.3 - https:\/\/yoast.com\/wordpress\/plugins\/seo\/ -->\n<title>Conferin\u021bele BUSINESS INFO by ICAP CRIF - ICAP CRIF RO<\/title>\n<meta name=\"robots\" content=\"index, follow, max-snippet:-1, max-image-preview:large, max-video-preview:-1\" \/>\n<link rel=\"canonical\" href=\"https:\/\/www.icapcrif.com\/ro\/other-events-2\/\" \/>\n<meta property=\"og:locale\" content=\"ro_RO\" \/>\n<meta property=\"og:type\" content=\"article\" \/>\n<meta property=\"og:title\" content=\"Conferin\u021bele BUSINESS INFO by ICAP CRIF - ICAP CRIF RO\" \/>\n<meta property=\"og:description\" content=\"[vc_row css_animation=&#8221;&#8221; row_type=&#8221;row&#8221; use_row_as_full_screen_section=&#8221;no&#8221; type=&#8221;grid&#8221; angled_section=&#8221;no&#8221; text_align=&#8221;left&#8221; background_image_as_pattern=&#8221;without_pattern&#8221; padding_top=&#8221;25&#8243; background_color=&#8221;#ffffff&#8221; padding_bottom=&#8221;5&#8243; z_index=&#8221;&#8221;][vc_column][vc_column_text css=&#8221;.vc_custom_1659083154911{padding-top: 1px !important;padding-bottom: 10px !important;}&#8221;]Conferin\u021bele BUSINESS INFO by ICAP CRIF[\/vc_column_text][vc_separator type=&#8221;small&#8221; position=&#8221;left&#8221; down=&#8221;22&#8243; up=&#8221;14&#8243; color=&#8221;#e46302&#8243; thickness=&#8221;4&#8243; width=&#8221;48&#8243;][\/vc_column][\/vc_row][vc_row css_animation=&#8221;&#8221; row_type=&#8221;row&#8221; use_row_as_full_screen_section=&#8221;no&#8221; type=&#8221;grid&#8221; angled_section=&#8221;no&#8221; text_align=&#8221;left&#8221; background_image_as_pattern=&#8221;without_pattern&#8221; background_color=&#8221;#ffffff&#8221; padding_bottom=&#8221;30&#8243;][vc_column][vc_tabs style=&#8221;boxed&#8221; el_class=&#8221;disabled-accordion&#8221;][vc_tab title=&#8221;Conferinta BUSINESS INFO by ICAP...\" \/>\n<meta property=\"og:url\" content=\"https:\/\/www.icapcrif.com\/ro\/other-events-2\/\" \/>\n<meta property=\"og:site_name\" content=\"ICAP CRIF RO\" \/>\n<meta property=\"article:publisher\" content=\"https:\/\/www.facebook.com\/ICAPCRIF\/\" \/>\n<meta property=\"article:modified_time\" content=\"2026-03-11T14:00:52+00:00\" \/>\n<meta name=\"twitter:card\" content=\"summary_large_image\" \/>\n<meta name=\"twitter:label1\" content=\"Timp estimat pentru citire\" \/>\n\t<meta name=\"twitter:data1\" content=\"2 minute\" \/>\n<script type=\"application\/ld+json\" class=\"yoast-schema-graph\">{\"@context\":\"https:\/\/schema.org\",\"@graph\":[{\"@type\":\"Organization\",\"@id\":\"https:\/\/www.icapcrif.com\/ro\/?lang=el\/#organization\",\"name\":\"ICAP CRIF S.R.L.\",\"url\":\"https:\/\/www.icapcrif.com\/ro\/?lang=el\/\",\"sameAs\":[\"https:\/\/www.linkedin.com\/company\/icap-crif\/\",\"https:\/\/www.facebook.com\/ICAPCRIF\/\"],\"logo\":{\"@type\":\"ImageObject\",\"inLanguage\":\"ro-RO\",\"@id\":\"https:\/\/www.icapcrif.com\/ro\/?lang=el\/#\/schema\/logo\/image\/\",\"url\":\"https:\/\/www.icapcrif.com\/ro\/wp-content\/uploads\/sites\/2\/2023\/04\/ICAPCRIF-logo.png\",\"contentUrl\":\"https:\/\/www.icapcrif.com\/ro\/wp-content\/uploads\/sites\/2\/2023\/04\/ICAPCRIF-logo.png\",\"width\":1773,\"height\":781,\"caption\":\"ICAP CRIF S.R.L.\"},\"image\":{\"@id\":\"https:\/\/www.icapcrif.com\/ro\/?lang=el\/#\/schema\/logo\/image\/\"}},{\"@type\":\"WebSite\",\"@id\":\"https:\/\/www.icapcrif.com\/ro\/?lang=el\/#website\",\"url\":\"https:\/\/www.icapcrif.com\/ro\/?lang=el\/\",\"name\":\"ICAP CRIF RO\",\"description\":\"Business Information Services | ICAP CRIF in Romania\",\"publisher\":{\"@id\":\"https:\/\/www.icapcrif.com\/ro\/?lang=el\/#organization\"},\"potentialAction\":[{\"@type\":\"SearchAction\",\"target\":{\"@type\":\"EntryPoint\",\"urlTemplate\":\"https:\/\/www.icapcrif.com\/ro\/?lang=el\/?s={search_term_string}\"},\"query-input\":\"required name=search_term_string\"}],\"inLanguage\":\"ro-RO\"},{\"@type\":\"WebPage\",\"@id\":\"https:\/\/www.icapcrif.com\/ro\/other-events-2\/\",\"url\":\"https:\/\/www.icapcrif.com\/ro\/other-events-2\/\",\"name\":\"Conferin\u021bele BUSINESS INFO by ICAP CRIF - ICAP CRIF RO\",\"isPartOf\":{\"@id\":\"https:\/\/www.icapcrif.com\/ro\/?lang=el\/#website\"},\"datePublished\":\"2019-12-06T14:15:03+00:00\",\"dateModified\":\"2026-03-11T14:00:52+00:00\",\"breadcrumb\":{\"@id\":\"https:\/\/www.icapcrif.com\/ro\/other-events-2\/#breadcrumb\"},\"inLanguage\":\"ro-RO\",\"potentialAction\":[{\"@type\":\"ReadAction\",\"target\":[\"https:\/\/www.icapcrif.com\/ro\/other-events-2\/\"]}]},{\"@type\":\"BreadcrumbList\",\"@id\":\"https:\/\/www.icapcrif.com\/ro\/other-events-2\/#breadcrumb\",\"itemListElement\":[{\"@type\":\"ListItem\",\"position\":1,\"name\":\"Home\",\"item\":\"https:\/\/www.icapcrif.com\/ro\/\"},{\"@type\":\"ListItem\",\"position\":2,\"name\":\"Conferin\u021bele BUSINESS INFO by ICAP CRIF\"}]}]}<\/script>\n<!-- \/ Yoast SEO plugin. -->","yoast_head_json":{"title":"Conferin\u021bele BUSINESS INFO by ICAP CRIF - ICAP CRIF RO","robots":{"index":"index","follow":"follow","max-snippet":"max-snippet:-1","max-image-preview":"max-image-preview:large","max-video-preview":"max-video-preview:-1"},"canonical":"https:\/\/www.icapcrif.com\/ro\/other-events-2\/","og_locale":"ro_RO","og_type":"article","og_title":"Conferin\u021bele BUSINESS INFO by ICAP CRIF - ICAP CRIF RO","og_description":"[vc_row css_animation=&#8221;&#8221; row_type=&#8221;row&#8221; use_row_as_full_screen_section=&#8221;no&#8221; type=&#8221;grid&#8221; angled_section=&#8221;no&#8221; text_align=&#8221;left&#8221; background_image_as_pattern=&#8221;without_pattern&#8221; padding_top=&#8221;25&#8243; background_color=&#8221;#ffffff&#8221; padding_bottom=&#8221;5&#8243; z_index=&#8221;&#8221;][vc_column][vc_column_text css=&#8221;.vc_custom_1659083154911{padding-top: 1px !important;padding-bottom: 10px !important;}&#8221;]Conferin\u021bele BUSINESS INFO by ICAP CRIF[\/vc_column_text][vc_separator type=&#8221;small&#8221; position=&#8221;left&#8221; down=&#8221;22&#8243; up=&#8221;14&#8243; color=&#8221;#e46302&#8243; thickness=&#8221;4&#8243; width=&#8221;48&#8243;][\/vc_column][\/vc_row][vc_row css_animation=&#8221;&#8221; row_type=&#8221;row&#8221; use_row_as_full_screen_section=&#8221;no&#8221; type=&#8221;grid&#8221; angled_section=&#8221;no&#8221; text_align=&#8221;left&#8221; background_image_as_pattern=&#8221;without_pattern&#8221; background_color=&#8221;#ffffff&#8221; padding_bottom=&#8221;30&#8243;][vc_column][vc_tabs style=&#8221;boxed&#8221; el_class=&#8221;disabled-accordion&#8221;][vc_tab title=&#8221;Conferinta BUSINESS INFO by ICAP...","og_url":"https:\/\/www.icapcrif.com\/ro\/other-events-2\/","og_site_name":"ICAP CRIF RO","article_publisher":"https:\/\/www.facebook.com\/ICAPCRIF\/","article_modified_time":"2026-03-11T14:00:52+00:00","twitter_card":"summary_large_image","twitter_misc":{"Timp estimat pentru citire":"2 minute"},"schema":{"@context":"https:\/\/schema.org","@graph":[{"@type":"Organization","@id":"https:\/\/www.icapcrif.com\/ro\/?lang=el\/#organization","name":"ICAP CRIF S.R.L.","url":"https:\/\/www.icapcrif.com\/ro\/?lang=el\/","sameAs":["https:\/\/www.linkedin.com\/company\/icap-crif\/","https:\/\/www.facebook.com\/ICAPCRIF\/"],"logo":{"@type":"ImageObject","inLanguage":"ro-RO","@id":"https:\/\/www.icapcrif.com\/ro\/?lang=el\/#\/schema\/logo\/image\/","url":"https:\/\/www.icapcrif.com\/ro\/wp-content\/uploads\/sites\/2\/2023\/04\/ICAPCRIF-logo.png","contentUrl":"https:\/\/www.icapcrif.com\/ro\/wp-content\/uploads\/sites\/2\/2023\/04\/ICAPCRIF-logo.png","width":1773,"height":781,"caption":"ICAP CRIF S.R.L."},"image":{"@id":"https:\/\/www.icapcrif.com\/ro\/?lang=el\/#\/schema\/logo\/image\/"}},{"@type":"WebSite","@id":"https:\/\/www.icapcrif.com\/ro\/?lang=el\/#website","url":"https:\/\/www.icapcrif.com\/ro\/?lang=el\/","name":"ICAP CRIF RO","description":"Business Information Services | ICAP CRIF in Romania","publisher":{"@id":"https:\/\/www.icapcrif.com\/ro\/?lang=el\/#organization"},"potentialAction":[{"@type":"SearchAction","target":{"@type":"EntryPoint","urlTemplate":"https:\/\/www.icapcrif.com\/ro\/?lang=el\/?s={search_term_string}"},"query-input":"required name=search_term_string"}],"inLanguage":"ro-RO"},{"@type":"WebPage","@id":"https:\/\/www.icapcrif.com\/ro\/other-events-2\/","url":"https:\/\/www.icapcrif.com\/ro\/other-events-2\/","name":"Conferin\u021bele BUSINESS INFO by ICAP CRIF - ICAP CRIF RO","isPartOf":{"@id":"https:\/\/www.icapcrif.com\/ro\/?lang=el\/#website"},"datePublished":"2019-12-06T14:15:03+00:00","dateModified":"2026-03-11T14:00:52+00:00","breadcrumb":{"@id":"https:\/\/www.icapcrif.com\/ro\/other-events-2\/#breadcrumb"},"inLanguage":"ro-RO","potentialAction":[{"@type":"ReadAction","target":["https:\/\/www.icapcrif.com\/ro\/other-events-2\/"]}]},{"@type":"BreadcrumbList","@id":"https:\/\/www.icapcrif.com\/ro\/other-events-2\/#breadcrumb","itemListElement":[{"@type":"ListItem","position":1,"name":"Home","item":"https:\/\/www.icapcrif.com\/ro\/"},{"@type":"ListItem","position":2,"name":"Conferin\u021bele BUSINESS INFO by ICAP CRIF"}]}]}},"_links":{"self":[{"href":"https:\/\/www.icapcrif.com\/ro\/wp-json\/wp\/v2\/pages\/17057\/"}],"collection":[{"href":"https:\/\/www.icapcrif.com\/ro\/wp-json\/wp\/v2\/pages\/"}],"about":[{"href":"https:\/\/www.icapcrif.com\/ro\/wp-json\/wp\/v2\/types\/page\/"}],"author":[{"embeddable":true,"href":"https:\/\/www.icapcrif.com\/ro\/wp-json\/wp\/v2\/users\/1\/"}],"replies":[{"embeddable":true,"href":"https:\/\/www.icapcrif.com\/ro\/wp-json\/wp\/v2\/comments\/?post=17057"}],"version-history":[{"count":24,"href":"https:\/\/www.icapcrif.com\/ro\/wp-json\/wp\/v2\/pages\/17057\/revisions\/"}],"predecessor-version":[{"id":40229,"href":"https:\/\/www.icapcrif.com\/ro\/wp-json\/wp\/v2\/pages\/17057\/revisions\/40229\/"}],"wp:attachment":[{"href":"https:\/\/www.icapcrif.com\/ro\/wp-json\/wp\/v2\/media\/?parent=17057"}],"curies":[{"name":"wp","href":"https:\/\/api.w.org\/{rel}","templated":true}]}}