{"id":17261,"date":"2018-01-12T08:02:15","date_gmt":"2018-01-12T08:02:15","guid":{"rendered":"https:\/\/icap.ro\/about_us\/"},"modified":"2025-06-02T08:23:34","modified_gmt":"2025-06-02T08:23:34","slug":"about-us","status":"publish","type":"page","link":"https:\/\/www.icapcrif.com\/ro\/about-us\/","title":{"rendered":"Despre noi"},"content":{"rendered":"<p>[vc_row css_animation=&#8221;&#8221; row_type=&#8221;row&#8221; use_row_as_full_screen_section=&#8221;no&#8221; type=&#8221;full_width&#8221; angled_section=&#8221;no&#8221; text_align=&#8221;left&#8221; background_image_as_pattern=&#8221;without_pattern&#8221;][vc_column][vc_empty_space height=&#8221;20px&#8221;][\/vc_column][\/vc_row][vc_row css_animation=&#8221;&#8221; row_type=&#8221;row&#8221; use_row_as_full_screen_section=&#8221;no&#8221; type=&#8221;grid&#8221; angled_section=&#8221;no&#8221; text_align=&#8221;left&#8221; background_image_as_pattern=&#8221;without_pattern&#8221; z_index=&#8221;&#8221;][vc_column][vc_column_text]<\/p>\n<h1>Partenerul Dumneavoastra de Afaceri<\/h1>\n<p>[\/vc_column_text][vc_separator type=&#8221;small&#8221; position=&#8221;left&#8221; color=&#8221;#e46302&#8243; thickness=&#8221;4&#8243; width=&#8221;48&#8243; up=&#8221;14&#8243; down=&#8221;22&#8243;][vc_column_text]<\/p>\n<h3>Despre ICAP CRIF<\/h3>\n<p><strong>ICAP CRIF<\/strong> (anterior ICAP S.A. grup de companii), cu peste 60 de ani de prezen\u021b\u0103 de succes \u00een Grecia, Rom\u00e2nia, Bulgaria \u0219i Cipru, este lider de pia\u021b\u0103 \u00een solu\u021bii de risc de credit \u0219i informa\u021bii de afaceri din sud-estul Europei. Din 23 decembrie 2021, ICAP CRIF este o companie de\u021binut\u0103 integral de CRIF. Este un hub regional important \u00een cadrul grupului CRIF \u0219i este organizat \u0219i func\u021bioneaz\u0103 ca o singur\u0103 entitate sub o singur\u0103 echip\u0103 comun\u0103 de management. ICAP CRIF (<a href=\"http:\/\/www.icapcrif.com\">www.icapcrif.com<\/a>) ofer\u0103 solu\u021bii inovatoare pentru o gam\u0103 larg\u0103 de provoc\u0103ri \u00een afaceri, care sunt grupate \u00een 5 categorii: Solu\u021bii pentru informa\u021bii de afaceri \u0219i risc de credit, Servicii de evaluare \u0219i analiz\u0103, Solu\u021bii de marketing \u0219i v\u00e2nz\u0103ri, Solu\u021bii tehnologice \u0219i Servicii avansate de analiz\u0103 \u0219i consultan\u021b\u0103.<\/p>\n<p>ICAP CRIF RATINGS este una dintre pu\u021binele companii din Europa certificate ca Agen\u021bii de Evaluare a Creditelor (CRA) de c\u0103tre Autoritatea European\u0103 pentru Valori Mobiliare \u0219i Pie\u021be (ESMA).<\/p>\n<p>&nbsp;<\/p>\n<p>&nbsp;<\/p>\n<h3>Despre CRIF<\/h3>\n<p>&nbsp;<\/p>\n<p><strong>CRIF<\/strong> este o companie global\u0103 specializat\u0103 \u00een sisteme informatice de credit \u0219i afaceri, servicii de analiz\u0103, externalizare \u0219i procesare, precum \u0219i solu\u021bii avansate digitale \u0219i open banking pentru dezvoltarea afacerilor. Fondat\u0103 \u00een Bologna (Italia) \u00een 1988, CRIF are ast\u0103zi o prezen\u021b\u0103 interna\u021bional\u0103, oper\u00e2nd \u00een 35 de \u021b\u0103ri de pe 4 continente, cu peste 6.400 de profesioni\u0219ti.<\/p>\n<p>&nbsp;<\/p>\n<p>CRIF \u00ee\u0219i propune s\u0103 creeze valoare pentru consumatori, companii \u0219i institu\u021bii financiare, oferind informa\u021bii \u0219i solu\u021bii care permit luarea unor decizii mai eficiente, \u00eembun\u0103t\u0103\u021birea accesului la credit \u0219i accelerarea inova\u021biei digitale. CRIF ofer\u0103, de asemenea, consumatorilor \u0219i IMM-urilor servicii de prevenire a fraudei \u0219i de securitate cibernetic\u0103.<\/p>\n<p>&nbsp;<\/p>\n<p>Gra\u021bie celor dou\u0103 Agen\u021bii de Rating de Credit autorizate de ESMA \u2013 ambele recunoscute ca Institu\u021bii Externe de Evaluare a Creditului (ECAI) \u2013 CRIF ofer\u0103 ratinguri de reglementare valabile \u00een \u00eentreaga Uniune European\u0103. \u00cen plus, CRIF opereaz\u0103 ca Furnizor de Servicii de Informa\u021bii despre Conturi (AISP) \u00een toate \u021b\u0103rile europene unde se aplic\u0103 directiva PSD2, oferind servicii de open banking \u2013 inclusiv servicii AISP \u00een Marea Britanie \u2013 \u0219i ca Agregator de Conturi (AA) \u00een India.<\/p>\n<p>&nbsp;<\/p>\n<ul>\n<li>37 de \u021b\u0103ri cu opera\u021biuni locale<\/li>\n<li>85+ companii subsidiare<\/li>\n<li>Peste 6.600 de profesioni\u0219ti la dispozi\u021bia dumneavoastr\u0103<\/li>\n<li>Mai mult de 10.500 de institu\u021bii financiare, 450 de companii de asigur\u0103ri, 90.000 de clien\u021bi de afaceri \u0219i 1.000.000 de consumatori utilizeaz\u0103 serviciile CRIF<\/li>\n<li>Peste 500 de instal\u0103ri software<\/li>\n<\/ul>\n<p>&nbsp;<\/p>\n<p>Pentru mai multe informa\u021bii: <a href=\"http:\/\/www.crif.com\" target=\"_blank\" rel=\"noopener\">www.crif.com<\/a>[\/vc_column_text][vc_empty_space height=&#8221;20px&#8221;][\/vc_column][\/vc_row]<\/p>\n","protected":false},"excerpt":{"rendered":"<p>[vc_row css_animation=&#8221;&#8221; row_type=&#8221;row&#8221; use_row_as_full_screen_section=&#8221;no&#8221; type=&#8221;full_width&#8221; angled_section=&#8221;no&#8221; text_align=&#8221;left&#8221; background_image_as_pattern=&#8221;without_pattern&#8221;][vc_column][vc_empty_space height=&#8221;20px&#8221;][\/vc_column][\/vc_row][vc_row css_animation=&#8221;&#8221; row_type=&#8221;row&#8221; use_row_as_full_screen_section=&#8221;no&#8221; type=&#8221;grid&#8221; angled_section=&#8221;no&#8221; text_align=&#8221;left&#8221; background_image_as_pattern=&#8221;without_pattern&#8221; z_index=&#8221;&#8221;][vc_column][vc_column_text] Partenerul Dumneavoastra de Afaceri [\/vc_column_text][vc_separator type=&#8221;small&#8221; position=&#8221;left&#8221; color=&#8221;#e46302&#8243; thickness=&#8221;4&#8243; width=&#8221;48&#8243; up=&#8221;14&#8243; down=&#8221;22&#8243;][vc_column_text] Despre ICAP CRIF ICAP CRIF (anterior ICAP S.A. grup de companii), cu peste 60 de ani&#8230;<\/p>\n","protected":false},"author":1,"featured_media":15479,"parent":0,"menu_order":0,"comment_status":"closed","ping_status":"closed","template":"full_width.php","meta":{"footnotes":""},"class_list":["post-17261","page","type-page","status-publish","has-post-thumbnail","hentry"],"yoast_head":"<!-- This site is optimized with the Yoast SEO plugin v19.3 - https:\/\/yoast.com\/wordpress\/plugins\/seo\/ -->\n<title>Despre noi - ICAP CRIF RO<\/title>\n<meta name=\"robots\" content=\"index, follow, max-snippet:-1, max-image-preview:large, max-video-preview:-1\" \/>\n<link rel=\"canonical\" href=\"https:\/\/www.icapcrif.com\/ro\/about-us\/\" \/>\n<meta property=\"og:locale\" content=\"ro_RO\" \/>\n<meta property=\"og:type\" content=\"article\" \/>\n<meta property=\"og:title\" content=\"Despre noi - ICAP CRIF RO\" \/>\n<meta property=\"og:description\" content=\"[vc_row css_animation=&#8221;&#8221; row_type=&#8221;row&#8221; use_row_as_full_screen_section=&#8221;no&#8221; type=&#8221;full_width&#8221; angled_section=&#8221;no&#8221; text_align=&#8221;left&#8221; background_image_as_pattern=&#8221;without_pattern&#8221;][vc_column][vc_empty_space height=&#8221;20px&#8221;][\/vc_column][\/vc_row][vc_row css_animation=&#8221;&#8221; row_type=&#8221;row&#8221; use_row_as_full_screen_section=&#8221;no&#8221; type=&#8221;grid&#8221; angled_section=&#8221;no&#8221; text_align=&#8221;left&#8221; background_image_as_pattern=&#8221;without_pattern&#8221; z_index=&#8221;&#8221;][vc_column][vc_column_text] Partenerul Dumneavoastra de Afaceri [\/vc_column_text][vc_separator type=&#8221;small&#8221; position=&#8221;left&#8221; color=&#8221;#e46302&#8243; thickness=&#8221;4&#8243; width=&#8221;48&#8243; up=&#8221;14&#8243; down=&#8221;22&#8243;][vc_column_text] Despre ICAP CRIF ICAP CRIF (anterior ICAP S.A. grup de companii), cu peste 60 de ani...\" \/>\n<meta property=\"og:url\" content=\"https:\/\/www.icapcrif.com\/ro\/about-us\/\" \/>\n<meta property=\"og:site_name\" content=\"ICAP CRIF RO\" \/>\n<meta property=\"article:publisher\" content=\"https:\/\/www.facebook.com\/ICAPCRIF\/\" \/>\n<meta property=\"article:modified_time\" content=\"2025-06-02T08:23:34+00:00\" \/>\n<meta property=\"og:image\" content=\"https:\/\/www.icapcrif.com\/ro\/wp-content\/uploads\/sites\/2\/2019\/04\/icap.jpg\" \/>\n\t<meta property=\"og:image:width\" content=\"1921\" \/>\n\t<meta property=\"og:image:height\" content=\"1081\" \/>\n\t<meta property=\"og:image:type\" content=\"image\/jpeg\" \/>\n<meta name=\"twitter:card\" content=\"summary_large_image\" \/>\n<meta name=\"twitter:label1\" content=\"Timp estimat pentru citire\" \/>\n\t<meta name=\"twitter:data1\" content=\"3 minute\" \/>\n<script type=\"application\/ld+json\" class=\"yoast-schema-graph\">{\"@context\":\"https:\/\/schema.org\",\"@graph\":[{\"@type\":\"Organization\",\"@id\":\"https:\/\/www.icapcrif.com\/ro\/?lang=el\/#organization\",\"name\":\"ICAP CRIF S.R.L.\",\"url\":\"https:\/\/www.icapcrif.com\/ro\/?lang=el\/\",\"sameAs\":[\"https:\/\/www.linkedin.com\/company\/icap-crif\/\",\"https:\/\/www.facebook.com\/ICAPCRIF\/\"],\"logo\":{\"@type\":\"ImageObject\",\"inLanguage\":\"ro-RO\",\"@id\":\"https:\/\/www.icapcrif.com\/ro\/?lang=el\/#\/schema\/logo\/image\/\",\"url\":\"https:\/\/www.icapcrif.com\/ro\/wp-content\/uploads\/sites\/2\/2023\/04\/ICAPCRIF-logo.png\",\"contentUrl\":\"https:\/\/www.icapcrif.com\/ro\/wp-content\/uploads\/sites\/2\/2023\/04\/ICAPCRIF-logo.png\",\"width\":1773,\"height\":781,\"caption\":\"ICAP CRIF S.R.L.\"},\"image\":{\"@id\":\"https:\/\/www.icapcrif.com\/ro\/?lang=el\/#\/schema\/logo\/image\/\"}},{\"@type\":\"WebSite\",\"@id\":\"https:\/\/www.icapcrif.com\/ro\/?lang=el\/#website\",\"url\":\"https:\/\/www.icapcrif.com\/ro\/?lang=el\/\",\"name\":\"ICAP CRIF RO\",\"description\":\"Business Information Services | ICAP CRIF in Romania\",\"publisher\":{\"@id\":\"https:\/\/www.icapcrif.com\/ro\/?lang=el\/#organization\"},\"potentialAction\":[{\"@type\":\"SearchAction\",\"target\":{\"@type\":\"EntryPoint\",\"urlTemplate\":\"https:\/\/www.icapcrif.com\/ro\/?lang=el\/?s={search_term_string}\"},\"query-input\":\"required name=search_term_string\"}],\"inLanguage\":\"ro-RO\"},{\"@type\":\"ImageObject\",\"inLanguage\":\"ro-RO\",\"@id\":\"https:\/\/www.icapcrif.com\/ro\/about-us\/#primaryimage\",\"url\":\"https:\/\/www.icapcrif.com\/ro\/wp-content\/uploads\/sites\/2\/2019\/04\/icap.jpg\",\"contentUrl\":\"https:\/\/www.icapcrif.com\/ro\/wp-content\/uploads\/sites\/2\/2019\/04\/icap.jpg\",\"width\":1921,\"height\":1081},{\"@type\":\"WebPage\",\"@id\":\"https:\/\/www.icapcrif.com\/ro\/about-us\/\",\"url\":\"https:\/\/www.icapcrif.com\/ro\/about-us\/\",\"name\":\"Despre noi - ICAP CRIF RO\",\"isPartOf\":{\"@id\":\"https:\/\/www.icapcrif.com\/ro\/?lang=el\/#website\"},\"primaryImageOfPage\":{\"@id\":\"https:\/\/www.icapcrif.com\/ro\/about-us\/#primaryimage\"},\"datePublished\":\"2018-01-12T08:02:15+00:00\",\"dateModified\":\"2025-06-02T08:23:34+00:00\",\"breadcrumb\":{\"@id\":\"https:\/\/www.icapcrif.com\/ro\/about-us\/#breadcrumb\"},\"inLanguage\":\"ro-RO\",\"potentialAction\":[{\"@type\":\"ReadAction\",\"target\":[\"https:\/\/www.icapcrif.com\/ro\/about-us\/\"]}]},{\"@type\":\"BreadcrumbList\",\"@id\":\"https:\/\/www.icapcrif.com\/ro\/about-us\/#breadcrumb\",\"itemListElement\":[{\"@type\":\"ListItem\",\"position\":1,\"name\":\"Home\",\"item\":\"https:\/\/www.icapcrif.com\/ro\/\"},{\"@type\":\"ListItem\",\"position\":2,\"name\":\"Despre noi\"}]}]}<\/script>\n<!-- \/ Yoast SEO plugin. -->","yoast_head_json":{"title":"Despre noi - ICAP CRIF RO","robots":{"index":"index","follow":"follow","max-snippet":"max-snippet:-1","max-image-preview":"max-image-preview:large","max-video-preview":"max-video-preview:-1"},"canonical":"https:\/\/www.icapcrif.com\/ro\/about-us\/","og_locale":"ro_RO","og_type":"article","og_title":"Despre noi - ICAP CRIF RO","og_description":"[vc_row css_animation=&#8221;&#8221; row_type=&#8221;row&#8221; use_row_as_full_screen_section=&#8221;no&#8221; type=&#8221;full_width&#8221; angled_section=&#8221;no&#8221; text_align=&#8221;left&#8221; background_image_as_pattern=&#8221;without_pattern&#8221;][vc_column][vc_empty_space height=&#8221;20px&#8221;][\/vc_column][\/vc_row][vc_row css_animation=&#8221;&#8221; row_type=&#8221;row&#8221; use_row_as_full_screen_section=&#8221;no&#8221; type=&#8221;grid&#8221; angled_section=&#8221;no&#8221; text_align=&#8221;left&#8221; background_image_as_pattern=&#8221;without_pattern&#8221; z_index=&#8221;&#8221;][vc_column][vc_column_text] Partenerul Dumneavoastra de Afaceri [\/vc_column_text][vc_separator type=&#8221;small&#8221; position=&#8221;left&#8221; color=&#8221;#e46302&#8243; thickness=&#8221;4&#8243; width=&#8221;48&#8243; up=&#8221;14&#8243; down=&#8221;22&#8243;][vc_column_text] Despre ICAP CRIF ICAP CRIF (anterior ICAP S.A. grup de companii), cu peste 60 de ani...","og_url":"https:\/\/www.icapcrif.com\/ro\/about-us\/","og_site_name":"ICAP CRIF RO","article_publisher":"https:\/\/www.facebook.com\/ICAPCRIF\/","article_modified_time":"2025-06-02T08:23:34+00:00","og_image":[{"width":1921,"height":1081,"url":"https:\/\/www.icapcrif.com\/ro\/wp-content\/uploads\/sites\/2\/2019\/04\/icap.jpg","type":"image\/jpeg"}],"twitter_card":"summary_large_image","twitter_misc":{"Timp estimat pentru citire":"3 minute"},"schema":{"@context":"https:\/\/schema.org","@graph":[{"@type":"Organization","@id":"https:\/\/www.icapcrif.com\/ro\/?lang=el\/#organization","name":"ICAP CRIF S.R.L.","url":"https:\/\/www.icapcrif.com\/ro\/?lang=el\/","sameAs":["https:\/\/www.linkedin.com\/company\/icap-crif\/","https:\/\/www.facebook.com\/ICAPCRIF\/"],"logo":{"@type":"ImageObject","inLanguage":"ro-RO","@id":"https:\/\/www.icapcrif.com\/ro\/?lang=el\/#\/schema\/logo\/image\/","url":"https:\/\/www.icapcrif.com\/ro\/wp-content\/uploads\/sites\/2\/2023\/04\/ICAPCRIF-logo.png","contentUrl":"https:\/\/www.icapcrif.com\/ro\/wp-content\/uploads\/sites\/2\/2023\/04\/ICAPCRIF-logo.png","width":1773,"height":781,"caption":"ICAP CRIF S.R.L."},"image":{"@id":"https:\/\/www.icapcrif.com\/ro\/?lang=el\/#\/schema\/logo\/image\/"}},{"@type":"WebSite","@id":"https:\/\/www.icapcrif.com\/ro\/?lang=el\/#website","url":"https:\/\/www.icapcrif.com\/ro\/?lang=el\/","name":"ICAP CRIF RO","description":"Business Information Services | ICAP CRIF in Romania","publisher":{"@id":"https:\/\/www.icapcrif.com\/ro\/?lang=el\/#organization"},"potentialAction":[{"@type":"SearchAction","target":{"@type":"EntryPoint","urlTemplate":"https:\/\/www.icapcrif.com\/ro\/?lang=el\/?s={search_term_string}"},"query-input":"required name=search_term_string"}],"inLanguage":"ro-RO"},{"@type":"ImageObject","inLanguage":"ro-RO","@id":"https:\/\/www.icapcrif.com\/ro\/about-us\/#primaryimage","url":"https:\/\/www.icapcrif.com\/ro\/wp-content\/uploads\/sites\/2\/2019\/04\/icap.jpg","contentUrl":"https:\/\/www.icapcrif.com\/ro\/wp-content\/uploads\/sites\/2\/2019\/04\/icap.jpg","width":1921,"height":1081},{"@type":"WebPage","@id":"https:\/\/www.icapcrif.com\/ro\/about-us\/","url":"https:\/\/www.icapcrif.com\/ro\/about-us\/","name":"Despre noi - ICAP CRIF RO","isPartOf":{"@id":"https:\/\/www.icapcrif.com\/ro\/?lang=el\/#website"},"primaryImageOfPage":{"@id":"https:\/\/www.icapcrif.com\/ro\/about-us\/#primaryimage"},"datePublished":"2018-01-12T08:02:15+00:00","dateModified":"2025-06-02T08:23:34+00:00","breadcrumb":{"@id":"https:\/\/www.icapcrif.com\/ro\/about-us\/#breadcrumb"},"inLanguage":"ro-RO","potentialAction":[{"@type":"ReadAction","target":["https:\/\/www.icapcrif.com\/ro\/about-us\/"]}]},{"@type":"BreadcrumbList","@id":"https:\/\/www.icapcrif.com\/ro\/about-us\/#breadcrumb","itemListElement":[{"@type":"ListItem","position":1,"name":"Home","item":"https:\/\/www.icapcrif.com\/ro\/"},{"@type":"ListItem","position":2,"name":"Despre noi"}]}]}},"_links":{"self":[{"href":"https:\/\/www.icapcrif.com\/ro\/wp-json\/wp\/v2\/pages\/17261\/"}],"collection":[{"href":"https:\/\/www.icapcrif.com\/ro\/wp-json\/wp\/v2\/pages\/"}],"about":[{"href":"https:\/\/www.icapcrif.com\/ro\/wp-json\/wp\/v2\/types\/page\/"}],"author":[{"embeddable":true,"href":"https:\/\/www.icapcrif.com\/ro\/wp-json\/wp\/v2\/users\/1\/"}],"replies":[{"embeddable":true,"href":"https:\/\/www.icapcrif.com\/ro\/wp-json\/wp\/v2\/comments\/?post=17261"}],"version-history":[{"count":32,"href":"https:\/\/www.icapcrif.com\/ro\/wp-json\/wp\/v2\/pages\/17261\/revisions\/"}],"predecessor-version":[{"id":36382,"href":"https:\/\/www.icapcrif.com\/ro\/wp-json\/wp\/v2\/pages\/17261\/revisions\/36382\/"}],"wp:featuredmedia":[{"embeddable":true,"href":"https:\/\/www.icapcrif.com\/ro\/wp-json\/wp\/v2\/media\/15479\/"}],"wp:attachment":[{"href":"https:\/\/www.icapcrif.com\/ro\/wp-json\/wp\/v2\/media\/?parent=17261"}],"curies":[{"name":"wp","href":"https:\/\/api.w.org\/{rel}","templated":true}]}}