{"id":23390,"date":"2022-07-04T08:42:38","date_gmt":"2022-07-04T08:42:38","guid":{"rendered":"https:\/\/www.icapcrif.com\/ro\/?page_id=23390"},"modified":"2022-07-19T08:51:52","modified_gmt":"2022-07-19T08:51:52","slug":"13th-sp-hunter","status":"publish","type":"page","link":"https:\/\/www.icapcrif.com\/ro\/13th-sp-hunter\/","title":{"rendered":"13th-sp-Hunter"},"content":{"rendered":"<p><strong><img loading=\"lazy\" decoding=\"async\" class=\"alignnone wp-image-23393\" src=\"https:\/\/www.icapcrif.com\/ro\/wp-content\/uploads\/sites\/2\/2022\/07\/Richard-Hunter_new-200x300.jpg\" alt=\"Richard Hunter\" width=\"222\" height=\"333\" srcset=\"https:\/\/www.icapcrif.com\/ro\/wp-content\/uploads\/sites\/2\/2022\/07\/Richard-Hunter_new-200x300.jpg 200w, https:\/\/www.icapcrif.com\/ro\/wp-content\/uploads\/sites\/2\/2022\/07\/Richard-Hunter_new-683x1024.jpg 683w, https:\/\/www.icapcrif.com\/ro\/wp-content\/uploads\/sites\/2\/2022\/07\/Richard-Hunter_new-768x1152.jpg 768w, https:\/\/www.icapcrif.com\/ro\/wp-content\/uploads\/sites\/2\/2022\/07\/Richard-Hunter_new-700x1050.jpg 700w, https:\/\/www.icapcrif.com\/ro\/wp-content\/uploads\/sites\/2\/2022\/07\/Richard-Hunter_new.jpg 1000w\" sizes=\"(max-width: 222px) 100vw, 222px\" \/><br \/>\nRichard Hunter<\/strong><br \/>\nChief Credit Officer,<strong> FITCH RATINGS<br \/>\n<\/strong><\/p>\n<p>&nbsp;<\/p>\n<p>Richard Hunter este Chief Credit Officer la Fitch Ratings.<\/p>\n<p>&nbsp;<\/p>\n<p>Echipa sa de Group Credit Officers cu sediul \u00een New York, Londra, Chicago, Bogota, Frankfurt, Paris, Milano, Monterrey, San Francisco \u0219i Singapore ac\u021bioneaza impreuna ca un senior check and balance in procesul de atribuire a ratingurilor si sprijina func\u021biile mai largi de risc in activitatea de rating reglementata.<\/p>\n<p>&nbsp;<\/p>\n<p>Richard a fost numit \u00een acest rol in iulie 2021, dupa ce a servit anterior timp de patru ani ca Regional Credit Officer responsabil pentru Europa \u0219i Asia \u0219i a condus agen\u021bia de rating de utilit\u0103\u021bi din New York. Mai recent, Richard a fost seful global al practicii de corporate rating a Fitch din 2013 p\u00e2n\u0103 \u00een 2021, acoperind toate corporatiile nefinanciare, inclusiv acoperirea cuprinzatoare a nivelului de investitie, finantare cu efect de levier, piete emergente \u0219i piete de private debt.<br \/>\n\u00cenainte de a se alatura Fitch in 1996, a lucrat \u00een roluri de credit in Frankfurt \u0219i Londra la institu\u021bia centrala de lichiditate pentru sistemul financiar cooperativ german. Richard detine un master de la Lincoln College, Oxford \u0219i estestabilit in prezent la Londra.<\/p>\n<p>&nbsp;<\/p>\n<p>&nbsp;<\/p>\n","protected":false},"excerpt":{"rendered":"<p>Richard Hunter Chief Credit Officer, FITCH RATINGS &nbsp; Richard Hunter este Chief Credit Officer la Fitch Ratings. &nbsp; Echipa sa de Group Credit Officers cu sediul \u00een New York, Londra, Chicago, Bogota, Frankfurt, Paris, Milano, Monterrey, San Francisco \u0219i Singapore ac\u021bioneaza impreuna ca un senior&#8230;<\/p>\n","protected":false},"author":7,"featured_media":0,"parent":0,"menu_order":0,"comment_status":"closed","ping_status":"open","template":"","meta":{"footnotes":""},"class_list":["post-23390","page","type-page","status-publish","hentry"],"yoast_head":"<!-- This site is optimized with the Yoast SEO plugin v19.3 - https:\/\/yoast.com\/wordpress\/plugins\/seo\/ -->\n<title>13th-sp-Hunter - ICAP CRIF RO<\/title>\n<meta name=\"robots\" content=\"index, follow, max-snippet:-1, max-image-preview:large, max-video-preview:-1\" \/>\n<link rel=\"canonical\" href=\"https:\/\/www.icapcrif.com\/ro\/13th-sp-hunter\/\" \/>\n<meta property=\"og:locale\" content=\"ro_RO\" \/>\n<meta property=\"og:type\" content=\"article\" \/>\n<meta property=\"og:title\" content=\"13th-sp-Hunter - ICAP CRIF RO\" \/>\n<meta property=\"og:description\" content=\"Richard Hunter Chief Credit Officer, FITCH RATINGS &nbsp; Richard Hunter este Chief Credit Officer la Fitch Ratings. &nbsp; Echipa sa de Group Credit Officers cu sediul \u00een New York, Londra, Chicago, Bogota, Frankfurt, Paris, Milano, Monterrey, San Francisco \u0219i Singapore ac\u021bioneaza impreuna ca un senior...\" \/>\n<meta property=\"og:url\" content=\"https:\/\/www.icapcrif.com\/ro\/13th-sp-hunter\/\" \/>\n<meta property=\"og:site_name\" content=\"ICAP CRIF RO\" \/>\n<meta property=\"article:publisher\" content=\"https:\/\/www.facebook.com\/ICAPCRIF\/\" \/>\n<meta property=\"article:modified_time\" content=\"2022-07-19T08:51:52+00:00\" \/>\n<meta property=\"og:image\" content=\"https:\/\/www.icapcrif.com\/ro\/wp-content\/uploads\/sites\/2\/2022\/07\/Richard-Hunter_new-200x300.jpg\" \/>\n<meta name=\"twitter:card\" content=\"summary_large_image\" \/>\n<meta name=\"twitter:label1\" content=\"Timp estimat pentru citire\" \/>\n\t<meta name=\"twitter:data1\" content=\"2 minute\" \/>\n<script type=\"application\/ld+json\" class=\"yoast-schema-graph\">{\"@context\":\"https:\/\/schema.org\",\"@graph\":[{\"@type\":\"Organization\",\"@id\":\"https:\/\/www.icapcrif.com\/ro\/?lang=el\/#organization\",\"name\":\"ICAP CRIF S.R.L.\",\"url\":\"https:\/\/www.icapcrif.com\/ro\/?lang=el\/\",\"sameAs\":[\"https:\/\/www.linkedin.com\/company\/icap-crif\/\",\"https:\/\/www.facebook.com\/ICAPCRIF\/\"],\"logo\":{\"@type\":\"ImageObject\",\"inLanguage\":\"ro-RO\",\"@id\":\"https:\/\/www.icapcrif.com\/ro\/?lang=el\/#\/schema\/logo\/image\/\",\"url\":\"https:\/\/www.icapcrif.com\/ro\/wp-content\/uploads\/sites\/2\/2023\/04\/ICAPCRIF-logo.png\",\"contentUrl\":\"https:\/\/www.icapcrif.com\/ro\/wp-content\/uploads\/sites\/2\/2023\/04\/ICAPCRIF-logo.png\",\"width\":1773,\"height\":781,\"caption\":\"ICAP CRIF S.R.L.\"},\"image\":{\"@id\":\"https:\/\/www.icapcrif.com\/ro\/?lang=el\/#\/schema\/logo\/image\/\"}},{\"@type\":\"WebSite\",\"@id\":\"https:\/\/www.icapcrif.com\/ro\/?lang=el\/#website\",\"url\":\"https:\/\/www.icapcrif.com\/ro\/?lang=el\/\",\"name\":\"ICAP CRIF RO\",\"description\":\"Business Information Services | ICAP CRIF in Romania\",\"publisher\":{\"@id\":\"https:\/\/www.icapcrif.com\/ro\/?lang=el\/#organization\"},\"potentialAction\":[{\"@type\":\"SearchAction\",\"target\":{\"@type\":\"EntryPoint\",\"urlTemplate\":\"https:\/\/www.icapcrif.com\/ro\/?lang=el\/?s={search_term_string}\"},\"query-input\":\"required name=search_term_string\"}],\"inLanguage\":\"ro-RO\"},{\"@type\":\"ImageObject\",\"inLanguage\":\"ro-RO\",\"@id\":\"https:\/\/www.icapcrif.com\/ro\/13th-sp-hunter\/#primaryimage\",\"url\":\"https:\/\/www.icapcrif.com\/ro\/wp-content\/uploads\/sites\/2\/2022\/07\/Richard-Hunter_new.jpg\",\"contentUrl\":\"https:\/\/www.icapcrif.com\/ro\/wp-content\/uploads\/sites\/2\/2022\/07\/Richard-Hunter_new.jpg\",\"width\":1000,\"height\":1500,\"caption\":\"Richard Hunter\"},{\"@type\":\"WebPage\",\"@id\":\"https:\/\/www.icapcrif.com\/ro\/13th-sp-hunter\/\",\"url\":\"https:\/\/www.icapcrif.com\/ro\/13th-sp-hunter\/\",\"name\":\"13th-sp-Hunter - ICAP CRIF RO\",\"isPartOf\":{\"@id\":\"https:\/\/www.icapcrif.com\/ro\/?lang=el\/#website\"},\"primaryImageOfPage\":{\"@id\":\"https:\/\/www.icapcrif.com\/ro\/13th-sp-hunter\/#primaryimage\"},\"datePublished\":\"2022-07-04T08:42:38+00:00\",\"dateModified\":\"2022-07-19T08:51:52+00:00\",\"breadcrumb\":{\"@id\":\"https:\/\/www.icapcrif.com\/ro\/13th-sp-hunter\/#breadcrumb\"},\"inLanguage\":\"ro-RO\",\"potentialAction\":[{\"@type\":\"ReadAction\",\"target\":[\"https:\/\/www.icapcrif.com\/ro\/13th-sp-hunter\/\"]}]},{\"@type\":\"BreadcrumbList\",\"@id\":\"https:\/\/www.icapcrif.com\/ro\/13th-sp-hunter\/#breadcrumb\",\"itemListElement\":[{\"@type\":\"ListItem\",\"position\":1,\"name\":\"Home\",\"item\":\"https:\/\/www.icapcrif.com\/ro\/\"},{\"@type\":\"ListItem\",\"position\":2,\"name\":\"13th-sp-Hunter\"}]}]}<\/script>\n<!-- \/ Yoast SEO plugin. -->","yoast_head_json":{"title":"13th-sp-Hunter - ICAP CRIF RO","robots":{"index":"index","follow":"follow","max-snippet":"max-snippet:-1","max-image-preview":"max-image-preview:large","max-video-preview":"max-video-preview:-1"},"canonical":"https:\/\/www.icapcrif.com\/ro\/13th-sp-hunter\/","og_locale":"ro_RO","og_type":"article","og_title":"13th-sp-Hunter - ICAP CRIF RO","og_description":"Richard Hunter Chief Credit Officer, FITCH RATINGS &nbsp; Richard Hunter este Chief Credit Officer la Fitch Ratings. &nbsp; Echipa sa de Group Credit Officers cu sediul \u00een New York, Londra, Chicago, Bogota, Frankfurt, Paris, Milano, Monterrey, San Francisco \u0219i Singapore ac\u021bioneaza impreuna ca un senior...","og_url":"https:\/\/www.icapcrif.com\/ro\/13th-sp-hunter\/","og_site_name":"ICAP CRIF RO","article_publisher":"https:\/\/www.facebook.com\/ICAPCRIF\/","article_modified_time":"2022-07-19T08:51:52+00:00","og_image":[{"url":"https:\/\/www.icapcrif.com\/ro\/wp-content\/uploads\/sites\/2\/2022\/07\/Richard-Hunter_new-200x300.jpg"}],"twitter_card":"summary_large_image","twitter_misc":{"Timp estimat pentru citire":"2 minute"},"schema":{"@context":"https:\/\/schema.org","@graph":[{"@type":"Organization","@id":"https:\/\/www.icapcrif.com\/ro\/?lang=el\/#organization","name":"ICAP CRIF S.R.L.","url":"https:\/\/www.icapcrif.com\/ro\/?lang=el\/","sameAs":["https:\/\/www.linkedin.com\/company\/icap-crif\/","https:\/\/www.facebook.com\/ICAPCRIF\/"],"logo":{"@type":"ImageObject","inLanguage":"ro-RO","@id":"https:\/\/www.icapcrif.com\/ro\/?lang=el\/#\/schema\/logo\/image\/","url":"https:\/\/www.icapcrif.com\/ro\/wp-content\/uploads\/sites\/2\/2023\/04\/ICAPCRIF-logo.png","contentUrl":"https:\/\/www.icapcrif.com\/ro\/wp-content\/uploads\/sites\/2\/2023\/04\/ICAPCRIF-logo.png","width":1773,"height":781,"caption":"ICAP CRIF S.R.L."},"image":{"@id":"https:\/\/www.icapcrif.com\/ro\/?lang=el\/#\/schema\/logo\/image\/"}},{"@type":"WebSite","@id":"https:\/\/www.icapcrif.com\/ro\/?lang=el\/#website","url":"https:\/\/www.icapcrif.com\/ro\/?lang=el\/","name":"ICAP CRIF RO","description":"Business Information Services | ICAP CRIF in Romania","publisher":{"@id":"https:\/\/www.icapcrif.com\/ro\/?lang=el\/#organization"},"potentialAction":[{"@type":"SearchAction","target":{"@type":"EntryPoint","urlTemplate":"https:\/\/www.icapcrif.com\/ro\/?lang=el\/?s={search_term_string}"},"query-input":"required name=search_term_string"}],"inLanguage":"ro-RO"},{"@type":"ImageObject","inLanguage":"ro-RO","@id":"https:\/\/www.icapcrif.com\/ro\/13th-sp-hunter\/#primaryimage","url":"https:\/\/www.icapcrif.com\/ro\/wp-content\/uploads\/sites\/2\/2022\/07\/Richard-Hunter_new.jpg","contentUrl":"https:\/\/www.icapcrif.com\/ro\/wp-content\/uploads\/sites\/2\/2022\/07\/Richard-Hunter_new.jpg","width":1000,"height":1500,"caption":"Richard Hunter"},{"@type":"WebPage","@id":"https:\/\/www.icapcrif.com\/ro\/13th-sp-hunter\/","url":"https:\/\/www.icapcrif.com\/ro\/13th-sp-hunter\/","name":"13th-sp-Hunter - ICAP CRIF RO","isPartOf":{"@id":"https:\/\/www.icapcrif.com\/ro\/?lang=el\/#website"},"primaryImageOfPage":{"@id":"https:\/\/www.icapcrif.com\/ro\/13th-sp-hunter\/#primaryimage"},"datePublished":"2022-07-04T08:42:38+00:00","dateModified":"2022-07-19T08:51:52+00:00","breadcrumb":{"@id":"https:\/\/www.icapcrif.com\/ro\/13th-sp-hunter\/#breadcrumb"},"inLanguage":"ro-RO","potentialAction":[{"@type":"ReadAction","target":["https:\/\/www.icapcrif.com\/ro\/13th-sp-hunter\/"]}]},{"@type":"BreadcrumbList","@id":"https:\/\/www.icapcrif.com\/ro\/13th-sp-hunter\/#breadcrumb","itemListElement":[{"@type":"ListItem","position":1,"name":"Home","item":"https:\/\/www.icapcrif.com\/ro\/"},{"@type":"ListItem","position":2,"name":"13th-sp-Hunter"}]}]}},"_links":{"self":[{"href":"https:\/\/www.icapcrif.com\/ro\/wp-json\/wp\/v2\/pages\/23390\/"}],"collection":[{"href":"https:\/\/www.icapcrif.com\/ro\/wp-json\/wp\/v2\/pages\/"}],"about":[{"href":"https:\/\/www.icapcrif.com\/ro\/wp-json\/wp\/v2\/types\/page\/"}],"author":[{"embeddable":true,"href":"https:\/\/www.icapcrif.com\/ro\/wp-json\/wp\/v2\/users\/7\/"}],"replies":[{"embeddable":true,"href":"https:\/\/www.icapcrif.com\/ro\/wp-json\/wp\/v2\/comments\/?post=23390"}],"version-history":[{"count":8,"href":"https:\/\/www.icapcrif.com\/ro\/wp-json\/wp\/v2\/pages\/23390\/revisions\/"}],"predecessor-version":[{"id":23578,"href":"https:\/\/www.icapcrif.com\/ro\/wp-json\/wp\/v2\/pages\/23390\/revisions\/23578\/"}],"wp:attachment":[{"href":"https:\/\/www.icapcrif.com\/ro\/wp-json\/wp\/v2\/media\/?parent=23390"}],"curies":[{"name":"wp","href":"https:\/\/api.w.org\/{rel}","templated":true}]}}