{"id":23452,"date":"2022-07-19T07:34:26","date_gmt":"2022-07-19T07:34:26","guid":{"rendered":"https:\/\/www.icapcrif.com\/ro\/?page_id=23452"},"modified":"2022-07-19T07:42:03","modified_gmt":"2022-07-19T07:42:03","slug":"13th-sp-miqueu","status":"publish","type":"page","link":"https:\/\/www.icapcrif.com\/ro\/13th-sp-miqueu\/","title":{"rendered":"13th-sp-Miqueu"},"content":{"rendered":"<p><strong><img loading=\"lazy\" decoding=\"async\" class=\"alignnone size-medium wp-image-23545\" src=\"https:\/\/www.icapcrif.com\/ro\/wp-content\/uploads\/sites\/2\/2022\/07\/Francois-Miqueu-248x300.jpg\" alt=\"\" width=\"248\" height=\"300\" srcset=\"https:\/\/www.icapcrif.com\/ro\/wp-content\/uploads\/sites\/2\/2022\/07\/Francois-Miqueu-248x300.jpg 248w, https:\/\/www.icapcrif.com\/ro\/wp-content\/uploads\/sites\/2\/2022\/07\/Francois-Miqueu-847x1024.jpg 847w, https:\/\/www.icapcrif.com\/ro\/wp-content\/uploads\/sites\/2\/2022\/07\/Francois-Miqueu-768x929.jpg 768w, https:\/\/www.icapcrif.com\/ro\/wp-content\/uploads\/sites\/2\/2022\/07\/Francois-Miqueu-1270x1536.jpg 1270w, https:\/\/www.icapcrif.com\/ro\/wp-content\/uploads\/sites\/2\/2022\/07\/Francois-Miqueu-1694x2048.jpg 1694w, https:\/\/www.icapcrif.com\/ro\/wp-content\/uploads\/sites\/2\/2022\/07\/Francois-Miqueu-700x846.jpg 700w, https:\/\/www.icapcrif.com\/ro\/wp-content\/uploads\/sites\/2\/2022\/07\/Francois-Miqueu.jpg 1951w\" sizes=\"(max-width: 248px) 100vw, 248px\" \/><\/strong><\/p>\n<p><strong>Francois Miqueu<\/strong><br \/>\nBoard Member and Senior Advisor, <strong>CaixaBank<\/strong><\/p>\n<p>&nbsp;<\/p>\n<p>Fran\u00e7ois Miqueu are un MBA de la HEC (Paris, Fran\u021ba).<\/p>\n<p>&nbsp;<\/p>\n<p>Dup\u0103 30 de ani de cariera internationala in servicii bancare si financiare, inclusiv 20 de ani \u00een calitate de Chief Executive Officer, se dedica din 2020 consiliilor de administratie, consultanta de afaceri si strategie didactica la IESE \u0219i MDE.<\/p>\n<p>&nbsp;<\/p>\n<p>Este membru al consiliului de administratie al Blue Media (companie lider in plati digitale in Polonia), BB Auto Finance (companie reglementata specializata \u00een finan\u021barea auto \u00een China), Salafin (companie pentru credite de consum a Bank of Africa din Maroc) \u0219i Evollis (companie lider in inchirierea de produse electronice \u00een Europa).<\/p>\n<p>&nbsp;<\/p>\n<p>Din 2008 p\u00e2n\u0103 \u00een 2019 a fost director executiv al CaixaBank Consumer Finance, conducand activitatile de credit de consum \u0219i comercial ale CaixaBank (prima banc\u0103 din Spania \u0219i Portugalia), a lucrat cu toti retailerii majori de bunuri de larg consum \u0219i a creat doua joint ventures cu Telefonica \u00een Spania \u0219i Bank of East Asia in China.<\/p>\n<p>&nbsp;<\/p>\n<p>Din 1999 p\u00e2n\u0103 \u00een 2007 a fost Chief Executive Officer al GE Money Bank Spain, unde a imbunatatit pozi\u021bia de piata a bancii in Spania de pe locul 14 p\u00e2n\u0103 pe locul 3 prin parteneriate strategice, in principal prin aliante cu mari banci din Spania si mari distribuitori.<br \/>\nAnterior, a lucrat \u00een Statele Unite pentru Citibank ca Director de Marketing in Retail Banking, si pentru American Express ca Director de Marketing pentru produse bancare \u0219i de credit \u00een Fran\u021ba si Statele Unite.<\/p>\n<p>&nbsp;<\/p>\n<p>&nbsp;<\/p>\n","protected":false},"excerpt":{"rendered":"<p>Francois Miqueu Board Member and Senior Advisor, CaixaBank &nbsp; Fran\u00e7ois Miqueu are un MBA de la HEC (Paris, Fran\u021ba). &nbsp; Dup\u0103 30 de ani de cariera internationala in servicii bancare si financiare, inclusiv 20 de ani \u00een calitate de Chief Executive Officer, se dedica din&#8230;<\/p>\n","protected":false},"author":7,"featured_media":0,"parent":0,"menu_order":0,"comment_status":"closed","ping_status":"open","template":"","meta":{"footnotes":""},"class_list":["post-23452","page","type-page","status-publish","hentry"],"yoast_head":"<!-- This site is optimized with the Yoast SEO plugin v19.3 - https:\/\/yoast.com\/wordpress\/plugins\/seo\/ -->\n<title>13th-sp-Miqueu - ICAP CRIF RO<\/title>\n<meta name=\"robots\" content=\"index, follow, max-snippet:-1, max-image-preview:large, max-video-preview:-1\" \/>\n<link rel=\"canonical\" href=\"https:\/\/www.icapcrif.com\/ro\/13th-sp-miqueu\/\" \/>\n<meta property=\"og:locale\" content=\"ro_RO\" \/>\n<meta property=\"og:type\" content=\"article\" \/>\n<meta property=\"og:title\" content=\"13th-sp-Miqueu - ICAP CRIF RO\" \/>\n<meta property=\"og:description\" content=\"Francois Miqueu Board Member and Senior Advisor, CaixaBank &nbsp; Fran\u00e7ois Miqueu are un MBA de la HEC (Paris, Fran\u021ba). &nbsp; Dup\u0103 30 de ani de cariera internationala in servicii bancare si financiare, inclusiv 20 de ani \u00een calitate de Chief Executive Officer, se dedica din...\" \/>\n<meta property=\"og:url\" content=\"https:\/\/www.icapcrif.com\/ro\/13th-sp-miqueu\/\" \/>\n<meta property=\"og:site_name\" content=\"ICAP CRIF RO\" \/>\n<meta property=\"article:publisher\" content=\"https:\/\/www.facebook.com\/ICAPCRIF\/\" \/>\n<meta property=\"article:modified_time\" content=\"2022-07-19T07:42:03+00:00\" \/>\n<meta property=\"og:image\" content=\"https:\/\/www.icapcrif.com\/ro\/wp-content\/uploads\/sites\/2\/2022\/07\/Francois-Miqueu-248x300.jpg\" \/>\n<meta name=\"twitter:card\" content=\"summary_large_image\" \/>\n<meta name=\"twitter:label1\" content=\"Timp estimat pentru citire\" \/>\n\t<meta name=\"twitter:data1\" content=\"2 minute\" \/>\n<script type=\"application\/ld+json\" class=\"yoast-schema-graph\">{\"@context\":\"https:\/\/schema.org\",\"@graph\":[{\"@type\":\"Organization\",\"@id\":\"https:\/\/www.icapcrif.com\/ro\/?lang=el\/#organization\",\"name\":\"ICAP CRIF S.R.L.\",\"url\":\"https:\/\/www.icapcrif.com\/ro\/?lang=el\/\",\"sameAs\":[\"https:\/\/www.linkedin.com\/company\/icap-crif\/\",\"https:\/\/www.facebook.com\/ICAPCRIF\/\"],\"logo\":{\"@type\":\"ImageObject\",\"inLanguage\":\"ro-RO\",\"@id\":\"https:\/\/www.icapcrif.com\/ro\/?lang=el\/#\/schema\/logo\/image\/\",\"url\":\"https:\/\/www.icapcrif.com\/ro\/wp-content\/uploads\/sites\/2\/2023\/04\/ICAPCRIF-logo.png\",\"contentUrl\":\"https:\/\/www.icapcrif.com\/ro\/wp-content\/uploads\/sites\/2\/2023\/04\/ICAPCRIF-logo.png\",\"width\":1773,\"height\":781,\"caption\":\"ICAP CRIF S.R.L.\"},\"image\":{\"@id\":\"https:\/\/www.icapcrif.com\/ro\/?lang=el\/#\/schema\/logo\/image\/\"}},{\"@type\":\"WebSite\",\"@id\":\"https:\/\/www.icapcrif.com\/ro\/?lang=el\/#website\",\"url\":\"https:\/\/www.icapcrif.com\/ro\/?lang=el\/\",\"name\":\"ICAP CRIF RO\",\"description\":\"Business Information Services | ICAP CRIF in Romania\",\"publisher\":{\"@id\":\"https:\/\/www.icapcrif.com\/ro\/?lang=el\/#organization\"},\"potentialAction\":[{\"@type\":\"SearchAction\",\"target\":{\"@type\":\"EntryPoint\",\"urlTemplate\":\"https:\/\/www.icapcrif.com\/ro\/?lang=el\/?s={search_term_string}\"},\"query-input\":\"required name=search_term_string\"}],\"inLanguage\":\"ro-RO\"},{\"@type\":\"ImageObject\",\"inLanguage\":\"ro-RO\",\"@id\":\"https:\/\/www.icapcrif.com\/ro\/13th-sp-miqueu\/#primaryimage\",\"url\":\"https:\/\/www.icapcrif.com\/ro\/wp-content\/uploads\/sites\/2\/2022\/07\/Francois-Miqueu.jpg\",\"contentUrl\":\"https:\/\/www.icapcrif.com\/ro\/wp-content\/uploads\/sites\/2\/2022\/07\/Francois-Miqueu.jpg\",\"width\":1951,\"height\":2359},{\"@type\":\"WebPage\",\"@id\":\"https:\/\/www.icapcrif.com\/ro\/13th-sp-miqueu\/\",\"url\":\"https:\/\/www.icapcrif.com\/ro\/13th-sp-miqueu\/\",\"name\":\"13th-sp-Miqueu - ICAP CRIF RO\",\"isPartOf\":{\"@id\":\"https:\/\/www.icapcrif.com\/ro\/?lang=el\/#website\"},\"primaryImageOfPage\":{\"@id\":\"https:\/\/www.icapcrif.com\/ro\/13th-sp-miqueu\/#primaryimage\"},\"datePublished\":\"2022-07-19T07:34:26+00:00\",\"dateModified\":\"2022-07-19T07:42:03+00:00\",\"breadcrumb\":{\"@id\":\"https:\/\/www.icapcrif.com\/ro\/13th-sp-miqueu\/#breadcrumb\"},\"inLanguage\":\"ro-RO\",\"potentialAction\":[{\"@type\":\"ReadAction\",\"target\":[\"https:\/\/www.icapcrif.com\/ro\/13th-sp-miqueu\/\"]}]},{\"@type\":\"BreadcrumbList\",\"@id\":\"https:\/\/www.icapcrif.com\/ro\/13th-sp-miqueu\/#breadcrumb\",\"itemListElement\":[{\"@type\":\"ListItem\",\"position\":1,\"name\":\"Home\",\"item\":\"https:\/\/www.icapcrif.com\/ro\/\"},{\"@type\":\"ListItem\",\"position\":2,\"name\":\"13th-sp-Miqueu\"}]}]}<\/script>\n<!-- \/ Yoast SEO plugin. -->","yoast_head_json":{"title":"13th-sp-Miqueu - ICAP CRIF RO","robots":{"index":"index","follow":"follow","max-snippet":"max-snippet:-1","max-image-preview":"max-image-preview:large","max-video-preview":"max-video-preview:-1"},"canonical":"https:\/\/www.icapcrif.com\/ro\/13th-sp-miqueu\/","og_locale":"ro_RO","og_type":"article","og_title":"13th-sp-Miqueu - ICAP CRIF RO","og_description":"Francois Miqueu Board Member and Senior Advisor, CaixaBank &nbsp; Fran\u00e7ois Miqueu are un MBA de la HEC (Paris, Fran\u021ba). &nbsp; Dup\u0103 30 de ani de cariera internationala in servicii bancare si financiare, inclusiv 20 de ani \u00een calitate de Chief Executive Officer, se dedica din...","og_url":"https:\/\/www.icapcrif.com\/ro\/13th-sp-miqueu\/","og_site_name":"ICAP CRIF RO","article_publisher":"https:\/\/www.facebook.com\/ICAPCRIF\/","article_modified_time":"2022-07-19T07:42:03+00:00","og_image":[{"url":"https:\/\/www.icapcrif.com\/ro\/wp-content\/uploads\/sites\/2\/2022\/07\/Francois-Miqueu-248x300.jpg"}],"twitter_card":"summary_large_image","twitter_misc":{"Timp estimat pentru citire":"2 minute"},"schema":{"@context":"https:\/\/schema.org","@graph":[{"@type":"Organization","@id":"https:\/\/www.icapcrif.com\/ro\/?lang=el\/#organization","name":"ICAP CRIF S.R.L.","url":"https:\/\/www.icapcrif.com\/ro\/?lang=el\/","sameAs":["https:\/\/www.linkedin.com\/company\/icap-crif\/","https:\/\/www.facebook.com\/ICAPCRIF\/"],"logo":{"@type":"ImageObject","inLanguage":"ro-RO","@id":"https:\/\/www.icapcrif.com\/ro\/?lang=el\/#\/schema\/logo\/image\/","url":"https:\/\/www.icapcrif.com\/ro\/wp-content\/uploads\/sites\/2\/2023\/04\/ICAPCRIF-logo.png","contentUrl":"https:\/\/www.icapcrif.com\/ro\/wp-content\/uploads\/sites\/2\/2023\/04\/ICAPCRIF-logo.png","width":1773,"height":781,"caption":"ICAP CRIF S.R.L."},"image":{"@id":"https:\/\/www.icapcrif.com\/ro\/?lang=el\/#\/schema\/logo\/image\/"}},{"@type":"WebSite","@id":"https:\/\/www.icapcrif.com\/ro\/?lang=el\/#website","url":"https:\/\/www.icapcrif.com\/ro\/?lang=el\/","name":"ICAP CRIF RO","description":"Business Information Services | ICAP CRIF in Romania","publisher":{"@id":"https:\/\/www.icapcrif.com\/ro\/?lang=el\/#organization"},"potentialAction":[{"@type":"SearchAction","target":{"@type":"EntryPoint","urlTemplate":"https:\/\/www.icapcrif.com\/ro\/?lang=el\/?s={search_term_string}"},"query-input":"required name=search_term_string"}],"inLanguage":"ro-RO"},{"@type":"ImageObject","inLanguage":"ro-RO","@id":"https:\/\/www.icapcrif.com\/ro\/13th-sp-miqueu\/#primaryimage","url":"https:\/\/www.icapcrif.com\/ro\/wp-content\/uploads\/sites\/2\/2022\/07\/Francois-Miqueu.jpg","contentUrl":"https:\/\/www.icapcrif.com\/ro\/wp-content\/uploads\/sites\/2\/2022\/07\/Francois-Miqueu.jpg","width":1951,"height":2359},{"@type":"WebPage","@id":"https:\/\/www.icapcrif.com\/ro\/13th-sp-miqueu\/","url":"https:\/\/www.icapcrif.com\/ro\/13th-sp-miqueu\/","name":"13th-sp-Miqueu - ICAP CRIF RO","isPartOf":{"@id":"https:\/\/www.icapcrif.com\/ro\/?lang=el\/#website"},"primaryImageOfPage":{"@id":"https:\/\/www.icapcrif.com\/ro\/13th-sp-miqueu\/#primaryimage"},"datePublished":"2022-07-19T07:34:26+00:00","dateModified":"2022-07-19T07:42:03+00:00","breadcrumb":{"@id":"https:\/\/www.icapcrif.com\/ro\/13th-sp-miqueu\/#breadcrumb"},"inLanguage":"ro-RO","potentialAction":[{"@type":"ReadAction","target":["https:\/\/www.icapcrif.com\/ro\/13th-sp-miqueu\/"]}]},{"@type":"BreadcrumbList","@id":"https:\/\/www.icapcrif.com\/ro\/13th-sp-miqueu\/#breadcrumb","itemListElement":[{"@type":"ListItem","position":1,"name":"Home","item":"https:\/\/www.icapcrif.com\/ro\/"},{"@type":"ListItem","position":2,"name":"13th-sp-Miqueu"}]}]}},"_links":{"self":[{"href":"https:\/\/www.icapcrif.com\/ro\/wp-json\/wp\/v2\/pages\/23452\/"}],"collection":[{"href":"https:\/\/www.icapcrif.com\/ro\/wp-json\/wp\/v2\/pages\/"}],"about":[{"href":"https:\/\/www.icapcrif.com\/ro\/wp-json\/wp\/v2\/types\/page\/"}],"author":[{"embeddable":true,"href":"https:\/\/www.icapcrif.com\/ro\/wp-json\/wp\/v2\/users\/7\/"}],"replies":[{"embeddable":true,"href":"https:\/\/www.icapcrif.com\/ro\/wp-json\/wp\/v2\/comments\/?post=23452"}],"version-history":[{"count":4,"href":"https:\/\/www.icapcrif.com\/ro\/wp-json\/wp\/v2\/pages\/23452\/revisions\/"}],"predecessor-version":[{"id":23564,"href":"https:\/\/www.icapcrif.com\/ro\/wp-json\/wp\/v2\/pages\/23452\/revisions\/23564\/"}],"wp:attachment":[{"href":"https:\/\/www.icapcrif.com\/ro\/wp-json\/wp\/v2\/media\/?parent=23452"}],"curies":[{"name":"wp","href":"https:\/\/api.w.org\/{rel}","templated":true}]}}