{"id":24713,"date":"2022-10-11T12:00:32","date_gmt":"2022-10-11T12:00:32","guid":{"rendered":"https:\/\/www.icapcrif.com\/ro\/?page_id=24713"},"modified":"2022-10-11T12:04:39","modified_gmt":"2022-10-11T12:04:39","slug":"13th-sp-hagener","status":"publish","type":"page","link":"https:\/\/www.icapcrif.com\/ro\/13th-sp-hagener\/","title":{"rendered":"13th-sp-Hagener"},"content":{"rendered":"<p><strong>\u00a0 <img loading=\"lazy\" decoding=\"async\" class=\"alignnone size-full wp-image-24625\" src=\"https:\/\/www.icapcrif.com\/ro\/wp-content\/uploads\/sites\/2\/2022\/10\/DH.jpg\" alt=\"\" width=\"202\" height=\"231\" \/><\/strong><\/p>\n<p><strong>Dirk Hagener<br \/>\n<\/strong>Director Group Marketing &amp; Communication<\/p>\n<p>&nbsp;<\/p>\n<p>Dirk Hagener este Director Group Marketing &amp; Communication la Atradius. De asemenea, este Membru al Consiliului de Administra\u021bie al Atradius Insurance Holding N.V, al Atradius Information Service B.V, al Atradius Participation Holding S.L \u0219i al Atradius Finance B.V.<\/p>\n<p>N\u0103scut \u00een Germania, Dirk are experien\u021b\u0103 de consultant de strategie \u0219i este specialist \u00een comer\u021b electronic. \u0218i-a \u00eenceput cariera \u00een Atradius \u00een 2002 \u00een Germania \u0219i a lucrat \u00een mai multe func\u021bii de suport comercial, raport\u00e2nd directorului regional Europa Central\u0103 \u0219i de Est. \u00cen 2007 s-a mutat la sediul central din Amsterdam pentru a prelua func\u021bia de \u0219ef al managementului programului \u0219i, \u00een 2010, rolul de \u0219ef al strategiei corporative.<\/p>\n<p>\u00cen 2012 a fost numit Director Strategie \u0219i Dezvoltare Corporativ\u0103, responsabil pentru strategia corporativ\u0103, dezvoltarea produselor \u0219i planificarea \u0219i analiza strategic\u0103.<\/p>\n<p>\u00cen septembrie 2021 a fost numit Director Group Marketing &amp; Communication, responsabil pentru activit\u0103\u021bile de marketing la nivel de grup, comunicare extern\u0103 \u0219i intern\u0103, inteligen\u021b\u0103 de pia\u021b\u0103, dezvoltare comercial\u0103. Dirk a scris mai multe articole despre ESG \u0219i este, de asemenea, membru al comitetului Atradius ESG \u00een calitate de membru al Comitetului de durabilitate din Grupo Catalana Occidente (GCO), principalul ac\u021bionar al Atradius.<\/p>\n<p>&nbsp;<\/p>\n","protected":false},"excerpt":{"rendered":"<p>\u00a0 Dirk Hagener Director Group Marketing &amp; Communication &nbsp; Dirk Hagener este Director Group Marketing &amp; Communication la Atradius. De asemenea, este Membru al Consiliului de Administra\u021bie al Atradius Insurance Holding N.V, al Atradius Information Service B.V, al Atradius Participation Holding S.L \u0219i al Atradius&#8230;<\/p>\n","protected":false},"author":7,"featured_media":0,"parent":0,"menu_order":0,"comment_status":"closed","ping_status":"open","template":"","meta":{"footnotes":""},"class_list":["post-24713","page","type-page","status-publish","hentry"],"yoast_head":"<!-- This site is optimized with the Yoast SEO plugin v19.3 - https:\/\/yoast.com\/wordpress\/plugins\/seo\/ -->\n<title>13th-sp-Hagener - ICAP CRIF RO<\/title>\n<meta name=\"robots\" content=\"index, follow, max-snippet:-1, max-image-preview:large, max-video-preview:-1\" \/>\n<link rel=\"canonical\" href=\"https:\/\/www.icapcrif.com\/ro\/13th-sp-hagener\/\" \/>\n<meta property=\"og:locale\" content=\"ro_RO\" \/>\n<meta property=\"og:type\" content=\"article\" \/>\n<meta property=\"og:title\" content=\"13th-sp-Hagener - ICAP CRIF RO\" \/>\n<meta property=\"og:description\" content=\"\u00a0 Dirk Hagener Director Group Marketing &amp; Communication &nbsp; Dirk Hagener este Director Group Marketing &amp; Communication la Atradius. De asemenea, este Membru al Consiliului de Administra\u021bie al Atradius Insurance Holding N.V, al Atradius Information Service B.V, al Atradius Participation Holding S.L \u0219i al Atradius...\" \/>\n<meta property=\"og:url\" content=\"https:\/\/www.icapcrif.com\/ro\/13th-sp-hagener\/\" \/>\n<meta property=\"og:site_name\" content=\"ICAP CRIF RO\" \/>\n<meta property=\"article:publisher\" content=\"https:\/\/www.facebook.com\/ICAPCRIF\/\" \/>\n<meta property=\"article:modified_time\" content=\"2022-10-11T12:04:39+00:00\" \/>\n<meta property=\"og:image\" content=\"https:\/\/www.icapcrif.com\/ro\/wp-content\/uploads\/sites\/2\/2022\/10\/DH.jpg\" \/>\n<meta name=\"twitter:card\" content=\"summary_large_image\" \/>\n<meta name=\"twitter:label1\" content=\"Timp estimat pentru citire\" \/>\n\t<meta name=\"twitter:data1\" content=\"2 minute\" \/>\n<script type=\"application\/ld+json\" class=\"yoast-schema-graph\">{\"@context\":\"https:\/\/schema.org\",\"@graph\":[{\"@type\":\"Organization\",\"@id\":\"https:\/\/www.icapcrif.com\/ro\/?lang=el\/#organization\",\"name\":\"ICAP CRIF S.R.L.\",\"url\":\"https:\/\/www.icapcrif.com\/ro\/?lang=el\/\",\"sameAs\":[\"https:\/\/www.linkedin.com\/company\/icap-crif\/\",\"https:\/\/www.facebook.com\/ICAPCRIF\/\"],\"logo\":{\"@type\":\"ImageObject\",\"inLanguage\":\"ro-RO\",\"@id\":\"https:\/\/www.icapcrif.com\/ro\/?lang=el\/#\/schema\/logo\/image\/\",\"url\":\"https:\/\/www.icapcrif.com\/ro\/wp-content\/uploads\/sites\/2\/2023\/04\/ICAPCRIF-logo.png\",\"contentUrl\":\"https:\/\/www.icapcrif.com\/ro\/wp-content\/uploads\/sites\/2\/2023\/04\/ICAPCRIF-logo.png\",\"width\":1773,\"height\":781,\"caption\":\"ICAP CRIF S.R.L.\"},\"image\":{\"@id\":\"https:\/\/www.icapcrif.com\/ro\/?lang=el\/#\/schema\/logo\/image\/\"}},{\"@type\":\"WebSite\",\"@id\":\"https:\/\/www.icapcrif.com\/ro\/?lang=el\/#website\",\"url\":\"https:\/\/www.icapcrif.com\/ro\/?lang=el\/\",\"name\":\"ICAP CRIF RO\",\"description\":\"Business Information Services | ICAP CRIF in Romania\",\"publisher\":{\"@id\":\"https:\/\/www.icapcrif.com\/ro\/?lang=el\/#organization\"},\"potentialAction\":[{\"@type\":\"SearchAction\",\"target\":{\"@type\":\"EntryPoint\",\"urlTemplate\":\"https:\/\/www.icapcrif.com\/ro\/?lang=el\/?s={search_term_string}\"},\"query-input\":\"required name=search_term_string\"}],\"inLanguage\":\"ro-RO\"},{\"@type\":\"ImageObject\",\"inLanguage\":\"ro-RO\",\"@id\":\"https:\/\/www.icapcrif.com\/ro\/13th-sp-hagener\/#primaryimage\",\"url\":\"https:\/\/www.icapcrif.com\/ro\/wp-content\/uploads\/sites\/2\/2022\/10\/DH.jpg\",\"contentUrl\":\"https:\/\/www.icapcrif.com\/ro\/wp-content\/uploads\/sites\/2\/2022\/10\/DH.jpg\",\"width\":202,\"height\":231},{\"@type\":\"WebPage\",\"@id\":\"https:\/\/www.icapcrif.com\/ro\/13th-sp-hagener\/\",\"url\":\"https:\/\/www.icapcrif.com\/ro\/13th-sp-hagener\/\",\"name\":\"13th-sp-Hagener - ICAP CRIF RO\",\"isPartOf\":{\"@id\":\"https:\/\/www.icapcrif.com\/ro\/?lang=el\/#website\"},\"primaryImageOfPage\":{\"@id\":\"https:\/\/www.icapcrif.com\/ro\/13th-sp-hagener\/#primaryimage\"},\"datePublished\":\"2022-10-11T12:00:32+00:00\",\"dateModified\":\"2022-10-11T12:04:39+00:00\",\"breadcrumb\":{\"@id\":\"https:\/\/www.icapcrif.com\/ro\/13th-sp-hagener\/#breadcrumb\"},\"inLanguage\":\"ro-RO\",\"potentialAction\":[{\"@type\":\"ReadAction\",\"target\":[\"https:\/\/www.icapcrif.com\/ro\/13th-sp-hagener\/\"]}]},{\"@type\":\"BreadcrumbList\",\"@id\":\"https:\/\/www.icapcrif.com\/ro\/13th-sp-hagener\/#breadcrumb\",\"itemListElement\":[{\"@type\":\"ListItem\",\"position\":1,\"name\":\"Home\",\"item\":\"https:\/\/www.icapcrif.com\/ro\/\"},{\"@type\":\"ListItem\",\"position\":2,\"name\":\"13th-sp-Hagener\"}]}]}<\/script>\n<!-- \/ Yoast SEO plugin. -->","yoast_head_json":{"title":"13th-sp-Hagener - ICAP CRIF RO","robots":{"index":"index","follow":"follow","max-snippet":"max-snippet:-1","max-image-preview":"max-image-preview:large","max-video-preview":"max-video-preview:-1"},"canonical":"https:\/\/www.icapcrif.com\/ro\/13th-sp-hagener\/","og_locale":"ro_RO","og_type":"article","og_title":"13th-sp-Hagener - ICAP CRIF RO","og_description":"\u00a0 Dirk Hagener Director Group Marketing &amp; Communication &nbsp; Dirk Hagener este Director Group Marketing &amp; Communication la Atradius. De asemenea, este Membru al Consiliului de Administra\u021bie al Atradius Insurance Holding N.V, al Atradius Information Service B.V, al Atradius Participation Holding S.L \u0219i al Atradius...","og_url":"https:\/\/www.icapcrif.com\/ro\/13th-sp-hagener\/","og_site_name":"ICAP CRIF RO","article_publisher":"https:\/\/www.facebook.com\/ICAPCRIF\/","article_modified_time":"2022-10-11T12:04:39+00:00","og_image":[{"url":"https:\/\/www.icapcrif.com\/ro\/wp-content\/uploads\/sites\/2\/2022\/10\/DH.jpg"}],"twitter_card":"summary_large_image","twitter_misc":{"Timp estimat pentru citire":"2 minute"},"schema":{"@context":"https:\/\/schema.org","@graph":[{"@type":"Organization","@id":"https:\/\/www.icapcrif.com\/ro\/?lang=el\/#organization","name":"ICAP CRIF S.R.L.","url":"https:\/\/www.icapcrif.com\/ro\/?lang=el\/","sameAs":["https:\/\/www.linkedin.com\/company\/icap-crif\/","https:\/\/www.facebook.com\/ICAPCRIF\/"],"logo":{"@type":"ImageObject","inLanguage":"ro-RO","@id":"https:\/\/www.icapcrif.com\/ro\/?lang=el\/#\/schema\/logo\/image\/","url":"https:\/\/www.icapcrif.com\/ro\/wp-content\/uploads\/sites\/2\/2023\/04\/ICAPCRIF-logo.png","contentUrl":"https:\/\/www.icapcrif.com\/ro\/wp-content\/uploads\/sites\/2\/2023\/04\/ICAPCRIF-logo.png","width":1773,"height":781,"caption":"ICAP CRIF S.R.L."},"image":{"@id":"https:\/\/www.icapcrif.com\/ro\/?lang=el\/#\/schema\/logo\/image\/"}},{"@type":"WebSite","@id":"https:\/\/www.icapcrif.com\/ro\/?lang=el\/#website","url":"https:\/\/www.icapcrif.com\/ro\/?lang=el\/","name":"ICAP CRIF RO","description":"Business Information Services | ICAP CRIF in Romania","publisher":{"@id":"https:\/\/www.icapcrif.com\/ro\/?lang=el\/#organization"},"potentialAction":[{"@type":"SearchAction","target":{"@type":"EntryPoint","urlTemplate":"https:\/\/www.icapcrif.com\/ro\/?lang=el\/?s={search_term_string}"},"query-input":"required name=search_term_string"}],"inLanguage":"ro-RO"},{"@type":"ImageObject","inLanguage":"ro-RO","@id":"https:\/\/www.icapcrif.com\/ro\/13th-sp-hagener\/#primaryimage","url":"https:\/\/www.icapcrif.com\/ro\/wp-content\/uploads\/sites\/2\/2022\/10\/DH.jpg","contentUrl":"https:\/\/www.icapcrif.com\/ro\/wp-content\/uploads\/sites\/2\/2022\/10\/DH.jpg","width":202,"height":231},{"@type":"WebPage","@id":"https:\/\/www.icapcrif.com\/ro\/13th-sp-hagener\/","url":"https:\/\/www.icapcrif.com\/ro\/13th-sp-hagener\/","name":"13th-sp-Hagener - ICAP CRIF RO","isPartOf":{"@id":"https:\/\/www.icapcrif.com\/ro\/?lang=el\/#website"},"primaryImageOfPage":{"@id":"https:\/\/www.icapcrif.com\/ro\/13th-sp-hagener\/#primaryimage"},"datePublished":"2022-10-11T12:00:32+00:00","dateModified":"2022-10-11T12:04:39+00:00","breadcrumb":{"@id":"https:\/\/www.icapcrif.com\/ro\/13th-sp-hagener\/#breadcrumb"},"inLanguage":"ro-RO","potentialAction":[{"@type":"ReadAction","target":["https:\/\/www.icapcrif.com\/ro\/13th-sp-hagener\/"]}]},{"@type":"BreadcrumbList","@id":"https:\/\/www.icapcrif.com\/ro\/13th-sp-hagener\/#breadcrumb","itemListElement":[{"@type":"ListItem","position":1,"name":"Home","item":"https:\/\/www.icapcrif.com\/ro\/"},{"@type":"ListItem","position":2,"name":"13th-sp-Hagener"}]}]}},"_links":{"self":[{"href":"https:\/\/www.icapcrif.com\/ro\/wp-json\/wp\/v2\/pages\/24713\/"}],"collection":[{"href":"https:\/\/www.icapcrif.com\/ro\/wp-json\/wp\/v2\/pages\/"}],"about":[{"href":"https:\/\/www.icapcrif.com\/ro\/wp-json\/wp\/v2\/types\/page\/"}],"author":[{"embeddable":true,"href":"https:\/\/www.icapcrif.com\/ro\/wp-json\/wp\/v2\/users\/7\/"}],"replies":[{"embeddable":true,"href":"https:\/\/www.icapcrif.com\/ro\/wp-json\/wp\/v2\/comments\/?post=24713"}],"version-history":[{"count":3,"href":"https:\/\/www.icapcrif.com\/ro\/wp-json\/wp\/v2\/pages\/24713\/revisions\/"}],"predecessor-version":[{"id":24755,"href":"https:\/\/www.icapcrif.com\/ro\/wp-json\/wp\/v2\/pages\/24713\/revisions\/24755\/"}],"wp:attachment":[{"href":"https:\/\/www.icapcrif.com\/ro\/wp-json\/wp\/v2\/media\/?parent=24713"}],"curies":[{"name":"wp","href":"https:\/\/api.w.org\/{rel}","templated":true}]}}