{"id":25619,"date":"2022-12-07T08:57:05","date_gmt":"2022-12-07T08:57:05","guid":{"rendered":"https:\/\/www.icapcrif.com\/ro\/?page_id=25619"},"modified":"2022-12-07T17:10:01","modified_gmt":"2022-12-07T17:10:01","slug":"synesgy","status":"publish","type":"page","link":"https:\/\/www.icapcrif.com\/ro\/our_services\/synesgy\/","title":{"rendered":"Synesgy"},"content":{"rendered":"<p>[vc_row css_animation=&#8221;&#8221; row_type=&#8221;row&#8221; use_row_as_full_screen_section=&#8221;no&#8221; type=&#8221;full_width&#8221; angled_section=&#8221;no&#8221; text_align=&#8221;left&#8221; background_image_as_pattern=&#8221;without_pattern&#8221;][vc_column][vc_empty_space][\/vc_column][\/vc_row][vc_row css_animation=&#8221;&#8221; row_type=&#8221;row&#8221; use_row_as_full_screen_section=&#8221;no&#8221; type=&#8221;grid&#8221; angled_section=&#8221;no&#8221; text_align=&#8221;left&#8221; background_image_as_pattern=&#8221;without_pattern&#8221; z_index=&#8221;&#8221;][vc_column][vc_column_text]Platforma digital\u0103 global\u0103 Synesgy specializat\u0103 \u00een evaluarea ESG a companiilor.[\/vc_column_text][\/vc_column][\/vc_row][vc_row css_animation=&#8221;&#8221; row_type=&#8221;row&#8221; use_row_as_full_screen_section=&#8221;no&#8221; type=&#8221;grid&#8221; angled_section=&#8221;no&#8221; text_align=&#8221;left&#8221; background_image_as_pattern=&#8221;without_pattern&#8221; padding_top=&#8221;87&#8243; z_index=&#8221;&#8221; padding_bottom=&#8221;25&#8243; el_id=&#8221;Synesgy&#8221;][vc_column width=&#8221;2\/3&#8243; el_class=&#8221;button-accordion&#8221;][vc_column_text]Ce este Synesgy?[\/vc_column_text][vc_separator type=&#8221;small&#8221; position=&#8221;left&#8221; down=&#8221;34&#8243; up=&#8221;7&#8243; color=&#8221;#e46302&#8243;][vc_column_text]Synesgy este un proiect dezvoltat de o re\u021bea global\u0103 de companii lidere de pia\u021b\u0103, pentru a oferi fiec\u0103rei companii propria situa\u021bie, incluz\u00e2nd \u00eentregul lan\u021b de aprovizionare, \u00een ceea ce prive\u0219te diferitele dimensiuni ale sustenabilit\u0103\u021bii (Environmental, Social, Governance).<\/p>\n<p>Synesgy sprijin\u0103, de asemenea, sectorul bancar prin crearea de valoare prin \u201efinan\u021bare durabil\u0103\u201d, sprijinind politicile de credit, strategiile comerciale, selec\u021bia lan\u021bului de aprovizionare, managementul riscului \u0219i finan\u021barea.<\/p>\n<p>Metodologia Synesgy este construit\u0103 pe standarde interna\u021bionale de sustenabilitate, incluz\u00e2nd Global Reporting Initiative, United Nations Global Compact, Carbon Disclosure Project \u0219i Taxonomy guidelines, \u0219i a beneficiat de colaborarea cu Agen\u021bia de Evaluare a Riscului de Creditare a Grupului CRIF, care de ani de zile incorporeaz\u0103 factorii ESG \u00een atribuirea ratingului de emitent al companiilor nefinanciare rezidente \u00een Uniunea European\u0103.[\/vc_column_text][vc_video link=&#8221;https:\/\/www.youtube.com\/watch?v=USZYxvrDr10&#8243; el_width=&#8221;70&#8243;][vc_column_text]<\/p>\n<p>&nbsp;<\/p>\n<p>&nbsp;<\/p>\n<p>Pentru mai multe informa\u021bii vizita\u021bi https:\/\/www.synesgy.com\/[\/vc_column_text][\/vc_column][vc_column width=&#8221;1\/3&#8243;][vc_single_image image=&#8221;25625&#8243; img_size=&#8221;medium&#8221; alignment=&#8221;center&#8221; qode_css_animation=&#8221;element_from_left&#8221; transition_delay=&#8221;0.3&#8243;][vc_empty_space height=&#8221;15px&#8221;]<div class=\"qode-advanced-call-to-action qode-advanced-cta-gradient qode-advanced-cta-gradient-animation qode-advanced-cta-icon-circle\" style=\"height:110pxpx\">\n\t<a class=\"advanced-cta-link anchor\" href=\"https:\/\/service.synesgy.com\/gr\/?lang=en\" target=\"_blank\"><\/a>\n\t<div class=\"qode-advanced-cta-content\">\t\t\n\t    <span class=\"qode-advanced-cta-text-holder\" style=\"font-size:32px\">\n\t\t    \u00cenregistrare gratuit\u0103!\t    <\/span>\n\t    <span class=\"qode-advanced-cta-icon-holder\" style=\"height:45px;width:45px\">\n\t\t    <span class=\"qode-advanced-cta-icon-holder-table\">\n\t\t    \t<span class=\"qode-advanced-cta-icon-holder-cell\" >\n\t\t\t    \t<i class=\"qode_icon_font_awesome fa fa-leaf qode-advanced-cta-icon\" ><\/i>\t\t\t    <\/span>\n\t\t    <\/span>\n\t\t    \t\t\t    <span class=\"qode-advanced-cta-icon-border\"><\/span>\n\t\t    \t    <\/span>\n\t<\/div>\n\t\t\t<div class=\"qode-advanced-cta-background-holder\">\n\t\t\t<span class=\"qode-advanced-cta-background-1 qode-type1-gradient-left-to-right\"><\/span>\n\t\t\t<span class=\"qode-advanced-cta-background-2 qode-type1-gradient-left-to-right\"><\/span>\n\t\t\t<span class=\"qode-advanced-cta-background-3\"><\/span>\n\t\t<\/div>\n\t<\/div>[\/vc_column][\/vc_row][vc_row css_animation=&#8221;&#8221; row_type=&#8221;row&#8221; use_row_as_full_screen_section=&#8221;no&#8221; type=&#8221;grid&#8221; angled_section=&#8221;no&#8221; text_align=&#8221;left&#8221; background_image_as_pattern=&#8221;without_pattern&#8221; padding_top=&#8221;87&#8243; z_index=&#8221;&#8221; padding_bottom=&#8221;25&#8243; background_color=&#8221;#ffffff&#8221; css=&#8221;.vc_custom_1648812823866{background-color: #ffffff !important;}&#8221;][vc_column width=&#8221;2\/3&#8243; el_class=&#8221;button-accordion&#8221;][vc_column_text]Cum func\u021bioneaz\u0103?[\/vc_column_text][vc_separator type=&#8221;small&#8221; position=&#8221;left&#8221; down=&#8221;34&#8243; up=&#8221;7&#8243; color=&#8221;#e46302&#8243;][vc_column_text]\u00cen primul pas, compania se \u00eenregistreaz\u0103, gratuit, pe platforma synesgy.com prin introducerea datelor necesare.<br \/>\nCompania completeaz\u0103 apoi un chestionar cu \u00eentreb\u0103ri despre m\u0103surile pe care le-a luat pentru a demonstra conformitatea cu criteriile ESG.<br \/>\nDup\u0103 completarea chestionarului, compania poate ob\u021bine certificatul CRIF ESG \u0219i \u00eel poate publica pe site-ul s\u0103u. F\u0103c\u00e2nd clic pe certificat, ve\u021bi putea vedea chestionarul completat timp de 12 luni.[\/vc_column_text][vc_separator type=&#8221;transparent&#8221; up=&#8221;20&#8243; down=&#8221;16&#8243;][\/vc_column][vc_column width=&#8221;1\/3&#8243;][vc_video link=&#8221;https:\/\/www.youtube.com\/watch?v=kINT4ricb5E&#8221; align=&#8221;right&#8221;][\/vc_column][\/vc_row][vc_row css_animation=&#8221;&#8221; row_type=&#8221;row&#8221; use_row_as_full_screen_section=&#8221;no&#8221; type=&#8221;grid&#8221; angled_section=&#8221;no&#8221; text_align=&#8221;left&#8221; video=&#8221;show_video&#8221; background_image_as_pattern=&#8221;without_pattern&#8221; z_index=&#8221;&#8221; css=&#8221;.vc_custom_1649067437296{background-color: #f6f6f6 !important;}&#8221; background_color=&#8221;#f6f6f6&#8243; video_webm=&#8221;https:\/\/www.youtube.com\/watch?v=kINT4ricb5E&#8221; padding_top=&#8221;40&#8243; padding_bottom=&#8221;50&#8243;][vc_column][vc_column_text]Synesgy sprijin\u0103 evaluarea procesului de produc\u021bie \u0219i a lan\u021bului de aprovizionare, care, \u00een medie, conduce la 90% din impactul total al companiei asupra mediului.[\/vc_column_text][\/vc_column][vc_column width=&#8221;1\/4&#8243;][qode_elements_holder number_of_columns=&#8221;one_column&#8221;][qode_elements_holder_item advanced_animations=&#8221;no&#8221; item_padding=&#8221;1px 1px 1px 1px&#8221;]<div class=\"q_counter_holder  center boxed_counter\" style=\"\"><span class=\"counter  zero\" style=\"color: #1f739e;font-size: 52px;font-weight: Default;\">60+<\/span><span class=\"separator small\" style=\"background-color: #e46302;\"><\/span><p class=\"counter_text\" style=\"font-weight: Default;color: #1f739e;\">\u021a\u0103ri<\/p><\/div>[\/qode_elements_holder_item][\/qode_elements_holder][\/vc_column][vc_column width=&#8221;1\/4&#8243;][qode_elements_holder number_of_columns=&#8221;one_column&#8221;][qode_elements_holder_item advanced_animations=&#8221;no&#8221; item_padding=&#8221;1px 1px 1px 1px&#8221;]<div class=\"q_counter_holder  center boxed_counter\" style=\"\"><span class=\"counter  zero\" style=\"color: #1f739e;font-size: 52px;font-weight: Default;\">25+<\/span><span class=\"separator small\" style=\"background-color: #e46302;\"><\/span><p class=\"counter_text\" style=\"font-weight: Default;color: #1f739e;\">Limbi<\/p><\/div>[\/qode_elements_holder_item][\/qode_elements_holder][\/vc_column][vc_column width=&#8221;1\/4&#8243;][qode_elements_holder number_of_columns=&#8221;one_column&#8221;][qode_elements_holder_item advanced_animations=&#8221;no&#8221; item_padding=&#8221;1px 1px 1px 1px&#8221;]<div class=\"q_counter_holder  center boxed_counter\" style=\"\"><span class=\"counter  zero\" style=\"color: #1f739e;font-size: 52px;font-weight: Default;\">150000+<\/span><span class=\"separator small\" style=\"background-color: #e46302;\"><\/span><p class=\"counter_text\" style=\"font-weight: Default;color: #1f739e;\">\u00centreprinderi din lan\u021bul de aprovizionare<\/p><\/div>[\/qode_elements_holder_item][\/qode_elements_holder][\/vc_column][vc_column width=&#8221;1\/4&#8243;][qode_elements_holder number_of_columns=&#8221;one_column&#8221;][qode_elements_holder_item advanced_animations=&#8221;no&#8221; item_padding=&#8221;1px 1px 1px 1px&#8221;]<div class=\"q_counter_holder  center boxed_counter\" style=\"\"><span class=\"counter  zero\" style=\"color: #1f739e;font-size: 52px;font-weight: Default;\">500+<\/span><span class=\"separator small\" style=\"background-color: #e46302;\"><\/span><p class=\"counter_text\" style=\"font-weight: Default;color: #1f739e;\">B\u0103nci \u0219i Asiguratori<\/p><\/div>[\/qode_elements_holder_item][\/qode_elements_holder][\/vc_column][\/vc_row][vc_row css_animation=&#8221;&#8221; row_type=&#8221;row&#8221; use_row_as_full_screen_section=&#8221;no&#8221; type=&#8221;grid&#8221; angled_section=&#8221;no&#8221; text_align=&#8221;left&#8221; background_image_as_pattern=&#8221;without_pattern&#8221; z_index=&#8221;&#8221;][vc_column]<div class=\"qode-advanced-call-to-action qode-advanced-cta-gradient qode-advanced-cta-gradient-animation qode-advanced-cta-icon-circle\" style=\"height:110pxpx\">\n\t<a class=\"advanced-cta-link anchor\" href=\"https:\/\/service.synesgy.com\/gr\/?lang=en\" target=\"_blank\"><\/a>\n\t<div class=\"qode-advanced-cta-content\">\t\t\n\t    <span class=\"qode-advanced-cta-text-holder\" style=\"font-size:32px\">\n\t\t    \u00cenregistra\u021bi-v\u0103 aici gratuit \u0219i ob\u021bine\u021bi acum certificatul ESG!\t    <\/span>\n\t    <span class=\"qode-advanced-cta-icon-holder\" style=\"height:45px;width:45px\">\n\t\t    <span class=\"qode-advanced-cta-icon-holder-table\">\n\t\t    \t<span class=\"qode-advanced-cta-icon-holder-cell\" >\n\t\t\t    \t<i class=\"qode_icon_font_awesome fa fa-pencil-square-o qode-advanced-cta-icon\" ><\/i>\t\t\t    <\/span>\n\t\t    <\/span>\n\t\t    \t\t\t    <span class=\"qode-advanced-cta-icon-border\"><\/span>\n\t\t    \t    <\/span>\n\t<\/div>\n\t\t\t<div class=\"qode-advanced-cta-background-holder\">\n\t\t\t<span class=\"qode-advanced-cta-background-1 qode-type1-gradient-left-to-right\"><\/span>\n\t\t\t<span class=\"qode-advanced-cta-background-2 qode-type1-gradient-left-to-right\"><\/span>\n\t\t\t<span class=\"qode-advanced-cta-background-3\"><\/span>\n\t\t<\/div>\n\t<\/div>[\/vc_column][\/vc_row][vc_row css_animation=&#8221;&#8221; row_type=&#8221;row&#8221; use_row_as_full_screen_section=&#8221;no&#8221; type=&#8221;full_width&#8221; angled_section=&#8221;no&#8221; text_align=&#8221;left&#8221; background_image_as_pattern=&#8221;without_pattern&#8221;][vc_column][vc_empty_space height=&#8221;200px&#8221;][\/vc_column][\/vc_row]<\/p>\n","protected":false},"excerpt":{"rendered":"<p>[vc_row css_animation=&#8221;&#8221; row_type=&#8221;row&#8221; use_row_as_full_screen_section=&#8221;no&#8221; type=&#8221;full_width&#8221; angled_section=&#8221;no&#8221; text_align=&#8221;left&#8221; background_image_as_pattern=&#8221;without_pattern&#8221;][vc_column][vc_empty_space][\/vc_column][\/vc_row][vc_row css_animation=&#8221;&#8221; row_type=&#8221;row&#8221; use_row_as_full_screen_section=&#8221;no&#8221; type=&#8221;grid&#8221; angled_section=&#8221;no&#8221; text_align=&#8221;left&#8221; background_image_as_pattern=&#8221;without_pattern&#8221; z_index=&#8221;&#8221;][vc_column][vc_column_text]Platforma digital\u0103 global\u0103 Synesgy specializat\u0103 \u00een evaluarea ESG a companiilor.[\/vc_column_text][\/vc_column][\/vc_row][vc_row css_animation=&#8221;&#8221; row_type=&#8221;row&#8221; use_row_as_full_screen_section=&#8221;no&#8221; type=&#8221;grid&#8221; angled_section=&#8221;no&#8221; text_align=&#8221;left&#8221; background_image_as_pattern=&#8221;without_pattern&#8221; padding_top=&#8221;87&#8243; z_index=&#8221;&#8221; padding_bottom=&#8221;25&#8243; el_id=&#8221;Synesgy&#8221;][vc_column width=&#8221;2\/3&#8243; el_class=&#8221;button-accordion&#8221;][vc_column_text]Ce este Synesgy?[\/vc_column_text][vc_separator type=&#8221;small&#8221; position=&#8221;left&#8221; down=&#8221;34&#8243; up=&#8221;7&#8243; color=&#8221;#e46302&#8243;][vc_column_text]Synesgy&#8230;<\/p>\n","protected":false},"author":4,"featured_media":0,"parent":17173,"menu_order":0,"comment_status":"closed","ping_status":"closed","template":"full_width.php","meta":{"footnotes":""},"class_list":["post-25619","page","type-page","status-publish","hentry"],"yoast_head":"<!-- This site is optimized with the Yoast SEO plugin v19.3 - https:\/\/yoast.com\/wordpress\/plugins\/seo\/ -->\n<title>Synesgy - ICAP CRIF RO<\/title>\n<meta name=\"robots\" content=\"index, follow, max-snippet:-1, max-image-preview:large, max-video-preview:-1\" \/>\n<link rel=\"canonical\" href=\"https:\/\/www.icapcrif.com\/ro\/our_services\/synesgy\/\" \/>\n<meta property=\"og:locale\" content=\"ro_RO\" \/>\n<meta property=\"og:type\" content=\"article\" \/>\n<meta property=\"og:title\" content=\"Synesgy - ICAP CRIF RO\" \/>\n<meta property=\"og:description\" content=\"[vc_row css_animation=&#8221;&#8221; row_type=&#8221;row&#8221; use_row_as_full_screen_section=&#8221;no&#8221; type=&#8221;full_width&#8221; angled_section=&#8221;no&#8221; text_align=&#8221;left&#8221; background_image_as_pattern=&#8221;without_pattern&#8221;][vc_column][vc_empty_space][\/vc_column][\/vc_row][vc_row css_animation=&#8221;&#8221; row_type=&#8221;row&#8221; use_row_as_full_screen_section=&#8221;no&#8221; type=&#8221;grid&#8221; angled_section=&#8221;no&#8221; text_align=&#8221;left&#8221; background_image_as_pattern=&#8221;without_pattern&#8221; z_index=&#8221;&#8221;][vc_column][vc_column_text]Platforma digital\u0103 global\u0103 Synesgy specializat\u0103 \u00een evaluarea ESG a companiilor.[\/vc_column_text][\/vc_column][\/vc_row][vc_row css_animation=&#8221;&#8221; row_type=&#8221;row&#8221; use_row_as_full_screen_section=&#8221;no&#8221; type=&#8221;grid&#8221; angled_section=&#8221;no&#8221; text_align=&#8221;left&#8221; background_image_as_pattern=&#8221;without_pattern&#8221; padding_top=&#8221;87&#8243; z_index=&#8221;&#8221; padding_bottom=&#8221;25&#8243; el_id=&#8221;Synesgy&#8221;][vc_column width=&#8221;2\/3&#8243; el_class=&#8221;button-accordion&#8221;][vc_column_text]Ce este Synesgy?[\/vc_column_text][vc_separator type=&#8221;small&#8221; position=&#8221;left&#8221; down=&#8221;34&#8243; up=&#8221;7&#8243; color=&#8221;#e46302&#8243;][vc_column_text]Synesgy...\" \/>\n<meta property=\"og:url\" content=\"https:\/\/www.icapcrif.com\/ro\/our_services\/synesgy\/\" \/>\n<meta property=\"og:site_name\" content=\"ICAP CRIF RO\" \/>\n<meta property=\"article:publisher\" content=\"https:\/\/www.facebook.com\/ICAPCRIF\/\" \/>\n<meta property=\"article:modified_time\" content=\"2022-12-07T17:10:01+00:00\" \/>\n<meta name=\"twitter:card\" content=\"summary_large_image\" \/>\n<meta name=\"twitter:label1\" content=\"Timp estimat pentru citire\" \/>\n\t<meta name=\"twitter:data1\" content=\"3 minute\" \/>\n<script type=\"application\/ld+json\" class=\"yoast-schema-graph\">{\"@context\":\"https:\/\/schema.org\",\"@graph\":[{\"@type\":\"Organization\",\"@id\":\"https:\/\/www.icapcrif.com\/ro\/?lang=el\/#organization\",\"name\":\"ICAP CRIF S.R.L.\",\"url\":\"https:\/\/www.icapcrif.com\/ro\/?lang=el\/\",\"sameAs\":[\"https:\/\/www.linkedin.com\/company\/icap-crif\/\",\"https:\/\/www.facebook.com\/ICAPCRIF\/\"],\"logo\":{\"@type\":\"ImageObject\",\"inLanguage\":\"ro-RO\",\"@id\":\"https:\/\/www.icapcrif.com\/ro\/?lang=el\/#\/schema\/logo\/image\/\",\"url\":\"https:\/\/www.icapcrif.com\/ro\/wp-content\/uploads\/sites\/2\/2023\/04\/ICAPCRIF-logo.png\",\"contentUrl\":\"https:\/\/www.icapcrif.com\/ro\/wp-content\/uploads\/sites\/2\/2023\/04\/ICAPCRIF-logo.png\",\"width\":1773,\"height\":781,\"caption\":\"ICAP CRIF S.R.L.\"},\"image\":{\"@id\":\"https:\/\/www.icapcrif.com\/ro\/?lang=el\/#\/schema\/logo\/image\/\"}},{\"@type\":\"WebSite\",\"@id\":\"https:\/\/www.icapcrif.com\/ro\/?lang=el\/#website\",\"url\":\"https:\/\/www.icapcrif.com\/ro\/?lang=el\/\",\"name\":\"ICAP CRIF RO\",\"description\":\"Business Information Services | ICAP CRIF in Romania\",\"publisher\":{\"@id\":\"https:\/\/www.icapcrif.com\/ro\/?lang=el\/#organization\"},\"potentialAction\":[{\"@type\":\"SearchAction\",\"target\":{\"@type\":\"EntryPoint\",\"urlTemplate\":\"https:\/\/www.icapcrif.com\/ro\/?lang=el\/?s={search_term_string}\"},\"query-input\":\"required name=search_term_string\"}],\"inLanguage\":\"ro-RO\"},{\"@type\":\"WebPage\",\"@id\":\"https:\/\/www.icapcrif.com\/ro\/our_services\/synesgy\/\",\"url\":\"https:\/\/www.icapcrif.com\/ro\/our_services\/synesgy\/\",\"name\":\"Synesgy - ICAP CRIF RO\",\"isPartOf\":{\"@id\":\"https:\/\/www.icapcrif.com\/ro\/?lang=el\/#website\"},\"datePublished\":\"2022-12-07T08:57:05+00:00\",\"dateModified\":\"2022-12-07T17:10:01+00:00\",\"breadcrumb\":{\"@id\":\"https:\/\/www.icapcrif.com\/ro\/our_services\/synesgy\/#breadcrumb\"},\"inLanguage\":\"ro-RO\",\"potentialAction\":[{\"@type\":\"ReadAction\",\"target\":[\"https:\/\/www.icapcrif.com\/ro\/our_services\/synesgy\/\"]}]},{\"@type\":\"BreadcrumbList\",\"@id\":\"https:\/\/www.icapcrif.com\/ro\/our_services\/synesgy\/#breadcrumb\",\"itemListElement\":[{\"@type\":\"ListItem\",\"position\":1,\"name\":\"Home\",\"item\":\"https:\/\/www.icapcrif.com\/ro\/\"},{\"@type\":\"ListItem\",\"position\":2,\"name\":\"Servicii\",\"item\":\"https:\/\/www.icapcrif.com\/ro\/our_services\/\"},{\"@type\":\"ListItem\",\"position\":3,\"name\":\"Synesgy\"}]}]}<\/script>\n<!-- \/ Yoast SEO plugin. -->","yoast_head_json":{"title":"Synesgy - ICAP CRIF RO","robots":{"index":"index","follow":"follow","max-snippet":"max-snippet:-1","max-image-preview":"max-image-preview:large","max-video-preview":"max-video-preview:-1"},"canonical":"https:\/\/www.icapcrif.com\/ro\/our_services\/synesgy\/","og_locale":"ro_RO","og_type":"article","og_title":"Synesgy - ICAP CRIF RO","og_description":"[vc_row css_animation=&#8221;&#8221; row_type=&#8221;row&#8221; use_row_as_full_screen_section=&#8221;no&#8221; type=&#8221;full_width&#8221; angled_section=&#8221;no&#8221; text_align=&#8221;left&#8221; background_image_as_pattern=&#8221;without_pattern&#8221;][vc_column][vc_empty_space][\/vc_column][\/vc_row][vc_row css_animation=&#8221;&#8221; row_type=&#8221;row&#8221; use_row_as_full_screen_section=&#8221;no&#8221; type=&#8221;grid&#8221; angled_section=&#8221;no&#8221; text_align=&#8221;left&#8221; background_image_as_pattern=&#8221;without_pattern&#8221; z_index=&#8221;&#8221;][vc_column][vc_column_text]Platforma digital\u0103 global\u0103 Synesgy specializat\u0103 \u00een evaluarea ESG a companiilor.[\/vc_column_text][\/vc_column][\/vc_row][vc_row css_animation=&#8221;&#8221; row_type=&#8221;row&#8221; use_row_as_full_screen_section=&#8221;no&#8221; type=&#8221;grid&#8221; angled_section=&#8221;no&#8221; text_align=&#8221;left&#8221; background_image_as_pattern=&#8221;without_pattern&#8221; padding_top=&#8221;87&#8243; z_index=&#8221;&#8221; padding_bottom=&#8221;25&#8243; el_id=&#8221;Synesgy&#8221;][vc_column width=&#8221;2\/3&#8243; el_class=&#8221;button-accordion&#8221;][vc_column_text]Ce este Synesgy?[\/vc_column_text][vc_separator type=&#8221;small&#8221; position=&#8221;left&#8221; down=&#8221;34&#8243; up=&#8221;7&#8243; color=&#8221;#e46302&#8243;][vc_column_text]Synesgy...","og_url":"https:\/\/www.icapcrif.com\/ro\/our_services\/synesgy\/","og_site_name":"ICAP CRIF RO","article_publisher":"https:\/\/www.facebook.com\/ICAPCRIF\/","article_modified_time":"2022-12-07T17:10:01+00:00","twitter_card":"summary_large_image","twitter_misc":{"Timp estimat pentru citire":"3 minute"},"schema":{"@context":"https:\/\/schema.org","@graph":[{"@type":"Organization","@id":"https:\/\/www.icapcrif.com\/ro\/?lang=el\/#organization","name":"ICAP CRIF S.R.L.","url":"https:\/\/www.icapcrif.com\/ro\/?lang=el\/","sameAs":["https:\/\/www.linkedin.com\/company\/icap-crif\/","https:\/\/www.facebook.com\/ICAPCRIF\/"],"logo":{"@type":"ImageObject","inLanguage":"ro-RO","@id":"https:\/\/www.icapcrif.com\/ro\/?lang=el\/#\/schema\/logo\/image\/","url":"https:\/\/www.icapcrif.com\/ro\/wp-content\/uploads\/sites\/2\/2023\/04\/ICAPCRIF-logo.png","contentUrl":"https:\/\/www.icapcrif.com\/ro\/wp-content\/uploads\/sites\/2\/2023\/04\/ICAPCRIF-logo.png","width":1773,"height":781,"caption":"ICAP CRIF S.R.L."},"image":{"@id":"https:\/\/www.icapcrif.com\/ro\/?lang=el\/#\/schema\/logo\/image\/"}},{"@type":"WebSite","@id":"https:\/\/www.icapcrif.com\/ro\/?lang=el\/#website","url":"https:\/\/www.icapcrif.com\/ro\/?lang=el\/","name":"ICAP CRIF RO","description":"Business Information Services | ICAP CRIF in Romania","publisher":{"@id":"https:\/\/www.icapcrif.com\/ro\/?lang=el\/#organization"},"potentialAction":[{"@type":"SearchAction","target":{"@type":"EntryPoint","urlTemplate":"https:\/\/www.icapcrif.com\/ro\/?lang=el\/?s={search_term_string}"},"query-input":"required name=search_term_string"}],"inLanguage":"ro-RO"},{"@type":"WebPage","@id":"https:\/\/www.icapcrif.com\/ro\/our_services\/synesgy\/","url":"https:\/\/www.icapcrif.com\/ro\/our_services\/synesgy\/","name":"Synesgy - ICAP CRIF RO","isPartOf":{"@id":"https:\/\/www.icapcrif.com\/ro\/?lang=el\/#website"},"datePublished":"2022-12-07T08:57:05+00:00","dateModified":"2022-12-07T17:10:01+00:00","breadcrumb":{"@id":"https:\/\/www.icapcrif.com\/ro\/our_services\/synesgy\/#breadcrumb"},"inLanguage":"ro-RO","potentialAction":[{"@type":"ReadAction","target":["https:\/\/www.icapcrif.com\/ro\/our_services\/synesgy\/"]}]},{"@type":"BreadcrumbList","@id":"https:\/\/www.icapcrif.com\/ro\/our_services\/synesgy\/#breadcrumb","itemListElement":[{"@type":"ListItem","position":1,"name":"Home","item":"https:\/\/www.icapcrif.com\/ro\/"},{"@type":"ListItem","position":2,"name":"Servicii","item":"https:\/\/www.icapcrif.com\/ro\/our_services\/"},{"@type":"ListItem","position":3,"name":"Synesgy"}]}]}},"_links":{"self":[{"href":"https:\/\/www.icapcrif.com\/ro\/wp-json\/wp\/v2\/pages\/25619\/"}],"collection":[{"href":"https:\/\/www.icapcrif.com\/ro\/wp-json\/wp\/v2\/pages\/"}],"about":[{"href":"https:\/\/www.icapcrif.com\/ro\/wp-json\/wp\/v2\/types\/page\/"}],"author":[{"embeddable":true,"href":"https:\/\/www.icapcrif.com\/ro\/wp-json\/wp\/v2\/users\/4\/"}],"replies":[{"embeddable":true,"href":"https:\/\/www.icapcrif.com\/ro\/wp-json\/wp\/v2\/comments\/?post=25619"}],"version-history":[{"count":12,"href":"https:\/\/www.icapcrif.com\/ro\/wp-json\/wp\/v2\/pages\/25619\/revisions\/"}],"predecessor-version":[{"id":25652,"href":"https:\/\/www.icapcrif.com\/ro\/wp-json\/wp\/v2\/pages\/25619\/revisions\/25652\/"}],"up":[{"embeddable":true,"href":"https:\/\/www.icapcrif.com\/ro\/wp-json\/wp\/v2\/pages\/17173\/"}],"wp:attachment":[{"href":"https:\/\/www.icapcrif.com\/ro\/wp-json\/wp\/v2\/media\/?parent=25619"}],"curies":[{"name":"wp","href":"https:\/\/api.w.org\/{rel}","templated":true}]}}