{"id":27942,"date":"2023-09-01T11:19:12","date_gmt":"2023-09-01T11:19:12","guid":{"rendered":"https:\/\/www.icapcrif.com\/ro\/?page_id=27942"},"modified":"2024-04-15T13:49:51","modified_gmt":"2024-04-15T13:49:51","slug":"14th-sp-lazea","status":"publish","type":"page","link":"https:\/\/www.icapcrif.com\/ro\/14th-sp-lazea\/","title":{"rendered":"14th-sp-Lazea"},"content":{"rendered":"<p><strong><img loading=\"lazy\" decoding=\"async\" class=\"alignnone wp-image-27878\" src=\"https:\/\/www.icapcrif.com\/ro\/wp-content\/uploads\/sites\/2\/2023\/08\/Valentin-Lazea.jpg\" alt=\"\" width=\"483\" height=\"393\" \/><\/strong><\/p>\n<p><strong>Valentin Lazea<br \/>\n<\/strong>Economistul-sef<br \/>\nBancii Nationale a Romaniei<\/p>\n<p>&nbsp;<\/p>\n<p>Valentin LAZEA este Economistul-\u0219ef al B\u0103ncii Na\u021bionale a Rom\u00e2niei, precum \u0219i Pre\u0219edinte al C.A. al TransFonD S.A. De asemenea, este membru fondator \u0219i Pre\u0219edinte al Comitetului Director al Centrului Roman de Politici Economice (CEROPE). A urmat cursuri de perfec\u021bionare la prestigioase institu\u021bii, cum ar fi: <em>IMF Institute<\/em>, Washington D.C., S.U.A.; <em>Sussex University<\/em>, Brighton, Marea Britanie; <em>Instituto Giordano dell\u2019Amore<\/em>, Milano, Italia.<\/p>\n<p>&nbsp;<\/p>\n<p>A publicat, \u00een calitate de autor sau co-autor, numeroase studii \u0219i c\u0103r\u021bi de specialitate, dintre care amintim: best seller-ul O <em>istorie moral\u0103 a politicilor monetare \u0219i fiscale<\/em>, Editura Publica, 2023; <em>Prioritizarea politicilor UE \u00een cadrul procesului de revizuire a bugetului comunitar<\/em>, CEROPE, 2012; <em>Cre\u0219tere economic\u0103 \u0219i convergen\u021b\u0103<\/em>, Ed. Mustang, Bucure\u0219ti, 2008 (editor); <em>Modific\u0103ri structurale \u00een economia rom\u00e2neasc\u0103 dup\u0103 integrare<\/em>, CEROPE, 2007; <em>Taxele de mediu \u00een Rom\u00e2nia<\/em>, CEROPE, 2006; <em>The EU and Romania: Accession and Beyond<\/em>, The Federal Trust, London, 2006 (co-autor); <em>Modalit\u0103\u021bi de m\u0103surare a deficitului cvasi-fiscal \u00een Rom\u00e2nia<\/em>, CEROPE, 2005; <em>Estimarea efectului Balassa-Samuelson \u00een Rom\u00e2nia<\/em>, CEROPE, 2003; <em>Dezvoltarea rural\u0103 \u0219i reforma agriculturii \u00een Rom\u00e2nia<\/em>, CEROPE, 2004; <em>Modific\u0103ri structurale \u0219i performante economice \u00een Rom\u00e2nia<\/em>, Editura IRLI, Bucure\u0219ti, 2003 (co-editor, co-autor); <em>Condi\u021bionalit\u0103\u021bi \u00een domeniul financiar-bancar pentru admiterea Rom\u00e2niei in UE<\/em>, CEROPE, 1999. De asemenea, a participat la programe de asisten\u021b\u0103 tehnic\u0103 pentru Comisia Na\u021bional\u0103 de Prognoz\u0103, Ministerul Finan\u021belor \u0219i Cabinetul Primului Ministru, finan\u021bate prin fonduri PHARE, \u00eentre anii 2001-2007.<\/p>\n<p>&nbsp;<\/p>\n<p>&nbsp;<\/p>\n<p>&nbsp;<\/p>\n<p>&nbsp;<\/p>\n","protected":false},"excerpt":{"rendered":"<p>Valentin Lazea Economistul-sef Bancii Nationale a Romaniei &nbsp; Valentin LAZEA este Economistul-\u0219ef al B\u0103ncii Na\u021bionale a Rom\u00e2niei, precum \u0219i Pre\u0219edinte al C.A. al TransFonD S.A. De asemenea, este membru fondator \u0219i Pre\u0219edinte al Comitetului Director al Centrului Roman de Politici Economice (CEROPE). A urmat cursuri&#8230;<\/p>\n","protected":false},"author":2,"featured_media":0,"parent":0,"menu_order":0,"comment_status":"closed","ping_status":"open","template":"","meta":{"footnotes":""},"class_list":["post-27942","page","type-page","status-publish","hentry"],"yoast_head":"<!-- This site is optimized with the Yoast SEO plugin v19.3 - https:\/\/yoast.com\/wordpress\/plugins\/seo\/ -->\n<title>14th-sp-Lazea - ICAP CRIF RO<\/title>\n<meta name=\"description\" content=\"Valentin Lazea, Economistul-sef al Bancii Nationale a Romaniei\" \/>\n<meta name=\"robots\" content=\"index, follow, max-snippet:-1, max-image-preview:large, max-video-preview:-1\" \/>\n<link rel=\"canonical\" href=\"https:\/\/www.icapcrif.com\/ro\/14th-sp-lazea\/\" \/>\n<meta property=\"og:locale\" content=\"ro_RO\" \/>\n<meta property=\"og:type\" content=\"article\" \/>\n<meta property=\"og:title\" content=\"14th-sp-Lazea - ICAP CRIF RO\" \/>\n<meta property=\"og:description\" content=\"Valentin Lazea, Economistul-sef al Bancii Nationale a Romaniei\" \/>\n<meta property=\"og:url\" content=\"https:\/\/www.icapcrif.com\/ro\/14th-sp-lazea\/\" \/>\n<meta property=\"og:site_name\" content=\"ICAP CRIF RO\" \/>\n<meta property=\"article:publisher\" content=\"https:\/\/www.facebook.com\/ICAPCRIF\/\" \/>\n<meta property=\"article:modified_time\" content=\"2024-04-15T13:49:51+00:00\" \/>\n<meta property=\"og:image\" content=\"https:\/\/www.icapcrif.com\/ro\/wp-content\/uploads\/sites\/2\/2023\/08\/Valentin-Lazea.jpg\" \/>\n<meta name=\"twitter:card\" content=\"summary_large_image\" \/>\n<meta name=\"twitter:label1\" content=\"Timp estimat pentru citire\" \/>\n\t<meta name=\"twitter:data1\" content=\"2 minute\" \/>\n<script type=\"application\/ld+json\" class=\"yoast-schema-graph\">{\"@context\":\"https:\/\/schema.org\",\"@graph\":[{\"@type\":\"Organization\",\"@id\":\"https:\/\/www.icapcrif.com\/ro\/?lang=el\/#organization\",\"name\":\"ICAP CRIF S.R.L.\",\"url\":\"https:\/\/www.icapcrif.com\/ro\/?lang=el\/\",\"sameAs\":[\"https:\/\/www.linkedin.com\/company\/icap-crif\/\",\"https:\/\/www.facebook.com\/ICAPCRIF\/\"],\"logo\":{\"@type\":\"ImageObject\",\"inLanguage\":\"ro-RO\",\"@id\":\"https:\/\/www.icapcrif.com\/ro\/?lang=el\/#\/schema\/logo\/image\/\",\"url\":\"https:\/\/www.icapcrif.com\/ro\/wp-content\/uploads\/sites\/2\/2023\/04\/ICAPCRIF-logo.png\",\"contentUrl\":\"https:\/\/www.icapcrif.com\/ro\/wp-content\/uploads\/sites\/2\/2023\/04\/ICAPCRIF-logo.png\",\"width\":1773,\"height\":781,\"caption\":\"ICAP CRIF S.R.L.\"},\"image\":{\"@id\":\"https:\/\/www.icapcrif.com\/ro\/?lang=el\/#\/schema\/logo\/image\/\"}},{\"@type\":\"WebSite\",\"@id\":\"https:\/\/www.icapcrif.com\/ro\/?lang=el\/#website\",\"url\":\"https:\/\/www.icapcrif.com\/ro\/?lang=el\/\",\"name\":\"ICAP CRIF RO\",\"description\":\"Business Information Services | ICAP CRIF in Romania\",\"publisher\":{\"@id\":\"https:\/\/www.icapcrif.com\/ro\/?lang=el\/#organization\"},\"potentialAction\":[{\"@type\":\"SearchAction\",\"target\":{\"@type\":\"EntryPoint\",\"urlTemplate\":\"https:\/\/www.icapcrif.com\/ro\/?lang=el\/?s={search_term_string}\"},\"query-input\":\"required name=search_term_string\"}],\"inLanguage\":\"ro-RO\"},{\"@type\":\"ImageObject\",\"inLanguage\":\"ro-RO\",\"@id\":\"https:\/\/www.icapcrif.com\/ro\/14th-sp-lazea\/#primaryimage\",\"url\":\"https:\/\/www.icapcrif.com\/ro\/wp-content\/uploads\/sites\/2\/2023\/08\/Valentin-Lazea.jpg\",\"contentUrl\":\"https:\/\/www.icapcrif.com\/ro\/wp-content\/uploads\/sites\/2\/2023\/08\/Valentin-Lazea.jpg\",\"width\":1498,\"height\":1124},{\"@type\":\"WebPage\",\"@id\":\"https:\/\/www.icapcrif.com\/ro\/14th-sp-lazea\/\",\"url\":\"https:\/\/www.icapcrif.com\/ro\/14th-sp-lazea\/\",\"name\":\"14th-sp-Lazea - ICAP CRIF RO\",\"isPartOf\":{\"@id\":\"https:\/\/www.icapcrif.com\/ro\/?lang=el\/#website\"},\"primaryImageOfPage\":{\"@id\":\"https:\/\/www.icapcrif.com\/ro\/14th-sp-lazea\/#primaryimage\"},\"datePublished\":\"2023-09-01T11:19:12+00:00\",\"dateModified\":\"2024-04-15T13:49:51+00:00\",\"description\":\"Valentin Lazea, Economistul-sef al Bancii Nationale a Romaniei\",\"breadcrumb\":{\"@id\":\"https:\/\/www.icapcrif.com\/ro\/14th-sp-lazea\/#breadcrumb\"},\"inLanguage\":\"ro-RO\",\"potentialAction\":[{\"@type\":\"ReadAction\",\"target\":[\"https:\/\/www.icapcrif.com\/ro\/14th-sp-lazea\/\"]}]},{\"@type\":\"BreadcrumbList\",\"@id\":\"https:\/\/www.icapcrif.com\/ro\/14th-sp-lazea\/#breadcrumb\",\"itemListElement\":[{\"@type\":\"ListItem\",\"position\":1,\"name\":\"Home\",\"item\":\"https:\/\/www.icapcrif.com\/ro\/\"},{\"@type\":\"ListItem\",\"position\":2,\"name\":\"14th-sp-Lazea\"}]}]}<\/script>\n<!-- \/ Yoast SEO plugin. -->","yoast_head_json":{"title":"14th-sp-Lazea - ICAP CRIF RO","description":"Valentin Lazea, Economistul-sef al Bancii Nationale a Romaniei","robots":{"index":"index","follow":"follow","max-snippet":"max-snippet:-1","max-image-preview":"max-image-preview:large","max-video-preview":"max-video-preview:-1"},"canonical":"https:\/\/www.icapcrif.com\/ro\/14th-sp-lazea\/","og_locale":"ro_RO","og_type":"article","og_title":"14th-sp-Lazea - ICAP CRIF RO","og_description":"Valentin Lazea, Economistul-sef al Bancii Nationale a Romaniei","og_url":"https:\/\/www.icapcrif.com\/ro\/14th-sp-lazea\/","og_site_name":"ICAP CRIF RO","article_publisher":"https:\/\/www.facebook.com\/ICAPCRIF\/","article_modified_time":"2024-04-15T13:49:51+00:00","og_image":[{"url":"https:\/\/www.icapcrif.com\/ro\/wp-content\/uploads\/sites\/2\/2023\/08\/Valentin-Lazea.jpg"}],"twitter_card":"summary_large_image","twitter_misc":{"Timp estimat pentru citire":"2 minute"},"schema":{"@context":"https:\/\/schema.org","@graph":[{"@type":"Organization","@id":"https:\/\/www.icapcrif.com\/ro\/?lang=el\/#organization","name":"ICAP CRIF S.R.L.","url":"https:\/\/www.icapcrif.com\/ro\/?lang=el\/","sameAs":["https:\/\/www.linkedin.com\/company\/icap-crif\/","https:\/\/www.facebook.com\/ICAPCRIF\/"],"logo":{"@type":"ImageObject","inLanguage":"ro-RO","@id":"https:\/\/www.icapcrif.com\/ro\/?lang=el\/#\/schema\/logo\/image\/","url":"https:\/\/www.icapcrif.com\/ro\/wp-content\/uploads\/sites\/2\/2023\/04\/ICAPCRIF-logo.png","contentUrl":"https:\/\/www.icapcrif.com\/ro\/wp-content\/uploads\/sites\/2\/2023\/04\/ICAPCRIF-logo.png","width":1773,"height":781,"caption":"ICAP CRIF S.R.L."},"image":{"@id":"https:\/\/www.icapcrif.com\/ro\/?lang=el\/#\/schema\/logo\/image\/"}},{"@type":"WebSite","@id":"https:\/\/www.icapcrif.com\/ro\/?lang=el\/#website","url":"https:\/\/www.icapcrif.com\/ro\/?lang=el\/","name":"ICAP CRIF RO","description":"Business Information Services | ICAP CRIF in Romania","publisher":{"@id":"https:\/\/www.icapcrif.com\/ro\/?lang=el\/#organization"},"potentialAction":[{"@type":"SearchAction","target":{"@type":"EntryPoint","urlTemplate":"https:\/\/www.icapcrif.com\/ro\/?lang=el\/?s={search_term_string}"},"query-input":"required name=search_term_string"}],"inLanguage":"ro-RO"},{"@type":"ImageObject","inLanguage":"ro-RO","@id":"https:\/\/www.icapcrif.com\/ro\/14th-sp-lazea\/#primaryimage","url":"https:\/\/www.icapcrif.com\/ro\/wp-content\/uploads\/sites\/2\/2023\/08\/Valentin-Lazea.jpg","contentUrl":"https:\/\/www.icapcrif.com\/ro\/wp-content\/uploads\/sites\/2\/2023\/08\/Valentin-Lazea.jpg","width":1498,"height":1124},{"@type":"WebPage","@id":"https:\/\/www.icapcrif.com\/ro\/14th-sp-lazea\/","url":"https:\/\/www.icapcrif.com\/ro\/14th-sp-lazea\/","name":"14th-sp-Lazea - ICAP CRIF RO","isPartOf":{"@id":"https:\/\/www.icapcrif.com\/ro\/?lang=el\/#website"},"primaryImageOfPage":{"@id":"https:\/\/www.icapcrif.com\/ro\/14th-sp-lazea\/#primaryimage"},"datePublished":"2023-09-01T11:19:12+00:00","dateModified":"2024-04-15T13:49:51+00:00","description":"Valentin Lazea, Economistul-sef al Bancii Nationale a Romaniei","breadcrumb":{"@id":"https:\/\/www.icapcrif.com\/ro\/14th-sp-lazea\/#breadcrumb"},"inLanguage":"ro-RO","potentialAction":[{"@type":"ReadAction","target":["https:\/\/www.icapcrif.com\/ro\/14th-sp-lazea\/"]}]},{"@type":"BreadcrumbList","@id":"https:\/\/www.icapcrif.com\/ro\/14th-sp-lazea\/#breadcrumb","itemListElement":[{"@type":"ListItem","position":1,"name":"Home","item":"https:\/\/www.icapcrif.com\/ro\/"},{"@type":"ListItem","position":2,"name":"14th-sp-Lazea"}]}]}},"_links":{"self":[{"href":"https:\/\/www.icapcrif.com\/ro\/wp-json\/wp\/v2\/pages\/27942\/"}],"collection":[{"href":"https:\/\/www.icapcrif.com\/ro\/wp-json\/wp\/v2\/pages\/"}],"about":[{"href":"https:\/\/www.icapcrif.com\/ro\/wp-json\/wp\/v2\/types\/page\/"}],"author":[{"embeddable":true,"href":"https:\/\/www.icapcrif.com\/ro\/wp-json\/wp\/v2\/users\/2\/"}],"replies":[{"embeddable":true,"href":"https:\/\/www.icapcrif.com\/ro\/wp-json\/wp\/v2\/comments\/?post=27942"}],"version-history":[{"count":4,"href":"https:\/\/www.icapcrif.com\/ro\/wp-json\/wp\/v2\/pages\/27942\/revisions\/"}],"predecessor-version":[{"id":30827,"href":"https:\/\/www.icapcrif.com\/ro\/wp-json\/wp\/v2\/pages\/27942\/revisions\/30827\/"}],"wp:attachment":[{"href":"https:\/\/www.icapcrif.com\/ro\/wp-json\/wp\/v2\/media\/?parent=27942"}],"curies":[{"name":"wp","href":"https:\/\/api.w.org\/{rel}","templated":true}]}}