{"id":28271,"date":"2023-09-27T07:32:44","date_gmt":"2023-09-27T07:32:44","guid":{"rendered":"https:\/\/www.icapcrif.com\/ro\/?page_id=28271"},"modified":"2023-10-06T08:14:36","modified_gmt":"2023-10-06T08:14:36","slug":"14th-sp-caramilea","status":"publish","type":"page","link":"https:\/\/www.icapcrif.com\/ro\/14th-sp-caramilea\/","title":{"rendered":"14th-sp-Caramilea"},"content":{"rendered":"<p><img loading=\"lazy\" decoding=\"async\" class=\"alignnone size-medium wp-image-28273\" src=\"https:\/\/www.icapcrif.com\/ro\/wp-content\/uploads\/sites\/2\/2023\/09\/Caramilea-Magdalena-web-207x300.jpg\" alt=\"\" width=\"207\" height=\"300\" srcset=\"https:\/\/www.icapcrif.com\/ro\/wp-content\/uploads\/sites\/2\/2023\/09\/Caramilea-Magdalena-web-207x300.jpg 207w, https:\/\/www.icapcrif.com\/ro\/wp-content\/uploads\/sites\/2\/2023\/09\/Caramilea-Magdalena-web.jpg 504w\" sizes=\"(max-width: 207px) 100vw, 207px\" \/><\/p>\n<p><strong>Magdalena Caramilea<\/strong><br \/>\nDirector Sustenabilitate<br \/>\nAutonom<\/p>\n<p>&nbsp;<\/p>\n<p>Magdalena Caramilea este Director de Sustenabilitate \u00een cadrul Grupului Autonom \u0219i are ca principale responsabilit\u0103\u021bi dezvoltarea sustenabil\u0103 a companiei, raportarea non-financiar\u0103 \u0219i planificarea scenariilor aferente, fiind activ implicat\u0103 \u0219i \u00een comunicarea cu investitorii \u0219i extinderea con\u0219tientiz\u0103rii impactului \u00een mediu \u0219i societate, \u00een r\u00e2ndul colegilor \u0219i partenerilor de business.<\/p>\n<p>&nbsp;<\/p>\n<p>Adept\u0103 a sustenabilit\u0103\u021bii \u00een via\u021ba de zi cu zi, acas\u0103 \u0219i \u00een afaceri deopotriv\u0103, este pasionat\u0103 de oameni \u0219i de natur\u0103, folosind c\u0103l\u0103toriile ca modalitate de a \u00een\u021belege lumea \u0219i de a se implica \u00een diverse proiecte umanitare. Av\u00e2nd &#8220;Evolueaz\u0103 zilnic&#8221; ca valoare de baz\u0103 \u0219i proces de \u00eenv\u0103\u021bare continu\u0103, Magdalena a ales \u00een ultimii ani diverse sisteme de formare, na\u021bional\u0103 sau interna\u021bional\u0103, printre care un program de \u201cFinancial Markets\u201d la Yale University, \u201eFast Track MBA\u201d la BISM (Bucharest International School of Management) \u0219i programul \u201eGuveran\u021b\u0103 Corporativ\u0103 care creeaz\u0103 Valoare\u201d dezvoltat de ENVISIA Boards of Elite \u00een parteneriat cu BVB.<\/p>\n<p>&nbsp;<\/p>\n<p>In rolul recent de sustenabilitate, Magdalena este certificat\u0103 drept <a href=\"https:\/\/www.iase-certifications.com\/\">INTERNATIONAL SUSTAINABLE BUSINESS<\/a>\u00ae Specialist de c\u0103tre IASE, specializare completat\u0103 \u0219i de alte programe specifice cum ar fi Green, Social and Sustainable Bonds sub egida IFC Green Bond Technical Assistance Program (GB-TAP), Rotterdam School of Management sau GRI Reporting and Standards.<\/p>\n<p>&nbsp;<\/p>\n<p>&nbsp;<\/p>\n<p>&nbsp;<\/p>\n","protected":false},"excerpt":{"rendered":"<p>Magdalena Caramilea Director Sustenabilitate Autonom &nbsp; Magdalena Caramilea este Director de Sustenabilitate \u00een cadrul Grupului Autonom \u0219i are ca principale responsabilit\u0103\u021bi dezvoltarea sustenabil\u0103 a companiei, raportarea non-financiar\u0103 \u0219i planificarea scenariilor aferente, fiind activ implicat\u0103 \u0219i \u00een comunicarea cu investitorii \u0219i extinderea con\u0219tientiz\u0103rii impactului \u00een mediu&#8230;<\/p>\n","protected":false},"author":4,"featured_media":0,"parent":0,"menu_order":0,"comment_status":"closed","ping_status":"open","template":"","meta":{"footnotes":""},"class_list":["post-28271","page","type-page","status-publish","hentry"],"yoast_head":"<!-- This site is optimized with the Yoast SEO plugin v19.3 - https:\/\/yoast.com\/wordpress\/plugins\/seo\/ -->\n<title>14th-sp-Caramilea - ICAP CRIF RO<\/title>\n<meta name=\"description\" content=\"Dr George Christodoulakis, Membru al consiliului de administratie ICAP CRIF, Manager al Agentiei de Credit Rating\" \/>\n<meta name=\"robots\" content=\"index, follow, max-snippet:-1, max-image-preview:large, max-video-preview:-1\" \/>\n<link rel=\"canonical\" href=\"https:\/\/www.icapcrif.com\/ro\/14th-sp-caramilea\/\" \/>\n<meta property=\"og:locale\" content=\"ro_RO\" \/>\n<meta property=\"og:type\" content=\"article\" \/>\n<meta property=\"og:title\" content=\"14th-sp-Caramilea - ICAP CRIF RO\" \/>\n<meta property=\"og:description\" content=\"Dr George Christodoulakis, Membru al consiliului de administratie ICAP CRIF, Manager al Agentiei de Credit Rating\" \/>\n<meta property=\"og:url\" content=\"https:\/\/www.icapcrif.com\/ro\/14th-sp-caramilea\/\" \/>\n<meta property=\"og:site_name\" content=\"ICAP CRIF RO\" \/>\n<meta property=\"article:publisher\" content=\"https:\/\/www.facebook.com\/ICAPCRIF\/\" \/>\n<meta property=\"article:modified_time\" content=\"2023-10-06T08:14:36+00:00\" \/>\n<meta property=\"og:image\" content=\"https:\/\/www.icapcrif.com\/ro\/wp-content\/uploads\/sites\/2\/2023\/09\/Caramilea-Magdalena-web-207x300.jpg\" \/>\n<meta name=\"twitter:card\" content=\"summary_large_image\" \/>\n<meta name=\"twitter:label1\" content=\"Timp estimat pentru citire\" \/>\n\t<meta name=\"twitter:data1\" content=\"2 minute\" \/>\n<script type=\"application\/ld+json\" class=\"yoast-schema-graph\">{\"@context\":\"https:\/\/schema.org\",\"@graph\":[{\"@type\":\"Organization\",\"@id\":\"https:\/\/www.icapcrif.com\/ro\/?lang=el\/#organization\",\"name\":\"ICAP CRIF S.R.L.\",\"url\":\"https:\/\/www.icapcrif.com\/ro\/?lang=el\/\",\"sameAs\":[\"https:\/\/www.linkedin.com\/company\/icap-crif\/\",\"https:\/\/www.facebook.com\/ICAPCRIF\/\"],\"logo\":{\"@type\":\"ImageObject\",\"inLanguage\":\"ro-RO\",\"@id\":\"https:\/\/www.icapcrif.com\/ro\/?lang=el\/#\/schema\/logo\/image\/\",\"url\":\"https:\/\/www.icapcrif.com\/ro\/wp-content\/uploads\/sites\/2\/2023\/04\/ICAPCRIF-logo.png\",\"contentUrl\":\"https:\/\/www.icapcrif.com\/ro\/wp-content\/uploads\/sites\/2\/2023\/04\/ICAPCRIF-logo.png\",\"width\":1773,\"height\":781,\"caption\":\"ICAP CRIF S.R.L.\"},\"image\":{\"@id\":\"https:\/\/www.icapcrif.com\/ro\/?lang=el\/#\/schema\/logo\/image\/\"}},{\"@type\":\"WebSite\",\"@id\":\"https:\/\/www.icapcrif.com\/ro\/?lang=el\/#website\",\"url\":\"https:\/\/www.icapcrif.com\/ro\/?lang=el\/\",\"name\":\"ICAP CRIF RO\",\"description\":\"Business Information Services | ICAP CRIF in Romania\",\"publisher\":{\"@id\":\"https:\/\/www.icapcrif.com\/ro\/?lang=el\/#organization\"},\"potentialAction\":[{\"@type\":\"SearchAction\",\"target\":{\"@type\":\"EntryPoint\",\"urlTemplate\":\"https:\/\/www.icapcrif.com\/ro\/?lang=el\/?s={search_term_string}\"},\"query-input\":\"required name=search_term_string\"}],\"inLanguage\":\"ro-RO\"},{\"@type\":\"ImageObject\",\"inLanguage\":\"ro-RO\",\"@id\":\"https:\/\/www.icapcrif.com\/ro\/14th-sp-caramilea\/#primaryimage\",\"url\":\"https:\/\/www.icapcrif.com\/ro\/wp-content\/uploads\/sites\/2\/2023\/09\/Caramilea-Magdalena-web.jpg\",\"contentUrl\":\"https:\/\/www.icapcrif.com\/ro\/wp-content\/uploads\/sites\/2\/2023\/09\/Caramilea-Magdalena-web.jpg\",\"width\":504,\"height\":732},{\"@type\":\"WebPage\",\"@id\":\"https:\/\/www.icapcrif.com\/ro\/14th-sp-caramilea\/\",\"url\":\"https:\/\/www.icapcrif.com\/ro\/14th-sp-caramilea\/\",\"name\":\"14th-sp-Caramilea - ICAP CRIF RO\",\"isPartOf\":{\"@id\":\"https:\/\/www.icapcrif.com\/ro\/?lang=el\/#website\"},\"primaryImageOfPage\":{\"@id\":\"https:\/\/www.icapcrif.com\/ro\/14th-sp-caramilea\/#primaryimage\"},\"datePublished\":\"2023-09-27T07:32:44+00:00\",\"dateModified\":\"2023-10-06T08:14:36+00:00\",\"description\":\"Dr George Christodoulakis, Membru al consiliului de administratie ICAP CRIF, Manager al Agentiei de Credit Rating\",\"breadcrumb\":{\"@id\":\"https:\/\/www.icapcrif.com\/ro\/14th-sp-caramilea\/#breadcrumb\"},\"inLanguage\":\"ro-RO\",\"potentialAction\":[{\"@type\":\"ReadAction\",\"target\":[\"https:\/\/www.icapcrif.com\/ro\/14th-sp-caramilea\/\"]}]},{\"@type\":\"BreadcrumbList\",\"@id\":\"https:\/\/www.icapcrif.com\/ro\/14th-sp-caramilea\/#breadcrumb\",\"itemListElement\":[{\"@type\":\"ListItem\",\"position\":1,\"name\":\"Home\",\"item\":\"https:\/\/www.icapcrif.com\/ro\/\"},{\"@type\":\"ListItem\",\"position\":2,\"name\":\"14th-sp-Caramilea\"}]}]}<\/script>\n<!-- \/ Yoast SEO plugin. -->","yoast_head_json":{"title":"14th-sp-Caramilea - ICAP CRIF RO","description":"Dr George Christodoulakis, Membru al consiliului de administratie ICAP CRIF, Manager al Agentiei de Credit Rating","robots":{"index":"index","follow":"follow","max-snippet":"max-snippet:-1","max-image-preview":"max-image-preview:large","max-video-preview":"max-video-preview:-1"},"canonical":"https:\/\/www.icapcrif.com\/ro\/14th-sp-caramilea\/","og_locale":"ro_RO","og_type":"article","og_title":"14th-sp-Caramilea - ICAP CRIF RO","og_description":"Dr George Christodoulakis, Membru al consiliului de administratie ICAP CRIF, Manager al Agentiei de Credit Rating","og_url":"https:\/\/www.icapcrif.com\/ro\/14th-sp-caramilea\/","og_site_name":"ICAP CRIF RO","article_publisher":"https:\/\/www.facebook.com\/ICAPCRIF\/","article_modified_time":"2023-10-06T08:14:36+00:00","og_image":[{"url":"https:\/\/www.icapcrif.com\/ro\/wp-content\/uploads\/sites\/2\/2023\/09\/Caramilea-Magdalena-web-207x300.jpg"}],"twitter_card":"summary_large_image","twitter_misc":{"Timp estimat pentru citire":"2 minute"},"schema":{"@context":"https:\/\/schema.org","@graph":[{"@type":"Organization","@id":"https:\/\/www.icapcrif.com\/ro\/?lang=el\/#organization","name":"ICAP CRIF S.R.L.","url":"https:\/\/www.icapcrif.com\/ro\/?lang=el\/","sameAs":["https:\/\/www.linkedin.com\/company\/icap-crif\/","https:\/\/www.facebook.com\/ICAPCRIF\/"],"logo":{"@type":"ImageObject","inLanguage":"ro-RO","@id":"https:\/\/www.icapcrif.com\/ro\/?lang=el\/#\/schema\/logo\/image\/","url":"https:\/\/www.icapcrif.com\/ro\/wp-content\/uploads\/sites\/2\/2023\/04\/ICAPCRIF-logo.png","contentUrl":"https:\/\/www.icapcrif.com\/ro\/wp-content\/uploads\/sites\/2\/2023\/04\/ICAPCRIF-logo.png","width":1773,"height":781,"caption":"ICAP CRIF S.R.L."},"image":{"@id":"https:\/\/www.icapcrif.com\/ro\/?lang=el\/#\/schema\/logo\/image\/"}},{"@type":"WebSite","@id":"https:\/\/www.icapcrif.com\/ro\/?lang=el\/#website","url":"https:\/\/www.icapcrif.com\/ro\/?lang=el\/","name":"ICAP CRIF RO","description":"Business Information Services | ICAP CRIF in Romania","publisher":{"@id":"https:\/\/www.icapcrif.com\/ro\/?lang=el\/#organization"},"potentialAction":[{"@type":"SearchAction","target":{"@type":"EntryPoint","urlTemplate":"https:\/\/www.icapcrif.com\/ro\/?lang=el\/?s={search_term_string}"},"query-input":"required name=search_term_string"}],"inLanguage":"ro-RO"},{"@type":"ImageObject","inLanguage":"ro-RO","@id":"https:\/\/www.icapcrif.com\/ro\/14th-sp-caramilea\/#primaryimage","url":"https:\/\/www.icapcrif.com\/ro\/wp-content\/uploads\/sites\/2\/2023\/09\/Caramilea-Magdalena-web.jpg","contentUrl":"https:\/\/www.icapcrif.com\/ro\/wp-content\/uploads\/sites\/2\/2023\/09\/Caramilea-Magdalena-web.jpg","width":504,"height":732},{"@type":"WebPage","@id":"https:\/\/www.icapcrif.com\/ro\/14th-sp-caramilea\/","url":"https:\/\/www.icapcrif.com\/ro\/14th-sp-caramilea\/","name":"14th-sp-Caramilea - ICAP CRIF RO","isPartOf":{"@id":"https:\/\/www.icapcrif.com\/ro\/?lang=el\/#website"},"primaryImageOfPage":{"@id":"https:\/\/www.icapcrif.com\/ro\/14th-sp-caramilea\/#primaryimage"},"datePublished":"2023-09-27T07:32:44+00:00","dateModified":"2023-10-06T08:14:36+00:00","description":"Dr George Christodoulakis, Membru al consiliului de administratie ICAP CRIF, Manager al Agentiei de Credit Rating","breadcrumb":{"@id":"https:\/\/www.icapcrif.com\/ro\/14th-sp-caramilea\/#breadcrumb"},"inLanguage":"ro-RO","potentialAction":[{"@type":"ReadAction","target":["https:\/\/www.icapcrif.com\/ro\/14th-sp-caramilea\/"]}]},{"@type":"BreadcrumbList","@id":"https:\/\/www.icapcrif.com\/ro\/14th-sp-caramilea\/#breadcrumb","itemListElement":[{"@type":"ListItem","position":1,"name":"Home","item":"https:\/\/www.icapcrif.com\/ro\/"},{"@type":"ListItem","position":2,"name":"14th-sp-Caramilea"}]}]}},"_links":{"self":[{"href":"https:\/\/www.icapcrif.com\/ro\/wp-json\/wp\/v2\/pages\/28271\/"}],"collection":[{"href":"https:\/\/www.icapcrif.com\/ro\/wp-json\/wp\/v2\/pages\/"}],"about":[{"href":"https:\/\/www.icapcrif.com\/ro\/wp-json\/wp\/v2\/types\/page\/"}],"author":[{"embeddable":true,"href":"https:\/\/www.icapcrif.com\/ro\/wp-json\/wp\/v2\/users\/4\/"}],"replies":[{"embeddable":true,"href":"https:\/\/www.icapcrif.com\/ro\/wp-json\/wp\/v2\/comments\/?post=28271"}],"version-history":[{"count":4,"href":"https:\/\/www.icapcrif.com\/ro\/wp-json\/wp\/v2\/pages\/28271\/revisions\/"}],"predecessor-version":[{"id":28438,"href":"https:\/\/www.icapcrif.com\/ro\/wp-json\/wp\/v2\/pages\/28271\/revisions\/28438\/"}],"wp:attachment":[{"href":"https:\/\/www.icapcrif.com\/ro\/wp-json\/wp\/v2\/media\/?parent=28271"}],"curies":[{"name":"wp","href":"https:\/\/api.w.org\/{rel}","templated":true}]}}