{"id":28321,"date":"2023-09-28T07:32:23","date_gmt":"2023-09-28T07:32:23","guid":{"rendered":"https:\/\/www.icapcrif.com\/ro\/?page_id=28321"},"modified":"2023-09-28T07:32:23","modified_gmt":"2023-09-28T07:32:23","slug":"14th-sp-oprea","status":"publish","type":"page","link":"https:\/\/www.icapcrif.com\/ro\/14th-sp-oprea\/","title":{"rendered":"14th-sp-Oprea"},"content":{"rendered":"<p><img loading=\"lazy\" decoding=\"async\" class=\"alignnone size-medium wp-image-28323\" src=\"https:\/\/www.icapcrif.com\/ro\/wp-content\/uploads\/sites\/2\/2023\/09\/Oana-Oprea-225x300.jpeg\" alt=\"\" width=\"225\" height=\"300\" srcset=\"https:\/\/www.icapcrif.com\/ro\/wp-content\/uploads\/sites\/2\/2023\/09\/Oana-Oprea-225x300.jpeg 225w, https:\/\/www.icapcrif.com\/ro\/wp-content\/uploads\/sites\/2\/2023\/09\/Oana-Oprea-768x1024.jpeg 768w, https:\/\/www.icapcrif.com\/ro\/wp-content\/uploads\/sites\/2\/2023\/09\/Oana-Oprea-1152x1536.jpeg 1152w, https:\/\/www.icapcrif.com\/ro\/wp-content\/uploads\/sites\/2\/2023\/09\/Oana-Oprea-600x800.jpeg 600w, https:\/\/www.icapcrif.com\/ro\/wp-content\/uploads\/sites\/2\/2023\/09\/Oana-Oprea-700x933.jpeg 700w, https:\/\/www.icapcrif.com\/ro\/wp-content\/uploads\/sites\/2\/2023\/09\/Oana-Oprea.jpeg 1536w\" sizes=\"(max-width: 225px) 100vw, 225px\" \/><\/p>\n<p><strong>Oana Oprea<\/strong><br \/>\nOfi\u021ber de grup protec\u021bia datelor, risc \u0219i conformitate<br \/>\nNepi Rockcastle<\/p>\n<p>&nbsp;<\/p>\n<p>Oana Oprea este \u00een prezent Group DPO, Compliance and Risk Officer \u00een NEPI Rockcastle Group, principalul proprietar \u0219i operator de centre comerciale din Europa Central\u0103 \u0219i de Est. Oana num\u0103r\u0103 peste 18 ani \u00een domeniul bancar \u0219i peste cinci ani \u00een industria imobiliar\u0103 de retail. Ea are experien\u021b\u0103 \u0219i a gestionat domenii precum juridic, conformitate, managementul riscurilor, protec\u021bia datelor \u0219i continuitatea afacerii. Este licen\u021biat\u0103 \u00een drept \u0219i \u0219tiin\u021be politice \u0219i are un doctorat \u00een drept comercial, este certificat\u0103 ca profesionist \u0219i manager \u00een domeniul confiden\u021bialit\u0103\u021bii datelor (CIPP\/E, CIPM) de c\u0103tre Asocia\u021bia Interna\u021bional\u0103 a Profesioni\u015ftilor \u00een Confiden\u021bialitate \u0219i de\u021bine alte certific\u0103ri profesionale \u00een conformitate, confiden\u021bialitatea datelor, management de proiect \u0219i instruire. Ea este, de asemenea, membr\u0103 a grupului de lucru al Consiliului European al Locurilor de Cump\u0103r\u0103turi &#8211; Risc \u0219i Rezilien\u021b\u0103. Oana este activ\u0103 ca trainer certificat \u00een proiecte private.<\/p>\n<p>&nbsp;<\/p>\n<p>&nbsp;<\/p>\n","protected":false},"excerpt":{"rendered":"<p>Oana Oprea Ofi\u021ber de grup protec\u021bia datelor, risc \u0219i conformitate Nepi Rockcastle &nbsp; Oana Oprea este \u00een prezent Group DPO, Compliance and Risk Officer \u00een NEPI Rockcastle Group, principalul proprietar \u0219i operator de centre comerciale din Europa Central\u0103 \u0219i de Est. Oana num\u0103r\u0103 peste 18&#8230;<\/p>\n","protected":false},"author":4,"featured_media":0,"parent":0,"menu_order":0,"comment_status":"closed","ping_status":"open","template":"","meta":{"footnotes":""},"class_list":["post-28321","page","type-page","status-publish","hentry"],"yoast_head":"<!-- This site is optimized with the Yoast SEO plugin v19.3 - https:\/\/yoast.com\/wordpress\/plugins\/seo\/ -->\n<title>14th-sp-Oprea - ICAP CRIF RO<\/title>\n<meta name=\"description\" content=\"Valentin Lazea, Economistul-sef al Bancii Nationale a Romaniei\" \/>\n<meta name=\"robots\" content=\"index, follow, max-snippet:-1, max-image-preview:large, max-video-preview:-1\" \/>\n<link rel=\"canonical\" href=\"https:\/\/www.icapcrif.com\/ro\/14th-sp-oprea\/\" \/>\n<meta property=\"og:locale\" content=\"ro_RO\" \/>\n<meta property=\"og:type\" content=\"article\" \/>\n<meta property=\"og:title\" content=\"14th-sp-Oprea - ICAP CRIF RO\" \/>\n<meta property=\"og:description\" content=\"Valentin Lazea, Economistul-sef al Bancii Nationale a Romaniei\" \/>\n<meta property=\"og:url\" content=\"https:\/\/www.icapcrif.com\/ro\/14th-sp-oprea\/\" \/>\n<meta property=\"og:site_name\" content=\"ICAP CRIF RO\" \/>\n<meta property=\"article:publisher\" content=\"https:\/\/www.facebook.com\/ICAPCRIF\/\" \/>\n<meta property=\"og:image\" content=\"https:\/\/www.icapcrif.com\/ro\/wp-content\/uploads\/sites\/2\/2023\/09\/Oana-Oprea-225x300.jpeg\" \/>\n<meta name=\"twitter:card\" content=\"summary_large_image\" \/>\n<meta name=\"twitter:label1\" content=\"Timp estimat pentru citire\" \/>\n\t<meta name=\"twitter:data1\" content=\"1 minut\" \/>\n<script type=\"application\/ld+json\" class=\"yoast-schema-graph\">{\"@context\":\"https:\/\/schema.org\",\"@graph\":[{\"@type\":\"Organization\",\"@id\":\"https:\/\/www.icapcrif.com\/ro\/?lang=el\/#organization\",\"name\":\"ICAP CRIF S.R.L.\",\"url\":\"https:\/\/www.icapcrif.com\/ro\/?lang=el\/\",\"sameAs\":[\"https:\/\/www.linkedin.com\/company\/icap-crif\/\",\"https:\/\/www.facebook.com\/ICAPCRIF\/\"],\"logo\":{\"@type\":\"ImageObject\",\"inLanguage\":\"ro-RO\",\"@id\":\"https:\/\/www.icapcrif.com\/ro\/?lang=el\/#\/schema\/logo\/image\/\",\"url\":\"https:\/\/www.icapcrif.com\/ro\/wp-content\/uploads\/sites\/2\/2023\/04\/ICAPCRIF-logo.png\",\"contentUrl\":\"https:\/\/www.icapcrif.com\/ro\/wp-content\/uploads\/sites\/2\/2023\/04\/ICAPCRIF-logo.png\",\"width\":1773,\"height\":781,\"caption\":\"ICAP CRIF S.R.L.\"},\"image\":{\"@id\":\"https:\/\/www.icapcrif.com\/ro\/?lang=el\/#\/schema\/logo\/image\/\"}},{\"@type\":\"WebSite\",\"@id\":\"https:\/\/www.icapcrif.com\/ro\/?lang=el\/#website\",\"url\":\"https:\/\/www.icapcrif.com\/ro\/?lang=el\/\",\"name\":\"ICAP CRIF RO\",\"description\":\"Business Information Services | ICAP CRIF in Romania\",\"publisher\":{\"@id\":\"https:\/\/www.icapcrif.com\/ro\/?lang=el\/#organization\"},\"potentialAction\":[{\"@type\":\"SearchAction\",\"target\":{\"@type\":\"EntryPoint\",\"urlTemplate\":\"https:\/\/www.icapcrif.com\/ro\/?lang=el\/?s={search_term_string}\"},\"query-input\":\"required name=search_term_string\"}],\"inLanguage\":\"ro-RO\"},{\"@type\":\"ImageObject\",\"inLanguage\":\"ro-RO\",\"@id\":\"https:\/\/www.icapcrif.com\/ro\/14th-sp-oprea\/#primaryimage\",\"url\":\"https:\/\/www.icapcrif.com\/ro\/wp-content\/uploads\/sites\/2\/2023\/09\/Oana-Oprea.jpeg\",\"contentUrl\":\"https:\/\/www.icapcrif.com\/ro\/wp-content\/uploads\/sites\/2\/2023\/09\/Oana-Oprea.jpeg\",\"width\":1536,\"height\":2048},{\"@type\":\"WebPage\",\"@id\":\"https:\/\/www.icapcrif.com\/ro\/14th-sp-oprea\/\",\"url\":\"https:\/\/www.icapcrif.com\/ro\/14th-sp-oprea\/\",\"name\":\"14th-sp-Oprea - ICAP CRIF RO\",\"isPartOf\":{\"@id\":\"https:\/\/www.icapcrif.com\/ro\/?lang=el\/#website\"},\"primaryImageOfPage\":{\"@id\":\"https:\/\/www.icapcrif.com\/ro\/14th-sp-oprea\/#primaryimage\"},\"datePublished\":\"2023-09-28T07:32:23+00:00\",\"dateModified\":\"2023-09-28T07:32:23+00:00\",\"description\":\"Valentin Lazea, Economistul-sef al Bancii Nationale a Romaniei\",\"breadcrumb\":{\"@id\":\"https:\/\/www.icapcrif.com\/ro\/14th-sp-oprea\/#breadcrumb\"},\"inLanguage\":\"ro-RO\",\"potentialAction\":[{\"@type\":\"ReadAction\",\"target\":[\"https:\/\/www.icapcrif.com\/ro\/14th-sp-oprea\/\"]}]},{\"@type\":\"BreadcrumbList\",\"@id\":\"https:\/\/www.icapcrif.com\/ro\/14th-sp-oprea\/#breadcrumb\",\"itemListElement\":[{\"@type\":\"ListItem\",\"position\":1,\"name\":\"Home\",\"item\":\"https:\/\/www.icapcrif.com\/ro\/\"},{\"@type\":\"ListItem\",\"position\":2,\"name\":\"14th-sp-Oprea\"}]}]}<\/script>\n<!-- \/ Yoast SEO plugin. -->","yoast_head_json":{"title":"14th-sp-Oprea - ICAP CRIF RO","description":"Valentin Lazea, Economistul-sef al Bancii Nationale a Romaniei","robots":{"index":"index","follow":"follow","max-snippet":"max-snippet:-1","max-image-preview":"max-image-preview:large","max-video-preview":"max-video-preview:-1"},"canonical":"https:\/\/www.icapcrif.com\/ro\/14th-sp-oprea\/","og_locale":"ro_RO","og_type":"article","og_title":"14th-sp-Oprea - ICAP CRIF RO","og_description":"Valentin Lazea, Economistul-sef al Bancii Nationale a Romaniei","og_url":"https:\/\/www.icapcrif.com\/ro\/14th-sp-oprea\/","og_site_name":"ICAP CRIF RO","article_publisher":"https:\/\/www.facebook.com\/ICAPCRIF\/","og_image":[{"url":"https:\/\/www.icapcrif.com\/ro\/wp-content\/uploads\/sites\/2\/2023\/09\/Oana-Oprea-225x300.jpeg"}],"twitter_card":"summary_large_image","twitter_misc":{"Timp estimat pentru citire":"1 minut"},"schema":{"@context":"https:\/\/schema.org","@graph":[{"@type":"Organization","@id":"https:\/\/www.icapcrif.com\/ro\/?lang=el\/#organization","name":"ICAP CRIF S.R.L.","url":"https:\/\/www.icapcrif.com\/ro\/?lang=el\/","sameAs":["https:\/\/www.linkedin.com\/company\/icap-crif\/","https:\/\/www.facebook.com\/ICAPCRIF\/"],"logo":{"@type":"ImageObject","inLanguage":"ro-RO","@id":"https:\/\/www.icapcrif.com\/ro\/?lang=el\/#\/schema\/logo\/image\/","url":"https:\/\/www.icapcrif.com\/ro\/wp-content\/uploads\/sites\/2\/2023\/04\/ICAPCRIF-logo.png","contentUrl":"https:\/\/www.icapcrif.com\/ro\/wp-content\/uploads\/sites\/2\/2023\/04\/ICAPCRIF-logo.png","width":1773,"height":781,"caption":"ICAP CRIF S.R.L."},"image":{"@id":"https:\/\/www.icapcrif.com\/ro\/?lang=el\/#\/schema\/logo\/image\/"}},{"@type":"WebSite","@id":"https:\/\/www.icapcrif.com\/ro\/?lang=el\/#website","url":"https:\/\/www.icapcrif.com\/ro\/?lang=el\/","name":"ICAP CRIF RO","description":"Business Information Services | ICAP CRIF in Romania","publisher":{"@id":"https:\/\/www.icapcrif.com\/ro\/?lang=el\/#organization"},"potentialAction":[{"@type":"SearchAction","target":{"@type":"EntryPoint","urlTemplate":"https:\/\/www.icapcrif.com\/ro\/?lang=el\/?s={search_term_string}"},"query-input":"required name=search_term_string"}],"inLanguage":"ro-RO"},{"@type":"ImageObject","inLanguage":"ro-RO","@id":"https:\/\/www.icapcrif.com\/ro\/14th-sp-oprea\/#primaryimage","url":"https:\/\/www.icapcrif.com\/ro\/wp-content\/uploads\/sites\/2\/2023\/09\/Oana-Oprea.jpeg","contentUrl":"https:\/\/www.icapcrif.com\/ro\/wp-content\/uploads\/sites\/2\/2023\/09\/Oana-Oprea.jpeg","width":1536,"height":2048},{"@type":"WebPage","@id":"https:\/\/www.icapcrif.com\/ro\/14th-sp-oprea\/","url":"https:\/\/www.icapcrif.com\/ro\/14th-sp-oprea\/","name":"14th-sp-Oprea - ICAP CRIF RO","isPartOf":{"@id":"https:\/\/www.icapcrif.com\/ro\/?lang=el\/#website"},"primaryImageOfPage":{"@id":"https:\/\/www.icapcrif.com\/ro\/14th-sp-oprea\/#primaryimage"},"datePublished":"2023-09-28T07:32:23+00:00","dateModified":"2023-09-28T07:32:23+00:00","description":"Valentin Lazea, Economistul-sef al Bancii Nationale a Romaniei","breadcrumb":{"@id":"https:\/\/www.icapcrif.com\/ro\/14th-sp-oprea\/#breadcrumb"},"inLanguage":"ro-RO","potentialAction":[{"@type":"ReadAction","target":["https:\/\/www.icapcrif.com\/ro\/14th-sp-oprea\/"]}]},{"@type":"BreadcrumbList","@id":"https:\/\/www.icapcrif.com\/ro\/14th-sp-oprea\/#breadcrumb","itemListElement":[{"@type":"ListItem","position":1,"name":"Home","item":"https:\/\/www.icapcrif.com\/ro\/"},{"@type":"ListItem","position":2,"name":"14th-sp-Oprea"}]}]}},"_links":{"self":[{"href":"https:\/\/www.icapcrif.com\/ro\/wp-json\/wp\/v2\/pages\/28321\/"}],"collection":[{"href":"https:\/\/www.icapcrif.com\/ro\/wp-json\/wp\/v2\/pages\/"}],"about":[{"href":"https:\/\/www.icapcrif.com\/ro\/wp-json\/wp\/v2\/types\/page\/"}],"author":[{"embeddable":true,"href":"https:\/\/www.icapcrif.com\/ro\/wp-json\/wp\/v2\/users\/4\/"}],"replies":[{"embeddable":true,"href":"https:\/\/www.icapcrif.com\/ro\/wp-json\/wp\/v2\/comments\/?post=28321"}],"version-history":[{"count":1,"href":"https:\/\/www.icapcrif.com\/ro\/wp-json\/wp\/v2\/pages\/28321\/revisions\/"}],"predecessor-version":[{"id":28325,"href":"https:\/\/www.icapcrif.com\/ro\/wp-json\/wp\/v2\/pages\/28321\/revisions\/28325\/"}],"wp:attachment":[{"href":"https:\/\/www.icapcrif.com\/ro\/wp-json\/wp\/v2\/media\/?parent=28321"}],"curies":[{"name":"wp","href":"https:\/\/api.w.org\/{rel}","templated":true}]}}