{"id":28469,"date":"2023-10-09T07:40:55","date_gmt":"2023-10-09T07:40:55","guid":{"rendered":"https:\/\/www.icapcrif.com\/ro\/?page_id=28469"},"modified":"2023-10-09T07:40:55","modified_gmt":"2023-10-09T07:40:55","slug":"14th-sp-stamate","status":"publish","type":"page","link":"https:\/\/www.icapcrif.com\/ro\/14th-sp-stamate\/","title":{"rendered":"14th-sp-Stamate"},"content":{"rendered":"<p>[vc_row css_animation=&#8221;&#8221; row_type=&#8221;row&#8221; use_row_as_full_screen_section=&#8221;no&#8221; type=&#8221;full_width&#8221; angled_section=&#8221;no&#8221; text_align=&#8221;left&#8221; background_image_as_pattern=&#8221;without_pattern&#8221;][vc_column][vc_column_text]<img loading=\"lazy\" decoding=\"async\" class=\"alignnone size-medium wp-image-28471\" src=\"https:\/\/www.icapcrif.com\/ro\/wp-content\/uploads\/sites\/2\/2023\/10\/Stamate-Amalia-web-225x300.jpg\" alt=\"\" width=\"225\" height=\"300\" srcset=\"https:\/\/www.icapcrif.com\/ro\/wp-content\/uploads\/sites\/2\/2023\/10\/Stamate-Amalia-web-225x300.jpg 225w, https:\/\/www.icapcrif.com\/ro\/wp-content\/uploads\/sites\/2\/2023\/10\/Stamate-Amalia-web-768x1024.jpg 768w, https:\/\/www.icapcrif.com\/ro\/wp-content\/uploads\/sites\/2\/2023\/10\/Stamate-Amalia-web-600x800.jpg 600w, https:\/\/www.icapcrif.com\/ro\/wp-content\/uploads\/sites\/2\/2023\/10\/Stamate-Amalia-web-700x933.jpg 700w, https:\/\/www.icapcrif.com\/ro\/wp-content\/uploads\/sites\/2\/2023\/10\/Stamate-Amalia-web.jpg 1000w\" sizes=\"(max-width: 225px) 100vw, 225px\" \/><\/p>\n<p><strong>Amalia Stamate<\/strong><br \/>\nEconomist Senior, Direc\u021bia Stabilitate Financiar\u0103<br \/>\nBNR<\/p>\n<p>&nbsp;<\/p>\n<p>\u0391malia este economist senior \u00een cadrul Departamentului de Stabilitate Financiar\u0103. Are o experien\u021b\u0103 de peste 10 ani \u00een sistemul bancar.<\/p>\n<p>&nbsp;<\/p>\n<p>S-a al\u0103turat B\u0103ncii Na\u021bionale a Rom\u00e2niei \u00een 2017, fiind implicat\u0103 \u00een principal \u00een analize privind sectorul companiilor nefinanciare, precum \u0219i \u00een studii \u0219i analize privind impactul schimb\u0103rilor climatice asupra sectorului bancar.<\/p>\n<p>&nbsp;<\/p>\n<p>[\/vc_column_text][\/vc_column][\/vc_row]<\/p>\n","protected":false},"excerpt":{"rendered":"<p>[vc_row css_animation=&#8221;&#8221; row_type=&#8221;row&#8221; use_row_as_full_screen_section=&#8221;no&#8221; type=&#8221;full_width&#8221; angled_section=&#8221;no&#8221; text_align=&#8221;left&#8221; background_image_as_pattern=&#8221;without_pattern&#8221;][vc_column][vc_column_text] Amalia Stamate Economist Senior, Direc\u021bia Stabilitate Financiar\u0103 BNR &nbsp; \u0391malia este economist senior \u00een cadrul Departamentului de Stabilitate Financiar\u0103. Are o experien\u021b\u0103 de peste 10 ani \u00een sistemul bancar. &nbsp; S-a al\u0103turat B\u0103ncii Na\u021bionale a Rom\u00e2niei \u00een&#8230;<\/p>\n","protected":false},"author":4,"featured_media":0,"parent":0,"menu_order":0,"comment_status":"closed","ping_status":"open","template":"","meta":{"footnotes":""},"class_list":["post-28469","page","type-page","status-publish","hentry"],"yoast_head":"<!-- This site is optimized with the Yoast SEO plugin v19.3 - https:\/\/yoast.com\/wordpress\/plugins\/seo\/ -->\n<title>14th-sp-Stamate - ICAP CRIF RO<\/title>\n<meta name=\"description\" content=\"Anthony J. Scriffignano Consilier executiv senior, Dun &amp; Bradstreet\" \/>\n<meta name=\"robots\" content=\"index, follow, max-snippet:-1, max-image-preview:large, max-video-preview:-1\" \/>\n<link rel=\"canonical\" href=\"https:\/\/www.icapcrif.com\/ro\/14th-sp-stamate\/\" \/>\n<meta property=\"og:locale\" content=\"ro_RO\" \/>\n<meta property=\"og:type\" content=\"article\" \/>\n<meta property=\"og:title\" content=\"14th-sp-Stamate - ICAP CRIF RO\" \/>\n<meta property=\"og:description\" content=\"Anthony J. Scriffignano Consilier executiv senior, Dun &amp; Bradstreet\" \/>\n<meta property=\"og:url\" content=\"https:\/\/www.icapcrif.com\/ro\/14th-sp-stamate\/\" \/>\n<meta property=\"og:site_name\" content=\"ICAP CRIF RO\" \/>\n<meta property=\"article:publisher\" content=\"https:\/\/www.facebook.com\/ICAPCRIF\/\" \/>\n<meta property=\"og:image\" content=\"https:\/\/www.icapcrif.com\/ro\/wp-content\/uploads\/sites\/2\/2023\/10\/Stamate-Amalia-web-225x300.jpg\" \/>\n<meta name=\"twitter:card\" content=\"summary_large_image\" \/>\n<meta name=\"twitter:label1\" content=\"Timp estimat pentru citire\" \/>\n\t<meta name=\"twitter:data1\" content=\"1 minut\" \/>\n<script type=\"application\/ld+json\" class=\"yoast-schema-graph\">{\"@context\":\"https:\/\/schema.org\",\"@graph\":[{\"@type\":\"Organization\",\"@id\":\"https:\/\/www.icapcrif.com\/ro\/?lang=el\/#organization\",\"name\":\"ICAP CRIF S.R.L.\",\"url\":\"https:\/\/www.icapcrif.com\/ro\/?lang=el\/\",\"sameAs\":[\"https:\/\/www.linkedin.com\/company\/icap-crif\/\",\"https:\/\/www.facebook.com\/ICAPCRIF\/\"],\"logo\":{\"@type\":\"ImageObject\",\"inLanguage\":\"ro-RO\",\"@id\":\"https:\/\/www.icapcrif.com\/ro\/?lang=el\/#\/schema\/logo\/image\/\",\"url\":\"https:\/\/www.icapcrif.com\/ro\/wp-content\/uploads\/sites\/2\/2023\/04\/ICAPCRIF-logo.png\",\"contentUrl\":\"https:\/\/www.icapcrif.com\/ro\/wp-content\/uploads\/sites\/2\/2023\/04\/ICAPCRIF-logo.png\",\"width\":1773,\"height\":781,\"caption\":\"ICAP CRIF S.R.L.\"},\"image\":{\"@id\":\"https:\/\/www.icapcrif.com\/ro\/?lang=el\/#\/schema\/logo\/image\/\"}},{\"@type\":\"WebSite\",\"@id\":\"https:\/\/www.icapcrif.com\/ro\/?lang=el\/#website\",\"url\":\"https:\/\/www.icapcrif.com\/ro\/?lang=el\/\",\"name\":\"ICAP CRIF RO\",\"description\":\"Business Information Services | ICAP CRIF in Romania\",\"publisher\":{\"@id\":\"https:\/\/www.icapcrif.com\/ro\/?lang=el\/#organization\"},\"potentialAction\":[{\"@type\":\"SearchAction\",\"target\":{\"@type\":\"EntryPoint\",\"urlTemplate\":\"https:\/\/www.icapcrif.com\/ro\/?lang=el\/?s={search_term_string}\"},\"query-input\":\"required name=search_term_string\"}],\"inLanguage\":\"ro-RO\"},{\"@type\":\"ImageObject\",\"inLanguage\":\"ro-RO\",\"@id\":\"https:\/\/www.icapcrif.com\/ro\/14th-sp-stamate\/#primaryimage\",\"url\":\"https:\/\/www.icapcrif.com\/ro\/wp-content\/uploads\/sites\/2\/2023\/10\/Stamate-Amalia-web.jpg\",\"contentUrl\":\"https:\/\/www.icapcrif.com\/ro\/wp-content\/uploads\/sites\/2\/2023\/10\/Stamate-Amalia-web.jpg\",\"width\":1000,\"height\":1333},{\"@type\":\"WebPage\",\"@id\":\"https:\/\/www.icapcrif.com\/ro\/14th-sp-stamate\/\",\"url\":\"https:\/\/www.icapcrif.com\/ro\/14th-sp-stamate\/\",\"name\":\"14th-sp-Stamate - ICAP CRIF RO\",\"isPartOf\":{\"@id\":\"https:\/\/www.icapcrif.com\/ro\/?lang=el\/#website\"},\"primaryImageOfPage\":{\"@id\":\"https:\/\/www.icapcrif.com\/ro\/14th-sp-stamate\/#primaryimage\"},\"datePublished\":\"2023-10-09T07:40:55+00:00\",\"dateModified\":\"2023-10-09T07:40:55+00:00\",\"description\":\"Anthony J. Scriffignano Consilier executiv senior, Dun & Bradstreet\",\"breadcrumb\":{\"@id\":\"https:\/\/www.icapcrif.com\/ro\/14th-sp-stamate\/#breadcrumb\"},\"inLanguage\":\"ro-RO\",\"potentialAction\":[{\"@type\":\"ReadAction\",\"target\":[\"https:\/\/www.icapcrif.com\/ro\/14th-sp-stamate\/\"]}]},{\"@type\":\"BreadcrumbList\",\"@id\":\"https:\/\/www.icapcrif.com\/ro\/14th-sp-stamate\/#breadcrumb\",\"itemListElement\":[{\"@type\":\"ListItem\",\"position\":1,\"name\":\"Home\",\"item\":\"https:\/\/www.icapcrif.com\/ro\/\"},{\"@type\":\"ListItem\",\"position\":2,\"name\":\"14th-sp-Stamate\"}]}]}<\/script>\n<!-- \/ Yoast SEO plugin. -->","yoast_head_json":{"title":"14th-sp-Stamate - ICAP CRIF RO","description":"Anthony J. Scriffignano Consilier executiv senior, Dun & Bradstreet","robots":{"index":"index","follow":"follow","max-snippet":"max-snippet:-1","max-image-preview":"max-image-preview:large","max-video-preview":"max-video-preview:-1"},"canonical":"https:\/\/www.icapcrif.com\/ro\/14th-sp-stamate\/","og_locale":"ro_RO","og_type":"article","og_title":"14th-sp-Stamate - ICAP CRIF RO","og_description":"Anthony J. Scriffignano Consilier executiv senior, Dun & Bradstreet","og_url":"https:\/\/www.icapcrif.com\/ro\/14th-sp-stamate\/","og_site_name":"ICAP CRIF RO","article_publisher":"https:\/\/www.facebook.com\/ICAPCRIF\/","og_image":[{"url":"https:\/\/www.icapcrif.com\/ro\/wp-content\/uploads\/sites\/2\/2023\/10\/Stamate-Amalia-web-225x300.jpg"}],"twitter_card":"summary_large_image","twitter_misc":{"Timp estimat pentru citire":"1 minut"},"schema":{"@context":"https:\/\/schema.org","@graph":[{"@type":"Organization","@id":"https:\/\/www.icapcrif.com\/ro\/?lang=el\/#organization","name":"ICAP CRIF S.R.L.","url":"https:\/\/www.icapcrif.com\/ro\/?lang=el\/","sameAs":["https:\/\/www.linkedin.com\/company\/icap-crif\/","https:\/\/www.facebook.com\/ICAPCRIF\/"],"logo":{"@type":"ImageObject","inLanguage":"ro-RO","@id":"https:\/\/www.icapcrif.com\/ro\/?lang=el\/#\/schema\/logo\/image\/","url":"https:\/\/www.icapcrif.com\/ro\/wp-content\/uploads\/sites\/2\/2023\/04\/ICAPCRIF-logo.png","contentUrl":"https:\/\/www.icapcrif.com\/ro\/wp-content\/uploads\/sites\/2\/2023\/04\/ICAPCRIF-logo.png","width":1773,"height":781,"caption":"ICAP CRIF S.R.L."},"image":{"@id":"https:\/\/www.icapcrif.com\/ro\/?lang=el\/#\/schema\/logo\/image\/"}},{"@type":"WebSite","@id":"https:\/\/www.icapcrif.com\/ro\/?lang=el\/#website","url":"https:\/\/www.icapcrif.com\/ro\/?lang=el\/","name":"ICAP CRIF RO","description":"Business Information Services | ICAP CRIF in Romania","publisher":{"@id":"https:\/\/www.icapcrif.com\/ro\/?lang=el\/#organization"},"potentialAction":[{"@type":"SearchAction","target":{"@type":"EntryPoint","urlTemplate":"https:\/\/www.icapcrif.com\/ro\/?lang=el\/?s={search_term_string}"},"query-input":"required name=search_term_string"}],"inLanguage":"ro-RO"},{"@type":"ImageObject","inLanguage":"ro-RO","@id":"https:\/\/www.icapcrif.com\/ro\/14th-sp-stamate\/#primaryimage","url":"https:\/\/www.icapcrif.com\/ro\/wp-content\/uploads\/sites\/2\/2023\/10\/Stamate-Amalia-web.jpg","contentUrl":"https:\/\/www.icapcrif.com\/ro\/wp-content\/uploads\/sites\/2\/2023\/10\/Stamate-Amalia-web.jpg","width":1000,"height":1333},{"@type":"WebPage","@id":"https:\/\/www.icapcrif.com\/ro\/14th-sp-stamate\/","url":"https:\/\/www.icapcrif.com\/ro\/14th-sp-stamate\/","name":"14th-sp-Stamate - ICAP CRIF RO","isPartOf":{"@id":"https:\/\/www.icapcrif.com\/ro\/?lang=el\/#website"},"primaryImageOfPage":{"@id":"https:\/\/www.icapcrif.com\/ro\/14th-sp-stamate\/#primaryimage"},"datePublished":"2023-10-09T07:40:55+00:00","dateModified":"2023-10-09T07:40:55+00:00","description":"Anthony J. Scriffignano Consilier executiv senior, Dun & Bradstreet","breadcrumb":{"@id":"https:\/\/www.icapcrif.com\/ro\/14th-sp-stamate\/#breadcrumb"},"inLanguage":"ro-RO","potentialAction":[{"@type":"ReadAction","target":["https:\/\/www.icapcrif.com\/ro\/14th-sp-stamate\/"]}]},{"@type":"BreadcrumbList","@id":"https:\/\/www.icapcrif.com\/ro\/14th-sp-stamate\/#breadcrumb","itemListElement":[{"@type":"ListItem","position":1,"name":"Home","item":"https:\/\/www.icapcrif.com\/ro\/"},{"@type":"ListItem","position":2,"name":"14th-sp-Stamate"}]}]}},"_links":{"self":[{"href":"https:\/\/www.icapcrif.com\/ro\/wp-json\/wp\/v2\/pages\/28469\/"}],"collection":[{"href":"https:\/\/www.icapcrif.com\/ro\/wp-json\/wp\/v2\/pages\/"}],"about":[{"href":"https:\/\/www.icapcrif.com\/ro\/wp-json\/wp\/v2\/types\/page\/"}],"author":[{"embeddable":true,"href":"https:\/\/www.icapcrif.com\/ro\/wp-json\/wp\/v2\/users\/4\/"}],"replies":[{"embeddable":true,"href":"https:\/\/www.icapcrif.com\/ro\/wp-json\/wp\/v2\/comments\/?post=28469"}],"version-history":[{"count":1,"href":"https:\/\/www.icapcrif.com\/ro\/wp-json\/wp\/v2\/pages\/28469\/revisions\/"}],"predecessor-version":[{"id":28473,"href":"https:\/\/www.icapcrif.com\/ro\/wp-json\/wp\/v2\/pages\/28469\/revisions\/28473\/"}],"wp:attachment":[{"href":"https:\/\/www.icapcrif.com\/ro\/wp-json\/wp\/v2\/media\/?parent=28469"}],"curies":[{"name":"wp","href":"https:\/\/api.w.org\/{rel}","templated":true}]}}