{"id":28518,"date":"2023-10-10T12:22:34","date_gmt":"2023-10-10T12:22:34","guid":{"rendered":"https:\/\/www.icapcrif.com\/ro\/?page_id=28518"},"modified":"2023-10-10T12:22:34","modified_gmt":"2023-10-10T12:22:34","slug":"14th-sp-baiculescu","status":"publish","type":"page","link":"https:\/\/www.icapcrif.com\/ro\/14th-sp-baiculescu\/","title":{"rendered":"14th-sp-Baiculescu"},"content":{"rendered":"<p><img loading=\"lazy\" decoding=\"async\" class=\"alignnone size-medium wp-image-28520\" src=\"https:\/\/www.icapcrif.com\/ro\/wp-content\/uploads\/sites\/2\/2023\/10\/Cerasela-Baiculescu-web-300x294.jpg\" alt=\"\" width=\"300\" height=\"294\" srcset=\"https:\/\/www.icapcrif.com\/ro\/wp-content\/uploads\/sites\/2\/2023\/10\/Cerasela-Baiculescu-web-300x294.jpg 300w, https:\/\/www.icapcrif.com\/ro\/wp-content\/uploads\/sites\/2\/2023\/10\/Cerasela-Baiculescu-web.jpg 665w\" sizes=\"(max-width: 300px) 100vw, 300px\" \/><\/p>\n<p><strong>Cerasela Baiculescu<\/strong><br \/>\nCountry Leader<br \/>\nIBM Romania and Moldova<\/p>\n<p>&nbsp;<\/p>\n<p>Cerasela este Directorul General IBM Rom\u00e2nia \u0219i Moldova incepand cu noiembrie 2022, precum si Membru al Boardului Director al AmCham Rom\u00e2nia. Cu o experien\u021b\u0103 de 20 de ani \u00een domeniul IT, a avut mai multe roluri \u00een v\u00e2nz\u0103ri \u0219i leadership, cu acoperire at\u00e2t la nivel local, c\u00e2t \u0219i interna\u021bional, av\u00e2nd experien\u021b\u0103 \u00een coordonarea de echipe mari.<\/p>\n<p>&nbsp;<\/p>\n<p>Cerasela a absolvit un Master Executiv \u00een Administrarea Afacerilor la ASEBUSS \u0219i Kennesaw State University, a studiat la London Business School \u0219i este recunoscut\u0103 ca Manager Senior Certificat IBM.<\/p>\n<p>&nbsp;<\/p>\n<p>Cerasela este pasionat\u0103 de construirea unei organiza\u021bii bazate pe \u00eencredere, responsabilitate \u0219i echitate. Este implicata in proiecte complexe de transformare digitala care au ca scop cresterea agilitatii, eficientei \u0219i nivelului de competitivitate al organizatiilor. Este un juc\u0103tor de echip\u0103 \u0219i crede \u00een colaborare pentru succes.<\/p>\n<p>&nbsp;<\/p>\n<p>&nbsp;<\/p>\n","protected":false},"excerpt":{"rendered":"<p>Cerasela Baiculescu Country Leader IBM Romania and Moldova &nbsp; Cerasela este Directorul General IBM Rom\u00e2nia \u0219i Moldova incepand cu noiembrie 2022, precum si Membru al Boardului Director al AmCham Rom\u00e2nia. Cu o experien\u021b\u0103 de 20 de ani \u00een domeniul IT, a avut mai multe roluri&#8230;<\/p>\n","protected":false},"author":4,"featured_media":0,"parent":0,"menu_order":0,"comment_status":"closed","ping_status":"open","template":"","meta":{"footnotes":""},"class_list":["post-28518","page","type-page","status-publish","hentry"],"yoast_head":"<!-- This site is optimized with the Yoast SEO plugin v19.3 - https:\/\/yoast.com\/wordpress\/plugins\/seo\/ -->\n<title>14th-sp-Baiculescu - ICAP CRIF RO<\/title>\n<meta name=\"description\" content=\"Valentin Lazea, Economistul-sef al Bancii Nationale a Romaniei\" \/>\n<meta name=\"robots\" content=\"index, follow, max-snippet:-1, max-image-preview:large, max-video-preview:-1\" \/>\n<link rel=\"canonical\" href=\"https:\/\/www.icapcrif.com\/ro\/14th-sp-baiculescu\/\" \/>\n<meta property=\"og:locale\" content=\"ro_RO\" \/>\n<meta property=\"og:type\" content=\"article\" \/>\n<meta property=\"og:title\" content=\"14th-sp-Baiculescu - ICAP CRIF RO\" \/>\n<meta property=\"og:description\" content=\"Valentin Lazea, Economistul-sef al Bancii Nationale a Romaniei\" \/>\n<meta property=\"og:url\" content=\"https:\/\/www.icapcrif.com\/ro\/14th-sp-baiculescu\/\" \/>\n<meta property=\"og:site_name\" content=\"ICAP CRIF RO\" \/>\n<meta property=\"article:publisher\" content=\"https:\/\/www.facebook.com\/ICAPCRIF\/\" \/>\n<meta property=\"og:image\" content=\"https:\/\/www.icapcrif.com\/ro\/wp-content\/uploads\/sites\/2\/2023\/10\/Cerasela-Baiculescu-web-300x294.jpg\" \/>\n<meta name=\"twitter:card\" content=\"summary_large_image\" \/>\n<meta name=\"twitter:label1\" content=\"Timp estimat pentru citire\" \/>\n\t<meta name=\"twitter:data1\" content=\"1 minut\" \/>\n<script type=\"application\/ld+json\" class=\"yoast-schema-graph\">{\"@context\":\"https:\/\/schema.org\",\"@graph\":[{\"@type\":\"Organization\",\"@id\":\"https:\/\/www.icapcrif.com\/ro\/?lang=el\/#organization\",\"name\":\"ICAP CRIF S.R.L.\",\"url\":\"https:\/\/www.icapcrif.com\/ro\/?lang=el\/\",\"sameAs\":[\"https:\/\/www.linkedin.com\/company\/icap-crif\/\",\"https:\/\/www.facebook.com\/ICAPCRIF\/\"],\"logo\":{\"@type\":\"ImageObject\",\"inLanguage\":\"ro-RO\",\"@id\":\"https:\/\/www.icapcrif.com\/ro\/?lang=el\/#\/schema\/logo\/image\/\",\"url\":\"https:\/\/www.icapcrif.com\/ro\/wp-content\/uploads\/sites\/2\/2023\/04\/ICAPCRIF-logo.png\",\"contentUrl\":\"https:\/\/www.icapcrif.com\/ro\/wp-content\/uploads\/sites\/2\/2023\/04\/ICAPCRIF-logo.png\",\"width\":1773,\"height\":781,\"caption\":\"ICAP CRIF S.R.L.\"},\"image\":{\"@id\":\"https:\/\/www.icapcrif.com\/ro\/?lang=el\/#\/schema\/logo\/image\/\"}},{\"@type\":\"WebSite\",\"@id\":\"https:\/\/www.icapcrif.com\/ro\/?lang=el\/#website\",\"url\":\"https:\/\/www.icapcrif.com\/ro\/?lang=el\/\",\"name\":\"ICAP CRIF RO\",\"description\":\"Business Information Services | ICAP CRIF in Romania\",\"publisher\":{\"@id\":\"https:\/\/www.icapcrif.com\/ro\/?lang=el\/#organization\"},\"potentialAction\":[{\"@type\":\"SearchAction\",\"target\":{\"@type\":\"EntryPoint\",\"urlTemplate\":\"https:\/\/www.icapcrif.com\/ro\/?lang=el\/?s={search_term_string}\"},\"query-input\":\"required name=search_term_string\"}],\"inLanguage\":\"ro-RO\"},{\"@type\":\"ImageObject\",\"inLanguage\":\"ro-RO\",\"@id\":\"https:\/\/www.icapcrif.com\/ro\/14th-sp-baiculescu\/#primaryimage\",\"url\":\"https:\/\/www.icapcrif.com\/ro\/wp-content\/uploads\/sites\/2\/2023\/10\/Cerasela-Baiculescu-web.jpg\",\"contentUrl\":\"https:\/\/www.icapcrif.com\/ro\/wp-content\/uploads\/sites\/2\/2023\/10\/Cerasela-Baiculescu-web.jpg\",\"width\":665,\"height\":652},{\"@type\":\"WebPage\",\"@id\":\"https:\/\/www.icapcrif.com\/ro\/14th-sp-baiculescu\/\",\"url\":\"https:\/\/www.icapcrif.com\/ro\/14th-sp-baiculescu\/\",\"name\":\"14th-sp-Baiculescu - ICAP CRIF RO\",\"isPartOf\":{\"@id\":\"https:\/\/www.icapcrif.com\/ro\/?lang=el\/#website\"},\"primaryImageOfPage\":{\"@id\":\"https:\/\/www.icapcrif.com\/ro\/14th-sp-baiculescu\/#primaryimage\"},\"datePublished\":\"2023-10-10T12:22:34+00:00\",\"dateModified\":\"2023-10-10T12:22:34+00:00\",\"description\":\"Valentin Lazea, Economistul-sef al Bancii Nationale a Romaniei\",\"breadcrumb\":{\"@id\":\"https:\/\/www.icapcrif.com\/ro\/14th-sp-baiculescu\/#breadcrumb\"},\"inLanguage\":\"ro-RO\",\"potentialAction\":[{\"@type\":\"ReadAction\",\"target\":[\"https:\/\/www.icapcrif.com\/ro\/14th-sp-baiculescu\/\"]}]},{\"@type\":\"BreadcrumbList\",\"@id\":\"https:\/\/www.icapcrif.com\/ro\/14th-sp-baiculescu\/#breadcrumb\",\"itemListElement\":[{\"@type\":\"ListItem\",\"position\":1,\"name\":\"Home\",\"item\":\"https:\/\/www.icapcrif.com\/ro\/\"},{\"@type\":\"ListItem\",\"position\":2,\"name\":\"14th-sp-Baiculescu\"}]}]}<\/script>\n<!-- \/ Yoast SEO plugin. -->","yoast_head_json":{"title":"14th-sp-Baiculescu - ICAP CRIF RO","description":"Valentin Lazea, Economistul-sef al Bancii Nationale a Romaniei","robots":{"index":"index","follow":"follow","max-snippet":"max-snippet:-1","max-image-preview":"max-image-preview:large","max-video-preview":"max-video-preview:-1"},"canonical":"https:\/\/www.icapcrif.com\/ro\/14th-sp-baiculescu\/","og_locale":"ro_RO","og_type":"article","og_title":"14th-sp-Baiculescu - ICAP CRIF RO","og_description":"Valentin Lazea, Economistul-sef al Bancii Nationale a Romaniei","og_url":"https:\/\/www.icapcrif.com\/ro\/14th-sp-baiculescu\/","og_site_name":"ICAP CRIF RO","article_publisher":"https:\/\/www.facebook.com\/ICAPCRIF\/","og_image":[{"url":"https:\/\/www.icapcrif.com\/ro\/wp-content\/uploads\/sites\/2\/2023\/10\/Cerasela-Baiculescu-web-300x294.jpg"}],"twitter_card":"summary_large_image","twitter_misc":{"Timp estimat pentru citire":"1 minut"},"schema":{"@context":"https:\/\/schema.org","@graph":[{"@type":"Organization","@id":"https:\/\/www.icapcrif.com\/ro\/?lang=el\/#organization","name":"ICAP CRIF S.R.L.","url":"https:\/\/www.icapcrif.com\/ro\/?lang=el\/","sameAs":["https:\/\/www.linkedin.com\/company\/icap-crif\/","https:\/\/www.facebook.com\/ICAPCRIF\/"],"logo":{"@type":"ImageObject","inLanguage":"ro-RO","@id":"https:\/\/www.icapcrif.com\/ro\/?lang=el\/#\/schema\/logo\/image\/","url":"https:\/\/www.icapcrif.com\/ro\/wp-content\/uploads\/sites\/2\/2023\/04\/ICAPCRIF-logo.png","contentUrl":"https:\/\/www.icapcrif.com\/ro\/wp-content\/uploads\/sites\/2\/2023\/04\/ICAPCRIF-logo.png","width":1773,"height":781,"caption":"ICAP CRIF S.R.L."},"image":{"@id":"https:\/\/www.icapcrif.com\/ro\/?lang=el\/#\/schema\/logo\/image\/"}},{"@type":"WebSite","@id":"https:\/\/www.icapcrif.com\/ro\/?lang=el\/#website","url":"https:\/\/www.icapcrif.com\/ro\/?lang=el\/","name":"ICAP CRIF RO","description":"Business Information Services | ICAP CRIF in Romania","publisher":{"@id":"https:\/\/www.icapcrif.com\/ro\/?lang=el\/#organization"},"potentialAction":[{"@type":"SearchAction","target":{"@type":"EntryPoint","urlTemplate":"https:\/\/www.icapcrif.com\/ro\/?lang=el\/?s={search_term_string}"},"query-input":"required name=search_term_string"}],"inLanguage":"ro-RO"},{"@type":"ImageObject","inLanguage":"ro-RO","@id":"https:\/\/www.icapcrif.com\/ro\/14th-sp-baiculescu\/#primaryimage","url":"https:\/\/www.icapcrif.com\/ro\/wp-content\/uploads\/sites\/2\/2023\/10\/Cerasela-Baiculescu-web.jpg","contentUrl":"https:\/\/www.icapcrif.com\/ro\/wp-content\/uploads\/sites\/2\/2023\/10\/Cerasela-Baiculescu-web.jpg","width":665,"height":652},{"@type":"WebPage","@id":"https:\/\/www.icapcrif.com\/ro\/14th-sp-baiculescu\/","url":"https:\/\/www.icapcrif.com\/ro\/14th-sp-baiculescu\/","name":"14th-sp-Baiculescu - ICAP CRIF RO","isPartOf":{"@id":"https:\/\/www.icapcrif.com\/ro\/?lang=el\/#website"},"primaryImageOfPage":{"@id":"https:\/\/www.icapcrif.com\/ro\/14th-sp-baiculescu\/#primaryimage"},"datePublished":"2023-10-10T12:22:34+00:00","dateModified":"2023-10-10T12:22:34+00:00","description":"Valentin Lazea, Economistul-sef al Bancii Nationale a Romaniei","breadcrumb":{"@id":"https:\/\/www.icapcrif.com\/ro\/14th-sp-baiculescu\/#breadcrumb"},"inLanguage":"ro-RO","potentialAction":[{"@type":"ReadAction","target":["https:\/\/www.icapcrif.com\/ro\/14th-sp-baiculescu\/"]}]},{"@type":"BreadcrumbList","@id":"https:\/\/www.icapcrif.com\/ro\/14th-sp-baiculescu\/#breadcrumb","itemListElement":[{"@type":"ListItem","position":1,"name":"Home","item":"https:\/\/www.icapcrif.com\/ro\/"},{"@type":"ListItem","position":2,"name":"14th-sp-Baiculescu"}]}]}},"_links":{"self":[{"href":"https:\/\/www.icapcrif.com\/ro\/wp-json\/wp\/v2\/pages\/28518\/"}],"collection":[{"href":"https:\/\/www.icapcrif.com\/ro\/wp-json\/wp\/v2\/pages\/"}],"about":[{"href":"https:\/\/www.icapcrif.com\/ro\/wp-json\/wp\/v2\/types\/page\/"}],"author":[{"embeddable":true,"href":"https:\/\/www.icapcrif.com\/ro\/wp-json\/wp\/v2\/users\/4\/"}],"replies":[{"embeddable":true,"href":"https:\/\/www.icapcrif.com\/ro\/wp-json\/wp\/v2\/comments\/?post=28518"}],"version-history":[{"count":1,"href":"https:\/\/www.icapcrif.com\/ro\/wp-json\/wp\/v2\/pages\/28518\/revisions\/"}],"predecessor-version":[{"id":28522,"href":"https:\/\/www.icapcrif.com\/ro\/wp-json\/wp\/v2\/pages\/28518\/revisions\/28522\/"}],"wp:attachment":[{"href":"https:\/\/www.icapcrif.com\/ro\/wp-json\/wp\/v2\/media\/?parent=28518"}],"curies":[{"name":"wp","href":"https:\/\/api.w.org\/{rel}","templated":true}]}}