{"id":30759,"date":"2024-04-15T13:12:00","date_gmt":"2024-04-15T13:12:00","guid":{"rendered":"https:\/\/www.icapcrif.com\/ro\/?page_id=30759"},"modified":"2024-04-15T13:12:00","modified_gmt":"2024-04-15T13:12:00","slug":"crc-sp-tzeis","status":"publish","type":"page","link":"https:\/\/www.icapcrif.com\/ro\/crc-sp-tzeis\/","title":{"rendered":"CRC-sp-Tzeis"},"content":{"rendered":"<p><img loading=\"lazy\" decoding=\"async\" class=\"alignnone size-medium wp-image-30761\" src=\"https:\/\/www.icapcrif.com\/ro\/wp-content\/uploads\/sites\/2\/2024\/04\/Tzeis_Gerasimos_web-300x270.jpg\" alt=\"\" width=\"300\" height=\"270\" srcset=\"https:\/\/www.icapcrif.com\/ro\/wp-content\/uploads\/sites\/2\/2024\/04\/Tzeis_Gerasimos_web-300x270.jpg 300w, https:\/\/www.icapcrif.com\/ro\/wp-content\/uploads\/sites\/2\/2024\/04\/Tzeis_Gerasimos_web-768x692.jpg 768w, https:\/\/www.icapcrif.com\/ro\/wp-content\/uploads\/sites\/2\/2024\/04\/Tzeis_Gerasimos_web-700x631.jpg 700w, https:\/\/www.icapcrif.com\/ro\/wp-content\/uploads\/sites\/2\/2024\/04\/Tzeis_Gerasimos_web.jpg 1024w\" sizes=\"(max-width: 300px) 100vw, 300px\" \/><\/p>\n<p><strong>Gerasimos Tzeis<\/strong><br \/>\nManaging Director<br \/>\nAtradius Greece &amp; Romania<\/p>\n<p>&nbsp;<\/p>\n<p>Cei 20 de ani de experien\u021b\u0103 \u00een calitate de director general al filialei elene a Atradius Cr\u00e9dito y Cauci\u00f3n S.A. sunt dovada de necontestat a pasiunii sale pentru matematic\u0103, a abord\u0103rii sistematice \u0219i riguroase \u00een modelarea \u0219i prezicerea incertitudinilor viitoare legate de riscurile financiare \u0219i a educa\u021biei sale solide \u00een probabilit\u0103\u021bi \u0219i statistic\u0103: un B.Sc. \u00een Matematic\u0103 la Universitatea din Ioannina \u0219i un M.Sc. \u00een Actuarial Science la Cass Business School din Londra (fosta City University). \u0218i-a \u00eenceput cariera \u00een 1998 la Gerling Konzern Speziale, \u00eenainte de a prelua pozi\u021bia de lider \u00een Atradius \u00een 2004.<\/p>\n<p>&nbsp;<\/p>\n<p>Este \u0219eful Comitetului de asigur\u0103ri de credit \u0219i garan\u021bii al Asocia\u021biei Elene a Societ\u0103\u021bilor de Asigur\u0103ri, membru al CEO Clubs, al Asocia\u021biei Directorilor Executivi din Grecia, al Asocia\u021biei Reprezentan\u021bilor \u0219i Directorilor Companiilor Elene de Asigur\u0103ri, precum \u0219i al altor foruri profesionale.<\/p>\n<p>&nbsp;<\/p>\n<p>&nbsp;<\/p>\n<p>&nbsp;<\/p>\n<p>&nbsp;<\/p>\n","protected":false},"excerpt":{"rendered":"<p>Gerasimos Tzeis Managing Director Atradius Greece &amp; Romania &nbsp; Cei 20 de ani de experien\u021b\u0103 \u00een calitate de director general al filialei elene a Atradius Cr\u00e9dito y Cauci\u00f3n S.A. sunt dovada de necontestat a pasiunii sale pentru matematic\u0103, a abord\u0103rii sistematice \u0219i riguroase \u00een modelarea&#8230;<\/p>\n","protected":false},"author":4,"featured_media":0,"parent":0,"menu_order":0,"comment_status":"closed","ping_status":"open","template":"","meta":{"footnotes":""},"class_list":["post-30759","page","type-page","status-publish","hentry"],"yoast_head":"<!-- This site is optimized with the Yoast SEO plugin v19.3 - https:\/\/yoast.com\/wordpress\/plugins\/seo\/ -->\n<title>CRC-sp-Tzeis - ICAP CRIF RO<\/title>\n<meta name=\"description\" content=\"Dr George Christodoulakis, Membru al consiliului de administratie ICAP CRIF, Manager al Agentiei de Credit Rating\" \/>\n<meta name=\"robots\" content=\"index, follow, max-snippet:-1, max-image-preview:large, max-video-preview:-1\" \/>\n<link rel=\"canonical\" href=\"https:\/\/www.icapcrif.com\/ro\/crc-sp-tzeis\/\" \/>\n<meta property=\"og:locale\" content=\"ro_RO\" \/>\n<meta property=\"og:type\" content=\"article\" \/>\n<meta property=\"og:title\" content=\"CRC-sp-Tzeis - ICAP CRIF RO\" \/>\n<meta property=\"og:description\" content=\"Dr George Christodoulakis, Membru al consiliului de administratie ICAP CRIF, Manager al Agentiei de Credit Rating\" \/>\n<meta property=\"og:url\" content=\"https:\/\/www.icapcrif.com\/ro\/crc-sp-tzeis\/\" \/>\n<meta property=\"og:site_name\" content=\"ICAP CRIF RO\" \/>\n<meta property=\"article:publisher\" content=\"https:\/\/www.facebook.com\/ICAPCRIF\/\" \/>\n<meta property=\"og:image\" content=\"https:\/\/www.icapcrif.com\/ro\/wp-content\/uploads\/sites\/2\/2024\/04\/Tzeis_Gerasimos_web-300x270.jpg\" \/>\n<meta name=\"twitter:card\" content=\"summary_large_image\" \/>\n<meta name=\"twitter:label1\" content=\"Timp estimat pentru citire\" \/>\n\t<meta name=\"twitter:data1\" content=\"1 minut\" \/>\n<script type=\"application\/ld+json\" class=\"yoast-schema-graph\">{\"@context\":\"https:\/\/schema.org\",\"@graph\":[{\"@type\":\"Organization\",\"@id\":\"https:\/\/www.icapcrif.com\/ro\/?lang=el\/#organization\",\"name\":\"ICAP CRIF S.R.L.\",\"url\":\"https:\/\/www.icapcrif.com\/ro\/?lang=el\/\",\"sameAs\":[\"https:\/\/www.linkedin.com\/company\/icap-crif\/\",\"https:\/\/www.facebook.com\/ICAPCRIF\/\"],\"logo\":{\"@type\":\"ImageObject\",\"inLanguage\":\"ro-RO\",\"@id\":\"https:\/\/www.icapcrif.com\/ro\/?lang=el\/#\/schema\/logo\/image\/\",\"url\":\"https:\/\/www.icapcrif.com\/ro\/wp-content\/uploads\/sites\/2\/2023\/04\/ICAPCRIF-logo.png\",\"contentUrl\":\"https:\/\/www.icapcrif.com\/ro\/wp-content\/uploads\/sites\/2\/2023\/04\/ICAPCRIF-logo.png\",\"width\":1773,\"height\":781,\"caption\":\"ICAP CRIF S.R.L.\"},\"image\":{\"@id\":\"https:\/\/www.icapcrif.com\/ro\/?lang=el\/#\/schema\/logo\/image\/\"}},{\"@type\":\"WebSite\",\"@id\":\"https:\/\/www.icapcrif.com\/ro\/?lang=el\/#website\",\"url\":\"https:\/\/www.icapcrif.com\/ro\/?lang=el\/\",\"name\":\"ICAP CRIF RO\",\"description\":\"Business Information Services | ICAP CRIF in Romania\",\"publisher\":{\"@id\":\"https:\/\/www.icapcrif.com\/ro\/?lang=el\/#organization\"},\"potentialAction\":[{\"@type\":\"SearchAction\",\"target\":{\"@type\":\"EntryPoint\",\"urlTemplate\":\"https:\/\/www.icapcrif.com\/ro\/?lang=el\/?s={search_term_string}\"},\"query-input\":\"required name=search_term_string\"}],\"inLanguage\":\"ro-RO\"},{\"@type\":\"ImageObject\",\"inLanguage\":\"ro-RO\",\"@id\":\"https:\/\/www.icapcrif.com\/ro\/crc-sp-tzeis\/#primaryimage\",\"url\":\"https:\/\/www.icapcrif.com\/ro\/wp-content\/uploads\/sites\/2\/2024\/04\/Tzeis_Gerasimos_web.jpg\",\"contentUrl\":\"https:\/\/www.icapcrif.com\/ro\/wp-content\/uploads\/sites\/2\/2024\/04\/Tzeis_Gerasimos_web.jpg\",\"width\":1024,\"height\":923},{\"@type\":\"WebPage\",\"@id\":\"https:\/\/www.icapcrif.com\/ro\/crc-sp-tzeis\/\",\"url\":\"https:\/\/www.icapcrif.com\/ro\/crc-sp-tzeis\/\",\"name\":\"CRC-sp-Tzeis - ICAP CRIF RO\",\"isPartOf\":{\"@id\":\"https:\/\/www.icapcrif.com\/ro\/?lang=el\/#website\"},\"primaryImageOfPage\":{\"@id\":\"https:\/\/www.icapcrif.com\/ro\/crc-sp-tzeis\/#primaryimage\"},\"datePublished\":\"2024-04-15T13:12:00+00:00\",\"dateModified\":\"2024-04-15T13:12:00+00:00\",\"description\":\"Dr George Christodoulakis, Membru al consiliului de administratie ICAP CRIF, Manager al Agentiei de Credit Rating\",\"breadcrumb\":{\"@id\":\"https:\/\/www.icapcrif.com\/ro\/crc-sp-tzeis\/#breadcrumb\"},\"inLanguage\":\"ro-RO\",\"potentialAction\":[{\"@type\":\"ReadAction\",\"target\":[\"https:\/\/www.icapcrif.com\/ro\/crc-sp-tzeis\/\"]}]},{\"@type\":\"BreadcrumbList\",\"@id\":\"https:\/\/www.icapcrif.com\/ro\/crc-sp-tzeis\/#breadcrumb\",\"itemListElement\":[{\"@type\":\"ListItem\",\"position\":1,\"name\":\"Home\",\"item\":\"https:\/\/www.icapcrif.com\/ro\/\"},{\"@type\":\"ListItem\",\"position\":2,\"name\":\"CRC-sp-Tzeis\"}]}]}<\/script>\n<!-- \/ Yoast SEO plugin. -->","yoast_head_json":{"title":"CRC-sp-Tzeis - ICAP CRIF RO","description":"Dr George Christodoulakis, Membru al consiliului de administratie ICAP CRIF, Manager al Agentiei de Credit Rating","robots":{"index":"index","follow":"follow","max-snippet":"max-snippet:-1","max-image-preview":"max-image-preview:large","max-video-preview":"max-video-preview:-1"},"canonical":"https:\/\/www.icapcrif.com\/ro\/crc-sp-tzeis\/","og_locale":"ro_RO","og_type":"article","og_title":"CRC-sp-Tzeis - ICAP CRIF RO","og_description":"Dr George Christodoulakis, Membru al consiliului de administratie ICAP CRIF, Manager al Agentiei de Credit Rating","og_url":"https:\/\/www.icapcrif.com\/ro\/crc-sp-tzeis\/","og_site_name":"ICAP CRIF RO","article_publisher":"https:\/\/www.facebook.com\/ICAPCRIF\/","og_image":[{"url":"https:\/\/www.icapcrif.com\/ro\/wp-content\/uploads\/sites\/2\/2024\/04\/Tzeis_Gerasimos_web-300x270.jpg"}],"twitter_card":"summary_large_image","twitter_misc":{"Timp estimat pentru citire":"1 minut"},"schema":{"@context":"https:\/\/schema.org","@graph":[{"@type":"Organization","@id":"https:\/\/www.icapcrif.com\/ro\/?lang=el\/#organization","name":"ICAP CRIF S.R.L.","url":"https:\/\/www.icapcrif.com\/ro\/?lang=el\/","sameAs":["https:\/\/www.linkedin.com\/company\/icap-crif\/","https:\/\/www.facebook.com\/ICAPCRIF\/"],"logo":{"@type":"ImageObject","inLanguage":"ro-RO","@id":"https:\/\/www.icapcrif.com\/ro\/?lang=el\/#\/schema\/logo\/image\/","url":"https:\/\/www.icapcrif.com\/ro\/wp-content\/uploads\/sites\/2\/2023\/04\/ICAPCRIF-logo.png","contentUrl":"https:\/\/www.icapcrif.com\/ro\/wp-content\/uploads\/sites\/2\/2023\/04\/ICAPCRIF-logo.png","width":1773,"height":781,"caption":"ICAP CRIF S.R.L."},"image":{"@id":"https:\/\/www.icapcrif.com\/ro\/?lang=el\/#\/schema\/logo\/image\/"}},{"@type":"WebSite","@id":"https:\/\/www.icapcrif.com\/ro\/?lang=el\/#website","url":"https:\/\/www.icapcrif.com\/ro\/?lang=el\/","name":"ICAP CRIF RO","description":"Business Information Services | ICAP CRIF in Romania","publisher":{"@id":"https:\/\/www.icapcrif.com\/ro\/?lang=el\/#organization"},"potentialAction":[{"@type":"SearchAction","target":{"@type":"EntryPoint","urlTemplate":"https:\/\/www.icapcrif.com\/ro\/?lang=el\/?s={search_term_string}"},"query-input":"required name=search_term_string"}],"inLanguage":"ro-RO"},{"@type":"ImageObject","inLanguage":"ro-RO","@id":"https:\/\/www.icapcrif.com\/ro\/crc-sp-tzeis\/#primaryimage","url":"https:\/\/www.icapcrif.com\/ro\/wp-content\/uploads\/sites\/2\/2024\/04\/Tzeis_Gerasimos_web.jpg","contentUrl":"https:\/\/www.icapcrif.com\/ro\/wp-content\/uploads\/sites\/2\/2024\/04\/Tzeis_Gerasimos_web.jpg","width":1024,"height":923},{"@type":"WebPage","@id":"https:\/\/www.icapcrif.com\/ro\/crc-sp-tzeis\/","url":"https:\/\/www.icapcrif.com\/ro\/crc-sp-tzeis\/","name":"CRC-sp-Tzeis - ICAP CRIF RO","isPartOf":{"@id":"https:\/\/www.icapcrif.com\/ro\/?lang=el\/#website"},"primaryImageOfPage":{"@id":"https:\/\/www.icapcrif.com\/ro\/crc-sp-tzeis\/#primaryimage"},"datePublished":"2024-04-15T13:12:00+00:00","dateModified":"2024-04-15T13:12:00+00:00","description":"Dr George Christodoulakis, Membru al consiliului de administratie ICAP CRIF, Manager al Agentiei de Credit Rating","breadcrumb":{"@id":"https:\/\/www.icapcrif.com\/ro\/crc-sp-tzeis\/#breadcrumb"},"inLanguage":"ro-RO","potentialAction":[{"@type":"ReadAction","target":["https:\/\/www.icapcrif.com\/ro\/crc-sp-tzeis\/"]}]},{"@type":"BreadcrumbList","@id":"https:\/\/www.icapcrif.com\/ro\/crc-sp-tzeis\/#breadcrumb","itemListElement":[{"@type":"ListItem","position":1,"name":"Home","item":"https:\/\/www.icapcrif.com\/ro\/"},{"@type":"ListItem","position":2,"name":"CRC-sp-Tzeis"}]}]}},"_links":{"self":[{"href":"https:\/\/www.icapcrif.com\/ro\/wp-json\/wp\/v2\/pages\/30759\/"}],"collection":[{"href":"https:\/\/www.icapcrif.com\/ro\/wp-json\/wp\/v2\/pages\/"}],"about":[{"href":"https:\/\/www.icapcrif.com\/ro\/wp-json\/wp\/v2\/types\/page\/"}],"author":[{"embeddable":true,"href":"https:\/\/www.icapcrif.com\/ro\/wp-json\/wp\/v2\/users\/4\/"}],"replies":[{"embeddable":true,"href":"https:\/\/www.icapcrif.com\/ro\/wp-json\/wp\/v2\/comments\/?post=30759"}],"version-history":[{"count":2,"href":"https:\/\/www.icapcrif.com\/ro\/wp-json\/wp\/v2\/pages\/30759\/revisions\/"}],"predecessor-version":[{"id":30823,"href":"https:\/\/www.icapcrif.com\/ro\/wp-json\/wp\/v2\/pages\/30759\/revisions\/30823\/"}],"wp:attachment":[{"href":"https:\/\/www.icapcrif.com\/ro\/wp-json\/wp\/v2\/media\/?parent=30759"}],"curies":[{"name":"wp","href":"https:\/\/api.w.org\/{rel}","templated":true}]}}