{"id":31050,"date":"2024-04-30T06:18:14","date_gmt":"2024-04-30T06:18:14","guid":{"rendered":"https:\/\/www.icapcrif.com\/ro\/?page_id=31050"},"modified":"2024-04-30T06:18:14","modified_gmt":"2024-04-30T06:18:14","slug":"crc-sp-rangu","status":"publish","type":"page","link":"https:\/\/www.icapcrif.com\/ro\/crc-sp-rangu\/","title":{"rendered":"CRC-sp-Rangu"},"content":{"rendered":"<p><img loading=\"lazy\" decoding=\"async\" class=\"alignnone size-medium wp-image-31052\" src=\"https:\/\/www.icapcrif.com\/ro\/wp-content\/uploads\/sites\/2\/2024\/04\/Calin-Rangu-300x271.jpg\" alt=\"\" width=\"300\" height=\"271\" srcset=\"https:\/\/www.icapcrif.com\/ro\/wp-content\/uploads\/sites\/2\/2024\/04\/Calin-Rangu-300x271.jpg 300w, https:\/\/www.icapcrif.com\/ro\/wp-content\/uploads\/sites\/2\/2024\/04\/Calin-Rangu-768x694.jpg 768w, https:\/\/www.icapcrif.com\/ro\/wp-content\/uploads\/sites\/2\/2024\/04\/Calin-Rangu-700x632.jpg 700w, https:\/\/www.icapcrif.com\/ro\/wp-content\/uploads\/sites\/2\/2024\/04\/Calin-Rangu.jpg 1000w\" sizes=\"(max-width: 300px) 100vw, 300px\" \/><\/p>\n<p><strong>C\u0103lin Rangu<\/strong><\/p>\n<p>&nbsp;<\/p>\n<p>C\u0103lin Rangu este director \u00een cadrul Fondului de Garantare a Asigura\u021bilor din Rom\u00e2nia, expert in economie digital\u0103 \u00eenregistrat \u00een registrul na\u021bional REXCD, doctor \u00een re\u021bele neuronale aplicate \u00een prelucrarea seriilor financiare, dublu licen\u021biat \u00een inginerie \u0219i economie, absolvent de studii postuniversitare, absolvent de MBA al City University of Seattle &#8211; SUA, lector universitar \u0219i fost decan al Facult\u0103\u021bii de Administrarea Afacerilor \u0219i \u0218tiin\u021be Economice a Universit\u0103\u021bii Danubius din Gala\u021bi, co-fondator CIO Council Rom\u00e2nia si FINPROTEXT\/asocia\u021bie de protec\u021bie a consumatorilor. Are o experien\u021b\u0103 de peste 30 de ani in domeniul financiar-bancar, in domeniul managementului sistemelor informatice, din care peste 17 ani de management strategic si opera\u021bional in companii private si autorit\u0103\u021bi financiare. A fost Pre\u0219edinte al Institutului de Studii Financiare, Vicepre\u0219edinte al Comitetului InsurTech al Autorit\u0103\u021bii Europene pentru Asigur\u0103ri \u0219i Pensii Ocupa\u021bionale, Membru al Forumului European de Inovare Financiar\u0103 la nivelul UE. A publicat c\u0103r\u021bi \u0219i peste 100 de articole de specialitate \u00een domeniul IT, financiar-bancar, tehnologii bancare, sisteme informatice de securitate \u0219i nu numai.<\/p>\n<p>&nbsp;<\/p>\n<p>&nbsp;<\/p>\n<p>&nbsp;<\/p>\n","protected":false},"excerpt":{"rendered":"<p>C\u0103lin Rangu &nbsp; C\u0103lin Rangu este director \u00een cadrul Fondului de Garantare a Asigura\u021bilor din Rom\u00e2nia, expert in economie digital\u0103 \u00eenregistrat \u00een registrul na\u021bional REXCD, doctor \u00een re\u021bele neuronale aplicate \u00een prelucrarea seriilor financiare, dublu licen\u021biat \u00een inginerie \u0219i economie, absolvent de studii postuniversitare, absolvent&#8230;<\/p>\n","protected":false},"author":4,"featured_media":0,"parent":0,"menu_order":0,"comment_status":"closed","ping_status":"open","template":"","meta":{"footnotes":""},"class_list":["post-31050","page","type-page","status-publish","hentry"],"yoast_head":"<!-- This site is optimized with the Yoast SEO plugin v19.3 - https:\/\/yoast.com\/wordpress\/plugins\/seo\/ -->\n<title>CRC-sp-Rangu - ICAP CRIF RO<\/title>\n<meta name=\"description\" content=\"Dr George Christodoulakis, Membru al consiliului de administratie ICAP CRIF, Manager al Agentiei de Credit Rating\" \/>\n<meta name=\"robots\" content=\"index, follow, max-snippet:-1, max-image-preview:large, max-video-preview:-1\" \/>\n<link rel=\"canonical\" href=\"https:\/\/www.icapcrif.com\/ro\/crc-sp-rangu\/\" \/>\n<meta property=\"og:locale\" content=\"ro_RO\" \/>\n<meta property=\"og:type\" content=\"article\" \/>\n<meta property=\"og:title\" content=\"CRC-sp-Rangu - ICAP CRIF RO\" \/>\n<meta property=\"og:description\" content=\"Dr George Christodoulakis, Membru al consiliului de administratie ICAP CRIF, Manager al Agentiei de Credit Rating\" \/>\n<meta property=\"og:url\" content=\"https:\/\/www.icapcrif.com\/ro\/crc-sp-rangu\/\" \/>\n<meta property=\"og:site_name\" content=\"ICAP CRIF RO\" \/>\n<meta property=\"article:publisher\" content=\"https:\/\/www.facebook.com\/ICAPCRIF\/\" \/>\n<meta property=\"og:image\" content=\"https:\/\/www.icapcrif.com\/ro\/wp-content\/uploads\/sites\/2\/2024\/04\/Calin-Rangu-300x271.jpg\" \/>\n<meta name=\"twitter:card\" content=\"summary_large_image\" \/>\n<meta name=\"twitter:label1\" content=\"Timp estimat pentru citire\" \/>\n\t<meta name=\"twitter:data1\" content=\"1 minut\" \/>\n<script type=\"application\/ld+json\" class=\"yoast-schema-graph\">{\"@context\":\"https:\/\/schema.org\",\"@graph\":[{\"@type\":\"Organization\",\"@id\":\"https:\/\/www.icapcrif.com\/ro\/?lang=el\/#organization\",\"name\":\"ICAP CRIF S.R.L.\",\"url\":\"https:\/\/www.icapcrif.com\/ro\/?lang=el\/\",\"sameAs\":[\"https:\/\/www.linkedin.com\/company\/icap-crif\/\",\"https:\/\/www.facebook.com\/ICAPCRIF\/\"],\"logo\":{\"@type\":\"ImageObject\",\"inLanguage\":\"ro-RO\",\"@id\":\"https:\/\/www.icapcrif.com\/ro\/?lang=el\/#\/schema\/logo\/image\/\",\"url\":\"https:\/\/www.icapcrif.com\/ro\/wp-content\/uploads\/sites\/2\/2023\/04\/ICAPCRIF-logo.png\",\"contentUrl\":\"https:\/\/www.icapcrif.com\/ro\/wp-content\/uploads\/sites\/2\/2023\/04\/ICAPCRIF-logo.png\",\"width\":1773,\"height\":781,\"caption\":\"ICAP CRIF S.R.L.\"},\"image\":{\"@id\":\"https:\/\/www.icapcrif.com\/ro\/?lang=el\/#\/schema\/logo\/image\/\"}},{\"@type\":\"WebSite\",\"@id\":\"https:\/\/www.icapcrif.com\/ro\/?lang=el\/#website\",\"url\":\"https:\/\/www.icapcrif.com\/ro\/?lang=el\/\",\"name\":\"ICAP CRIF RO\",\"description\":\"Business Information Services | ICAP CRIF in Romania\",\"publisher\":{\"@id\":\"https:\/\/www.icapcrif.com\/ro\/?lang=el\/#organization\"},\"potentialAction\":[{\"@type\":\"SearchAction\",\"target\":{\"@type\":\"EntryPoint\",\"urlTemplate\":\"https:\/\/www.icapcrif.com\/ro\/?lang=el\/?s={search_term_string}\"},\"query-input\":\"required name=search_term_string\"}],\"inLanguage\":\"ro-RO\"},{\"@type\":\"ImageObject\",\"inLanguage\":\"ro-RO\",\"@id\":\"https:\/\/www.icapcrif.com\/ro\/crc-sp-rangu\/#primaryimage\",\"url\":\"https:\/\/www.icapcrif.com\/ro\/wp-content\/uploads\/sites\/2\/2024\/04\/Calin-Rangu.jpg\",\"contentUrl\":\"https:\/\/www.icapcrif.com\/ro\/wp-content\/uploads\/sites\/2\/2024\/04\/Calin-Rangu.jpg\",\"width\":1000,\"height\":903},{\"@type\":\"WebPage\",\"@id\":\"https:\/\/www.icapcrif.com\/ro\/crc-sp-rangu\/\",\"url\":\"https:\/\/www.icapcrif.com\/ro\/crc-sp-rangu\/\",\"name\":\"CRC-sp-Rangu - ICAP CRIF RO\",\"isPartOf\":{\"@id\":\"https:\/\/www.icapcrif.com\/ro\/?lang=el\/#website\"},\"primaryImageOfPage\":{\"@id\":\"https:\/\/www.icapcrif.com\/ro\/crc-sp-rangu\/#primaryimage\"},\"datePublished\":\"2024-04-30T06:18:14+00:00\",\"dateModified\":\"2024-04-30T06:18:14+00:00\",\"description\":\"Dr George Christodoulakis, Membru al consiliului de administratie ICAP CRIF, Manager al Agentiei de Credit Rating\",\"breadcrumb\":{\"@id\":\"https:\/\/www.icapcrif.com\/ro\/crc-sp-rangu\/#breadcrumb\"},\"inLanguage\":\"ro-RO\",\"potentialAction\":[{\"@type\":\"ReadAction\",\"target\":[\"https:\/\/www.icapcrif.com\/ro\/crc-sp-rangu\/\"]}]},{\"@type\":\"BreadcrumbList\",\"@id\":\"https:\/\/www.icapcrif.com\/ro\/crc-sp-rangu\/#breadcrumb\",\"itemListElement\":[{\"@type\":\"ListItem\",\"position\":1,\"name\":\"Home\",\"item\":\"https:\/\/www.icapcrif.com\/ro\/\"},{\"@type\":\"ListItem\",\"position\":2,\"name\":\"CRC-sp-Rangu\"}]}]}<\/script>\n<!-- \/ Yoast SEO plugin. -->","yoast_head_json":{"title":"CRC-sp-Rangu - ICAP CRIF RO","description":"Dr George Christodoulakis, Membru al consiliului de administratie ICAP CRIF, Manager al Agentiei de Credit Rating","robots":{"index":"index","follow":"follow","max-snippet":"max-snippet:-1","max-image-preview":"max-image-preview:large","max-video-preview":"max-video-preview:-1"},"canonical":"https:\/\/www.icapcrif.com\/ro\/crc-sp-rangu\/","og_locale":"ro_RO","og_type":"article","og_title":"CRC-sp-Rangu - ICAP CRIF RO","og_description":"Dr George Christodoulakis, Membru al consiliului de administratie ICAP CRIF, Manager al Agentiei de Credit Rating","og_url":"https:\/\/www.icapcrif.com\/ro\/crc-sp-rangu\/","og_site_name":"ICAP CRIF RO","article_publisher":"https:\/\/www.facebook.com\/ICAPCRIF\/","og_image":[{"url":"https:\/\/www.icapcrif.com\/ro\/wp-content\/uploads\/sites\/2\/2024\/04\/Calin-Rangu-300x271.jpg"}],"twitter_card":"summary_large_image","twitter_misc":{"Timp estimat pentru citire":"1 minut"},"schema":{"@context":"https:\/\/schema.org","@graph":[{"@type":"Organization","@id":"https:\/\/www.icapcrif.com\/ro\/?lang=el\/#organization","name":"ICAP CRIF S.R.L.","url":"https:\/\/www.icapcrif.com\/ro\/?lang=el\/","sameAs":["https:\/\/www.linkedin.com\/company\/icap-crif\/","https:\/\/www.facebook.com\/ICAPCRIF\/"],"logo":{"@type":"ImageObject","inLanguage":"ro-RO","@id":"https:\/\/www.icapcrif.com\/ro\/?lang=el\/#\/schema\/logo\/image\/","url":"https:\/\/www.icapcrif.com\/ro\/wp-content\/uploads\/sites\/2\/2023\/04\/ICAPCRIF-logo.png","contentUrl":"https:\/\/www.icapcrif.com\/ro\/wp-content\/uploads\/sites\/2\/2023\/04\/ICAPCRIF-logo.png","width":1773,"height":781,"caption":"ICAP CRIF S.R.L."},"image":{"@id":"https:\/\/www.icapcrif.com\/ro\/?lang=el\/#\/schema\/logo\/image\/"}},{"@type":"WebSite","@id":"https:\/\/www.icapcrif.com\/ro\/?lang=el\/#website","url":"https:\/\/www.icapcrif.com\/ro\/?lang=el\/","name":"ICAP CRIF RO","description":"Business Information Services | ICAP CRIF in Romania","publisher":{"@id":"https:\/\/www.icapcrif.com\/ro\/?lang=el\/#organization"},"potentialAction":[{"@type":"SearchAction","target":{"@type":"EntryPoint","urlTemplate":"https:\/\/www.icapcrif.com\/ro\/?lang=el\/?s={search_term_string}"},"query-input":"required name=search_term_string"}],"inLanguage":"ro-RO"},{"@type":"ImageObject","inLanguage":"ro-RO","@id":"https:\/\/www.icapcrif.com\/ro\/crc-sp-rangu\/#primaryimage","url":"https:\/\/www.icapcrif.com\/ro\/wp-content\/uploads\/sites\/2\/2024\/04\/Calin-Rangu.jpg","contentUrl":"https:\/\/www.icapcrif.com\/ro\/wp-content\/uploads\/sites\/2\/2024\/04\/Calin-Rangu.jpg","width":1000,"height":903},{"@type":"WebPage","@id":"https:\/\/www.icapcrif.com\/ro\/crc-sp-rangu\/","url":"https:\/\/www.icapcrif.com\/ro\/crc-sp-rangu\/","name":"CRC-sp-Rangu - ICAP CRIF RO","isPartOf":{"@id":"https:\/\/www.icapcrif.com\/ro\/?lang=el\/#website"},"primaryImageOfPage":{"@id":"https:\/\/www.icapcrif.com\/ro\/crc-sp-rangu\/#primaryimage"},"datePublished":"2024-04-30T06:18:14+00:00","dateModified":"2024-04-30T06:18:14+00:00","description":"Dr George Christodoulakis, Membru al consiliului de administratie ICAP CRIF, Manager al Agentiei de Credit Rating","breadcrumb":{"@id":"https:\/\/www.icapcrif.com\/ro\/crc-sp-rangu\/#breadcrumb"},"inLanguage":"ro-RO","potentialAction":[{"@type":"ReadAction","target":["https:\/\/www.icapcrif.com\/ro\/crc-sp-rangu\/"]}]},{"@type":"BreadcrumbList","@id":"https:\/\/www.icapcrif.com\/ro\/crc-sp-rangu\/#breadcrumb","itemListElement":[{"@type":"ListItem","position":1,"name":"Home","item":"https:\/\/www.icapcrif.com\/ro\/"},{"@type":"ListItem","position":2,"name":"CRC-sp-Rangu"}]}]}},"_links":{"self":[{"href":"https:\/\/www.icapcrif.com\/ro\/wp-json\/wp\/v2\/pages\/31050\/"}],"collection":[{"href":"https:\/\/www.icapcrif.com\/ro\/wp-json\/wp\/v2\/pages\/"}],"about":[{"href":"https:\/\/www.icapcrif.com\/ro\/wp-json\/wp\/v2\/types\/page\/"}],"author":[{"embeddable":true,"href":"https:\/\/www.icapcrif.com\/ro\/wp-json\/wp\/v2\/users\/4\/"}],"replies":[{"embeddable":true,"href":"https:\/\/www.icapcrif.com\/ro\/wp-json\/wp\/v2\/comments\/?post=31050"}],"version-history":[{"count":1,"href":"https:\/\/www.icapcrif.com\/ro\/wp-json\/wp\/v2\/pages\/31050\/revisions\/"}],"predecessor-version":[{"id":31054,"href":"https:\/\/www.icapcrif.com\/ro\/wp-json\/wp\/v2\/pages\/31050\/revisions\/31054\/"}],"wp:attachment":[{"href":"https:\/\/www.icapcrif.com\/ro\/wp-json\/wp\/v2\/media\/?parent=31050"}],"curies":[{"name":"wp","href":"https:\/\/api.w.org\/{rel}","templated":true}]}}