{"id":31218,"date":"2024-05-13T07:16:10","date_gmt":"2024-05-13T07:16:10","guid":{"rendered":"https:\/\/www.icapcrif.com\/ro\/?page_id=31218"},"modified":"2024-05-13T07:16:10","modified_gmt":"2024-05-13T07:16:10","slug":"crc-sp-ghiocel","status":"publish","type":"page","link":"https:\/\/www.icapcrif.com\/ro\/crc-sp-ghiocel\/","title":{"rendered":"CRC-sp-Ghiocel"},"content":{"rendered":"<p><img loading=\"lazy\" decoding=\"async\" class=\"alignnone size-medium wp-image-31220\" src=\"https:\/\/www.icapcrif.com\/ro\/wp-content\/uploads\/sites\/2\/2024\/05\/Andreea-Ghiocel-297x300.jpg\" alt=\"\" width=\"297\" height=\"300\" srcset=\"https:\/\/www.icapcrif.com\/ro\/wp-content\/uploads\/sites\/2\/2024\/05\/Andreea-Ghiocel-297x300.jpg 297w, https:\/\/www.icapcrif.com\/ro\/wp-content\/uploads\/sites\/2\/2024\/05\/Andreea-Ghiocel-1014x1024.jpg 1014w, https:\/\/www.icapcrif.com\/ro\/wp-content\/uploads\/sites\/2\/2024\/05\/Andreea-Ghiocel-768x775.jpg 768w, https:\/\/www.icapcrif.com\/ro\/wp-content\/uploads\/sites\/2\/2024\/05\/Andreea-Ghiocel-700x707.jpg 700w, https:\/\/www.icapcrif.com\/ro\/wp-content\/uploads\/sites\/2\/2024\/05\/Andreea-Ghiocel.jpg 1056w\" sizes=\"(max-width: 297px) 100vw, 297px\" \/><\/p>\n<p><strong>Andreea Ghiocel<\/strong><br \/>\nSustainability Consultant &amp; Head of Sustainability Reporting Division<\/p>\n<p>&nbsp;<\/p>\n<p>Andreea Ghiocel este inginer de mediu \u0219i consultant \u00een sustenabilitate cu aproape 8 ani de experien\u021b\u0103 la The CSR Agency, una dintre primele consultan\u021be de management al durabilit\u0103\u021bii din Rom\u00e2nia. \u00cen calitate de \u0219ef al Diviziei de raportare pentru sustenabilitate, Andreea se concentreaz\u0103 principal pe raportarea \u0219i strategia de sustenabilitate, colabor\u00e2nd str\u00e2ns cu o gam\u0103 divers\u0103 de clien\u021bi care acoper\u0103 mai multe industrii \u0219i dimensiuni organiza\u021bionale. Cu o \u00een\u021belegere profund\u0103 a principiilor de sustenabilitate, Andreea este dedicat\u0103 facilit\u0103rii adopt\u0103rii \u0219i implement\u0103rii unor practici de afaceri durabile \u00een r\u00e2ndul clien\u021bilor s\u0103i, cu scopul final de a promova un viitor mai durabil.<\/p>\n<p>&nbsp;<\/p>\n<p>&nbsp;<\/p>\n<p>&nbsp;<\/p>\n","protected":false},"excerpt":{"rendered":"<p>Andreea Ghiocel Sustainability Consultant &amp; Head of Sustainability Reporting Division &nbsp; Andreea Ghiocel este inginer de mediu \u0219i consultant \u00een sustenabilitate cu aproape 8 ani de experien\u021b\u0103 la The CSR Agency, una dintre primele consultan\u021be de management al durabilit\u0103\u021bii din Rom\u00e2nia. \u00cen calitate de \u0219ef&#8230;<\/p>\n","protected":false},"author":4,"featured_media":0,"parent":0,"menu_order":0,"comment_status":"closed","ping_status":"open","template":"","meta":{"footnotes":""},"class_list":["post-31218","page","type-page","status-publish","hentry"],"yoast_head":"<!-- This site is optimized with the Yoast SEO plugin v19.3 - https:\/\/yoast.com\/wordpress\/plugins\/seo\/ -->\n<title>CRC-sp-Ghiocel - ICAP CRIF RO<\/title>\n<meta name=\"description\" content=\"Dr George Christodoulakis, Membru al consiliului de administratie ICAP CRIF, Manager al Agentiei de Credit Rating\" \/>\n<meta name=\"robots\" content=\"index, follow, max-snippet:-1, max-image-preview:large, max-video-preview:-1\" \/>\n<link rel=\"canonical\" href=\"https:\/\/www.icapcrif.com\/ro\/crc-sp-ghiocel\/\" \/>\n<meta property=\"og:locale\" content=\"ro_RO\" \/>\n<meta property=\"og:type\" content=\"article\" \/>\n<meta property=\"og:title\" content=\"CRC-sp-Ghiocel - ICAP CRIF RO\" \/>\n<meta property=\"og:description\" content=\"Dr George Christodoulakis, Membru al consiliului de administratie ICAP CRIF, Manager al Agentiei de Credit Rating\" \/>\n<meta property=\"og:url\" content=\"https:\/\/www.icapcrif.com\/ro\/crc-sp-ghiocel\/\" \/>\n<meta property=\"og:site_name\" content=\"ICAP CRIF RO\" \/>\n<meta property=\"article:publisher\" content=\"https:\/\/www.facebook.com\/ICAPCRIF\/\" \/>\n<meta property=\"og:image\" content=\"https:\/\/www.icapcrif.com\/ro\/wp-content\/uploads\/sites\/2\/2024\/05\/Andreea-Ghiocel-297x300.jpg\" \/>\n<meta name=\"twitter:card\" content=\"summary_large_image\" \/>\n<meta name=\"twitter:label1\" content=\"Timp estimat pentru citire\" \/>\n\t<meta name=\"twitter:data1\" content=\"1 minut\" \/>\n<script type=\"application\/ld+json\" class=\"yoast-schema-graph\">{\"@context\":\"https:\/\/schema.org\",\"@graph\":[{\"@type\":\"Organization\",\"@id\":\"https:\/\/www.icapcrif.com\/ro\/?lang=el\/#organization\",\"name\":\"ICAP CRIF S.R.L.\",\"url\":\"https:\/\/www.icapcrif.com\/ro\/?lang=el\/\",\"sameAs\":[\"https:\/\/www.linkedin.com\/company\/icap-crif\/\",\"https:\/\/www.facebook.com\/ICAPCRIF\/\"],\"logo\":{\"@type\":\"ImageObject\",\"inLanguage\":\"ro-RO\",\"@id\":\"https:\/\/www.icapcrif.com\/ro\/?lang=el\/#\/schema\/logo\/image\/\",\"url\":\"https:\/\/www.icapcrif.com\/ro\/wp-content\/uploads\/sites\/2\/2023\/04\/ICAPCRIF-logo.png\",\"contentUrl\":\"https:\/\/www.icapcrif.com\/ro\/wp-content\/uploads\/sites\/2\/2023\/04\/ICAPCRIF-logo.png\",\"width\":1773,\"height\":781,\"caption\":\"ICAP CRIF S.R.L.\"},\"image\":{\"@id\":\"https:\/\/www.icapcrif.com\/ro\/?lang=el\/#\/schema\/logo\/image\/\"}},{\"@type\":\"WebSite\",\"@id\":\"https:\/\/www.icapcrif.com\/ro\/?lang=el\/#website\",\"url\":\"https:\/\/www.icapcrif.com\/ro\/?lang=el\/\",\"name\":\"ICAP CRIF RO\",\"description\":\"Business Information Services | ICAP CRIF in Romania\",\"publisher\":{\"@id\":\"https:\/\/www.icapcrif.com\/ro\/?lang=el\/#organization\"},\"potentialAction\":[{\"@type\":\"SearchAction\",\"target\":{\"@type\":\"EntryPoint\",\"urlTemplate\":\"https:\/\/www.icapcrif.com\/ro\/?lang=el\/?s={search_term_string}\"},\"query-input\":\"required name=search_term_string\"}],\"inLanguage\":\"ro-RO\"},{\"@type\":\"ImageObject\",\"inLanguage\":\"ro-RO\",\"@id\":\"https:\/\/www.icapcrif.com\/ro\/crc-sp-ghiocel\/#primaryimage\",\"url\":\"https:\/\/www.icapcrif.com\/ro\/wp-content\/uploads\/sites\/2\/2024\/05\/Andreea-Ghiocel.jpg\",\"contentUrl\":\"https:\/\/www.icapcrif.com\/ro\/wp-content\/uploads\/sites\/2\/2024\/05\/Andreea-Ghiocel.jpg\",\"width\":1056,\"height\":1066},{\"@type\":\"WebPage\",\"@id\":\"https:\/\/www.icapcrif.com\/ro\/crc-sp-ghiocel\/\",\"url\":\"https:\/\/www.icapcrif.com\/ro\/crc-sp-ghiocel\/\",\"name\":\"CRC-sp-Ghiocel - ICAP CRIF RO\",\"isPartOf\":{\"@id\":\"https:\/\/www.icapcrif.com\/ro\/?lang=el\/#website\"},\"primaryImageOfPage\":{\"@id\":\"https:\/\/www.icapcrif.com\/ro\/crc-sp-ghiocel\/#primaryimage\"},\"datePublished\":\"2024-05-13T07:16:10+00:00\",\"dateModified\":\"2024-05-13T07:16:10+00:00\",\"description\":\"Dr George Christodoulakis, Membru al consiliului de administratie ICAP CRIF, Manager al Agentiei de Credit Rating\",\"breadcrumb\":{\"@id\":\"https:\/\/www.icapcrif.com\/ro\/crc-sp-ghiocel\/#breadcrumb\"},\"inLanguage\":\"ro-RO\",\"potentialAction\":[{\"@type\":\"ReadAction\",\"target\":[\"https:\/\/www.icapcrif.com\/ro\/crc-sp-ghiocel\/\"]}]},{\"@type\":\"BreadcrumbList\",\"@id\":\"https:\/\/www.icapcrif.com\/ro\/crc-sp-ghiocel\/#breadcrumb\",\"itemListElement\":[{\"@type\":\"ListItem\",\"position\":1,\"name\":\"Home\",\"item\":\"https:\/\/www.icapcrif.com\/ro\/\"},{\"@type\":\"ListItem\",\"position\":2,\"name\":\"CRC-sp-Ghiocel\"}]}]}<\/script>\n<!-- \/ Yoast SEO plugin. -->","yoast_head_json":{"title":"CRC-sp-Ghiocel - ICAP CRIF RO","description":"Dr George Christodoulakis, Membru al consiliului de administratie ICAP CRIF, Manager al Agentiei de Credit Rating","robots":{"index":"index","follow":"follow","max-snippet":"max-snippet:-1","max-image-preview":"max-image-preview:large","max-video-preview":"max-video-preview:-1"},"canonical":"https:\/\/www.icapcrif.com\/ro\/crc-sp-ghiocel\/","og_locale":"ro_RO","og_type":"article","og_title":"CRC-sp-Ghiocel - ICAP CRIF RO","og_description":"Dr George Christodoulakis, Membru al consiliului de administratie ICAP CRIF, Manager al Agentiei de Credit Rating","og_url":"https:\/\/www.icapcrif.com\/ro\/crc-sp-ghiocel\/","og_site_name":"ICAP CRIF RO","article_publisher":"https:\/\/www.facebook.com\/ICAPCRIF\/","og_image":[{"url":"https:\/\/www.icapcrif.com\/ro\/wp-content\/uploads\/sites\/2\/2024\/05\/Andreea-Ghiocel-297x300.jpg"}],"twitter_card":"summary_large_image","twitter_misc":{"Timp estimat pentru citire":"1 minut"},"schema":{"@context":"https:\/\/schema.org","@graph":[{"@type":"Organization","@id":"https:\/\/www.icapcrif.com\/ro\/?lang=el\/#organization","name":"ICAP CRIF S.R.L.","url":"https:\/\/www.icapcrif.com\/ro\/?lang=el\/","sameAs":["https:\/\/www.linkedin.com\/company\/icap-crif\/","https:\/\/www.facebook.com\/ICAPCRIF\/"],"logo":{"@type":"ImageObject","inLanguage":"ro-RO","@id":"https:\/\/www.icapcrif.com\/ro\/?lang=el\/#\/schema\/logo\/image\/","url":"https:\/\/www.icapcrif.com\/ro\/wp-content\/uploads\/sites\/2\/2023\/04\/ICAPCRIF-logo.png","contentUrl":"https:\/\/www.icapcrif.com\/ro\/wp-content\/uploads\/sites\/2\/2023\/04\/ICAPCRIF-logo.png","width":1773,"height":781,"caption":"ICAP CRIF S.R.L."},"image":{"@id":"https:\/\/www.icapcrif.com\/ro\/?lang=el\/#\/schema\/logo\/image\/"}},{"@type":"WebSite","@id":"https:\/\/www.icapcrif.com\/ro\/?lang=el\/#website","url":"https:\/\/www.icapcrif.com\/ro\/?lang=el\/","name":"ICAP CRIF RO","description":"Business Information Services | ICAP CRIF in Romania","publisher":{"@id":"https:\/\/www.icapcrif.com\/ro\/?lang=el\/#organization"},"potentialAction":[{"@type":"SearchAction","target":{"@type":"EntryPoint","urlTemplate":"https:\/\/www.icapcrif.com\/ro\/?lang=el\/?s={search_term_string}"},"query-input":"required name=search_term_string"}],"inLanguage":"ro-RO"},{"@type":"ImageObject","inLanguage":"ro-RO","@id":"https:\/\/www.icapcrif.com\/ro\/crc-sp-ghiocel\/#primaryimage","url":"https:\/\/www.icapcrif.com\/ro\/wp-content\/uploads\/sites\/2\/2024\/05\/Andreea-Ghiocel.jpg","contentUrl":"https:\/\/www.icapcrif.com\/ro\/wp-content\/uploads\/sites\/2\/2024\/05\/Andreea-Ghiocel.jpg","width":1056,"height":1066},{"@type":"WebPage","@id":"https:\/\/www.icapcrif.com\/ro\/crc-sp-ghiocel\/","url":"https:\/\/www.icapcrif.com\/ro\/crc-sp-ghiocel\/","name":"CRC-sp-Ghiocel - ICAP CRIF RO","isPartOf":{"@id":"https:\/\/www.icapcrif.com\/ro\/?lang=el\/#website"},"primaryImageOfPage":{"@id":"https:\/\/www.icapcrif.com\/ro\/crc-sp-ghiocel\/#primaryimage"},"datePublished":"2024-05-13T07:16:10+00:00","dateModified":"2024-05-13T07:16:10+00:00","description":"Dr George Christodoulakis, Membru al consiliului de administratie ICAP CRIF, Manager al Agentiei de Credit Rating","breadcrumb":{"@id":"https:\/\/www.icapcrif.com\/ro\/crc-sp-ghiocel\/#breadcrumb"},"inLanguage":"ro-RO","potentialAction":[{"@type":"ReadAction","target":["https:\/\/www.icapcrif.com\/ro\/crc-sp-ghiocel\/"]}]},{"@type":"BreadcrumbList","@id":"https:\/\/www.icapcrif.com\/ro\/crc-sp-ghiocel\/#breadcrumb","itemListElement":[{"@type":"ListItem","position":1,"name":"Home","item":"https:\/\/www.icapcrif.com\/ro\/"},{"@type":"ListItem","position":2,"name":"CRC-sp-Ghiocel"}]}]}},"_links":{"self":[{"href":"https:\/\/www.icapcrif.com\/ro\/wp-json\/wp\/v2\/pages\/31218\/"}],"collection":[{"href":"https:\/\/www.icapcrif.com\/ro\/wp-json\/wp\/v2\/pages\/"}],"about":[{"href":"https:\/\/www.icapcrif.com\/ro\/wp-json\/wp\/v2\/types\/page\/"}],"author":[{"embeddable":true,"href":"https:\/\/www.icapcrif.com\/ro\/wp-json\/wp\/v2\/users\/4\/"}],"replies":[{"embeddable":true,"href":"https:\/\/www.icapcrif.com\/ro\/wp-json\/wp\/v2\/comments\/?post=31218"}],"version-history":[{"count":1,"href":"https:\/\/www.icapcrif.com\/ro\/wp-json\/wp\/v2\/pages\/31218\/revisions\/"}],"predecessor-version":[{"id":31222,"href":"https:\/\/www.icapcrif.com\/ro\/wp-json\/wp\/v2\/pages\/31218\/revisions\/31222\/"}],"wp:attachment":[{"href":"https:\/\/www.icapcrif.com\/ro\/wp-json\/wp\/v2\/media\/?parent=31218"}],"curies":[{"name":"wp","href":"https:\/\/api.w.org\/{rel}","templated":true}]}}