{"id":31305,"date":"2024-05-14T11:23:43","date_gmt":"2024-05-14T11:23:43","guid":{"rendered":"https:\/\/www.icapcrif.com\/ro\/?page_id=31305"},"modified":"2024-05-14T11:23:43","modified_gmt":"2024-05-14T11:23:43","slug":"crc-sp-uzuna","status":"publish","type":"page","link":"https:\/\/www.icapcrif.com\/ro\/crc-sp-uzuna\/","title":{"rendered":"CRC-sp-Uzuna"},"content":{"rendered":"<p><img loading=\"lazy\" decoding=\"async\" class=\"alignnone size-medium wp-image-31307\" src=\"https:\/\/www.icapcrif.com\/ro\/wp-content\/uploads\/sites\/2\/2024\/05\/Robert-Uzuna-web-291x300.jpg\" alt=\"\" width=\"291\" height=\"300\" srcset=\"https:\/\/www.icapcrif.com\/ro\/wp-content\/uploads\/sites\/2\/2024\/05\/Robert-Uzuna-web-291x300.jpg 291w, https:\/\/www.icapcrif.com\/ro\/wp-content\/uploads\/sites\/2\/2024\/05\/Robert-Uzuna-web-993x1024.jpg 993w, https:\/\/www.icapcrif.com\/ro\/wp-content\/uploads\/sites\/2\/2024\/05\/Robert-Uzuna-web-768x792.jpg 768w, https:\/\/www.icapcrif.com\/ro\/wp-content\/uploads\/sites\/2\/2024\/05\/Robert-Uzuna-web-1490x1536.jpg 1490w, https:\/\/www.icapcrif.com\/ro\/wp-content\/uploads\/sites\/2\/2024\/05\/Robert-Uzuna-web-700x722.jpg 700w, https:\/\/www.icapcrif.com\/ro\/wp-content\/uploads\/sites\/2\/2024\/05\/Robert-Uzuna-web.jpg 1676w\" sizes=\"(max-width: 291px) 100vw, 291px\" \/><\/p>\n<p><strong>Robert Uzun\u0103<\/strong><br \/>\nVicepre\u0219edinte, Departamentul Corporate Affairs<br \/>\nUrsus Breweries<\/p>\n<p>&nbsp;<\/p>\n<p>Robert Uzun\u0103 este Vicepre\u0219edinte al Departamentului Corporate Affairs din cadrul Ursus Breweries, departament care gestioneaz\u0103 aspectele legate de public affairs, dezvoltare durabil\u0103, comunicare intern\u0103 \u0219i extern\u0103 ale companiei. Robert are un doctorat \u00een economie, este licen\u021biat \u00een rela\u021bii economice interna\u021bionale \u0219i a absolvit studii post-universitare \u00een comunicare \u0219i rela\u021bii publice. De asemenea, a absolvit un master la Universitatea Cambridge din Marea Britanie \u0219i a urmat un program de specializare la Universitatea Georgetown din Washington DC, SUA. \u00cenainte de a se al\u0103tura Ursus Breweries \u00een 2011, Robert a activat \u00een domeniul rela\u021biilor interna\u021bionale \u0219i al diploma\u021biei.<\/p>\n<p>&nbsp;<\/p>\n<p>&nbsp;<\/p>\n","protected":false},"excerpt":{"rendered":"<p>Robert Uzun\u0103 Vicepre\u0219edinte, Departamentul Corporate Affairs Ursus Breweries &nbsp; Robert Uzun\u0103 este Vicepre\u0219edinte al Departamentului Corporate Affairs din cadrul Ursus Breweries, departament care gestioneaz\u0103 aspectele legate de public affairs, dezvoltare durabil\u0103, comunicare intern\u0103 \u0219i extern\u0103 ale companiei. Robert are un doctorat \u00een economie, este licen\u021biat&#8230;<\/p>\n","protected":false},"author":4,"featured_media":0,"parent":0,"menu_order":0,"comment_status":"closed","ping_status":"open","template":"","meta":{"footnotes":""},"class_list":["post-31305","page","type-page","status-publish","hentry"],"yoast_head":"<!-- This site is optimized with the Yoast SEO plugin v19.3 - https:\/\/yoast.com\/wordpress\/plugins\/seo\/ -->\n<title>CRC-sp-Uzuna - ICAP CRIF RO<\/title>\n<meta name=\"description\" content=\"Dr George Christodoulakis, Membru al consiliului de administratie ICAP CRIF, Manager al Agentiei de Credit Rating\" \/>\n<meta name=\"robots\" content=\"index, follow, max-snippet:-1, max-image-preview:large, max-video-preview:-1\" \/>\n<link rel=\"canonical\" href=\"https:\/\/www.icapcrif.com\/ro\/crc-sp-uzuna\/\" \/>\n<meta property=\"og:locale\" content=\"ro_RO\" \/>\n<meta property=\"og:type\" content=\"article\" \/>\n<meta property=\"og:title\" content=\"CRC-sp-Uzuna - ICAP CRIF RO\" \/>\n<meta property=\"og:description\" content=\"Dr George Christodoulakis, Membru al consiliului de administratie ICAP CRIF, Manager al Agentiei de Credit Rating\" \/>\n<meta property=\"og:url\" content=\"https:\/\/www.icapcrif.com\/ro\/crc-sp-uzuna\/\" \/>\n<meta property=\"og:site_name\" content=\"ICAP CRIF RO\" \/>\n<meta property=\"article:publisher\" content=\"https:\/\/www.facebook.com\/ICAPCRIF\/\" \/>\n<meta property=\"og:image\" content=\"https:\/\/www.icapcrif.com\/ro\/wp-content\/uploads\/sites\/2\/2024\/05\/Robert-Uzuna-web-291x300.jpg\" \/>\n<meta name=\"twitter:card\" content=\"summary_large_image\" \/>\n<meta name=\"twitter:label1\" content=\"Timp estimat pentru citire\" \/>\n\t<meta name=\"twitter:data1\" content=\"1 minut\" \/>\n<script type=\"application\/ld+json\" class=\"yoast-schema-graph\">{\"@context\":\"https:\/\/schema.org\",\"@graph\":[{\"@type\":\"Organization\",\"@id\":\"https:\/\/www.icapcrif.com\/ro\/?lang=el\/#organization\",\"name\":\"ICAP CRIF S.R.L.\",\"url\":\"https:\/\/www.icapcrif.com\/ro\/?lang=el\/\",\"sameAs\":[\"https:\/\/www.linkedin.com\/company\/icap-crif\/\",\"https:\/\/www.facebook.com\/ICAPCRIF\/\"],\"logo\":{\"@type\":\"ImageObject\",\"inLanguage\":\"ro-RO\",\"@id\":\"https:\/\/www.icapcrif.com\/ro\/?lang=el\/#\/schema\/logo\/image\/\",\"url\":\"https:\/\/www.icapcrif.com\/ro\/wp-content\/uploads\/sites\/2\/2023\/04\/ICAPCRIF-logo.png\",\"contentUrl\":\"https:\/\/www.icapcrif.com\/ro\/wp-content\/uploads\/sites\/2\/2023\/04\/ICAPCRIF-logo.png\",\"width\":1773,\"height\":781,\"caption\":\"ICAP CRIF S.R.L.\"},\"image\":{\"@id\":\"https:\/\/www.icapcrif.com\/ro\/?lang=el\/#\/schema\/logo\/image\/\"}},{\"@type\":\"WebSite\",\"@id\":\"https:\/\/www.icapcrif.com\/ro\/?lang=el\/#website\",\"url\":\"https:\/\/www.icapcrif.com\/ro\/?lang=el\/\",\"name\":\"ICAP CRIF RO\",\"description\":\"Business Information Services | ICAP CRIF in Romania\",\"publisher\":{\"@id\":\"https:\/\/www.icapcrif.com\/ro\/?lang=el\/#organization\"},\"potentialAction\":[{\"@type\":\"SearchAction\",\"target\":{\"@type\":\"EntryPoint\",\"urlTemplate\":\"https:\/\/www.icapcrif.com\/ro\/?lang=el\/?s={search_term_string}\"},\"query-input\":\"required name=search_term_string\"}],\"inLanguage\":\"ro-RO\"},{\"@type\":\"ImageObject\",\"inLanguage\":\"ro-RO\",\"@id\":\"https:\/\/www.icapcrif.com\/ro\/crc-sp-uzuna\/#primaryimage\",\"url\":\"https:\/\/www.icapcrif.com\/ro\/wp-content\/uploads\/sites\/2\/2024\/05\/Robert-Uzuna-web.jpg\",\"contentUrl\":\"https:\/\/www.icapcrif.com\/ro\/wp-content\/uploads\/sites\/2\/2024\/05\/Robert-Uzuna-web.jpg\",\"width\":1676,\"height\":1728},{\"@type\":\"WebPage\",\"@id\":\"https:\/\/www.icapcrif.com\/ro\/crc-sp-uzuna\/\",\"url\":\"https:\/\/www.icapcrif.com\/ro\/crc-sp-uzuna\/\",\"name\":\"CRC-sp-Uzuna - ICAP CRIF RO\",\"isPartOf\":{\"@id\":\"https:\/\/www.icapcrif.com\/ro\/?lang=el\/#website\"},\"primaryImageOfPage\":{\"@id\":\"https:\/\/www.icapcrif.com\/ro\/crc-sp-uzuna\/#primaryimage\"},\"datePublished\":\"2024-05-14T11:23:43+00:00\",\"dateModified\":\"2024-05-14T11:23:43+00:00\",\"description\":\"Dr George Christodoulakis, Membru al consiliului de administratie ICAP CRIF, Manager al Agentiei de Credit Rating\",\"breadcrumb\":{\"@id\":\"https:\/\/www.icapcrif.com\/ro\/crc-sp-uzuna\/#breadcrumb\"},\"inLanguage\":\"ro-RO\",\"potentialAction\":[{\"@type\":\"ReadAction\",\"target\":[\"https:\/\/www.icapcrif.com\/ro\/crc-sp-uzuna\/\"]}]},{\"@type\":\"BreadcrumbList\",\"@id\":\"https:\/\/www.icapcrif.com\/ro\/crc-sp-uzuna\/#breadcrumb\",\"itemListElement\":[{\"@type\":\"ListItem\",\"position\":1,\"name\":\"Home\",\"item\":\"https:\/\/www.icapcrif.com\/ro\/\"},{\"@type\":\"ListItem\",\"position\":2,\"name\":\"CRC-sp-Uzuna\"}]}]}<\/script>\n<!-- \/ Yoast SEO plugin. -->","yoast_head_json":{"title":"CRC-sp-Uzuna - ICAP CRIF RO","description":"Dr George Christodoulakis, Membru al consiliului de administratie ICAP CRIF, Manager al Agentiei de Credit Rating","robots":{"index":"index","follow":"follow","max-snippet":"max-snippet:-1","max-image-preview":"max-image-preview:large","max-video-preview":"max-video-preview:-1"},"canonical":"https:\/\/www.icapcrif.com\/ro\/crc-sp-uzuna\/","og_locale":"ro_RO","og_type":"article","og_title":"CRC-sp-Uzuna - ICAP CRIF RO","og_description":"Dr George Christodoulakis, Membru al consiliului de administratie ICAP CRIF, Manager al Agentiei de Credit Rating","og_url":"https:\/\/www.icapcrif.com\/ro\/crc-sp-uzuna\/","og_site_name":"ICAP CRIF RO","article_publisher":"https:\/\/www.facebook.com\/ICAPCRIF\/","og_image":[{"url":"https:\/\/www.icapcrif.com\/ro\/wp-content\/uploads\/sites\/2\/2024\/05\/Robert-Uzuna-web-291x300.jpg"}],"twitter_card":"summary_large_image","twitter_misc":{"Timp estimat pentru citire":"1 minut"},"schema":{"@context":"https:\/\/schema.org","@graph":[{"@type":"Organization","@id":"https:\/\/www.icapcrif.com\/ro\/?lang=el\/#organization","name":"ICAP CRIF S.R.L.","url":"https:\/\/www.icapcrif.com\/ro\/?lang=el\/","sameAs":["https:\/\/www.linkedin.com\/company\/icap-crif\/","https:\/\/www.facebook.com\/ICAPCRIF\/"],"logo":{"@type":"ImageObject","inLanguage":"ro-RO","@id":"https:\/\/www.icapcrif.com\/ro\/?lang=el\/#\/schema\/logo\/image\/","url":"https:\/\/www.icapcrif.com\/ro\/wp-content\/uploads\/sites\/2\/2023\/04\/ICAPCRIF-logo.png","contentUrl":"https:\/\/www.icapcrif.com\/ro\/wp-content\/uploads\/sites\/2\/2023\/04\/ICAPCRIF-logo.png","width":1773,"height":781,"caption":"ICAP CRIF S.R.L."},"image":{"@id":"https:\/\/www.icapcrif.com\/ro\/?lang=el\/#\/schema\/logo\/image\/"}},{"@type":"WebSite","@id":"https:\/\/www.icapcrif.com\/ro\/?lang=el\/#website","url":"https:\/\/www.icapcrif.com\/ro\/?lang=el\/","name":"ICAP CRIF RO","description":"Business Information Services | ICAP CRIF in Romania","publisher":{"@id":"https:\/\/www.icapcrif.com\/ro\/?lang=el\/#organization"},"potentialAction":[{"@type":"SearchAction","target":{"@type":"EntryPoint","urlTemplate":"https:\/\/www.icapcrif.com\/ro\/?lang=el\/?s={search_term_string}"},"query-input":"required name=search_term_string"}],"inLanguage":"ro-RO"},{"@type":"ImageObject","inLanguage":"ro-RO","@id":"https:\/\/www.icapcrif.com\/ro\/crc-sp-uzuna\/#primaryimage","url":"https:\/\/www.icapcrif.com\/ro\/wp-content\/uploads\/sites\/2\/2024\/05\/Robert-Uzuna-web.jpg","contentUrl":"https:\/\/www.icapcrif.com\/ro\/wp-content\/uploads\/sites\/2\/2024\/05\/Robert-Uzuna-web.jpg","width":1676,"height":1728},{"@type":"WebPage","@id":"https:\/\/www.icapcrif.com\/ro\/crc-sp-uzuna\/","url":"https:\/\/www.icapcrif.com\/ro\/crc-sp-uzuna\/","name":"CRC-sp-Uzuna - ICAP CRIF RO","isPartOf":{"@id":"https:\/\/www.icapcrif.com\/ro\/?lang=el\/#website"},"primaryImageOfPage":{"@id":"https:\/\/www.icapcrif.com\/ro\/crc-sp-uzuna\/#primaryimage"},"datePublished":"2024-05-14T11:23:43+00:00","dateModified":"2024-05-14T11:23:43+00:00","description":"Dr George Christodoulakis, Membru al consiliului de administratie ICAP CRIF, Manager al Agentiei de Credit Rating","breadcrumb":{"@id":"https:\/\/www.icapcrif.com\/ro\/crc-sp-uzuna\/#breadcrumb"},"inLanguage":"ro-RO","potentialAction":[{"@type":"ReadAction","target":["https:\/\/www.icapcrif.com\/ro\/crc-sp-uzuna\/"]}]},{"@type":"BreadcrumbList","@id":"https:\/\/www.icapcrif.com\/ro\/crc-sp-uzuna\/#breadcrumb","itemListElement":[{"@type":"ListItem","position":1,"name":"Home","item":"https:\/\/www.icapcrif.com\/ro\/"},{"@type":"ListItem","position":2,"name":"CRC-sp-Uzuna"}]}]}},"_links":{"self":[{"href":"https:\/\/www.icapcrif.com\/ro\/wp-json\/wp\/v2\/pages\/31305\/"}],"collection":[{"href":"https:\/\/www.icapcrif.com\/ro\/wp-json\/wp\/v2\/pages\/"}],"about":[{"href":"https:\/\/www.icapcrif.com\/ro\/wp-json\/wp\/v2\/types\/page\/"}],"author":[{"embeddable":true,"href":"https:\/\/www.icapcrif.com\/ro\/wp-json\/wp\/v2\/users\/4\/"}],"replies":[{"embeddable":true,"href":"https:\/\/www.icapcrif.com\/ro\/wp-json\/wp\/v2\/comments\/?post=31305"}],"version-history":[{"count":1,"href":"https:\/\/www.icapcrif.com\/ro\/wp-json\/wp\/v2\/pages\/31305\/revisions\/"}],"predecessor-version":[{"id":31309,"href":"https:\/\/www.icapcrif.com\/ro\/wp-json\/wp\/v2\/pages\/31305\/revisions\/31309\/"}],"wp:attachment":[{"href":"https:\/\/www.icapcrif.com\/ro\/wp-json\/wp\/v2\/media\/?parent=31305"}],"curies":[{"name":"wp","href":"https:\/\/api.w.org\/{rel}","templated":true}]}}