{"id":35605,"date":"2025-04-23T12:58:06","date_gmt":"2025-04-23T12:58:06","guid":{"rendered":"https:\/\/www.icapcrif.com\/ro\/?page_id=35605"},"modified":"2025-04-23T12:58:06","modified_gmt":"2025-04-23T12:58:06","slug":"16th-sp-anca","status":"publish","type":"page","link":"https:\/\/www.icapcrif.com\/ro\/16th-sp-anca\/","title":{"rendered":"16th-sp-Anca"},"content":{"rendered":"<p><strong><img loading=\"lazy\" decoding=\"async\" class=\"alignnone  wp-image-35599\" src=\"https:\/\/www.icapcrif.com\/ro\/wp-content\/uploads\/sites\/2\/2025\/04\/SDI1001-removebg-preview.png\" alt=\"\" width=\"376\" height=\"347\" srcset=\"https:\/\/www.icapcrif.com\/ro\/wp-content\/uploads\/sites\/2\/2025\/04\/SDI1001-removebg-preview.png 520w, https:\/\/www.icapcrif.com\/ro\/wp-content\/uploads\/sites\/2\/2025\/04\/SDI1001-removebg-preview-300x277.png 300w\" sizes=\"(max-width: 376px) 100vw, 376px\" \/><\/strong><\/p>\n<p><strong>Anca Ionescu <\/strong><\/p>\n<p>Credit Control Manager<\/p>\n<p>MACROMEX SRL<\/p>\n<p>&nbsp;<\/p>\n<p>Anca Ionescu cu peste 20 ani de experien\u021b\u0103 \u00een managementul riscului de credit.<\/p>\n<p>\u00cen prezent, ocup\u0103 func\u021bia de Credit Control Manager la MACROMEX SRL, unde coordoneaz\u0103 o echip\u0103 de 4 persoane \u0219i este responsabil\u0103 de evaluarea riscului de credit, monitorizarea clien\u021bilor \u0219i implementarea politicilor de credit.<\/p>\n<p>Educa\u021bie:<\/p>\n<ul>\n<li>Master \u00een Management \u0219i Administrarea Afacerilor\u00a0@ Academia de Studii Economice din Bucure\u0219ti (2003 &#8211; 2004)<\/li>\n<li>Licen\u021b\u0103 \u00een Management \u0219i Administrarea Afacerilor\u00a0@ Academia de Studii Economice din Bucure\u0219ti (1998 &#8211; 2002)<\/li>\n<\/ul>\n<p>&nbsp;<\/p>\n<p>&nbsp;<\/p>\n","protected":false},"excerpt":{"rendered":"<p>Anca Ionescu Credit Control Manager MACROMEX SRL &nbsp; Anca Ionescu cu peste 20 ani de experien\u021b\u0103 \u00een managementul riscului de credit. \u00cen prezent, ocup\u0103 func\u021bia de Credit Control Manager la MACROMEX SRL, unde coordoneaz\u0103 o echip\u0103 de 4 persoane \u0219i este responsabil\u0103 de evaluarea riscului&#8230;<\/p>\n","protected":false},"author":5,"featured_media":0,"parent":0,"menu_order":0,"comment_status":"closed","ping_status":"open","template":"","meta":{"footnotes":""},"class_list":["post-35605","page","type-page","status-publish","hentry"],"yoast_head":"<!-- This site is optimized with the Yoast SEO plugin v19.3 - https:\/\/yoast.com\/wordpress\/plugins\/seo\/ -->\n<title>16th-sp-Anca - ICAP CRIF RO<\/title>\n<meta name=\"description\" content=\"Valentin Lazea, Economistul-sef al Bancii Nationale a Romaniei\" \/>\n<meta name=\"robots\" content=\"index, follow, max-snippet:-1, max-image-preview:large, max-video-preview:-1\" \/>\n<link rel=\"canonical\" href=\"https:\/\/www.icapcrif.com\/ro\/16th-sp-anca\/\" \/>\n<meta property=\"og:locale\" content=\"ro_RO\" \/>\n<meta property=\"og:type\" content=\"article\" \/>\n<meta property=\"og:title\" content=\"16th-sp-Anca - ICAP CRIF RO\" \/>\n<meta property=\"og:description\" content=\"Valentin Lazea, Economistul-sef al Bancii Nationale a Romaniei\" \/>\n<meta property=\"og:url\" content=\"https:\/\/www.icapcrif.com\/ro\/16th-sp-anca\/\" \/>\n<meta property=\"og:site_name\" content=\"ICAP CRIF RO\" \/>\n<meta property=\"article:publisher\" content=\"https:\/\/www.facebook.com\/ICAPCRIF\/\" \/>\n<meta property=\"og:image\" content=\"https:\/\/www.icapcrif.com\/ro\/wp-content\/uploads\/sites\/2\/2025\/04\/SDI1001-removebg-preview.png\" \/>\n<meta name=\"twitter:card\" content=\"summary_large_image\" \/>\n<meta name=\"twitter:label1\" content=\"Timp estimat pentru citire\" \/>\n\t<meta name=\"twitter:data1\" content=\"2 minute\" \/>\n<script type=\"application\/ld+json\" class=\"yoast-schema-graph\">{\"@context\":\"https:\/\/schema.org\",\"@graph\":[{\"@type\":\"Organization\",\"@id\":\"https:\/\/www.icapcrif.com\/ro\/?lang=el\/#organization\",\"name\":\"ICAP CRIF S.R.L.\",\"url\":\"https:\/\/www.icapcrif.com\/ro\/?lang=el\/\",\"sameAs\":[\"https:\/\/www.linkedin.com\/company\/icap-crif\/\",\"https:\/\/www.facebook.com\/ICAPCRIF\/\"],\"logo\":{\"@type\":\"ImageObject\",\"inLanguage\":\"ro-RO\",\"@id\":\"https:\/\/www.icapcrif.com\/ro\/?lang=el\/#\/schema\/logo\/image\/\",\"url\":\"https:\/\/www.icapcrif.com\/ro\/wp-content\/uploads\/sites\/2\/2023\/04\/ICAPCRIF-logo.png\",\"contentUrl\":\"https:\/\/www.icapcrif.com\/ro\/wp-content\/uploads\/sites\/2\/2023\/04\/ICAPCRIF-logo.png\",\"width\":1773,\"height\":781,\"caption\":\"ICAP CRIF S.R.L.\"},\"image\":{\"@id\":\"https:\/\/www.icapcrif.com\/ro\/?lang=el\/#\/schema\/logo\/image\/\"}},{\"@type\":\"WebSite\",\"@id\":\"https:\/\/www.icapcrif.com\/ro\/?lang=el\/#website\",\"url\":\"https:\/\/www.icapcrif.com\/ro\/?lang=el\/\",\"name\":\"ICAP CRIF RO\",\"description\":\"Business Information Services | ICAP CRIF in Romania\",\"publisher\":{\"@id\":\"https:\/\/www.icapcrif.com\/ro\/?lang=el\/#organization\"},\"potentialAction\":[{\"@type\":\"SearchAction\",\"target\":{\"@type\":\"EntryPoint\",\"urlTemplate\":\"https:\/\/www.icapcrif.com\/ro\/?lang=el\/?s={search_term_string}\"},\"query-input\":\"required name=search_term_string\"}],\"inLanguage\":\"ro-RO\"},{\"@type\":\"ImageObject\",\"inLanguage\":\"ro-RO\",\"@id\":\"https:\/\/www.icapcrif.com\/ro\/16th-sp-anca\/#primaryimage\",\"url\":\"https:\/\/www.icapcrif.com\/ro\/wp-content\/uploads\/sites\/2\/2025\/04\/SDI1001-removebg-preview.png\",\"contentUrl\":\"https:\/\/www.icapcrif.com\/ro\/wp-content\/uploads\/sites\/2\/2025\/04\/SDI1001-removebg-preview.png\",\"width\":520,\"height\":480},{\"@type\":\"WebPage\",\"@id\":\"https:\/\/www.icapcrif.com\/ro\/16th-sp-anca\/\",\"url\":\"https:\/\/www.icapcrif.com\/ro\/16th-sp-anca\/\",\"name\":\"16th-sp-Anca - ICAP CRIF RO\",\"isPartOf\":{\"@id\":\"https:\/\/www.icapcrif.com\/ro\/?lang=el\/#website\"},\"primaryImageOfPage\":{\"@id\":\"https:\/\/www.icapcrif.com\/ro\/16th-sp-anca\/#primaryimage\"},\"datePublished\":\"2025-04-23T12:58:06+00:00\",\"dateModified\":\"2025-04-23T12:58:06+00:00\",\"description\":\"Valentin Lazea, Economistul-sef al Bancii Nationale a Romaniei\",\"breadcrumb\":{\"@id\":\"https:\/\/www.icapcrif.com\/ro\/16th-sp-anca\/#breadcrumb\"},\"inLanguage\":\"ro-RO\",\"potentialAction\":[{\"@type\":\"ReadAction\",\"target\":[\"https:\/\/www.icapcrif.com\/ro\/16th-sp-anca\/\"]}]},{\"@type\":\"BreadcrumbList\",\"@id\":\"https:\/\/www.icapcrif.com\/ro\/16th-sp-anca\/#breadcrumb\",\"itemListElement\":[{\"@type\":\"ListItem\",\"position\":1,\"name\":\"Home\",\"item\":\"https:\/\/www.icapcrif.com\/ro\/\"},{\"@type\":\"ListItem\",\"position\":2,\"name\":\"16th-sp-Anca\"}]}]}<\/script>\n<!-- \/ Yoast SEO plugin. -->","yoast_head_json":{"title":"16th-sp-Anca - ICAP CRIF RO","description":"Valentin Lazea, Economistul-sef al Bancii Nationale a Romaniei","robots":{"index":"index","follow":"follow","max-snippet":"max-snippet:-1","max-image-preview":"max-image-preview:large","max-video-preview":"max-video-preview:-1"},"canonical":"https:\/\/www.icapcrif.com\/ro\/16th-sp-anca\/","og_locale":"ro_RO","og_type":"article","og_title":"16th-sp-Anca - ICAP CRIF RO","og_description":"Valentin Lazea, Economistul-sef al Bancii Nationale a Romaniei","og_url":"https:\/\/www.icapcrif.com\/ro\/16th-sp-anca\/","og_site_name":"ICAP CRIF RO","article_publisher":"https:\/\/www.facebook.com\/ICAPCRIF\/","og_image":[{"url":"https:\/\/www.icapcrif.com\/ro\/wp-content\/uploads\/sites\/2\/2025\/04\/SDI1001-removebg-preview.png"}],"twitter_card":"summary_large_image","twitter_misc":{"Timp estimat pentru citire":"2 minute"},"schema":{"@context":"https:\/\/schema.org","@graph":[{"@type":"Organization","@id":"https:\/\/www.icapcrif.com\/ro\/?lang=el\/#organization","name":"ICAP CRIF S.R.L.","url":"https:\/\/www.icapcrif.com\/ro\/?lang=el\/","sameAs":["https:\/\/www.linkedin.com\/company\/icap-crif\/","https:\/\/www.facebook.com\/ICAPCRIF\/"],"logo":{"@type":"ImageObject","inLanguage":"ro-RO","@id":"https:\/\/www.icapcrif.com\/ro\/?lang=el\/#\/schema\/logo\/image\/","url":"https:\/\/www.icapcrif.com\/ro\/wp-content\/uploads\/sites\/2\/2023\/04\/ICAPCRIF-logo.png","contentUrl":"https:\/\/www.icapcrif.com\/ro\/wp-content\/uploads\/sites\/2\/2023\/04\/ICAPCRIF-logo.png","width":1773,"height":781,"caption":"ICAP CRIF S.R.L."},"image":{"@id":"https:\/\/www.icapcrif.com\/ro\/?lang=el\/#\/schema\/logo\/image\/"}},{"@type":"WebSite","@id":"https:\/\/www.icapcrif.com\/ro\/?lang=el\/#website","url":"https:\/\/www.icapcrif.com\/ro\/?lang=el\/","name":"ICAP CRIF RO","description":"Business Information Services | ICAP CRIF in Romania","publisher":{"@id":"https:\/\/www.icapcrif.com\/ro\/?lang=el\/#organization"},"potentialAction":[{"@type":"SearchAction","target":{"@type":"EntryPoint","urlTemplate":"https:\/\/www.icapcrif.com\/ro\/?lang=el\/?s={search_term_string}"},"query-input":"required name=search_term_string"}],"inLanguage":"ro-RO"},{"@type":"ImageObject","inLanguage":"ro-RO","@id":"https:\/\/www.icapcrif.com\/ro\/16th-sp-anca\/#primaryimage","url":"https:\/\/www.icapcrif.com\/ro\/wp-content\/uploads\/sites\/2\/2025\/04\/SDI1001-removebg-preview.png","contentUrl":"https:\/\/www.icapcrif.com\/ro\/wp-content\/uploads\/sites\/2\/2025\/04\/SDI1001-removebg-preview.png","width":520,"height":480},{"@type":"WebPage","@id":"https:\/\/www.icapcrif.com\/ro\/16th-sp-anca\/","url":"https:\/\/www.icapcrif.com\/ro\/16th-sp-anca\/","name":"16th-sp-Anca - ICAP CRIF RO","isPartOf":{"@id":"https:\/\/www.icapcrif.com\/ro\/?lang=el\/#website"},"primaryImageOfPage":{"@id":"https:\/\/www.icapcrif.com\/ro\/16th-sp-anca\/#primaryimage"},"datePublished":"2025-04-23T12:58:06+00:00","dateModified":"2025-04-23T12:58:06+00:00","description":"Valentin Lazea, Economistul-sef al Bancii Nationale a Romaniei","breadcrumb":{"@id":"https:\/\/www.icapcrif.com\/ro\/16th-sp-anca\/#breadcrumb"},"inLanguage":"ro-RO","potentialAction":[{"@type":"ReadAction","target":["https:\/\/www.icapcrif.com\/ro\/16th-sp-anca\/"]}]},{"@type":"BreadcrumbList","@id":"https:\/\/www.icapcrif.com\/ro\/16th-sp-anca\/#breadcrumb","itemListElement":[{"@type":"ListItem","position":1,"name":"Home","item":"https:\/\/www.icapcrif.com\/ro\/"},{"@type":"ListItem","position":2,"name":"16th-sp-Anca"}]}]}},"_links":{"self":[{"href":"https:\/\/www.icapcrif.com\/ro\/wp-json\/wp\/v2\/pages\/35605\/"}],"collection":[{"href":"https:\/\/www.icapcrif.com\/ro\/wp-json\/wp\/v2\/pages\/"}],"about":[{"href":"https:\/\/www.icapcrif.com\/ro\/wp-json\/wp\/v2\/types\/page\/"}],"author":[{"embeddable":true,"href":"https:\/\/www.icapcrif.com\/ro\/wp-json\/wp\/v2\/users\/5\/"}],"replies":[{"embeddable":true,"href":"https:\/\/www.icapcrif.com\/ro\/wp-json\/wp\/v2\/comments\/?post=35605"}],"version-history":[{"count":1,"href":"https:\/\/www.icapcrif.com\/ro\/wp-json\/wp\/v2\/pages\/35605\/revisions\/"}],"predecessor-version":[{"id":35609,"href":"https:\/\/www.icapcrif.com\/ro\/wp-json\/wp\/v2\/pages\/35605\/revisions\/35609\/"}],"wp:attachment":[{"href":"https:\/\/www.icapcrif.com\/ro\/wp-json\/wp\/v2\/media\/?parent=35605"}],"curies":[{"name":"wp","href":"https:\/\/api.w.org\/{rel}","templated":true}]}}