{"id":35635,"date":"2025-04-24T07:19:39","date_gmt":"2025-04-24T07:19:39","guid":{"rendered":"https:\/\/www.icapcrif.com\/ro\/?page_id=35635"},"modified":"2025-04-24T07:19:39","modified_gmt":"2025-04-24T07:19:39","slug":"16th-sp-andrew","status":"publish","type":"page","link":"https:\/\/www.icapcrif.com\/ro\/16th-sp-andrew\/","title":{"rendered":"16th-sp-Andrew"},"content":{"rendered":"<p>&nbsp;<\/p>\n<p><img loading=\"lazy\" decoding=\"async\" class=\"alignnone  wp-image-35629\" src=\"https:\/\/www.icapcrif.com\/ro\/wp-content\/uploads\/sites\/2\/2025\/04\/Andrew-Perryman-web.jpg\" alt=\"\" width=\"460\" height=\"307\" srcset=\"https:\/\/www.icapcrif.com\/ro\/wp-content\/uploads\/sites\/2\/2025\/04\/Andrew-Perryman-web.jpg 2000w, https:\/\/www.icapcrif.com\/ro\/wp-content\/uploads\/sites\/2\/2025\/04\/Andrew-Perryman-web-300x200.jpg 300w, https:\/\/www.icapcrif.com\/ro\/wp-content\/uploads\/sites\/2\/2025\/04\/Andrew-Perryman-web-1024x683.jpg 1024w, https:\/\/www.icapcrif.com\/ro\/wp-content\/uploads\/sites\/2\/2025\/04\/Andrew-Perryman-web-768x512.jpg 768w, https:\/\/www.icapcrif.com\/ro\/wp-content\/uploads\/sites\/2\/2025\/04\/Andrew-Perryman-web-1536x1025.jpg 1536w, https:\/\/www.icapcrif.com\/ro\/wp-content\/uploads\/sites\/2\/2025\/04\/Andrew-Perryman-web-700x467.jpg 700w\" sizes=\"(max-width: 460px) 100vw, 460px\" \/><\/p>\n<p><strong>Andrew W. Perryman<\/strong><\/p>\n<p>Leader, Product Deployment<\/p>\n<p>International Product \u2013 Worldwide Network<\/p>\n<p>&nbsp;<\/p>\n<p>Andy Perryman face parte din echipa interna\u021bional\u0103 de produse Dun &amp; Bradstreet, axat\u0103 pe re\u021beaua mondial\u0103 de parteneri D&amp;B.<\/p>\n<p>Peste 25+ ani de serviciu \u00een cadrul D&amp;B, el a dob\u00e2ndit o vast\u0103 experien\u021b\u0103 interfunc\u021bional\u0103 \u00een cadrul afacerii globale a D&amp;B, \u00een principal \u00een cadrul liniilor de business de gestionare a riscului de credit, iar acum se concentreaz\u0103 pe implementarea de produse a solu\u021biilor financiare D&amp;B \u00een cadrul re\u021belei mondiale.<\/p>\n<p>Rolul s\u0103u se concentreaz\u0103 pe furnizarea combina\u021biei potrivite de solu\u021bii pentru a satisface nevoile clien\u021bilor de pe pia\u021ba local\u0103 a partenerilor \u0219i pe asigurarea faptului c\u0103 planurile strategice D&amp;B sunt realizate la un nivel global adecvat.<\/p>\n<p>De\u021bine o diplom\u0103 de onoare \u00een afaceri (finan\u021be corporative) de la Universitatea Guildhall din Londra \u0219i este absolvent al Institutului Regal al Chimi\u0219tilor.<\/p>\n<p>&nbsp;<\/p>\n","protected":false},"excerpt":{"rendered":"<p>&nbsp; Andrew W. Perryman Leader, Product Deployment International Product \u2013 Worldwide Network &nbsp; Andy Perryman face parte din echipa interna\u021bional\u0103 de produse Dun &amp; Bradstreet, axat\u0103 pe re\u021beaua mondial\u0103 de parteneri D&amp;B. Peste 25+ ani de serviciu \u00een cadrul D&amp;B, el a dob\u00e2ndit o vast\u0103&#8230;<\/p>\n","protected":false},"author":5,"featured_media":0,"parent":0,"menu_order":0,"comment_status":"closed","ping_status":"open","template":"","meta":{"footnotes":""},"class_list":["post-35635","page","type-page","status-publish","hentry"],"yoast_head":"<!-- This site is optimized with the Yoast SEO plugin v19.3 - https:\/\/yoast.com\/wordpress\/plugins\/seo\/ -->\n<title>16th-sp-Andrew - ICAP CRIF RO<\/title>\n<meta name=\"description\" content=\"Valentin Lazea, Economistul-sef al Bancii Nationale a Romaniei\" \/>\n<meta name=\"robots\" content=\"index, follow, max-snippet:-1, max-image-preview:large, max-video-preview:-1\" \/>\n<link rel=\"canonical\" href=\"https:\/\/www.icapcrif.com\/ro\/16th-sp-andrew\/\" \/>\n<meta property=\"og:locale\" content=\"ro_RO\" \/>\n<meta property=\"og:type\" content=\"article\" \/>\n<meta property=\"og:title\" content=\"16th-sp-Andrew - ICAP CRIF RO\" \/>\n<meta property=\"og:description\" content=\"Valentin Lazea, Economistul-sef al Bancii Nationale a Romaniei\" \/>\n<meta property=\"og:url\" content=\"https:\/\/www.icapcrif.com\/ro\/16th-sp-andrew\/\" \/>\n<meta property=\"og:site_name\" content=\"ICAP CRIF RO\" \/>\n<meta property=\"article:publisher\" content=\"https:\/\/www.facebook.com\/ICAPCRIF\/\" \/>\n<meta property=\"og:image\" content=\"https:\/\/www.icapcrif.com\/ro\/wp-content\/uploads\/sites\/2\/2025\/04\/Andrew-Perryman-web.jpg\" \/>\n<meta name=\"twitter:card\" content=\"summary_large_image\" \/>\n<meta name=\"twitter:label1\" content=\"Timp estimat pentru citire\" \/>\n\t<meta name=\"twitter:data1\" content=\"2 minute\" \/>\n<script type=\"application\/ld+json\" class=\"yoast-schema-graph\">{\"@context\":\"https:\/\/schema.org\",\"@graph\":[{\"@type\":\"Organization\",\"@id\":\"https:\/\/www.icapcrif.com\/ro\/?lang=el\/#organization\",\"name\":\"ICAP CRIF S.R.L.\",\"url\":\"https:\/\/www.icapcrif.com\/ro\/?lang=el\/\",\"sameAs\":[\"https:\/\/www.linkedin.com\/company\/icap-crif\/\",\"https:\/\/www.facebook.com\/ICAPCRIF\/\"],\"logo\":{\"@type\":\"ImageObject\",\"inLanguage\":\"ro-RO\",\"@id\":\"https:\/\/www.icapcrif.com\/ro\/?lang=el\/#\/schema\/logo\/image\/\",\"url\":\"https:\/\/www.icapcrif.com\/ro\/wp-content\/uploads\/sites\/2\/2023\/04\/ICAPCRIF-logo.png\",\"contentUrl\":\"https:\/\/www.icapcrif.com\/ro\/wp-content\/uploads\/sites\/2\/2023\/04\/ICAPCRIF-logo.png\",\"width\":1773,\"height\":781,\"caption\":\"ICAP CRIF S.R.L.\"},\"image\":{\"@id\":\"https:\/\/www.icapcrif.com\/ro\/?lang=el\/#\/schema\/logo\/image\/\"}},{\"@type\":\"WebSite\",\"@id\":\"https:\/\/www.icapcrif.com\/ro\/?lang=el\/#website\",\"url\":\"https:\/\/www.icapcrif.com\/ro\/?lang=el\/\",\"name\":\"ICAP CRIF RO\",\"description\":\"Business Information Services | ICAP CRIF in Romania\",\"publisher\":{\"@id\":\"https:\/\/www.icapcrif.com\/ro\/?lang=el\/#organization\"},\"potentialAction\":[{\"@type\":\"SearchAction\",\"target\":{\"@type\":\"EntryPoint\",\"urlTemplate\":\"https:\/\/www.icapcrif.com\/ro\/?lang=el\/?s={search_term_string}\"},\"query-input\":\"required name=search_term_string\"}],\"inLanguage\":\"ro-RO\"},{\"@type\":\"ImageObject\",\"inLanguage\":\"ro-RO\",\"@id\":\"https:\/\/www.icapcrif.com\/ro\/16th-sp-andrew\/#primaryimage\",\"url\":\"https:\/\/www.icapcrif.com\/ro\/wp-content\/uploads\/sites\/2\/2025\/04\/Andrew-Perryman-web.jpg\",\"contentUrl\":\"https:\/\/www.icapcrif.com\/ro\/wp-content\/uploads\/sites\/2\/2025\/04\/Andrew-Perryman-web.jpg\",\"width\":2000,\"height\":1334},{\"@type\":\"WebPage\",\"@id\":\"https:\/\/www.icapcrif.com\/ro\/16th-sp-andrew\/\",\"url\":\"https:\/\/www.icapcrif.com\/ro\/16th-sp-andrew\/\",\"name\":\"16th-sp-Andrew - ICAP CRIF RO\",\"isPartOf\":{\"@id\":\"https:\/\/www.icapcrif.com\/ro\/?lang=el\/#website\"},\"primaryImageOfPage\":{\"@id\":\"https:\/\/www.icapcrif.com\/ro\/16th-sp-andrew\/#primaryimage\"},\"datePublished\":\"2025-04-24T07:19:39+00:00\",\"dateModified\":\"2025-04-24T07:19:39+00:00\",\"description\":\"Valentin Lazea, Economistul-sef al Bancii Nationale a Romaniei\",\"breadcrumb\":{\"@id\":\"https:\/\/www.icapcrif.com\/ro\/16th-sp-andrew\/#breadcrumb\"},\"inLanguage\":\"ro-RO\",\"potentialAction\":[{\"@type\":\"ReadAction\",\"target\":[\"https:\/\/www.icapcrif.com\/ro\/16th-sp-andrew\/\"]}]},{\"@type\":\"BreadcrumbList\",\"@id\":\"https:\/\/www.icapcrif.com\/ro\/16th-sp-andrew\/#breadcrumb\",\"itemListElement\":[{\"@type\":\"ListItem\",\"position\":1,\"name\":\"Home\",\"item\":\"https:\/\/www.icapcrif.com\/ro\/\"},{\"@type\":\"ListItem\",\"position\":2,\"name\":\"16th-sp-Andrew\"}]}]}<\/script>\n<!-- \/ Yoast SEO plugin. -->","yoast_head_json":{"title":"16th-sp-Andrew - ICAP CRIF RO","description":"Valentin Lazea, Economistul-sef al Bancii Nationale a Romaniei","robots":{"index":"index","follow":"follow","max-snippet":"max-snippet:-1","max-image-preview":"max-image-preview:large","max-video-preview":"max-video-preview:-1"},"canonical":"https:\/\/www.icapcrif.com\/ro\/16th-sp-andrew\/","og_locale":"ro_RO","og_type":"article","og_title":"16th-sp-Andrew - ICAP CRIF RO","og_description":"Valentin Lazea, Economistul-sef al Bancii Nationale a Romaniei","og_url":"https:\/\/www.icapcrif.com\/ro\/16th-sp-andrew\/","og_site_name":"ICAP CRIF RO","article_publisher":"https:\/\/www.facebook.com\/ICAPCRIF\/","og_image":[{"url":"https:\/\/www.icapcrif.com\/ro\/wp-content\/uploads\/sites\/2\/2025\/04\/Andrew-Perryman-web.jpg"}],"twitter_card":"summary_large_image","twitter_misc":{"Timp estimat pentru citire":"2 minute"},"schema":{"@context":"https:\/\/schema.org","@graph":[{"@type":"Organization","@id":"https:\/\/www.icapcrif.com\/ro\/?lang=el\/#organization","name":"ICAP CRIF S.R.L.","url":"https:\/\/www.icapcrif.com\/ro\/?lang=el\/","sameAs":["https:\/\/www.linkedin.com\/company\/icap-crif\/","https:\/\/www.facebook.com\/ICAPCRIF\/"],"logo":{"@type":"ImageObject","inLanguage":"ro-RO","@id":"https:\/\/www.icapcrif.com\/ro\/?lang=el\/#\/schema\/logo\/image\/","url":"https:\/\/www.icapcrif.com\/ro\/wp-content\/uploads\/sites\/2\/2023\/04\/ICAPCRIF-logo.png","contentUrl":"https:\/\/www.icapcrif.com\/ro\/wp-content\/uploads\/sites\/2\/2023\/04\/ICAPCRIF-logo.png","width":1773,"height":781,"caption":"ICAP CRIF S.R.L."},"image":{"@id":"https:\/\/www.icapcrif.com\/ro\/?lang=el\/#\/schema\/logo\/image\/"}},{"@type":"WebSite","@id":"https:\/\/www.icapcrif.com\/ro\/?lang=el\/#website","url":"https:\/\/www.icapcrif.com\/ro\/?lang=el\/","name":"ICAP CRIF RO","description":"Business Information Services | ICAP CRIF in Romania","publisher":{"@id":"https:\/\/www.icapcrif.com\/ro\/?lang=el\/#organization"},"potentialAction":[{"@type":"SearchAction","target":{"@type":"EntryPoint","urlTemplate":"https:\/\/www.icapcrif.com\/ro\/?lang=el\/?s={search_term_string}"},"query-input":"required name=search_term_string"}],"inLanguage":"ro-RO"},{"@type":"ImageObject","inLanguage":"ro-RO","@id":"https:\/\/www.icapcrif.com\/ro\/16th-sp-andrew\/#primaryimage","url":"https:\/\/www.icapcrif.com\/ro\/wp-content\/uploads\/sites\/2\/2025\/04\/Andrew-Perryman-web.jpg","contentUrl":"https:\/\/www.icapcrif.com\/ro\/wp-content\/uploads\/sites\/2\/2025\/04\/Andrew-Perryman-web.jpg","width":2000,"height":1334},{"@type":"WebPage","@id":"https:\/\/www.icapcrif.com\/ro\/16th-sp-andrew\/","url":"https:\/\/www.icapcrif.com\/ro\/16th-sp-andrew\/","name":"16th-sp-Andrew - ICAP CRIF RO","isPartOf":{"@id":"https:\/\/www.icapcrif.com\/ro\/?lang=el\/#website"},"primaryImageOfPage":{"@id":"https:\/\/www.icapcrif.com\/ro\/16th-sp-andrew\/#primaryimage"},"datePublished":"2025-04-24T07:19:39+00:00","dateModified":"2025-04-24T07:19:39+00:00","description":"Valentin Lazea, Economistul-sef al Bancii Nationale a Romaniei","breadcrumb":{"@id":"https:\/\/www.icapcrif.com\/ro\/16th-sp-andrew\/#breadcrumb"},"inLanguage":"ro-RO","potentialAction":[{"@type":"ReadAction","target":["https:\/\/www.icapcrif.com\/ro\/16th-sp-andrew\/"]}]},{"@type":"BreadcrumbList","@id":"https:\/\/www.icapcrif.com\/ro\/16th-sp-andrew\/#breadcrumb","itemListElement":[{"@type":"ListItem","position":1,"name":"Home","item":"https:\/\/www.icapcrif.com\/ro\/"},{"@type":"ListItem","position":2,"name":"16th-sp-Andrew"}]}]}},"_links":{"self":[{"href":"https:\/\/www.icapcrif.com\/ro\/wp-json\/wp\/v2\/pages\/35635\/"}],"collection":[{"href":"https:\/\/www.icapcrif.com\/ro\/wp-json\/wp\/v2\/pages\/"}],"about":[{"href":"https:\/\/www.icapcrif.com\/ro\/wp-json\/wp\/v2\/types\/page\/"}],"author":[{"embeddable":true,"href":"https:\/\/www.icapcrif.com\/ro\/wp-json\/wp\/v2\/users\/5\/"}],"replies":[{"embeddable":true,"href":"https:\/\/www.icapcrif.com\/ro\/wp-json\/wp\/v2\/comments\/?post=35635"}],"version-history":[{"count":1,"href":"https:\/\/www.icapcrif.com\/ro\/wp-json\/wp\/v2\/pages\/35635\/revisions\/"}],"predecessor-version":[{"id":35637,"href":"https:\/\/www.icapcrif.com\/ro\/wp-json\/wp\/v2\/pages\/35635\/revisions\/35637\/"}],"wp:attachment":[{"href":"https:\/\/www.icapcrif.com\/ro\/wp-json\/wp\/v2\/media\/?parent=35635"}],"curies":[{"name":"wp","href":"https:\/\/api.w.org\/{rel}","templated":true}]}}