{"id":35641,"date":"2025-04-24T07:30:25","date_gmt":"2025-04-24T07:30:25","guid":{"rendered":"https:\/\/www.icapcrif.com\/ro\/?page_id=35641"},"modified":"2025-04-24T07:31:38","modified_gmt":"2025-04-24T07:31:38","slug":"16th-sp-rosa","status":"publish","type":"page","link":"https:\/\/www.icapcrif.com\/ro\/16th-sp-rosa\/","title":{"rendered":"16th-sp-rosa"},"content":{"rendered":"<p><strong><img loading=\"lazy\" decoding=\"async\" class=\"alignnone wp-image-35632\" src=\"https:\/\/www.icapcrif.com\/ro\/wp-content\/uploads\/sites\/2\/2025\/04\/Poza-web.jpg\" alt=\"\" width=\"471\" height=\"446\" srcset=\"https:\/\/www.icapcrif.com\/ro\/wp-content\/uploads\/sites\/2\/2025\/04\/Poza-web.jpg 2000w, https:\/\/www.icapcrif.com\/ro\/wp-content\/uploads\/sites\/2\/2025\/04\/Poza-web-300x284.jpg 300w, https:\/\/www.icapcrif.com\/ro\/wp-content\/uploads\/sites\/2\/2025\/04\/Poza-web-1024x968.jpg 1024w, https:\/\/www.icapcrif.com\/ro\/wp-content\/uploads\/sites\/2\/2025\/04\/Poza-web-768x726.jpg 768w, https:\/\/www.icapcrif.com\/ro\/wp-content\/uploads\/sites\/2\/2025\/04\/Poza-web-1536x1452.jpg 1536w, https:\/\/www.icapcrif.com\/ro\/wp-content\/uploads\/sites\/2\/2025\/04\/Poza-web-700x662.jpg 700w\" sizes=\"(max-width: 471px) 100vw, 471px\" \/><\/strong><\/p>\n<p><strong>Adrian Secolof<\/strong><br \/>\nHead of Finance North Europe la Nufarm<\/p>\n<p>&nbsp;<\/p>\n<p>Adrian Secolof este \u0219ef al FP&amp;A pentru Europa, Orientul Mijlociu \u0219i Africa la Nufarm, dezvoltator \u0219i produc\u0103tor global \u0219i lider de semin\u021be \u0219i solu\u021bii de protec\u021bie a culturilor. \u00cenainte de Nufarm, Adrian a fost Chief Financial Officer pentru Adama Agricultural Solutions Rom\u00e2nia \u0219i Moldova, un produc\u0103tor \u0219i distribuitor de top de produse de protec\u021bie a culturilor, inclusiv erbicide, insecticide \u0219i fungicide, unde a fost reprezentant al ac\u021bionarilor, administrator \u0219i a gestionat finan\u021bele companiei, activitatea de resurse umane, IT \u0219i Legal.<\/p>\n<p>&nbsp;<\/p>\n<p>Adrian este un Business Coach cu un background solid \u00een afaceri si cu experien\u021b\u0103 \u00eentr-o gam\u0103 larg\u0103 de \u00een industrii, produc\u021bie grea, telecomunica\u021bii, publicitate, publica\u021bie \u0219i media, marketing direct \u0219i produse chimice. Adrian este un partener de afaceri dovedit pentru consiliul de conducere, concentrat pe dezvoltarea afacerii prin cre\u0219terea veniturilor \u0219i a profitabilit\u0103\u021bii.<\/p>\n<p>&nbsp;<\/p>\n<p>\u00cenainte de Adama, Adrian a fost CFO pentru Reader\u2019s Digest Rom\u00e2nia \u0219i Bulgaria, o companie global\u0103 de media \u0219i marketing direct. A jucat un rol cheie \u00een lansarea a dou\u0103 sucursale de afaceri de succes \u00een Rom\u00e2nia \u0219i Bulgaria. \u0218i-a dezvoltat abilit\u0103\u021bile profesionale al\u0103turi de compania Orange, principalul operator de telefonie mobil\u0103 \u0219i Kvaerner Romania Engineering and Construction Company.<\/p>\n<p>&nbsp;<\/p>\n<p>Adrian are o experien\u021b\u0103 mare \u00een coaching de afaceri, consultan\u021b\u0103 financiar\u0103, proiectarea proceselor din organiza\u021bie, evaluarea noilor oportunit\u0103\u021bi de afaceri \u0219i conducerea unor echipe culturale diverse. El crede c\u0103 cel mai bun mod de a v\u0103 prezice viitorul este s\u0103 \u00eencepe\u021bi munca \u0219i s\u0103 o crea\u021bi.<\/p>\n<p>&nbsp;<\/p>\n<p>\u00cen afara serviciului, Adrian este ocupat s\u0103-\u0219i petreac\u0103 timpul cu cei trei b\u0103ie\u021bi minuna\u021bi \u0219i o so\u021bie minunat\u0103, facand schi, jogging sau citind.<\/p>\n<p>&nbsp;<\/p>\n<p>&nbsp;<\/p>\n<p>&nbsp;<\/p>\n","protected":false},"excerpt":{"rendered":"<p>Adrian Secolof Head of Finance North Europe la Nufarm &nbsp; Adrian Secolof este \u0219ef al FP&amp;A pentru Europa, Orientul Mijlociu \u0219i Africa la Nufarm, dezvoltator \u0219i produc\u0103tor global \u0219i lider de semin\u021be \u0219i solu\u021bii de protec\u021bie a culturilor. \u00cenainte de Nufarm, Adrian a fost Chief&#8230;<\/p>\n","protected":false},"author":5,"featured_media":0,"parent":0,"menu_order":0,"comment_status":"closed","ping_status":"open","template":"","meta":{"footnotes":""},"class_list":["post-35641","page","type-page","status-publish","hentry"],"yoast_head":"<!-- This site is optimized with the Yoast SEO plugin v19.3 - https:\/\/yoast.com\/wordpress\/plugins\/seo\/ -->\n<title>16th-sp-rosa - ICAP CRIF RO<\/title>\n<meta name=\"description\" content=\"Valentin Lazea, Economistul-sef al Bancii Nationale a Romaniei\" \/>\n<meta name=\"robots\" content=\"index, follow, max-snippet:-1, max-image-preview:large, max-video-preview:-1\" \/>\n<link rel=\"canonical\" href=\"https:\/\/www.icapcrif.com\/ro\/16th-sp-rosa\/\" \/>\n<meta property=\"og:locale\" content=\"ro_RO\" \/>\n<meta property=\"og:type\" content=\"article\" \/>\n<meta property=\"og:title\" content=\"16th-sp-rosa - ICAP CRIF RO\" \/>\n<meta property=\"og:description\" content=\"Valentin Lazea, Economistul-sef al Bancii Nationale a Romaniei\" \/>\n<meta property=\"og:url\" content=\"https:\/\/www.icapcrif.com\/ro\/16th-sp-rosa\/\" \/>\n<meta property=\"og:site_name\" content=\"ICAP CRIF RO\" \/>\n<meta property=\"article:publisher\" content=\"https:\/\/www.facebook.com\/ICAPCRIF\/\" \/>\n<meta property=\"article:modified_time\" content=\"2025-04-24T07:31:38+00:00\" \/>\n<meta property=\"og:image\" content=\"https:\/\/www.icapcrif.com\/ro\/wp-content\/uploads\/sites\/2\/2025\/04\/Poza-web.jpg\" \/>\n<meta name=\"twitter:card\" content=\"summary_large_image\" \/>\n<meta name=\"twitter:label1\" content=\"Timp estimat pentru citire\" \/>\n\t<meta name=\"twitter:data1\" content=\"2 minute\" \/>\n<script type=\"application\/ld+json\" class=\"yoast-schema-graph\">{\"@context\":\"https:\/\/schema.org\",\"@graph\":[{\"@type\":\"Organization\",\"@id\":\"https:\/\/www.icapcrif.com\/ro\/?lang=el\/#organization\",\"name\":\"ICAP CRIF S.R.L.\",\"url\":\"https:\/\/www.icapcrif.com\/ro\/?lang=el\/\",\"sameAs\":[\"https:\/\/www.linkedin.com\/company\/icap-crif\/\",\"https:\/\/www.facebook.com\/ICAPCRIF\/\"],\"logo\":{\"@type\":\"ImageObject\",\"inLanguage\":\"ro-RO\",\"@id\":\"https:\/\/www.icapcrif.com\/ro\/?lang=el\/#\/schema\/logo\/image\/\",\"url\":\"https:\/\/www.icapcrif.com\/ro\/wp-content\/uploads\/sites\/2\/2023\/04\/ICAPCRIF-logo.png\",\"contentUrl\":\"https:\/\/www.icapcrif.com\/ro\/wp-content\/uploads\/sites\/2\/2023\/04\/ICAPCRIF-logo.png\",\"width\":1773,\"height\":781,\"caption\":\"ICAP CRIF S.R.L.\"},\"image\":{\"@id\":\"https:\/\/www.icapcrif.com\/ro\/?lang=el\/#\/schema\/logo\/image\/\"}},{\"@type\":\"WebSite\",\"@id\":\"https:\/\/www.icapcrif.com\/ro\/?lang=el\/#website\",\"url\":\"https:\/\/www.icapcrif.com\/ro\/?lang=el\/\",\"name\":\"ICAP CRIF RO\",\"description\":\"Business Information Services | ICAP CRIF in Romania\",\"publisher\":{\"@id\":\"https:\/\/www.icapcrif.com\/ro\/?lang=el\/#organization\"},\"potentialAction\":[{\"@type\":\"SearchAction\",\"target\":{\"@type\":\"EntryPoint\",\"urlTemplate\":\"https:\/\/www.icapcrif.com\/ro\/?lang=el\/?s={search_term_string}\"},\"query-input\":\"required name=search_term_string\"}],\"inLanguage\":\"ro-RO\"},{\"@type\":\"ImageObject\",\"inLanguage\":\"ro-RO\",\"@id\":\"https:\/\/www.icapcrif.com\/ro\/16th-sp-rosa\/#primaryimage\",\"url\":\"https:\/\/www.icapcrif.com\/ro\/wp-content\/uploads\/sites\/2\/2025\/04\/Poza-web.jpg\",\"contentUrl\":\"https:\/\/www.icapcrif.com\/ro\/wp-content\/uploads\/sites\/2\/2025\/04\/Poza-web.jpg\",\"width\":2000,\"height\":1891},{\"@type\":\"WebPage\",\"@id\":\"https:\/\/www.icapcrif.com\/ro\/16th-sp-rosa\/\",\"url\":\"https:\/\/www.icapcrif.com\/ro\/16th-sp-rosa\/\",\"name\":\"16th-sp-rosa - ICAP CRIF RO\",\"isPartOf\":{\"@id\":\"https:\/\/www.icapcrif.com\/ro\/?lang=el\/#website\"},\"primaryImageOfPage\":{\"@id\":\"https:\/\/www.icapcrif.com\/ro\/16th-sp-rosa\/#primaryimage\"},\"datePublished\":\"2025-04-24T07:30:25+00:00\",\"dateModified\":\"2025-04-24T07:31:38+00:00\",\"description\":\"Valentin Lazea, Economistul-sef al Bancii Nationale a Romaniei\",\"breadcrumb\":{\"@id\":\"https:\/\/www.icapcrif.com\/ro\/16th-sp-rosa\/#breadcrumb\"},\"inLanguage\":\"ro-RO\",\"potentialAction\":[{\"@type\":\"ReadAction\",\"target\":[\"https:\/\/www.icapcrif.com\/ro\/16th-sp-rosa\/\"]}]},{\"@type\":\"BreadcrumbList\",\"@id\":\"https:\/\/www.icapcrif.com\/ro\/16th-sp-rosa\/#breadcrumb\",\"itemListElement\":[{\"@type\":\"ListItem\",\"position\":1,\"name\":\"Home\",\"item\":\"https:\/\/www.icapcrif.com\/ro\/\"},{\"@type\":\"ListItem\",\"position\":2,\"name\":\"16th-sp-rosa\"}]}]}<\/script>\n<!-- \/ Yoast SEO plugin. -->","yoast_head_json":{"title":"16th-sp-rosa - ICAP CRIF RO","description":"Valentin Lazea, Economistul-sef al Bancii Nationale a Romaniei","robots":{"index":"index","follow":"follow","max-snippet":"max-snippet:-1","max-image-preview":"max-image-preview:large","max-video-preview":"max-video-preview:-1"},"canonical":"https:\/\/www.icapcrif.com\/ro\/16th-sp-rosa\/","og_locale":"ro_RO","og_type":"article","og_title":"16th-sp-rosa - ICAP CRIF RO","og_description":"Valentin Lazea, Economistul-sef al Bancii Nationale a Romaniei","og_url":"https:\/\/www.icapcrif.com\/ro\/16th-sp-rosa\/","og_site_name":"ICAP CRIF RO","article_publisher":"https:\/\/www.facebook.com\/ICAPCRIF\/","article_modified_time":"2025-04-24T07:31:38+00:00","og_image":[{"url":"https:\/\/www.icapcrif.com\/ro\/wp-content\/uploads\/sites\/2\/2025\/04\/Poza-web.jpg"}],"twitter_card":"summary_large_image","twitter_misc":{"Timp estimat pentru citire":"2 minute"},"schema":{"@context":"https:\/\/schema.org","@graph":[{"@type":"Organization","@id":"https:\/\/www.icapcrif.com\/ro\/?lang=el\/#organization","name":"ICAP CRIF S.R.L.","url":"https:\/\/www.icapcrif.com\/ro\/?lang=el\/","sameAs":["https:\/\/www.linkedin.com\/company\/icap-crif\/","https:\/\/www.facebook.com\/ICAPCRIF\/"],"logo":{"@type":"ImageObject","inLanguage":"ro-RO","@id":"https:\/\/www.icapcrif.com\/ro\/?lang=el\/#\/schema\/logo\/image\/","url":"https:\/\/www.icapcrif.com\/ro\/wp-content\/uploads\/sites\/2\/2023\/04\/ICAPCRIF-logo.png","contentUrl":"https:\/\/www.icapcrif.com\/ro\/wp-content\/uploads\/sites\/2\/2023\/04\/ICAPCRIF-logo.png","width":1773,"height":781,"caption":"ICAP CRIF S.R.L."},"image":{"@id":"https:\/\/www.icapcrif.com\/ro\/?lang=el\/#\/schema\/logo\/image\/"}},{"@type":"WebSite","@id":"https:\/\/www.icapcrif.com\/ro\/?lang=el\/#website","url":"https:\/\/www.icapcrif.com\/ro\/?lang=el\/","name":"ICAP CRIF RO","description":"Business Information Services | ICAP CRIF in Romania","publisher":{"@id":"https:\/\/www.icapcrif.com\/ro\/?lang=el\/#organization"},"potentialAction":[{"@type":"SearchAction","target":{"@type":"EntryPoint","urlTemplate":"https:\/\/www.icapcrif.com\/ro\/?lang=el\/?s={search_term_string}"},"query-input":"required name=search_term_string"}],"inLanguage":"ro-RO"},{"@type":"ImageObject","inLanguage":"ro-RO","@id":"https:\/\/www.icapcrif.com\/ro\/16th-sp-rosa\/#primaryimage","url":"https:\/\/www.icapcrif.com\/ro\/wp-content\/uploads\/sites\/2\/2025\/04\/Poza-web.jpg","contentUrl":"https:\/\/www.icapcrif.com\/ro\/wp-content\/uploads\/sites\/2\/2025\/04\/Poza-web.jpg","width":2000,"height":1891},{"@type":"WebPage","@id":"https:\/\/www.icapcrif.com\/ro\/16th-sp-rosa\/","url":"https:\/\/www.icapcrif.com\/ro\/16th-sp-rosa\/","name":"16th-sp-rosa - ICAP CRIF RO","isPartOf":{"@id":"https:\/\/www.icapcrif.com\/ro\/?lang=el\/#website"},"primaryImageOfPage":{"@id":"https:\/\/www.icapcrif.com\/ro\/16th-sp-rosa\/#primaryimage"},"datePublished":"2025-04-24T07:30:25+00:00","dateModified":"2025-04-24T07:31:38+00:00","description":"Valentin Lazea, Economistul-sef al Bancii Nationale a Romaniei","breadcrumb":{"@id":"https:\/\/www.icapcrif.com\/ro\/16th-sp-rosa\/#breadcrumb"},"inLanguage":"ro-RO","potentialAction":[{"@type":"ReadAction","target":["https:\/\/www.icapcrif.com\/ro\/16th-sp-rosa\/"]}]},{"@type":"BreadcrumbList","@id":"https:\/\/www.icapcrif.com\/ro\/16th-sp-rosa\/#breadcrumb","itemListElement":[{"@type":"ListItem","position":1,"name":"Home","item":"https:\/\/www.icapcrif.com\/ro\/"},{"@type":"ListItem","position":2,"name":"16th-sp-rosa"}]}]}},"_links":{"self":[{"href":"https:\/\/www.icapcrif.com\/ro\/wp-json\/wp\/v2\/pages\/35641\/"}],"collection":[{"href":"https:\/\/www.icapcrif.com\/ro\/wp-json\/wp\/v2\/pages\/"}],"about":[{"href":"https:\/\/www.icapcrif.com\/ro\/wp-json\/wp\/v2\/types\/page\/"}],"author":[{"embeddable":true,"href":"https:\/\/www.icapcrif.com\/ro\/wp-json\/wp\/v2\/users\/5\/"}],"replies":[{"embeddable":true,"href":"https:\/\/www.icapcrif.com\/ro\/wp-json\/wp\/v2\/comments\/?post=35641"}],"version-history":[{"count":1,"href":"https:\/\/www.icapcrif.com\/ro\/wp-json\/wp\/v2\/pages\/35641\/revisions\/"}],"predecessor-version":[{"id":35643,"href":"https:\/\/www.icapcrif.com\/ro\/wp-json\/wp\/v2\/pages\/35641\/revisions\/35643\/"}],"wp:attachment":[{"href":"https:\/\/www.icapcrif.com\/ro\/wp-json\/wp\/v2\/media\/?parent=35641"}],"curies":[{"name":"wp","href":"https:\/\/api.w.org\/{rel}","templated":true}]}}