{"id":35821,"date":"2025-04-29T14:06:06","date_gmt":"2025-04-29T14:06:06","guid":{"rendered":"https:\/\/www.icapcrif.com\/ro\/?page_id=35821"},"modified":"2025-04-29T14:06:06","modified_gmt":"2025-04-29T14:06:06","slug":"16th-sp-radulescu","status":"publish","type":"page","link":"https:\/\/www.icapcrif.com\/ro\/16th-sp-radulescu\/","title":{"rendered":"16th-sp-radulescu"},"content":{"rendered":"<p>&nbsp;<\/p>\n<p><strong><img loading=\"lazy\" decoding=\"async\" class=\"alignnone size-full wp-image-31282\" src=\"https:\/\/www.icapcrif.com\/ro\/wp-content\/uploads\/sites\/2\/2024\/05\/Andrei-Radulescu-web.jpg\" alt=\"\" width=\"285\" height=\"276\" \/><\/strong><\/p>\n<p><strong>Andrei R\u0103dulescu, <\/strong><\/p>\n<p>International Senior Macroeconomist<\/p>\n<p>Andrei R\u0103dulescu, International Senior Macroeconomist, cu studii postuniversitare \u0219i experien\u021b\u0103 profesional\u0103 \u00een institu\u021bii de top din Portugalia \u0219i Rom\u00e2nia, \u00een cercetare \u0219i prognoz\u0103 macroeconomic\u0103.<\/p>\n<p>\u00cen Portugalia, Andrei a absolvit masteratul \u00een economie la Universitatea din Porto \u0219i a f\u0103cut cercetare macroeconomic\u0103 aplicat\u0103 pentru cel mai mare fond de investi\u021bii din \u021bar\u0103.<\/p>\n<p>\u00cen Rom\u00e2nia, Andrei a absolvit doctoratul \u00een Economie Interna\u021bional\u0103 la Universitatea de Studii Economice din Bucure\u0219ti \u0219i postdoctoratul \u00een Economie la Academia Rom\u00e2n\u0103, cel mai \u00eenalt forum \u0219tiin\u021bific din \u021bar\u0103.<\/p>\n<p>A lucrat ca analist fundamental \u0219i macroeconomist pe pie\u021bele de capital timp de \u0219apte ani, iar apoi a fost economist \u0219ef al celui mai mare creditor din Rom\u00e2nia \u0219i Europa de Sud-Est timp de aproape 10 ani, f\u0103c\u00e2nd cercet\u0103ri \u0219i prognoze macroeconomice pentru economia mondial\u0103, economia Euroland, Rom\u00e2nia \u0219i Moldova.<\/p>\n<p>\u00cencep\u00e2nd cu anul 2014, Andrei este cercet\u0103tor principal la Institutul de Economie Mondial\u0103 din cadrul Academiei Rom\u00e2ne, desf\u0103\u0219ur\u00e2nd activit\u0103\u021bi de cercetare macroeconomic\u0103 aplicat\u0103, de la economia mondial\u0103 (SUA, China), la Europa, Europa Central\u0103 \u0219i Central\u0103 \u0219i de Est \u0219i Rom\u00e2nia.<\/p>\n<p>&nbsp;<\/p>\n","protected":false},"excerpt":{"rendered":"<p>&nbsp; Andrei R\u0103dulescu, International Senior Macroeconomist Andrei R\u0103dulescu, International Senior Macroeconomist, cu studii postuniversitare \u0219i experien\u021b\u0103 profesional\u0103 \u00een institu\u021bii de top din Portugalia \u0219i Rom\u00e2nia, \u00een cercetare \u0219i prognoz\u0103 macroeconomic\u0103. \u00cen Portugalia, Andrei a absolvit masteratul \u00een economie la Universitatea din Porto \u0219i a f\u0103cut&#8230;<\/p>\n","protected":false},"author":5,"featured_media":0,"parent":0,"menu_order":0,"comment_status":"closed","ping_status":"open","template":"","meta":{"footnotes":""},"class_list":["post-35821","page","type-page","status-publish","hentry"],"yoast_head":"<!-- This site is optimized with the Yoast SEO plugin v19.3 - https:\/\/yoast.com\/wordpress\/plugins\/seo\/ -->\n<title>16th-sp-radulescu - ICAP CRIF RO<\/title>\n<meta name=\"description\" content=\"Valentin Lazea, Economistul-sef al Bancii Nationale a Romaniei\" \/>\n<meta name=\"robots\" content=\"index, follow, max-snippet:-1, max-image-preview:large, max-video-preview:-1\" \/>\n<link rel=\"canonical\" href=\"https:\/\/www.icapcrif.com\/ro\/16th-sp-radulescu\/\" \/>\n<meta property=\"og:locale\" content=\"ro_RO\" \/>\n<meta property=\"og:type\" content=\"article\" \/>\n<meta property=\"og:title\" content=\"16th-sp-radulescu - ICAP CRIF RO\" \/>\n<meta property=\"og:description\" content=\"Valentin Lazea, Economistul-sef al Bancii Nationale a Romaniei\" \/>\n<meta property=\"og:url\" content=\"https:\/\/www.icapcrif.com\/ro\/16th-sp-radulescu\/\" \/>\n<meta property=\"og:site_name\" content=\"ICAP CRIF RO\" \/>\n<meta property=\"article:publisher\" content=\"https:\/\/www.facebook.com\/ICAPCRIF\/\" \/>\n<meta property=\"og:image\" content=\"https:\/\/www.icapcrif.com\/ro\/wp-content\/uploads\/sites\/2\/2024\/05\/Andrei-Radulescu-web.jpg\" \/>\n<meta name=\"twitter:card\" content=\"summary_large_image\" \/>\n<meta name=\"twitter:label1\" content=\"Timp estimat pentru citire\" \/>\n\t<meta name=\"twitter:data1\" content=\"2 minute\" \/>\n<script type=\"application\/ld+json\" class=\"yoast-schema-graph\">{\"@context\":\"https:\/\/schema.org\",\"@graph\":[{\"@type\":\"Organization\",\"@id\":\"https:\/\/www.icapcrif.com\/ro\/?lang=el\/#organization\",\"name\":\"ICAP CRIF S.R.L.\",\"url\":\"https:\/\/www.icapcrif.com\/ro\/?lang=el\/\",\"sameAs\":[\"https:\/\/www.linkedin.com\/company\/icap-crif\/\",\"https:\/\/www.facebook.com\/ICAPCRIF\/\"],\"logo\":{\"@type\":\"ImageObject\",\"inLanguage\":\"ro-RO\",\"@id\":\"https:\/\/www.icapcrif.com\/ro\/?lang=el\/#\/schema\/logo\/image\/\",\"url\":\"https:\/\/www.icapcrif.com\/ro\/wp-content\/uploads\/sites\/2\/2023\/04\/ICAPCRIF-logo.png\",\"contentUrl\":\"https:\/\/www.icapcrif.com\/ro\/wp-content\/uploads\/sites\/2\/2023\/04\/ICAPCRIF-logo.png\",\"width\":1773,\"height\":781,\"caption\":\"ICAP CRIF S.R.L.\"},\"image\":{\"@id\":\"https:\/\/www.icapcrif.com\/ro\/?lang=el\/#\/schema\/logo\/image\/\"}},{\"@type\":\"WebSite\",\"@id\":\"https:\/\/www.icapcrif.com\/ro\/?lang=el\/#website\",\"url\":\"https:\/\/www.icapcrif.com\/ro\/?lang=el\/\",\"name\":\"ICAP CRIF RO\",\"description\":\"Business Information Services | ICAP CRIF in Romania\",\"publisher\":{\"@id\":\"https:\/\/www.icapcrif.com\/ro\/?lang=el\/#organization\"},\"potentialAction\":[{\"@type\":\"SearchAction\",\"target\":{\"@type\":\"EntryPoint\",\"urlTemplate\":\"https:\/\/www.icapcrif.com\/ro\/?lang=el\/?s={search_term_string}\"},\"query-input\":\"required name=search_term_string\"}],\"inLanguage\":\"ro-RO\"},{\"@type\":\"ImageObject\",\"inLanguage\":\"ro-RO\",\"@id\":\"https:\/\/www.icapcrif.com\/ro\/16th-sp-radulescu\/#primaryimage\",\"url\":\"https:\/\/www.icapcrif.com\/ro\/wp-content\/uploads\/sites\/2\/2024\/05\/Andrei-Radulescu-web.jpg\",\"contentUrl\":\"https:\/\/www.icapcrif.com\/ro\/wp-content\/uploads\/sites\/2\/2024\/05\/Andrei-Radulescu-web.jpg\",\"width\":285,\"height\":276},{\"@type\":\"WebPage\",\"@id\":\"https:\/\/www.icapcrif.com\/ro\/16th-sp-radulescu\/\",\"url\":\"https:\/\/www.icapcrif.com\/ro\/16th-sp-radulescu\/\",\"name\":\"16th-sp-radulescu - ICAP CRIF RO\",\"isPartOf\":{\"@id\":\"https:\/\/www.icapcrif.com\/ro\/?lang=el\/#website\"},\"primaryImageOfPage\":{\"@id\":\"https:\/\/www.icapcrif.com\/ro\/16th-sp-radulescu\/#primaryimage\"},\"datePublished\":\"2025-04-29T14:06:06+00:00\",\"dateModified\":\"2025-04-29T14:06:06+00:00\",\"description\":\"Valentin Lazea, Economistul-sef al Bancii Nationale a Romaniei\",\"breadcrumb\":{\"@id\":\"https:\/\/www.icapcrif.com\/ro\/16th-sp-radulescu\/#breadcrumb\"},\"inLanguage\":\"ro-RO\",\"potentialAction\":[{\"@type\":\"ReadAction\",\"target\":[\"https:\/\/www.icapcrif.com\/ro\/16th-sp-radulescu\/\"]}]},{\"@type\":\"BreadcrumbList\",\"@id\":\"https:\/\/www.icapcrif.com\/ro\/16th-sp-radulescu\/#breadcrumb\",\"itemListElement\":[{\"@type\":\"ListItem\",\"position\":1,\"name\":\"Home\",\"item\":\"https:\/\/www.icapcrif.com\/ro\/\"},{\"@type\":\"ListItem\",\"position\":2,\"name\":\"16th-sp-radulescu\"}]}]}<\/script>\n<!-- \/ Yoast SEO plugin. -->","yoast_head_json":{"title":"16th-sp-radulescu - ICAP CRIF RO","description":"Valentin Lazea, Economistul-sef al Bancii Nationale a Romaniei","robots":{"index":"index","follow":"follow","max-snippet":"max-snippet:-1","max-image-preview":"max-image-preview:large","max-video-preview":"max-video-preview:-1"},"canonical":"https:\/\/www.icapcrif.com\/ro\/16th-sp-radulescu\/","og_locale":"ro_RO","og_type":"article","og_title":"16th-sp-radulescu - ICAP CRIF RO","og_description":"Valentin Lazea, Economistul-sef al Bancii Nationale a Romaniei","og_url":"https:\/\/www.icapcrif.com\/ro\/16th-sp-radulescu\/","og_site_name":"ICAP CRIF RO","article_publisher":"https:\/\/www.facebook.com\/ICAPCRIF\/","og_image":[{"url":"https:\/\/www.icapcrif.com\/ro\/wp-content\/uploads\/sites\/2\/2024\/05\/Andrei-Radulescu-web.jpg"}],"twitter_card":"summary_large_image","twitter_misc":{"Timp estimat pentru citire":"2 minute"},"schema":{"@context":"https:\/\/schema.org","@graph":[{"@type":"Organization","@id":"https:\/\/www.icapcrif.com\/ro\/?lang=el\/#organization","name":"ICAP CRIF S.R.L.","url":"https:\/\/www.icapcrif.com\/ro\/?lang=el\/","sameAs":["https:\/\/www.linkedin.com\/company\/icap-crif\/","https:\/\/www.facebook.com\/ICAPCRIF\/"],"logo":{"@type":"ImageObject","inLanguage":"ro-RO","@id":"https:\/\/www.icapcrif.com\/ro\/?lang=el\/#\/schema\/logo\/image\/","url":"https:\/\/www.icapcrif.com\/ro\/wp-content\/uploads\/sites\/2\/2023\/04\/ICAPCRIF-logo.png","contentUrl":"https:\/\/www.icapcrif.com\/ro\/wp-content\/uploads\/sites\/2\/2023\/04\/ICAPCRIF-logo.png","width":1773,"height":781,"caption":"ICAP CRIF S.R.L."},"image":{"@id":"https:\/\/www.icapcrif.com\/ro\/?lang=el\/#\/schema\/logo\/image\/"}},{"@type":"WebSite","@id":"https:\/\/www.icapcrif.com\/ro\/?lang=el\/#website","url":"https:\/\/www.icapcrif.com\/ro\/?lang=el\/","name":"ICAP CRIF RO","description":"Business Information Services | ICAP CRIF in Romania","publisher":{"@id":"https:\/\/www.icapcrif.com\/ro\/?lang=el\/#organization"},"potentialAction":[{"@type":"SearchAction","target":{"@type":"EntryPoint","urlTemplate":"https:\/\/www.icapcrif.com\/ro\/?lang=el\/?s={search_term_string}"},"query-input":"required name=search_term_string"}],"inLanguage":"ro-RO"},{"@type":"ImageObject","inLanguage":"ro-RO","@id":"https:\/\/www.icapcrif.com\/ro\/16th-sp-radulescu\/#primaryimage","url":"https:\/\/www.icapcrif.com\/ro\/wp-content\/uploads\/sites\/2\/2024\/05\/Andrei-Radulescu-web.jpg","contentUrl":"https:\/\/www.icapcrif.com\/ro\/wp-content\/uploads\/sites\/2\/2024\/05\/Andrei-Radulescu-web.jpg","width":285,"height":276},{"@type":"WebPage","@id":"https:\/\/www.icapcrif.com\/ro\/16th-sp-radulescu\/","url":"https:\/\/www.icapcrif.com\/ro\/16th-sp-radulescu\/","name":"16th-sp-radulescu - ICAP CRIF RO","isPartOf":{"@id":"https:\/\/www.icapcrif.com\/ro\/?lang=el\/#website"},"primaryImageOfPage":{"@id":"https:\/\/www.icapcrif.com\/ro\/16th-sp-radulescu\/#primaryimage"},"datePublished":"2025-04-29T14:06:06+00:00","dateModified":"2025-04-29T14:06:06+00:00","description":"Valentin Lazea, Economistul-sef al Bancii Nationale a Romaniei","breadcrumb":{"@id":"https:\/\/www.icapcrif.com\/ro\/16th-sp-radulescu\/#breadcrumb"},"inLanguage":"ro-RO","potentialAction":[{"@type":"ReadAction","target":["https:\/\/www.icapcrif.com\/ro\/16th-sp-radulescu\/"]}]},{"@type":"BreadcrumbList","@id":"https:\/\/www.icapcrif.com\/ro\/16th-sp-radulescu\/#breadcrumb","itemListElement":[{"@type":"ListItem","position":1,"name":"Home","item":"https:\/\/www.icapcrif.com\/ro\/"},{"@type":"ListItem","position":2,"name":"16th-sp-radulescu"}]}]}},"_links":{"self":[{"href":"https:\/\/www.icapcrif.com\/ro\/wp-json\/wp\/v2\/pages\/35821\/"}],"collection":[{"href":"https:\/\/www.icapcrif.com\/ro\/wp-json\/wp\/v2\/pages\/"}],"about":[{"href":"https:\/\/www.icapcrif.com\/ro\/wp-json\/wp\/v2\/types\/page\/"}],"author":[{"embeddable":true,"href":"https:\/\/www.icapcrif.com\/ro\/wp-json\/wp\/v2\/users\/5\/"}],"replies":[{"embeddable":true,"href":"https:\/\/www.icapcrif.com\/ro\/wp-json\/wp\/v2\/comments\/?post=35821"}],"version-history":[{"count":1,"href":"https:\/\/www.icapcrif.com\/ro\/wp-json\/wp\/v2\/pages\/35821\/revisions\/"}],"predecessor-version":[{"id":35824,"href":"https:\/\/www.icapcrif.com\/ro\/wp-json\/wp\/v2\/pages\/35821\/revisions\/35824\/"}],"wp:attachment":[{"href":"https:\/\/www.icapcrif.com\/ro\/wp-json\/wp\/v2\/media\/?parent=35821"}],"curies":[{"name":"wp","href":"https:\/\/api.w.org\/{rel}","templated":true}]}}