{"id":41219,"date":"2026-04-22T07:24:16","date_gmt":"2026-04-22T07:24:16","guid":{"rendered":"https:\/\/www.icapcrif.com\/ro\/?page_id=41219"},"modified":"2026-04-22T07:49:49","modified_gmt":"2026-04-22T07:49:49","slug":"18th-sp-laura-mihai","status":"publish","type":"page","link":"https:\/\/www.icapcrif.com\/ro\/18th-sp-laura-mihai\/","title":{"rendered":"18th-sp-Laura Mihai"},"content":{"rendered":"<p><img loading=\"lazy\" decoding=\"async\" class=\"alignnone wp-image-41221 \" src=\"https:\/\/www.icapcrif.com\/ro\/wp-content\/uploads\/sites\/2\/2026\/04\/DSC00348.jpg\" alt=\"\" width=\"249\" height=\"374\" srcset=\"https:\/\/www.icapcrif.com\/ro\/wp-content\/uploads\/sites\/2\/2026\/04\/DSC00348.jpg 1000w, https:\/\/www.icapcrif.com\/ro\/wp-content\/uploads\/sites\/2\/2026\/04\/DSC00348-200x300.jpg 200w, https:\/\/www.icapcrif.com\/ro\/wp-content\/uploads\/sites\/2\/2026\/04\/DSC00348-683x1024.jpg 683w, https:\/\/www.icapcrif.com\/ro\/wp-content\/uploads\/sites\/2\/2026\/04\/DSC00348-768x1152.jpg 768w, https:\/\/www.icapcrif.com\/ro\/wp-content\/uploads\/sites\/2\/2026\/04\/DSC00348-700x1050.jpg 700w\" sizes=\"(max-width: 249px) 100vw, 249px\" \/><\/p>\n<p><strong>Laura Mihai, CEO, <\/strong><\/p>\n<p><strong>TRUSTWIN ADVISORY SRL<\/strong><\/p>\n<p>&nbsp;<\/p>\n<p style=\"text-align: justify;\"><span style=\"font-family: 'Arial',sans-serif;\">Laura Mihai este un strateg \u00een finan\u021bare \u0219i guvernan\u021b\u0103 corporativ\u0103, cu peste 20 de ani de experien\u021b\u0103 \u00een sectorul bancar din Rom\u00e2nia, unde a ocupat pozi\u021bii de leadership \u00een institu\u021bii precum RoBank, OTP Bank \u0219i CEC Bank.<\/span><\/p>\n<p style=\"text-align: justify;\"><span style=\"font-family: 'Arial',sans-serif;\">De-a lungul carierei sale, a structurat \u0219i coordonat finan\u021b\u0103ri complexe pentru companii antreprenoriale, dezvolt\u00e2nd expertiz\u0103 solid\u0103 \u00een corporate finance, project finance, finan\u021b\u0103ri sindicalizate \u0219i factoring. Este recunoscut\u0103 pentru capacitatea de a conecta perspectiva institu\u021biilor financiare cu realit\u0103\u021bile mediului antreprenorial, facilit\u00e2nd accesul la solu\u021bii de finan\u021bare sustenabile \u0219i eficiente.<\/span><\/p>\n<p style=\"text-align: justify;\"><span style=\"font-family: 'Arial',sans-serif;\">\u00cen 2025, a fondat TrustWin Advisory, o companie de consultan\u021b\u0103 dedicat\u0103 antreprenorilor \u0219i companiilor \u00een cre\u0219tere, prin care ofer\u0103 suport \u00een structurarea finan\u021b\u0103rilor, optimizarea proceselor interne, implementarea guvernan\u021bei corporative \u0219i gestionarea tranzi\u021biilor organiza\u021bionale. Abordarea sa este una integrat\u0103, bazat\u0103 pe parteneriat \u0219i pe dezvoltarea unor strategii adaptate fiec\u0103rui business.<\/span><\/p>\n<p style=\"text-align: justify;\"><span style=\"font-family: 'Arial',sans-serif;\">Pe l\u00e2ng\u0103 expertiza financiar\u0103, Laura sus\u021bine activ adoptarea principiilor de guvernan\u021b\u0103 corporativ\u0103 \u00een mediul antreprenorial, consider\u00e2nd c\u0103 acestea sunt fundamentul unei cre\u0219teri durabile \u0219i al unor organiza\u021bii solide.<\/span><\/p>\n<p style=\"text-align: justify;\"><span style=\"font-family: 'Arial',sans-serif;\">Este absolvent\u0103 a Academiei de Studii Economice din Bucure\u0219ti \u0219i de\u021bine un MBA \u00een Management. A urmat programe de specializare \u00een IFRS \u0219i cursuri \u00een cadrul unor institu\u021bii precum EY, MasterCard \u0219i Institutul Bancar Rom\u00e2n. De\u021bine certificare \u0219i diplom\u0103 \u00een Board Practice and Directorship de la Henley Business School.<\/span><\/p>\n<p style=\"text-align: justify;\"><span style=\"font-family: 'Arial',sans-serif;\">Laura Mihai este o voce activ\u0103 \u00een mediul de business, prin apari\u021bii \u00een publica\u021bii economice relevante \u0219i particip\u0103ri la conferin\u021be de profil, contribuind la dialogul privind finan\u021barea, disciplina financiar\u0103 \u0219i dezvoltarea sustenabil\u0103 a companiilor din Rom\u00e2nia.<\/span><\/p>\n<p style=\"text-align: justify;\"><span style=\"font-family: 'Arial',sans-serif;\">Este pasionat\u0103 de construirea unui ecosistem antreprenorial matur, bazat pe parteneriat, responsabilitate \u0219i viziune pe termen lung.<\/span><\/p>\n<p>&nbsp;<\/p>\n<p>&nbsp;<\/p>\n","protected":false},"excerpt":{"rendered":"<p>Laura Mihai, CEO, TRUSTWIN ADVISORY SRL &nbsp; Laura Mihai este un strateg \u00een finan\u021bare \u0219i guvernan\u021b\u0103 corporativ\u0103, cu peste 20 de ani de experien\u021b\u0103 \u00een sectorul bancar din Rom\u00e2nia, unde a ocupat pozi\u021bii de leadership \u00een institu\u021bii precum RoBank, OTP Bank \u0219i CEC Bank. De-a&#8230;<\/p>\n","protected":false},"author":5,"featured_media":0,"parent":0,"menu_order":0,"comment_status":"closed","ping_status":"closed","template":"","meta":{"footnotes":""},"class_list":["post-41219","page","type-page","status-publish","hentry"],"yoast_head":"<!-- This site is optimized with the Yoast SEO plugin v19.3 - https:\/\/yoast.com\/wordpress\/plugins\/seo\/ -->\n<title>18th-sp-Laura Mihai - ICAP CRIF RO<\/title>\n<meta name=\"robots\" content=\"index, follow, max-snippet:-1, max-image-preview:large, max-video-preview:-1\" \/>\n<link rel=\"canonical\" href=\"https:\/\/www.icapcrif.com\/ro\/18th-sp-laura-mihai\/\" \/>\n<meta property=\"og:locale\" content=\"ro_RO\" \/>\n<meta property=\"og:type\" content=\"article\" \/>\n<meta property=\"og:title\" content=\"18th-sp-Laura Mihai - ICAP CRIF RO\" \/>\n<meta property=\"og:description\" content=\"Laura Mihai, CEO, TRUSTWIN ADVISORY SRL &nbsp; Laura Mihai este un strateg \u00een finan\u021bare \u0219i guvernan\u021b\u0103 corporativ\u0103, cu peste 20 de ani de experien\u021b\u0103 \u00een sectorul bancar din Rom\u00e2nia, unde a ocupat pozi\u021bii de leadership \u00een institu\u021bii precum RoBank, OTP Bank \u0219i CEC Bank. De-a...\" \/>\n<meta property=\"og:url\" content=\"https:\/\/www.icapcrif.com\/ro\/18th-sp-laura-mihai\/\" \/>\n<meta property=\"og:site_name\" content=\"ICAP CRIF RO\" \/>\n<meta property=\"article:publisher\" content=\"https:\/\/www.facebook.com\/ICAPCRIF\/\" \/>\n<meta property=\"article:modified_time\" content=\"2026-04-22T07:49:49+00:00\" \/>\n<meta property=\"og:image\" content=\"https:\/\/www.icapcrif.com\/ro\/wp-content\/uploads\/sites\/2\/2026\/04\/DSC00348.jpg\" \/>\n<meta name=\"twitter:card\" content=\"summary_large_image\" \/>\n<meta name=\"twitter:label1\" content=\"Timp estimat pentru citire\" \/>\n\t<meta name=\"twitter:data1\" content=\"2 minute\" \/>\n<script type=\"application\/ld+json\" class=\"yoast-schema-graph\">{\"@context\":\"https:\/\/schema.org\",\"@graph\":[{\"@type\":\"Organization\",\"@id\":\"https:\/\/www.icapcrif.com\/ro\/?lang=el\/#organization\",\"name\":\"ICAP CRIF S.R.L.\",\"url\":\"https:\/\/www.icapcrif.com\/ro\/?lang=el\/\",\"sameAs\":[\"https:\/\/www.linkedin.com\/company\/icap-crif\/\",\"https:\/\/www.facebook.com\/ICAPCRIF\/\"],\"logo\":{\"@type\":\"ImageObject\",\"inLanguage\":\"ro-RO\",\"@id\":\"https:\/\/www.icapcrif.com\/ro\/?lang=el\/#\/schema\/logo\/image\/\",\"url\":\"https:\/\/www.icapcrif.com\/ro\/wp-content\/uploads\/sites\/2\/2023\/04\/ICAPCRIF-logo.png\",\"contentUrl\":\"https:\/\/www.icapcrif.com\/ro\/wp-content\/uploads\/sites\/2\/2023\/04\/ICAPCRIF-logo.png\",\"width\":1773,\"height\":781,\"caption\":\"ICAP CRIF S.R.L.\"},\"image\":{\"@id\":\"https:\/\/www.icapcrif.com\/ro\/?lang=el\/#\/schema\/logo\/image\/\"}},{\"@type\":\"WebSite\",\"@id\":\"https:\/\/www.icapcrif.com\/ro\/?lang=el\/#website\",\"url\":\"https:\/\/www.icapcrif.com\/ro\/?lang=el\/\",\"name\":\"ICAP CRIF RO\",\"description\":\"Business Information Services | ICAP CRIF in Romania\",\"publisher\":{\"@id\":\"https:\/\/www.icapcrif.com\/ro\/?lang=el\/#organization\"},\"potentialAction\":[{\"@type\":\"SearchAction\",\"target\":{\"@type\":\"EntryPoint\",\"urlTemplate\":\"https:\/\/www.icapcrif.com\/ro\/?lang=el\/?s={search_term_string}\"},\"query-input\":\"required name=search_term_string\"}],\"inLanguage\":\"ro-RO\"},{\"@type\":\"ImageObject\",\"inLanguage\":\"ro-RO\",\"@id\":\"https:\/\/www.icapcrif.com\/ro\/18th-sp-laura-mihai\/#primaryimage\",\"url\":\"https:\/\/www.icapcrif.com\/ro\/wp-content\/uploads\/sites\/2\/2026\/04\/DSC00348.jpg\",\"contentUrl\":\"https:\/\/www.icapcrif.com\/ro\/wp-content\/uploads\/sites\/2\/2026\/04\/DSC00348.jpg\",\"width\":1000,\"height\":1500},{\"@type\":\"WebPage\",\"@id\":\"https:\/\/www.icapcrif.com\/ro\/18th-sp-laura-mihai\/\",\"url\":\"https:\/\/www.icapcrif.com\/ro\/18th-sp-laura-mihai\/\",\"name\":\"18th-sp-Laura Mihai - ICAP CRIF RO\",\"isPartOf\":{\"@id\":\"https:\/\/www.icapcrif.com\/ro\/?lang=el\/#website\"},\"primaryImageOfPage\":{\"@id\":\"https:\/\/www.icapcrif.com\/ro\/18th-sp-laura-mihai\/#primaryimage\"},\"datePublished\":\"2026-04-22T07:24:16+00:00\",\"dateModified\":\"2026-04-22T07:49:49+00:00\",\"breadcrumb\":{\"@id\":\"https:\/\/www.icapcrif.com\/ro\/18th-sp-laura-mihai\/#breadcrumb\"},\"inLanguage\":\"ro-RO\",\"potentialAction\":[{\"@type\":\"ReadAction\",\"target\":[\"https:\/\/www.icapcrif.com\/ro\/18th-sp-laura-mihai\/\"]}]},{\"@type\":\"BreadcrumbList\",\"@id\":\"https:\/\/www.icapcrif.com\/ro\/18th-sp-laura-mihai\/#breadcrumb\",\"itemListElement\":[{\"@type\":\"ListItem\",\"position\":1,\"name\":\"Home\",\"item\":\"https:\/\/www.icapcrif.com\/ro\/\"},{\"@type\":\"ListItem\",\"position\":2,\"name\":\"18th-sp-Laura Mihai\"}]}]}<\/script>\n<!-- \/ Yoast SEO plugin. -->","yoast_head_json":{"title":"18th-sp-Laura Mihai - ICAP CRIF RO","robots":{"index":"index","follow":"follow","max-snippet":"max-snippet:-1","max-image-preview":"max-image-preview:large","max-video-preview":"max-video-preview:-1"},"canonical":"https:\/\/www.icapcrif.com\/ro\/18th-sp-laura-mihai\/","og_locale":"ro_RO","og_type":"article","og_title":"18th-sp-Laura Mihai - ICAP CRIF RO","og_description":"Laura Mihai, CEO, TRUSTWIN ADVISORY SRL &nbsp; Laura Mihai este un strateg \u00een finan\u021bare \u0219i guvernan\u021b\u0103 corporativ\u0103, cu peste 20 de ani de experien\u021b\u0103 \u00een sectorul bancar din Rom\u00e2nia, unde a ocupat pozi\u021bii de leadership \u00een institu\u021bii precum RoBank, OTP Bank \u0219i CEC Bank. De-a...","og_url":"https:\/\/www.icapcrif.com\/ro\/18th-sp-laura-mihai\/","og_site_name":"ICAP CRIF RO","article_publisher":"https:\/\/www.facebook.com\/ICAPCRIF\/","article_modified_time":"2026-04-22T07:49:49+00:00","og_image":[{"url":"https:\/\/www.icapcrif.com\/ro\/wp-content\/uploads\/sites\/2\/2026\/04\/DSC00348.jpg"}],"twitter_card":"summary_large_image","twitter_misc":{"Timp estimat pentru citire":"2 minute"},"schema":{"@context":"https:\/\/schema.org","@graph":[{"@type":"Organization","@id":"https:\/\/www.icapcrif.com\/ro\/?lang=el\/#organization","name":"ICAP CRIF S.R.L.","url":"https:\/\/www.icapcrif.com\/ro\/?lang=el\/","sameAs":["https:\/\/www.linkedin.com\/company\/icap-crif\/","https:\/\/www.facebook.com\/ICAPCRIF\/"],"logo":{"@type":"ImageObject","inLanguage":"ro-RO","@id":"https:\/\/www.icapcrif.com\/ro\/?lang=el\/#\/schema\/logo\/image\/","url":"https:\/\/www.icapcrif.com\/ro\/wp-content\/uploads\/sites\/2\/2023\/04\/ICAPCRIF-logo.png","contentUrl":"https:\/\/www.icapcrif.com\/ro\/wp-content\/uploads\/sites\/2\/2023\/04\/ICAPCRIF-logo.png","width":1773,"height":781,"caption":"ICAP CRIF S.R.L."},"image":{"@id":"https:\/\/www.icapcrif.com\/ro\/?lang=el\/#\/schema\/logo\/image\/"}},{"@type":"WebSite","@id":"https:\/\/www.icapcrif.com\/ro\/?lang=el\/#website","url":"https:\/\/www.icapcrif.com\/ro\/?lang=el\/","name":"ICAP CRIF RO","description":"Business Information Services | ICAP CRIF in Romania","publisher":{"@id":"https:\/\/www.icapcrif.com\/ro\/?lang=el\/#organization"},"potentialAction":[{"@type":"SearchAction","target":{"@type":"EntryPoint","urlTemplate":"https:\/\/www.icapcrif.com\/ro\/?lang=el\/?s={search_term_string}"},"query-input":"required name=search_term_string"}],"inLanguage":"ro-RO"},{"@type":"ImageObject","inLanguage":"ro-RO","@id":"https:\/\/www.icapcrif.com\/ro\/18th-sp-laura-mihai\/#primaryimage","url":"https:\/\/www.icapcrif.com\/ro\/wp-content\/uploads\/sites\/2\/2026\/04\/DSC00348.jpg","contentUrl":"https:\/\/www.icapcrif.com\/ro\/wp-content\/uploads\/sites\/2\/2026\/04\/DSC00348.jpg","width":1000,"height":1500},{"@type":"WebPage","@id":"https:\/\/www.icapcrif.com\/ro\/18th-sp-laura-mihai\/","url":"https:\/\/www.icapcrif.com\/ro\/18th-sp-laura-mihai\/","name":"18th-sp-Laura Mihai - ICAP CRIF RO","isPartOf":{"@id":"https:\/\/www.icapcrif.com\/ro\/?lang=el\/#website"},"primaryImageOfPage":{"@id":"https:\/\/www.icapcrif.com\/ro\/18th-sp-laura-mihai\/#primaryimage"},"datePublished":"2026-04-22T07:24:16+00:00","dateModified":"2026-04-22T07:49:49+00:00","breadcrumb":{"@id":"https:\/\/www.icapcrif.com\/ro\/18th-sp-laura-mihai\/#breadcrumb"},"inLanguage":"ro-RO","potentialAction":[{"@type":"ReadAction","target":["https:\/\/www.icapcrif.com\/ro\/18th-sp-laura-mihai\/"]}]},{"@type":"BreadcrumbList","@id":"https:\/\/www.icapcrif.com\/ro\/18th-sp-laura-mihai\/#breadcrumb","itemListElement":[{"@type":"ListItem","position":1,"name":"Home","item":"https:\/\/www.icapcrif.com\/ro\/"},{"@type":"ListItem","position":2,"name":"18th-sp-Laura Mihai"}]}]}},"_links":{"self":[{"href":"https:\/\/www.icapcrif.com\/ro\/wp-json\/wp\/v2\/pages\/41219\/"}],"collection":[{"href":"https:\/\/www.icapcrif.com\/ro\/wp-json\/wp\/v2\/pages\/"}],"about":[{"href":"https:\/\/www.icapcrif.com\/ro\/wp-json\/wp\/v2\/types\/page\/"}],"author":[{"embeddable":true,"href":"https:\/\/www.icapcrif.com\/ro\/wp-json\/wp\/v2\/users\/5\/"}],"replies":[{"embeddable":true,"href":"https:\/\/www.icapcrif.com\/ro\/wp-json\/wp\/v2\/comments\/?post=41219"}],"version-history":[{"count":1,"href":"https:\/\/www.icapcrif.com\/ro\/wp-json\/wp\/v2\/pages\/41219\/revisions\/"}],"predecessor-version":[{"id":41223,"href":"https:\/\/www.icapcrif.com\/ro\/wp-json\/wp\/v2\/pages\/41219\/revisions\/41223\/"}],"wp:attachment":[{"href":"https:\/\/www.icapcrif.com\/ro\/wp-json\/wp\/v2\/media\/?parent=41219"}],"curies":[{"name":"wp","href":"https:\/\/api.w.org\/{rel}","templated":true}]}}